{"id":423,"date":"2011-03-14T05:08:25","date_gmt":"2011-03-14T05:08:25","guid":{"rendered":"http:\/\/yachtcharter-connection.com.w01e47c6.kasserver.com\/alquiler-barcos-irlanda\/"},"modified":"2016-10-29T19:00:11","modified_gmt":"2016-10-29T17:00:11","slug":"alquiler-barcos-irlanda","status":"publish","type":"page","link":"https:\/\/yachtcharter-connection.com\/es\/paises\/alquiler-barcos-irlanda\/","title":{"rendered":"Irlanda"},"content":{"rendered":"<h3>Alquiler de barcos Irlanda<\/h3>\n<p>\n<img loading=\"lazy\" class=\"content-image\"  height=\"225\" width=\"300\" alt=\"\" src=\"https:\/\/yachtcharter-connection.com\/wp-content\/uploads\/converted_files\/23186\/23186-56222a9bec326.jpg\" \/>El  Royal Cork Yacht Club se fund\u00f3 en 1720 y se considera el yachtclub m\u00e1s antiguo del mundo. Sin embargo, aunque los irlandeses son grandes navegantes, su regi\u00f3n no es precisamente una de las \u00e1reas cl\u00e1sicas de Alquiler de barcos. A Irlanda se la conoce por la lluvia constante y eso no es ning\u00fan atractivo para quienes pasan sus vacaciones practicando la vela. Sin embargo se dice que la lluvia irlandesa no cala. A veces son s\u00f3lo peque\u00f1as lloviznas. Y en el \u00e1rea m\u00e1s hermosa para la navegaci\u00f3n, en el suroeste de la isla verde, el clima es muy suave y en verano suele brillar el sol.  Los reclamos de la zona son las calas y acantilados, sus verdes colinas con reba\u00f1os de ovejas, sus tradicionales cottages con frondosos jardines, el escaso turismo y la amabilidad y cordialidad de esa gente tan hospitalaria.  <\/p>\n<p>Los yates ch\u00e1rter se pueden alquilar por ejemplo en <a href=\"https:\/\/yachtcharter-connection.com\/wp-content\/uploads\/converted_files\/23186\/23186-56222a9e402da.jpg\" target=\"_blank\">Kinsale<\/a> en el condado de  Cork. Kinsale fue en otro tiempo una importante base para las flotas de la Marina; pero hoy en d\u00eda la ciudad vive del turismo n\u00e1utico y de los veraneantes y es conocida por sus pubs y sus excelentes restaurantes. Las huellas de su pasado militar han quedado plasmadas en Fort Charles y en  Fort James: ambos fuertes vigilan la entrada del puerto de Kinsale, situado en la desembocadura del r\u00edo Bandon. <\/p>\n<p>La zona del suroeste de Irlanda tambi\u00e9n es adecuada para principiantes de Alquiler de barcos, siempre que se tengan conocimientos previos sobre  navegaci\u00f3n en zona de  mareas. La costa es muy irregular, con muchas calas, y si se quieren hacer paradas para conocer bien el pa\u00eds y sus gentes, en esta \u00e1rea no es preciso recorrer largas distancias.  <\/p>\n<p><\/p>\n<table  class=\"RegionsAndSubregions\" cellspacing=\"0\" border=\"0\" style=\"border-collapse:collapse;\">\n<tbody>\n<tr>\n<td>\n<div class=\"SubregionRepeaterTitle\">\n<h2><a href=\"https:\/\/yachtcharter-connection.com\/alquiler-barcos-ireland-cork\"> Ireland \/ Cork <\/h2>\n<\/div>\n<div class=\"SmallLinks\">\n<ul>\n<li><a class=\"SmallLinks\" href=\"https:\/\/yachtcharter-connection.com\/bantry-554\" title=\"\"> Bantry <\/a><\/li>\n<li><a class=\"SmallLinks\" href=\"https:\/\/yachtcharter-connection.com\/cork-987\" title=\"\"> Cork <\/a><\/li>\n<\/ul>\n<\/div>\n<\/td>\n<td>\n<div class=\"SubregionRepeaterTitle\">\n<h2><a href=\"https:\/\/yachtcharter-connection.com\/alquiler-barcos-ireland-erne\"> Ireland \/ Erne <\/h2>\n<\/div>\n<div class=\"SmallLinks\">\n<ul>\n<li><a class=\"SmallLinks\" href=\"https:\/\/yachtcharter-connection.com\/ballinamore-483\" title=\"\"> Ballinamore <\/a><\/li>\n<li><a class=\"SmallLinks\" href=\"https:\/\/yachtcharter-connection.com\/belturbet-105\" title=\"\"> Belturbet <\/a><\/li>\n<\/ul>\n<\/div>\n<\/td>\n<\/tr>\n<tr>\n<td>\n<div class=\"SubregionRepeaterTitle\">\n<h2><a href=\"https:\/\/yachtcharter-connection.com\/alquiler-barcos-ireland-shannon\"> Ireland \/ Shannon <\/h2>\n<\/div>\n<div class=\"SmallLinks\">\n<ul>\n<li><a class=\"SmallLinks\" href=\"https:\/\/yachtcharter-connection.com\/athlone-112\" title=\"\"> Athlone <\/a><\/li>\n<li><a class=\"SmallLinks\" href=\"https:\/\/yachtcharter-connection.com\/carrick-on-shannon-801\" title=\"\"> Carrick-on-Shannon <\/a><\/li>\n<li><a class=\"SmallLinks\" href=\"https:\/\/yachtcharter-connection.com\/portumna-375\" title=\"\"> Portumna <\/a><\/li>\n<\/ul>\n<\/div>\n<\/td>\n<td>\n<div class=\"SubregionRepeaterTitle\">\n<h2><a href=\"https:\/\/yachtcharter-connection.com\/alquiler-barcos-irelands-coast\"> Ireland&#39;s Coast <\/h2>\n<\/div>\n<div class=\"SmallLinks\">\n<ul>\n<li><a class=\"SmallLinks\" href=\"https:\/\/yachtcharter-connection.com\/dingle-co-kerry-480\" title=\"\"> Dingle Co.Kerry <\/a><\/li>\n<li><a class=\"SmallLinks\" href=\"https:\/\/yachtcharter-connection.com\/kinsale-co-cork-976\" title=\"\"> Kinsale Co.Cork <\/a><\/li>\n<\/ul>\n<\/div>\n<\/td>\n<\/tr>\n<tr><\/tr>\n<\/tbody>\n<\/table>\n","protected":false},"excerpt":{"rendered":"<p>Alquiler de barcos Irlanda El Royal Cork Yacht Club se fund\u00f3 en 1720 y se considera el yachtclub m\u00e1s antiguo del mundo. Sin embargo, aunque los irlandeses son grandes navegantes, su regi\u00f3n no es precisamente una de las \u00e1reas cl\u00e1sicas de Alquiler de barcos. A Irlanda se la conoce por<\/p>\n","protected":false},"author":11,"featured_media":0,"parent":182,"menu_order":0,"comment_status":"open","ping_status":"open","template":"","meta":[],"aioseo_notices":[],"_links":{"self":[{"href":"https:\/\/yachtcharter-connection.com\/es\/wp-json\/wp\/v2\/pages\/423"}],"collection":[{"href":"https:\/\/yachtcharter-connection.com\/es\/wp-json\/wp\/v2\/pages"}],"about":[{"href":"https:\/\/yachtcharter-connection.com\/es\/wp-json\/wp\/v2\/types\/page"}],"author":[{"embeddable":true,"href":"https:\/\/yachtcharter-connection.com\/es\/wp-json\/wp\/v2\/users\/11"}],"replies":[{"embeddable":true,"href":"https:\/\/yachtcharter-connection.com\/es\/wp-json\/wp\/v2\/comments?post=423"}],"version-history":[{"count":1,"href":"https:\/\/yachtcharter-connection.com\/es\/wp-json\/wp\/v2\/pages\/423\/revisions"}],"predecessor-version":[{"id":12341,"href":"https:\/\/yachtcharter-connection.com\/es\/wp-json\/wp\/v2\/pages\/423\/revisions\/12341"}],"up":[{"embeddable":true,"href":"https:\/\/yachtcharter-connection.com\/es\/wp-json\/wp\/v2\/pages\/182"}],"wp:attachment":[{"href":"https:\/\/yachtcharter-connection.com\/es\/wp-json\/wp\/v2\/media?parent=423"}],"curies":[{"name":"wp","href":"https:\/\/api.w.org\/{rel}","templated":true}]}}