{"id":424,"date":"2015-08-10T05:53:33","date_gmt":"2015-08-10T05:53:33","guid":{"rendered":"http:\/\/yachtcharter-connection.com.w01e47c6.kasserver.com\/alquiler-barcos-montenegro\/"},"modified":"2017-10-16T22:03:23","modified_gmt":"2017-10-16T20:03:23","slug":"alquiler-barcos-montenegro","status":"publish","type":"page","link":"https:\/\/yachtcharter-connection.com\/es\/paises\/alquiler-barcos-montenegro\/","title":{"rendered":"Montenegro"},"content":{"rendered":"<h1><strong>Alquiler de barcos Montenegro<\/strong><\/h1>\n<p><a href=\"https:\/\/yachtcharter-connection.com\/wp-content\/uploads\/2015\/08\/Montenegro-Sveti-Stefanwh-600.jpg\"><img loading=\"lazy\" class=\"alignleft size-full wp-image-24708\" src=\"https:\/\/yachtcharter-connection.com\/wp-content\/uploads\/2015\/08\/Montenegro-Sveti-Stefanwh-600.jpg\" alt=\"alquiler barcos montenegro\" width=\"600\" height=\"400\" srcset=\"https:\/\/yachtcharter-connection.com\/wp-content\/uploads\/2015\/08\/Montenegro-Sveti-Stefanwh-600.jpg 600w, https:\/\/yachtcharter-connection.com\/wp-content\/uploads\/2015\/08\/Montenegro-Sveti-Stefanwh-600-300x200.jpg 300w\" sizes=\"(max-width: 600px) 100vw, 600px\" \/><\/a>Si la comparamos con la de su vecina del norte, <a href=\"https:\/\/yachtcharter-connection.com\/es\/paises\/alquiler-barcos-croacia\/\">Croacia<\/a>, el \u00e1rea de navegaci\u00f3n y Alquiler de barcos que nos ofrece Montenegro es reducida y muy abarcable. Pero la infraestructura mar\u00edtima de la zona pensada para Alquiler de barcos est\u00e1 ampli\u00e1ndose y mejorando constantemente. La regi\u00f3n carece de islas pero ofrece peque\u00f1os puertos y tenederos en la costa continental. Su gran atractivo para el turismo de Alquiler de barcoses la Bah\u00eda de Kotor, la famosa Boka Kotorska, que nos recuerda la belleza de los lagos alpinos y que est\u00e1 considerada como uno de los fiordos m\u00e1s bellos de Europa. La costa adri\u00e1tica de Montenegro comprende s\u00f3lo 300 kil\u00f3metros.<\/p>\n<p>En la ciudad de <a href=\"https:\/\/yachtcharter-connection.com\/es\/regiones\/mediterraneo\/alquiler-barcos-adriatico-del-sud\/montenegro-kotor-177\/\">Kotor <\/a>(Cattaro) donde hay una grande base de alquiler de barcos con veleros y yates de mot\u00f3r es muy interesante el centro hist\u00f3rico. Las ciudades de la regi\u00f3n en general son antiguas aunque han sido remodeladas y modernizadas. Herceg Novi est\u00e1 a unas catorce millas de Kotor y cuenta con un puerto deportivo con base de Alquiler de barcos en el centro de la ciudad. Risan (Risano) es la ciudad m\u00e1s antigua de la bah\u00eda; ya era hace 2.300 a\u00f1os un importante puerto comercial de los ilirios. Perast (Perasto) parece haberse quedado un poco rezagada en las \u00faltimas d\u00e9cadas. En Risan encontramos todav\u00eda maravillosos mosaicos y otros monumentos de la \u00e9poca griega y romana. En Perast los marinos acomodados construyeron hace unos siglos lujosas villas, iglesias e islas artificiales que junto con la herencia barroca conceden gran belleza y atractivo al lugar. Otro municipio de inter\u00e9s para el turismo de Alquiler de barcos es Tivat (Teodo) y sus dos islas: la de las flores y la de nuestra amada se\u00f1ora.<\/p>\n<p><img loading=\"lazy\" class=\"content-image\" src=\"https:\/\/yachtcharter-connection.com\/wp-content\/uploads\/converted_files\/23187\/23187-56222a9f6fdd6.jpg\" alt=\"Montenegro_bahia_de_kotor\" width=\"300\" height=\"199\" \/>En la mayor\u00eda de los casos, si hacemos un viaje por Montenegro vamos a amarrar en los puertos de las ciudades, situados en los centros y perfecto para viajes de Alquiler de barcos. En la costa hay buenas condiciones para el turismo de alquiler de barcos en Budva y en Bigova. Budva, debido a sus numerosas playas, es el centro del turismo montenegrino. Su centro hist\u00f3rico, que tiene varias iglesias antiguas, bares, tiendas y galer\u00edas de arte, est\u00e1 situado en una pen\u00ednsula. Ulcinj es la ciudad m\u00e1s meridional de Montenegro y fue lugar de piratas; tambi\u00e9n es un importante centro tur\u00edstico con sus trece kil\u00f3metros de playa y una isla en el delta del r\u00edo, olivares y un centro hist\u00f3rico muy restaurado. Bar tiene varias marinas y se est\u00e1 convirtiendo en un importante punto de encuentro para los equipos de Alquiler de barcos. Antiguas fortalezas, un olivo de m\u00e1s de 2.000 a\u00f1os y el lago Skadar con todas sus especies ornitol\u00f3gicas conceden a la ciudad su atractivo m\u00e1s all\u00e1 de la oferta n\u00e1utica.<\/p>\n<p><strong>Alquiler de barcos Montenegro &#8211; Informaci\u00f3n general:<\/strong><\/p>\n<p>Idioma: Serbio \/ Montenegrino<br \/>\nCapital: Podgorica<br \/>\nMoneda: Euro (EUR)<br \/>\nHora: MEZ &#8211; UTC \/ GMT + 1 hora &#8211; en verano MESZ<br \/>\nElectricidad: 220 V<\/p>\n<p>Los aeropuertos m\u00e1s importantes para Alquiler de barcos en Montenegro:<br \/>\n&#8211; Podgorica &#8211; TGD<br \/>\n&#8211; Tivat &#8211; TIV<\/p>\n<table class=\"RegionsAndSubregions\" style=\"border-collapse: collapse;\" border=\"0\" cellspacing=\"0\">\n<tbody>\n<tr>\n<td>\n<div class=\"SubregionRepeaterTitle\">\n<h2><a href=\"https:\/\/yachtcharter-connection.com\/alquiler-barcos-adriatico-del-sud\"> Adri\u00e1tico \/ del sud <\/a><\/h2>\n<\/div>\n<div class=\"SmallLinks\">\n<ul>\n<li><a class=\"SmallLinks\" title=\"\" href=\"https:\/\/yachtcharter-connection.com\/montenegro-bar-501\"> Montenegro \/ Bar <\/a><\/li>\n<li><a class=\"SmallLinks\" title=\"\" href=\"https:\/\/yachtcharter-connection.com\/montenegro-budva-600\"> Montenegro \/ Budva <\/a><\/li>\n<li><a class=\"SmallLinks\" title=\"\" href=\"https:\/\/yachtcharter-connection.com\/montenegro-herzig-novi-276\"> Montenegro \/ Herzig Novi <\/a><\/li>\n<li><a class=\"SmallLinks\" title=\"\" href=\"https:\/\/yachtcharter-connection.com\/montenegro-kotor-177\"> Montenegro \/ Kotor <\/a><\/li>\n<li><a class=\"SmallLinks\" title=\"\" href=\"https:\/\/yachtcharter-connection.com\/montenegro-porto-montenegro-756\"> Montenegro \/ Porto Montenegro <\/a><\/li>\n<\/ul>\n<\/div>\n<\/td>\n<\/tr>\n<\/tbody>\n<\/table>\n","protected":false},"excerpt":{"rendered":"<p>Alquiler de barcos Montenegro Si la comparamos con la de su vecina del norte, Croacia, el \u00e1rea de navegaci\u00f3n y Alquiler de barcos que nos ofrece Montenegro es reducida y muy abarcable. Pero la infraestructura mar\u00edtima de la zona pensada para Alquiler de barcos est\u00e1 ampli\u00e1ndose y mejorando constantemente. La<\/p>\n","protected":false},"author":11,"featured_media":0,"parent":182,"menu_order":0,"comment_status":"open","ping_status":"open","template":"","meta":[],"aioseo_notices":[],"_links":{"self":[{"href":"https:\/\/yachtcharter-connection.com\/es\/wp-json\/wp\/v2\/pages\/424"}],"collection":[{"href":"https:\/\/yachtcharter-connection.com\/es\/wp-json\/wp\/v2\/pages"}],"about":[{"href":"https:\/\/yachtcharter-connection.com\/es\/wp-json\/wp\/v2\/types\/page"}],"author":[{"embeddable":true,"href":"https:\/\/yachtcharter-connection.com\/es\/wp-json\/wp\/v2\/users\/11"}],"replies":[{"embeddable":true,"href":"https:\/\/yachtcharter-connection.com\/es\/wp-json\/wp\/v2\/comments?post=424"}],"version-history":[{"count":6,"href":"https:\/\/yachtcharter-connection.com\/es\/wp-json\/wp\/v2\/pages\/424\/revisions"}],"predecessor-version":[{"id":25263,"href":"https:\/\/yachtcharter-connection.com\/es\/wp-json\/wp\/v2\/pages\/424\/revisions\/25263"}],"up":[{"embeddable":true,"href":"https:\/\/yachtcharter-connection.com\/es\/wp-json\/wp\/v2\/pages\/182"}],"wp:attachment":[{"href":"https:\/\/yachtcharter-connection.com\/es\/wp-json\/wp\/v2\/media?parent=424"}],"curies":[{"name":"wp","href":"https:\/\/api.w.org\/{rel}","templated":true}]}}