{"id":425,"date":"2015-08-10T05:53:33","date_gmt":"2015-08-10T05:53:33","guid":{"rendered":"http:\/\/yachtcharter-connection.com.w01e47c6.kasserver.com\/alquiler-barcos-martinica\/"},"modified":"2024-02-10T15:36:24","modified_gmt":"2024-02-10T13:36:24","slug":"alquiler-barcos-martinica","status":"publish","type":"page","link":"https:\/\/yachtcharter-connection.com\/es\/paises\/alquiler-barcos-martinica\/","title":{"rendered":"Martinica"},"content":{"rendered":"<h1><strong>Alquiler de barcos Martinica<\/strong><\/h1>\n<p><iframe loading=\"lazy\" class=\"wbm\" src=\"https:\/\/www.booking-manager.com\/wbm2\/page.html?companyid=662&amp;setlang=es&amp;view=SmallSearchForm&amp;hidetitle=true&amp;target=_top&amp;controllerPage=https:\/\/yachtcharter-connection.com\/mmk-results-en&amp;target=_top&amp;filter_country=MQ\" frameborder=\"0\" height=\"200\" width=\"100%\" scrolling=\"yes\" id=\"wbmResult\"><\/iframe><\/p>\n<p><img loading=\"lazy\" class=\"content-image\" src=\"https:\/\/yachtcharter-connection.com\/wp-content\/uploads\/converted_files\/23188\/23188-56222aa347811.jpg\" alt=\"Martinica_fondeadero\" width=\"300\" height=\"199\" \/> La Isla de la Martinica es punto de partida de muchas traves\u00edas n\u00e1uticas. En el Fort-de-France y tambi\u00e9n en el sur, en el Port de Plaisance, se encuentran estacionados muchos yates ch\u00e1rter. Su destino suele ser en muchos casos Santa Luc\u00eda y Las Granadinas. Pero si nos quedamos alrededor de la Martinica, el viaje sigue siendo igual de atractivo. Esta isla, situada en el extremo norte de las Islas de Barlovento, pertenece al departamento franc\u00e9s de Ultramar y cuenta con todos sus derechos civiles. La regi\u00f3n del norte est\u00e1 marcada por la presencia del Mont Pel\u00e9e, un volc\u00e1n todav\u00eda no extinto que, con sus 1.400 metros de altitud es el pico m\u00e1s alto de toda la isla. Toda la Martinica est\u00e1 cubierta de una frondosa vegetaci\u00f3n tropical, con muchas flores, helechos gigantes, bamb\u00fa, plantaciones de bananas, pi\u00f1as y, por supuesto, mucho cultivo de ca\u00f1a de az\u00facar para la producci\u00f3n de ron. No en vano, los primitivos caribe\u00f1os la llamaban Madinia, la isla de las flores. Los habitantes de la isla se entienden entre s\u00ed mayormente en idioma criollo, y viven cada vez m\u00e1s del turismo. En los \u00faltimos a\u00f1os ha mejorado mucho la infraestructura, tambi\u00e9n en lo que se refiere a la n\u00e1utica; se han construido nuevas marinas como Trois Ilets, cerca de Fort-de-France, Le Robert y Le Francois en la costa atl\u00e1ntica, o Sainte-Anne en el sur alrededor de Le Marin. Y ahora pasan por aqu\u00ed m\u00e1s eventos relacionados con el mundo de la vela y regatas que antes.<\/p>\n<p>Yates de todo el mundo echan el ancla c\u00f3modamente en el fondeadero Mouillage des Flamands \u2013 Rade de Fort-de-France. Otro lugar recomendado y bien resguardado es Le Lementin, en el noreste de la bah\u00eda de Fort-de-France, y tambi\u00e9n el ancladero que hay delante de Trois Ilets, en el sur de la bah\u00eda, con un peque\u00f1o pueblecito a la orilla del mar, o incluso Trois Etienne. Detr\u00e1s de Pointe du Bout y su marina, encontramos el Anse Mitan, un lugar muy apreciado para fondear durante el d\u00eda, ya que el mar se ofrece aqu\u00ed en todo su esplendor y nos invita a darnos un buen ba\u00f1o. Est\u00e1 muy cerca, pero es mejor que la bah\u00eda de Fort-de-France. Hay que tener mucho cuidado con el llamado \u201carrecife de los idiotas\u201d, el Caye des Couillons, que se encuentra delante del Anse Mitan. De camino al sur, en direcci\u00f3n Cap Salomon, nos topamos a medio camino con el Anse Noire, una playa de arena negra con un restaurante donde se puede tomar un lunch al mediod\u00eda. Los nativos van los fines de semana a la Grande Anse d\u2019Arlet y a la Petite Anse d\u2019Arlet, situadas directamente detr\u00e1s del cabo. Playas de arena, hermosas casitas para pasar las vacaciones, mucho verde y restaurantes de comida criolla. Y las barcas de los pescadores tradicionales junto a la playa de la peque\u00f1a bah\u00eda.<\/p>\n<p>En la costa sur la enorme bah\u00eda de Cul-de-Sac Marin se extiende casi dos millas hacia el interior con muchos bases de Alquiler de barcos all\u00ed.<\/p>\n<p>En el este de la Martinica, en la costa atl\u00e1ntica, en los pueblos pesqueros de Le Robert y Le Fran\u00e7ois tambi\u00e9n se han creado nuevas marinas. La costa este, como en tantas islas del Caribe, es mucho m\u00e1s abrupta.<\/p>\n<p>En el noroeste de la isla, a los pies del Mont Pel\u00e9e, nos espera la peque\u00f1a ciudad de Pierre, que fue destruida en la \u00faltima gran erupci\u00f3n del volc\u00e1n. Los restos de los naufragios de entonces son ahora un lugar muy apreciado para bucear. Pero St. Pierre se volvi\u00f3 a erigir sobre sus propias ruinas. De camino a o viniendo de Dominica, por ejemplo, podemos hacer una parada en su bah\u00eda. Es un lugar encantador donde se puede dar un hermoso paseo y comer estupendamente.<\/p>\n<p>&nbsp;<\/p>\n<h2><strong>Yates de alquiler Martinica:<\/strong><\/h2>\n<p><strong>Existen importantes flotas ch\u00e1rter de yates con veleros y catamaranes para charter sin tripulaci\u00f3n en Martinica que no figuran en nuestro Yachtfinder. Preg\u00fantenos por ofertas. Y, por supuesto, estaremos encantados de enviarle ofertas para los yates de alquiler de lujo m\u00e1s bellos con tripulaci\u00f3n en esta \u00e1rea tambi\u00e9n.<\/strong><\/p>\n<h2>\n<strong>Ch\u00e1rter de yates de lujo Martinica:<\/strong><\/h2>\n<p><strong>Martinica tambi\u00e9n es un destino muy popular para las vacaciones en ch\u00e1rter a bordo de yates de lujo, superyates o catamaranes con tripulaci\u00f3n. Aqu\u00ed puede encontrar m\u00e1s <a href=\"https:\/\/yachtcharter-connection.com\/es\/yates-de-lujo\/\" target=\"_blank\" rel=\"noopener\">informaci\u00f3n sobre charters de yates de lujo<\/a>. Estaremos encantados de organizar su charter de yate de lujo en Martinica &#8211; \u00a1por favor, solicite ofertas!<\/strong><\/p>\n<p>&nbsp;<\/p>\n<table class=\"RegionsAndSubregions\" style=\"border-collapse: collapse;\" border=\"0\" cellspacing=\"0\">\n<tbody>\n<tr>\n<td>\n<div class=\"SubregionRepeaterTitle\">\n<h2><a href=\"https:\/\/yachtcharter-connection.com\/alquiler-barcos-leewards-y-windwards\"> Leewards y Windwards <\/a><\/h2>\n<\/div>\n<div class=\"SmallLinks\">\n<ul>\n<li><a class=\"SmallLinks\" title=\"\" href=\"https:\/\/yachtcharter-connection.com\/martinique-fort-de-france-499\"> Martinique \/ Fort de France <\/a><\/li>\n<li><a class=\"SmallLinks\" title=\"\" href=\"https:\/\/yachtcharter-connection.com\/martinique-fort-de-france-919\"> Martinique \/ Fort-de-France <\/a><\/li>\n<li><a class=\"SmallLinks\" title=\"\" href=\"https:\/\/yachtcharter-connection.com\/martinique-le-marin-610\"> Martinique \/ Le Marin <\/a><\/li>\n<\/ul>\n<\/div>\n<\/td>\n<\/tr>\n<\/tbody>\n<\/table>\n","protected":false},"excerpt":{"rendered":"<p>Alquiler de barcos Martinica La Isla de la Martinica es punto de partida de muchas traves\u00edas n\u00e1uticas. En el Fort-de-France y tambi\u00e9n en el sur, en el Port de Plaisance, se encuentran estacionados muchos yates ch\u00e1rter. Su destino suele ser en muchos casos Santa Luc\u00eda y Las Granadinas. Pero si<\/p>\n","protected":false},"author":11,"featured_media":0,"parent":182,"menu_order":0,"comment_status":"open","ping_status":"open","template":"","meta":[],"aioseo_notices":[],"_links":{"self":[{"href":"https:\/\/yachtcharter-connection.com\/es\/wp-json\/wp\/v2\/pages\/425"}],"collection":[{"href":"https:\/\/yachtcharter-connection.com\/es\/wp-json\/wp\/v2\/pages"}],"about":[{"href":"https:\/\/yachtcharter-connection.com\/es\/wp-json\/wp\/v2\/types\/page"}],"author":[{"embeddable":true,"href":"https:\/\/yachtcharter-connection.com\/es\/wp-json\/wp\/v2\/users\/11"}],"replies":[{"embeddable":true,"href":"https:\/\/yachtcharter-connection.com\/es\/wp-json\/wp\/v2\/comments?post=425"}],"version-history":[{"count":4,"href":"https:\/\/yachtcharter-connection.com\/es\/wp-json\/wp\/v2\/pages\/425\/revisions"}],"predecessor-version":[{"id":31015,"href":"https:\/\/yachtcharter-connection.com\/es\/wp-json\/wp\/v2\/pages\/425\/revisions\/31015"}],"up":[{"embeddable":true,"href":"https:\/\/yachtcharter-connection.com\/es\/wp-json\/wp\/v2\/pages\/182"}],"wp:attachment":[{"href":"https:\/\/yachtcharter-connection.com\/es\/wp-json\/wp\/v2\/media?parent=425"}],"curies":[{"name":"wp","href":"https:\/\/api.w.org\/{rel}","templated":true}]}}