{"id":426,"date":"2014-10-26T05:32:50","date_gmt":"2014-10-26T05:32:50","guid":{"rendered":"http:\/\/yachtcharter-connection.com.w01e47c6.kasserver.com\/alquiler-barcos-malaysia\/"},"modified":"2017-07-11T19:35:00","modified_gmt":"2017-07-11T17:35:00","slug":"alquiler-barcos-malaysia","status":"publish","type":"page","link":"https:\/\/yachtcharter-connection.com\/es\/paises\/alquiler-barcos-malaysia\/","title":{"rendered":"Malaysia"},"content":{"rendered":"<h3>Alquiler de barcos Malasia<\/h3>\n<p>\n<img loading=\"lazy\" class=\"content-image\"  height=\"225\" width=\"300\" alt=\"Malasia_Tioman_piedra\" src=\"https:\/\/yachtcharter-connection.com\/wp-content\/uploads\/converted_files\/23189\/23189-56222aa4b03d7.jpg\" \/>Hay un desarrollo significativo en el sector de Alquiler de barcos en Malasia &#8211; para los navegantes, un viajar en ch\u00e1rter es una manera maravillosa para descubrir la isla y la costa extensa de Malasia. Hay un n\u00famero creciente de puertos que ofrecen todo que los navegantes pudieron necesitar. Durante los a\u00f1os pasados la \u00e1rea se ha convertido en una destinaci\u00f3n de navegar establecida con grandes eventos como la Royal Langkawi International Regatta de Langkawi. <\/p>\n<p>El grupo de Langkawi en el sur de Tailandia, un archip\u00e9lago con m\u00e1s de 90 islas, ofrece  numerosos  ancladeros protegidos.  La base del ch\u00e1rter en Langkawi es un gran lugar a comenzar el viaje &#8211;  pues las aguas del mar de Andaman son magn\u00edficas y la infraestructura n\u00e1utica es excelente. Esta isla ofrece muchas atracciones para los visitantes. Hay muchas islas cerca de la costa del este de la isla con ancladeros seguros, y al oeste los  puerto como Port Dickson, Port Klang, Lumut o Penang. Se puede navegar entre las islas y gozar de las playas y las lagunas &ndash; o navegar hacia el norte a las islas Ko Tarutao, pues al oeste a Ko Rawii, a Ko Adang o a Ko Butang m\u00e1s all\u00e1 de la frontera tailandesa. Butang es bien sabido para ser un para\u00edso para bucear. <\/p>\n<p><strong>De Langkawi ofrecemos tambi\u00e9n onway-ch\u00e1rter a Phuket en Tailandia &#8211; pida por favor detalles.<\/strong> <\/p>\n<p>La base del Alquiler de barcos en Tioman est\u00e1 situada en el sureste de Malasia &#8211; las islas Tioman Sea Park Islands se dicen a menudo para pertenecer a las diez islas m\u00e1s hermosas del mundo. Son islas volc\u00e1nicas, con la vegetaci\u00f3n verde y densa enorme. Las playas arenosas y muy blancas, las aguas cristalinas son perfecto para nadar, la fauna submarina y la flora son muy interesantes e invitan a bucear. <\/p>\n<p><strong>Para Alquiler de barcos en Langkawi y Tioman, ofrecemos una flota de catamaranes y de monocascos &#8211; m\u00e1s informaci\u00f3n a petici\u00f3n.<\/strong><br \/>\n<meta content=\"text\/html; charset=utf-8\" http-equiv=\"Content-Type\" \/><br \/>\n<meta content=\"Word.Document\" name=\"ProgId\" \/><br \/>\n<meta content=\"Microsoft Word 9\" name=\"Generator\" \/><br \/>\n<meta content=\"Microsoft Word 9\" name=\"Originator\" \/>\n<link href=\"file:\/\/\/C:\/Users\/Leonessa\/AppData\/Local\/Temp\/msoclip1\/01\/clip_filelist.xml\" rel=\"File-List\" \/><!--[if gte mso 9]><xml>\n<w:WordDocument>\n<w:View>Normal<\/w:View>\n<w:Zoom>0<\/w:Zoom>\n<w:HyphenationZone>21<\/w:HyphenationZone>\n<w:DoNotOptimizeForBrowser \/>\n<\/w:WordDocument>\n<\/xml><![endif]--><\/p>\n<style type=\"text\/css\">\n<!--\n \/* Style Definitions *\/\np.MsoNormal, li.MsoNormal, div.MsoNormal\n\t{mso-style-parent:\"\";\n\tmargin:0cm;\n\tmargin-bottom:.0001pt;\n\tmso-pagination:widow-orphan;\n\tfont-size:12.0pt;\n\tfont-family:\"Times New Roman\";\n\tmso-fareast-font-family:\"Times New Roman\";}\nh2\n\t{mso-style-next:Standard;\n\tmargin:0cm;\n\tmargin-bottom:.0001pt;\n\tmso-pagination:widow-orphan;\n\tpage-break-after:avoid;\n\tmso-outline-level:2;\n\tfont-size:12.0pt;\n\tfont-family:Arial;\n\tmso-ansi-language:EN-GB;}\na:link, span.MsoHyperlink\n\t{color:blue;\n\ttext-decoration:underline;\n\ttext-underline:single;}\na:visited, span.MsoHyperlinkFollowed\n\t{color:purple;\n\ttext-decoration:underline;\n\ttext-underline:single;}\n@page Section1\n\t{size:612.0pt 792.0pt;\n\tmargin:70.85pt 70.85pt 2.0cm 70.85pt;\n\tmso-header-margin:36.0pt;\n\tmso-footer-margin:36.0pt;\n\tmso-paper-source:0;}\ndiv.Section1\n\t{page:Section1;}\n--><\/style>\n<p class=\"MsoNormal\"><span lang=\"FR\" style=\"font-family: Arial;\"><!--[endif]--><o:p><\/o:p><\/span><\/p>\n<p><\/p>\n<table  class=\"RegionsAndSubregions\" cellspacing=\"0\" border=\"0\" style=\"border-collapse:collapse;\">\n<tbody>\n<tr>\n<td>\n<div class=\"SubregionRepeaterTitle\">\n<h2><a href=\"https:\/\/yachtcharter-connection.com\/alquiler-barcos-peninsula-de-malaca\"> Pen\u00ednsula de Malaca <\/h2>\n<\/div>\n<div class=\"SmallLinks\">\n<ul>\n<li><a class=\"SmallLinks\" href=\"https:\/\/yachtcharter-connection.com\/langkawi-kua-198\" title=\"\"> Langkawi \/Kua <\/a><\/li>\n<\/ul>\n<\/div>\n<\/td>\n<\/tr>\n<\/tbody>\n<\/table>\n","protected":false},"excerpt":{"rendered":"<p>Alquiler de barcos Malasia Hay un desarrollo significativo en el sector de Alquiler de barcos en Malasia &#8211; para los navegantes, un viajar en ch\u00e1rter es una manera maravillosa para descubrir la isla y la costa extensa de Malasia. Hay un n\u00famero creciente de puertos que ofrecen todo que los<\/p>\n","protected":false},"author":11,"featured_media":0,"parent":182,"menu_order":0,"comment_status":"open","ping_status":"open","template":"","meta":[],"aioseo_notices":[],"_links":{"self":[{"href":"https:\/\/yachtcharter-connection.com\/es\/wp-json\/wp\/v2\/pages\/426"}],"collection":[{"href":"https:\/\/yachtcharter-connection.com\/es\/wp-json\/wp\/v2\/pages"}],"about":[{"href":"https:\/\/yachtcharter-connection.com\/es\/wp-json\/wp\/v2\/types\/page"}],"author":[{"embeddable":true,"href":"https:\/\/yachtcharter-connection.com\/es\/wp-json\/wp\/v2\/users\/11"}],"replies":[{"embeddable":true,"href":"https:\/\/yachtcharter-connection.com\/es\/wp-json\/wp\/v2\/comments?post=426"}],"version-history":[{"count":1,"href":"https:\/\/yachtcharter-connection.com\/es\/wp-json\/wp\/v2\/pages\/426\/revisions"}],"predecessor-version":[{"id":12357,"href":"https:\/\/yachtcharter-connection.com\/es\/wp-json\/wp\/v2\/pages\/426\/revisions\/12357"}],"up":[{"embeddable":true,"href":"https:\/\/yachtcharter-connection.com\/es\/wp-json\/wp\/v2\/pages\/182"}],"wp:attachment":[{"href":"https:\/\/yachtcharter-connection.com\/es\/wp-json\/wp\/v2\/media?parent=426"}],"curies":[{"name":"wp","href":"https:\/\/api.w.org\/{rel}","templated":true}]}}