{"id":427,"date":"2015-08-10T05:53:33","date_gmt":"2015-08-10T05:53:33","guid":{"rendered":"http:\/\/yachtcharter-connection.com.w01e47c6.kasserver.com\/alquiler-barcos-eslovenia\/"},"modified":"2017-10-16T22:00:59","modified_gmt":"2017-10-16T20:00:59","slug":"alquiler-barcos-eslovenia","status":"publish","type":"page","link":"https:\/\/yachtcharter-connection.com\/es\/paises\/alquiler-barcos-eslovenia\/","title":{"rendered":"Eslovenia"},"content":{"rendered":"<h1><strong>Alquiler de barcos Eslovenia<\/strong><\/h1>\n<p><img class=\"content-image\" style=\"width: 300px; height: 199px;\" src=\"https:\/\/yachtcharter-connection.com\/wp-content\/uploads\/converted_files\/23190\/23190-56222aa611dd3.jpg\" alt=\"Alquiler-de-barcos-Eslovenia\" \/>Esta regi\u00f3n de Alquiler de barcos no es grande, pero muy interesante: La costa adri\u00e1tica del destino de alquiler de barcos Eslovenia s\u00f3lo tiene 45 kil\u00f3metros. La mayor parte del pa\u00eds no tiene costa y lo conforman una parte de los Alpes, otras zonas monta\u00f1osas y una llanura que se extiende hasta Hungr\u00eda. Eslovenia limita con Austria, Italia, Hungr\u00eda y Croacia.<\/p>\n<p>A pesar de este hecho, los eslovenos son tradicionalmente gente de mar, activos navegantes y aficionados a los yates y al turismo de Alquiler de barcos. Aqu\u00ed tienen su sede muchos dise\u00f1adores de yates y barcos de renombre. En este fragmento de costa la infraestructura mar\u00edtima es excelente para Alquiler de barcos Eslovenia y muy adecuada para los tripulaci\u00f3nes de ch\u00e1rters. La zona del mar <a href=\"https:\/\/yachtcharter-connection.com\/es\/regiones\/mediterraneo\/alquiler-barcos-adriatico-norte\/\">adri\u00e1tico<\/a> norte es adecuada tanto para una ruta de un fin de semana, como para ser punto de partida para recorridos m\u00e1s largos en direcci\u00f3n <a href=\"https:\/\/yachtcharter-connection.com\/es\/paises\/alquiler-barcos-italia\/\">Italia<\/a> o, lo que es muy frecuente, hacia <a href=\"https:\/\/yachtcharter-connection.com\/es\/paises\/alquiler-barcos-croacia\/\">Croacia<\/a>. Bases de Alquiler de barcos se encuentran en Primorska, la regi\u00f3n costera de Eslovenia, en <a href=\"https:\/\/yachtcharter-connection.com\/es\/regiones\/mediterraneo\/alquiler-barcos-adriatico-norte\/izola-954\/\">Izola<\/a>, <a href=\"https:\/\/yachtcharter-connection.com\/es\/regiones\/mediterraneo\/alquiler-barcos-adriatico-norte\/koper-191\/\">Koper<\/a>, y <a href=\"https:\/\/yachtcharter-connection.com\/es\/regiones\/mediterraneo\/alquiler-barcos-adriatico-norte\/portoroz-797\/\">Portoroz<\/a>. La parte que se encuentra al sur de Koper, se conoce tambi\u00e9n como la Istria eslovena.<\/p>\n<p><img loading=\"lazy\" class=\"content-image\" src=\"https:\/\/yachtcharter-connection.com\/wp-content\/uploads\/converted_files\/23190\/23190-56222aaf6ea1c.jpg\" alt=\"\" width=\"300\" height=\"379\" \/><strong><br \/>\nAlquiler de barcos Eslovenia &#8211; Informaci\u00f3n General:<\/strong><\/p>\n<p>Idioma: Esloveno &#8211; en algunas partes tambi\u00e9n Italiano<br \/>\nCapital: Ljubljana<\/p>\n<p>Moneda: Euro (EUR)<br \/>\nHora: MEZ &#8211; UTC\/GMT +1 &#8211; en verano MESZ (horario de verano) &#8211; UTC \/ GMT +2<br \/>\nElectricidad: 220 V<\/p>\n<p>Los aeropuertos m\u00e1s importantes para Alquiler de barcos:<\/p>\n<p>&#8211; Ljubljana &#8211; LJU<br \/>\n&#8211; Trieste &#8211; TRS<\/p>\n<table class=\"RegionsAndSubregions\" style=\"border-collapse: collapse;\" border=\"0\" cellspacing=\"0\">\n<tbody>\n<tr>\n<td>\n<div class=\"SubregionRepeaterTitle\">\n<h2><a href=\"https:\/\/yachtcharter-connection.com\/alquiler-barcos-adriatico-norte\"> Adri\u00e1tico \/ Norte <\/a><\/h2>\n<\/div>\n<div class=\"SmallLinks\">\n<ul>\n<li><a class=\"SmallLinks\" title=\"\" href=\"https:\/\/yachtcharter-connection.com\/izola-954\"> Izola <\/a><\/li>\n<li><a class=\"SmallLinks\" title=\"\" href=\"https:\/\/yachtcharter-connection.com\/koper-191\"> Koper <\/a><\/li>\n<li><a class=\"SmallLinks\" title=\"\" href=\"https:\/\/yachtcharter-connection.com\/portoroz-797\"> Portoroz <\/a><\/li>\n<\/ul>\n<\/div>\n<\/td>\n<\/tr>\n<\/tbody>\n<\/table>\n","protected":false},"excerpt":{"rendered":"<p>Alquiler de barcos Eslovenia Esta regi\u00f3n de Alquiler de barcos no es grande, pero muy interesante: La costa adri\u00e1tica del destino de alquiler de barcos Eslovenia s\u00f3lo tiene 45 kil\u00f3metros. La mayor parte del pa\u00eds no tiene costa y lo conforman una parte de los Alpes, otras zonas monta\u00f1osas y<\/p>\n","protected":false},"author":11,"featured_media":0,"parent":182,"menu_order":0,"comment_status":"open","ping_status":"open","template":"","meta":[],"aioseo_notices":[],"_links":{"self":[{"href":"https:\/\/yachtcharter-connection.com\/es\/wp-json\/wp\/v2\/pages\/427"}],"collection":[{"href":"https:\/\/yachtcharter-connection.com\/es\/wp-json\/wp\/v2\/pages"}],"about":[{"href":"https:\/\/yachtcharter-connection.com\/es\/wp-json\/wp\/v2\/types\/page"}],"author":[{"embeddable":true,"href":"https:\/\/yachtcharter-connection.com\/es\/wp-json\/wp\/v2\/users\/11"}],"replies":[{"embeddable":true,"href":"https:\/\/yachtcharter-connection.com\/es\/wp-json\/wp\/v2\/comments?post=427"}],"version-history":[{"count":3,"href":"https:\/\/yachtcharter-connection.com\/es\/wp-json\/wp\/v2\/pages\/427\/revisions"}],"predecessor-version":[{"id":25262,"href":"https:\/\/yachtcharter-connection.com\/es\/wp-json\/wp\/v2\/pages\/427\/revisions\/25262"}],"up":[{"embeddable":true,"href":"https:\/\/yachtcharter-connection.com\/es\/wp-json\/wp\/v2\/pages\/182"}],"wp:attachment":[{"href":"https:\/\/yachtcharter-connection.com\/es\/wp-json\/wp\/v2\/media?parent=427"}],"curies":[{"name":"wp","href":"https:\/\/api.w.org\/{rel}","templated":true}]}}