{"id":428,"date":"2015-08-10T05:53:33","date_gmt":"2015-08-10T05:53:33","guid":{"rendered":"http:\/\/yachtcharter-connection.com.w01e47c6.kasserver.com\/alquiler-barcos-saint-vincent-and-the-grenadines\/"},"modified":"2017-07-12T04:48:35","modified_gmt":"2017-07-12T02:48:35","slug":"alquiler-barcos-saint-vincent-and-the-grenadines","status":"publish","type":"page","link":"https:\/\/yachtcharter-connection.com\/es\/paises\/alquiler-barcos-saint-vincent-and-the-grenadines\/","title":{"rendered":"Saint Vincent and the Grenadines"},"content":{"rendered":"<h3>Alquiler de barcos St. Vincent &#038; The Grenadines  &#8211; San Vicente y Las Granadinas<\/h3>\n<p>\n<img loading=\"lazy\" class=\"content-image\"  width=\"300\" height=\"199\" src=\"https:\/\/yachtcharter-connection.com\/wp-content\/uploads\/converted_files\/23191\/23191-56222ab1773ff.jpg\" alt=\"Caraibes_San_Vicente_Bahia\" \/> San Vicente es la isla m\u00e1s grande del peque\u00f1o estado caribe\u00f1o de San Vicente y Las Granadinas. A \u00e9l pertenecen adem\u00e1s m\u00e1s de treinta islas, las septentrionales del Archipi\u00e9lago de Las Granadinas. Las m\u00e1s grandes son Young Island, Mustique, Canouan con base de Alquiler de barcos}, Mayreau, Union Island con base de Alquiler de barcos, Palm Island y  Peque\u00f1o San Vicente. Las Granadinas del Sur, por el contrario, pertenecen oficialmente a Granada. Las Granadinas son islas m\u00e1s bien de terreno llano y seco o con peque\u00f1as colinas, pero en cualquier caso  muy diferentes a las islas m\u00e1s grandes del Caribe, que tienen origen volc\u00e1nico y una vegetaci\u00f3n m\u00e1s frondosa. En Las Granadinas encontramos m\u00e1s arbustos, bosque bajo o c\u00e1ctus. San Vicente sin embargo s\u00ed tiene suelo volc\u00e1nico. El Mount Soufri\u00e8re entr\u00f3 en erupci\u00f3n por \u00faltima vez a principios del siglo XX, poco despu\u00e9s de que lo hiciera el Mont St. Pel\u00e9e en la Martinica. A finales de los 70 se produjeron fuertes explosiones de gas. Actualmente el volc\u00e1n parece extinto y en medio de su cr\u00e1ter se ha formado un lago con una isla central; pero cuidado porque el  Mount Soufri\u00e8re todav\u00eda est\u00e1 activo. San Vicente  tiene unos 110.000 habitantes, de los cuales m\u00e1s de la cuarta parte vive en la capital, Kingstown, y menos de un diez por ciento en las Granadinas. Su fuente de ingresos m\u00e1s importante es  la agricultura; sobre todo el cultivo de pl\u00e1tanos. El cacao y las especias tambi\u00e9n se explotan, aunque en menor medida. Durante mucho tiempo esta regi\u00f3n fue considerada como una de las m\u00e1s pobres del Caribe; pero poco a poco se va invirtiendo cada vez m\u00e1s en turismo. La verdad es que entre el bosque tropical, los r\u00edos, playas y cascadas en los que disfrutar de un buen ba\u00f1o, y el atractivo que ofrece el volc\u00e1n, la isla cuenta con todos los ingredientes necesarios para convertirse en un importante destino tur\u00edstico. <\/p>\n<p>Viniendo del norte la primera gran bah\u00eda que encontramos es la de Chateaubelair, que desde el a\u00f1o  2007 es puerto de entrada. En realidad ya lo era, incluso oficialmente, desde hace 40 a\u00f1os pero el decreto nunca se hab\u00eda llevado a efecto hasta ahora.  Este gran pueblo pesquero es el cuarto municipio m\u00e1s grande de la isla y ya se est\u00e1 explotando tur\u00edsticamente. En  Chateau, que as\u00ed es como se conoce normalmente al lugar, hay tambi\u00e9n descubrimientos  arqueol\u00f3gicos, vestigios de los indios caribes. Los nuevos edificios de aduana e inmigraci\u00f3n est\u00e1n muy cerca del muelle. La bah\u00eda ofrece adem\u00e1s hermosos fondeaderos y lugares fant\u00e1sticos para bucear.  Podemos hacer una parada en mitad de una desbordante naturaleza en la Cumberland Bay y amarrar en una palmera. En la orilla, donde un peque\u00f1o arroyo vierte sus aguas al mar, ni\u00f1os, perritos y cochinillos juegan en perfecta armon\u00eda. Y hay dos restaurantes que est\u00e1n encantados  de servir una exquisita cena a base de pescado y una especie de langosta llamada crayfish  a los tripulantes de las embarcaciones que se acercan.  Y un poco m\u00e1s al sur la  Wallilabou Bay tambi\u00e9n es un lugar muy apreciado para fondear, donde nos reciben los &ldquo;boat boys&rdquo; para ayudarnos a amarrar. Delante del hotel restaurante  Anchorage tenemos tambi\u00e9n boyas de amarre. La oficina de aduanas se encuentra detr\u00e1s del muelle para dinghys. <\/p>\n<p>\nJusto detr\u00e1s de la  bah\u00eda Wallilabou Bay, siguiendo hacia el Sur, encontramos la Keaton Bay. Y tambi\u00e9n aqu\u00ed hay boyas de amarre, delante del caf\u00e9 Rockside que regentan  Rosi Morgan y su marido Orlando Tucker y que ofrece todo tipo de servicios para los navegantes: lavander\u00eda, Internet, organizaci\u00f3n de excursiones, ayuda para realizar los tr\u00e1mites de entrada, buena comida  y unos combinados perfectos. Todo ello en alem\u00e1n, ingl\u00e9s y lengua criolla y en un ambiente de ensue\u00f1o.  Cuatro millas antes de llegar a  Kingstown, encontramos escondida la peque\u00f1a bah\u00eda de Petit Byahaut, donde podemos disfrutar de naturaleza en estado puro, ambiente exclusivo en el impecable restaurante del tambi\u00e9n exclusivo Petit Byahaut Resort y una base de buceo.  En Ottley Hall, debajo de  Fort Charlotte, cerca de Kingstown, encontramos un peque\u00f1o puerto, aunque el entorno no es precisamente encantador.<\/p>\n<p>Kingstown, la capital, tiene el encanto que caracteriza a las Indias Occidentales, con sus casitas de piedra o madera, llena de vida y animaci\u00f3n. En el mercado de Kingstown podemos comprar no s\u00f3lo comida, sino tambi\u00e9n artesan\u00eda. Para ver en la ciudad y sus alrededores tenemos la catedral cat\u00f3lica y la anglicana, el jard\u00edn bot\u00e1nico y el fuerte Fort Charlotte que acoge un museo. Young Island es una verde  islita tropical con un complejo hotelero y en la costa norte hay buenos sitios para fondear.  En el sur de Young Island sobresale entre las aguas,  escarpada y rocosa,  la  Duvernette Island, que tiene en el norte un muelle para dinghys. El   Fort Duvernette que se alza sobre ella fue en otro tiempo refugio de piratas. Desde all\u00ed se obtiene una vista impresionante. <\/p>\n<p>Las islas Young y Duvernette marcan la entrada al  Blue Lagoon, que se encuentra en el extremo sur de San Vicente. La marina Blue Lagoon nos ofrece todo tipo de confort. Aqu\u00ed es donde se encuentran estacionados la mayor\u00eda de los yates ch\u00e1rter que hay en la isla. En el sur de la isla de San Vicente la peque\u00f1a isla de <a href=\"~\/Alquiler_barcos_grenada\/bequia.html\"><u><b>Bequia <\/b><\/u><\/a>espera a los navegantes &ndash; una isla de artistas, con bah\u00edas y playas impressionantes.<\/p>\n<p>\n<b>Mustique<\/b><\/p>\n<p>\nDesde Bequia podemos divisar la peque\u00f1a isla privada Mustique, que apenas tiene cinco  kil\u00f3metros cuadrados. Es famosa por los potentados propietarios y visitantes que la frecuentan. La princesa Margarita de Inglaterra sol\u00eda pasar aqu\u00ed temporadas en una casa que le regal\u00f3 para su boda lord Glenconnor, Colin Tennant.   El  lord hab\u00eda comprado la isla para construir en ella un complejo hotelero orientado a la alta sociedad. Algunos de sus clientes habituales son David Bowie o Tommy Hilfiger y la finca del Rolling Stone Mick Jagger es uno de los puntos culminantes de la peque\u00f1a  ruta que se puede realizar para conocer la isla. Antes hab\u00eda aqu\u00ed siete plantaciones azucareras, pero el \u00fanico resto que queda de ellas es un molino. Los yates encuentran sitio en la  Britannia Bay, donde la Mustique Compang ha instalado boyas de amarre. Hay un  pantal\u00e1n para dinghys justo al lado del muelle de cemento. El local favorito de los navegantes es el Basil&rsquo;s Bar. El perfecto punto final para un maravilloso d\u00eda de navegaci\u00f3n en el Caribe puede ser  un &ldquo;Sex on the Beach&rdquo;.<\/p>\n<p>\n<b>Mayreau y Cayos de Tobago <br \/>\n<\/b><\/p>\n<p>En la peque\u00f1a isla de  Mayreau viven s\u00f3lo 300 personas. Todas ellas en el pueblecito llamado Mayreau Village, situado sobre una colina en el suroeste de esta seca isla. Si hay ruido en la calle es que pasa algo raro.  Mayreau sigue conservando el encanto de los aut\u00e9nticos para\u00edsos del Caribe. Los yates tambi\u00e9n pueden echar el ancla en el norte en la  Salt Whistle Bay, donde hay un restaurante y un &ldquo;yachtie bar&ldquo;, o en la Windward Bay, que est\u00e1 en el sureste de Mayreau. Aqu\u00ed el gran atractivo es el arrecife, un paraje excelente para los que practican el buceo. Pero el lugar m\u00e1s seguro en cualquier caso es la  Saline Bay, que tambi\u00e9n tiene pantal\u00e1n para dinghys. Dando una peque\u00f1a caminata podemos subir hasta el pueblo y disfrutar  del fant\u00e1stico panorama que se obtiene desde el punto m\u00e1s alto, donde se encuentra la iglesia. En el pueblo nos esperan numerosas tiendas y bares y restaurantes donde calmar el hambre y la sed. Entre los  &ldquo;yachties&rdquo; corre el rumor de que el mejor es el Dennis&rsquo; Hideaway, pero la verdad es que los otros no tienen nada que envidiarle. <\/p>\n<p>\nDesde Mayreau hasta los Cayos de  Tobago no hay m\u00e1s que un salto. Los cayos son una de las postales m\u00e1s famosas en todo el mundo y seguramente sin duda unos de los parajes m\u00e1s bellos del Caribe. Pero en temporada alta  puede estar hasta los topes; sobre todo si a los yates que anclan en el lugar se les unen los botes auxiliares de cruceros como el Club Med II o el Royal Clipper que hacen excursiones del barco a la playa. Los Cayos de Tobago junto con las islas Petit Rameau, Petit Bateau, Jamesby y Baradal, todas ellas deshabitadas, y el arrecife Horseshoe Reef, conforman un parque nacional que nos ofrece aguas de un azul oscuro alrededor del arrecife  y verde claro bajo la quilla y, en su interior, un fascinante mundo de color en el que habitan corales y peces de todas las especies. Las playas son impresionantemente bellas, el acceso por el pasaje norte, si hacemos servir marcas de alineaci\u00f3n, no es especialmente dif\u00edcil. Pero atenci\u00f3n que aqu\u00ed no hay posibilidad de comprar nada. Si nos quedamos a pasar la noche, hay que cocinar lo que haya en la despensa. <\/p>\n<p><\/p>\n<table  class=\"RegionsAndSubregions\" cellspacing=\"0\" border=\"0\" style=\"border-collapse:collapse;\">\n<tbody>\n<tr>\n<td>\n<div class=\"SubregionRepeaterTitle\">\n<h2><a href=\"https:\/\/yachtcharter-connection.com\/alquiler-barcos-leewards-y-windwards\"> Leewards y Windwards <\/h2>\n<\/div>\n<div class=\"SmallLinks\">\n<ul>\n<li><a class=\"SmallLinks\" href=\"https:\/\/yachtcharter-connection.com\/canouan-608\" title=\"\"> Canouan <\/a><\/li>\n<li><a class=\"SmallLinks\" href=\"https:\/\/yachtcharter-connection.com\/saint-vincent-293\" title=\"\"> Saint Vincent <\/a><\/li>\n<li><a class=\"SmallLinks\" href=\"https:\/\/yachtcharter-connection.com\/union-island-clifton-habour-213\" title=\"\"> Union Island \/ Clifton Habour <\/a><\/li>\n<\/ul>\n<\/div>\n<\/td>\n<\/tr>\n<\/tbody>\n<\/table>\n","protected":false},"excerpt":{"rendered":"<p>Alquiler de barcos St. Vincent &#038; The Grenadines &#8211; San Vicente y Las Granadinas San Vicente es la isla m\u00e1s grande del peque\u00f1o estado caribe\u00f1o de San Vicente y Las Granadinas. A \u00e9l pertenecen adem\u00e1s m\u00e1s de treinta islas, las septentrionales del Archipi\u00e9lago de Las Granadinas. Las m\u00e1s grandes son<\/p>\n","protected":false},"author":11,"featured_media":0,"parent":182,"menu_order":0,"comment_status":"open","ping_status":"open","template":"","meta":[],"aioseo_notices":[],"_links":{"self":[{"href":"https:\/\/yachtcharter-connection.com\/es\/wp-json\/wp\/v2\/pages\/428"}],"collection":[{"href":"https:\/\/yachtcharter-connection.com\/es\/wp-json\/wp\/v2\/pages"}],"about":[{"href":"https:\/\/yachtcharter-connection.com\/es\/wp-json\/wp\/v2\/types\/page"}],"author":[{"embeddable":true,"href":"https:\/\/yachtcharter-connection.com\/es\/wp-json\/wp\/v2\/users\/11"}],"replies":[{"embeddable":true,"href":"https:\/\/yachtcharter-connection.com\/es\/wp-json\/wp\/v2\/comments?post=428"}],"version-history":[{"count":1,"href":"https:\/\/yachtcharter-connection.com\/es\/wp-json\/wp\/v2\/pages\/428\/revisions"}],"predecessor-version":[{"id":12387,"href":"https:\/\/yachtcharter-connection.com\/es\/wp-json\/wp\/v2\/pages\/428\/revisions\/12387"}],"up":[{"embeddable":true,"href":"https:\/\/yachtcharter-connection.com\/es\/wp-json\/wp\/v2\/pages\/182"}],"wp:attachment":[{"href":"https:\/\/yachtcharter-connection.com\/es\/wp-json\/wp\/v2\/media?parent=428"}],"curies":[{"name":"wp","href":"https:\/\/api.w.org\/{rel}","templated":true}]}}