{"id":429,"date":"2015-08-10T05:53:33","date_gmt":"2015-08-10T05:53:33","guid":{"rendered":"http:\/\/yachtcharter-connection.com.w01e47c6.kasserver.com\/alquiler-barcos-islas-britanicas-de-la-virgen\/"},"modified":"2017-10-29T20:39:52","modified_gmt":"2017-10-29T18:39:52","slug":"alquiler-barcos-islas-britanicas-de-la-virgen","status":"publish","type":"page","link":"https:\/\/yachtcharter-connection.com\/es\/paises\/alquiler-barcos-islas-britanicas-de-la-virgen\/","title":{"rendered":"Islas Brit\u00e1nicas De la Virgen"},"content":{"rendered":"<h1><strong>Alquiler de barcos Islas V\u00edrgenes Brit\u00e1nicas \/ British Virgin Islands<\/strong><\/h1>\n<p><img loading=\"lazy\" class=\"content-image\" src=\"https:\/\/yachtcharter-connection.com\/wp-content\/uploads\/converted_files\/23192\/23192-56222ab4b7b41.jpg\" alt=\"\" width=\"300\" height=\"200\" \/>Aqu\u00ed se encuentra, para la BVI Spring Regatta, toda la \u00e9lite del mundo de la vela en el Caribe. Y en las regatas Bitter End Yacht Club podemos ver a los grandes de la America\u2019s Cup. Las Islas V\u00edrgenes Brit\u00e1nicas son un lugar para navegar de primera categor\u00eda: id\u00edlicas, m\u00e1gicas, fascinantes, caribe\u00f1as. Y muy adecuadas para principiantes o para viajes en familia, debido a que es una zona f\u00e1cil y segura. La oficina de turismo (BVI Tourist Board) ha elegido el eslogan \u201cNature\u2019s little secrets\u201c para promocionar una regi\u00f3n que ofrece una superficie de navegaci\u00f3n muy variada con unas 32 por 15 millas. Un total de 60 islas de geograf\u00eda monta\u00f1osa y un verde tropical, si exceptuamos la isla de coral, Anegada, situada en el norte del archipi\u00e9lago. Encontramos innumerables calas en las que se puede fondear, cubiertas de arrecifes y muy adecuadas para practicar el buceo. Los vientos alisios soplan constantemente en el Canal Sir Francis Drake, una zona protegida, con poco oleaje, que se extiende entre las islas del suroeste y el noreste. Las distancias son tan cortas, que siempre puede otearse la costa.<\/p>\n<p>La infraestructura n\u00e1utica para Alquiler de barcos de las Islas V\u00edrgenes Brit\u00e1nicas es fabulosa. Cuenta con innumerables marinas. Aunque tambi\u00e9n hay que decir que los precios son bastante elevados. Fondeados o en boya de amarre se puede pasar la noche a precio mucho m\u00e1s econ\u00f3mico. S\u00f3lo en <a href=\"https:\/\/yachtcharter-connection.com\/es\/regiones\/caribe\/alquiler-barcos-leewards-y-windwards\/tortola-road-town-944\/\">T\u00f3rtola<\/a> encontramos 17 marinas, cinco en la segunda isla m\u00e1s grande (Isla Virgen Gorda), una en Peter Island, una en Saba Rock y una en Marina Cay. Muchas marinas ofrecen tambi\u00e9n boyas de amarre. Tambi\u00e9n en T\u00f3rtola hay zonas de boyas con precios asequibles: en el Cane Garden Bay, al oeste de la isla, en el Trellis Bay, al este, en la zona de Beef Island, y en el Paraquita Bay. En esta regi\u00f3n uno est\u00e1 protegido de los huracanes. Tambi\u00e9n ante las colosales rocas de The Baths en la Isla Virgen Gorda se puede amarrar en boya. Igual que en Little Harbour en Jost von Dyke, en el Manchioneel Bay en la Cooper Island, en Anegada o en Salt Island junto a Wrack der Rhone, un lugar con un especial atractivo para buceadores y submarinistas. Existen m\u00e1s de veinte calas y bah\u00edas m\u00e1s, reconocidas oficialmente como zonas de fondeo, y resulta imposible decir cu\u00e1l de ellas es m\u00e1s bella. Pero todav\u00eda podemos encontrar m\u00e1s\u2026<\/p>\n<p><img loading=\"lazy\" class=\"content-image\" src=\"https:\/\/yachtcharter-connection.com\/wp-content\/uploads\/converted_files\/23192\/23192-56222ab753fb0.jpg\" alt=\"\" width=\"300\" height=\"115\" \/> Jost von Dyke, situada en el oeste de T\u00f3rtola, recibi\u00f3 su nombre de un pirata de los mares, y todav\u00eda se respira all\u00ed una atm\u00f3sfera especial. La playa de White Bay es una de las m\u00e1s bellas del Caribe. Great Harbour es un pintoresco pueblo de casas de madera que parece sacado de un libro. En el Foxy\u2019s Bar, es el propio due\u00f1o el que ameniza de vez en cuando a la clientela con m\u00fasica en directo. Es uno de los puntos de encuentro habituales y legendario para los navegantes y aficionados al deporte n\u00e1utico. Su decoraci\u00f3n se basa esencialmente en banderas de yachtclubs de todo el mundo. Sandy Spit, que se encuentra situada frente a Jost von Dyke, no puede ofrecer \u201cnada m\u00e1s\u201d que arena y palmeras. Esta isla es uno de los motivos t\u00edpicos en las fotos que se toman en las Islas V\u00edrgenes Brit\u00e1nicas, y un lugar muy solicitado para fondear. Si est\u00e1 muy lleno, uno puede desviarse a Sandy Cay, que pertenece a los Rockefeller.<\/p>\n<p><img loading=\"lazy\" class=\"content-image\" src=\"https:\/\/yachtcharter-connection.com\/wp-content\/uploads\/converted_files\/23192\/23192-56222ab8c5941.jpg\" alt=\"\" width=\"300\" height=\"206\" \/> Visualmente, uno de los mayores atractivos de la Isla Virgen Gorda, en el este del archipi\u00e9lago, son The Baths (Los Ba\u00f1os), unas impresionantes formaciones rocosas que se elevan desde el mar y que conforman grutas y peque\u00f1as piscinas naturales. Hay que tener cuidado si se quiere escalar por ellas, ya que el mar ha ido erosion\u00e1ndolas, y la roca aparece muy lisa y de forma redondeada. Sobre las rocas, el restaurante \u201cTop of the Bath\u201c ofrece unos c\u00f3cteles deliciosos para disfrutar con una vista maravillosa. El municipio m\u00e1s grande de esta isla a la que Col\u00f3n bautiz\u00f3 como \u201cvirgen gorda\u201d es Spanish Town, con puerto para yates, tiendas y buenos restaurantes. Un punto de encuentro es, para los aficionados al deporte n\u00e1utico, el Bitter End Yachtclub de North Sound, a solo 12 de millas de T\u00f3rtola. Con marina, todo para el deporte n\u00e1utico, hotel, piscinas, playa, boutiques, bares y restaurantes. En noviembre se puede encontrar aqu\u00ed a los grandes de las regatas, con ocasi\u00f3n de la regata Bitter End Pro-Am-Regatta. En Virgen Gorda existen adem\u00e1s dos parques naturales: el Little Fort National Park, que es una reserva natural protegida, y que aloja todav\u00eda los restos de un antiguo fort\u00edn espa\u00f1ol, y el Gorda Peak Nationalpark, con todos los colores de la flora ex\u00f3tica, situado en el punto m\u00e1s alto de la isla. En el sur de Virgen Gorda podemos visitar adem\u00e1s una antigua mina de cobre.<\/p>\n<p>Todas las Islas V\u00edrgenes Brit\u00e1nicas tienen su encanto particular: Guana Island, Great Camanoe o el peque\u00f1o grupo The Dogs en el canal de Sir Francis Drake, Saba Rock en North Sound, Norman Island, Peter Island, Salt Island, Cooper Island y Ginger Island, que limitan el canal por el sureste, son como perlas que se engarzan en una cadena y entre las que aparecen otras peque\u00f1as perlas\u2026En Peter Island se encuentra uno de los hoteles m\u00e1s famosos del Caribe. Se cuenta que en la isla Dead Chest Island, situada enfrente de \u00e9sta, el pirata Barbanegra abandon\u00f3 a su suerte a gran parte de su tripulaci\u00f3n con una botella de ron. Para bucear con esn\u00f3rquel son perfectas las cuevas de Norman Island, escenario de la famosa novela de Stevensons \u201cLa isla del tesoro\u201c. En Salt Island todav\u00eda existen lagos salados que se explotan comercialmente. Fue delante de esta isla que en 1867 se hundi\u00f3 por un hurac\u00e1n el buque correo Rhone. Los restos del naufragio son hoy en d\u00eda parque nacional. Buceando se puede descubrir un colorido y pintoresco mundo submarino en esta zona. Saba Rock tambi\u00e9n ten\u00eda antes el ambiente de la pirater\u00eda con su cantina y pantal\u00e1n para dinghys, pero ahora es el lugar de un complejo hotelero. Necker Island, en el norte de Virgen Gorda, es propiedad de Richard Branson, el llamado \u201cVirgin-Boss\u201d, pero se alquila a hu\u00e9spedes selectos como destino para disfrutar de unas aut\u00e9nticas vacaciones de ensue\u00f1o en el Caribe. Por supuesto, la oferta incluye cocinero, jardinero y yate.<\/p>\n<p>La isla Anegada es una planicie y si navegamos en esta direcci\u00f3n debemos seguir atentamente las instrucciones. Largas playas de arena, dos estanques con flamencos y otras aves, una peque\u00f1a colonia y la que parece ser la mejor langosta del Caribe.<\/p>\n<h2><strong>Yates, catamaranes y veleros de alquiler en las BVI:<\/strong><\/h2>\n<p><strong>Hay importantes flotas de alquiler de veleros y catamaranes en las Islas Virgenes Brit\u00e1nicas que no se encuantran en nuestro Yachtfinder: por favor preg\u00fantenos por\u00a0 ofertas. Y, por supuesto, estaremos encantados de enviarle tambi\u00e9n ofertas para los yates de lujo con tripulaci\u00f3n m\u00e1s hermosos en esta \u00e1rea.<\/strong><\/p>\n<p>&nbsp;<\/p>\n<h2><strong>Ch\u00e1rter de yates de lujo Islas Virgenes Brit\u00e1nicas \/ BVI :<\/strong><\/h2>\n<p><strong>Las Islas Virgenes tambi\u00e9n son\u00a0 un destino muy popular para las vacaciones en ch\u00e1rter a bordo de yates de lujo, superyates o catamaranes con tripulaci\u00f3n. Aqu\u00ed puede encontrar m\u00e1s <a href=\"https:\/\/yachtcharter-connection.com\/es\/yates-de-lujo\/\" target=\"_blank\">informaci\u00f3n sobre charters de yates de lujo.<\/a> Estaremos encantados de organizar su charter de yate de lujo en Caribe &#8211; \u00a1solicite ofertas!<\/strong><\/p>\n<p>&nbsp;<\/p>\n<p>Aqu\u00ed se encuentra una lista de puntos de referencia de las Islas Brit\u00e1nicas de la Virgen: <a href=\"https:\/\/yachtcharter-connection.com\/wp-content\/uploads\/converted_files\/23192\/23192-56222aba2b85c.pdf\" target=\"_blank\"><u><b>Waypoints British Virgin Islands<\/b><\/u><\/a><\/p>\n<p>C\u00f3mo llegar: El aeropuerto internacional se encuentra en la isla Beef Island (c\u00f3digo EIS) y es accesible desde T\u00f3rtola a trav\u00e9s de un puente. Los turistas europeos suelen volar a las Islas V\u00edrgenes Brit\u00e1nicas v\u00eda Miami, Puerto Rico o Antigua.<\/p>\n<table class=\"RegionsAndSubregions\" style=\"border-collapse: collapse;\" border=\"0\" cellspacing=\"0\">\n<tbody>\n<tr>\n<td>\n<div class=\"SubregionRepeaterTitle\">\n<h2><a href=\"https:\/\/yachtcharter-connection.com\/alquiler-barcos-leewards-y-windwards\"> Leewards y Windwards <\/a><\/h2>\n<\/div>\n<div class=\"SmallLinks\">\n<ul>\n<li><a class=\"SmallLinks\" title=\"\" href=\"https:\/\/yachtcharter-connection.com\/tortola-road-town-944\"> Tortola \/ Road Town <\/a><\/li>\n<\/ul>\n<\/div>\n<\/td>\n<\/tr>\n<\/tbody>\n<\/table>\n","protected":false},"excerpt":{"rendered":"<p>Alquiler de barcos Islas V\u00edrgenes Brit\u00e1nicas \/ British Virgin Islands Aqu\u00ed se encuentra, para la BVI Spring Regatta, toda la \u00e9lite del mundo de la vela en el Caribe. Y en las regatas Bitter End Yacht Club podemos ver a los grandes de la America\u2019s Cup. Las Islas V\u00edrgenes Brit\u00e1nicas<\/p>\n","protected":false},"author":11,"featured_media":0,"parent":182,"menu_order":0,"comment_status":"open","ping_status":"open","template":"","meta":[],"aioseo_notices":[],"_links":{"self":[{"href":"https:\/\/yachtcharter-connection.com\/es\/wp-json\/wp\/v2\/pages\/429"}],"collection":[{"href":"https:\/\/yachtcharter-connection.com\/es\/wp-json\/wp\/v2\/pages"}],"about":[{"href":"https:\/\/yachtcharter-connection.com\/es\/wp-json\/wp\/v2\/types\/page"}],"author":[{"embeddable":true,"href":"https:\/\/yachtcharter-connection.com\/es\/wp-json\/wp\/v2\/users\/11"}],"replies":[{"embeddable":true,"href":"https:\/\/yachtcharter-connection.com\/es\/wp-json\/wp\/v2\/comments?post=429"}],"version-history":[{"count":4,"href":"https:\/\/yachtcharter-connection.com\/es\/wp-json\/wp\/v2\/pages\/429\/revisions"}],"predecessor-version":[{"id":25521,"href":"https:\/\/yachtcharter-connection.com\/es\/wp-json\/wp\/v2\/pages\/429\/revisions\/25521"}],"up":[{"embeddable":true,"href":"https:\/\/yachtcharter-connection.com\/es\/wp-json\/wp\/v2\/pages\/182"}],"wp:attachment":[{"href":"https:\/\/yachtcharter-connection.com\/es\/wp-json\/wp\/v2\/media?parent=429"}],"curies":[{"name":"wp","href":"https:\/\/api.w.org\/{rel}","templated":true}]}}