{"id":431,"date":"2015-01-30T06:05:53","date_gmt":"2015-01-30T06:05:53","guid":{"rendered":"http:\/\/yachtcharter-connection.com.w01e47c6.kasserver.com\/alquiler-barcos-saint-lucia\/"},"modified":"2017-07-11T04:51:28","modified_gmt":"2017-07-11T02:51:28","slug":"alquiler-barcos-saint-lucia","status":"publish","type":"page","link":"https:\/\/yachtcharter-connection.com\/es\/paises\/alquiler-barcos-saint-lucia\/","title":{"rendered":"Saint Lucia"},"content":{"rendered":"<h3>Alquiler de barcos Santa Lucia<\/h3>\n<p>\n<img loading=\"lazy\" class=\"content-image\"  width=\"300\" height=\"191\" src=\"https:\/\/yachtcharter-connection.com\/wp-content\/uploads\/converted_files\/27352\/27352-56222abc1fc3b.jpg\" alt=\"\" \/>Una vez al a\u00f1o la regi\u00f3n de Alquiler de barcos de Santa Luc\u00eda se convierte en el punto de encuentro del mundo de la vela.  Esta isla del Caribe es a\u00f1o tras a\u00f1o la meta del Atlantic Rallye for Cruisers, y este acontecimiento supone la puerta de entrada para muchos yates que despu\u00e9s pasar\u00e1n  la temporada de invierno navegando en la zona de Alquiler de barcos de las islas caribe\u00f1as de barlovento. <\/p>\n<p>Selva h\u00fameda tropical, manantiales de aguas sulfurosas, frondosa vegetaci\u00f3n y grandes plantaciones pueblan la imagen de la isla. Esta isla estado asociada con Gran Breta\u00f1a es de un verde muy especial. Su origen es volc\u00e1nico y uno de sus s\u00edmbolos son las Pitons, dos monta\u00f1as de 700 metros de altura que se alzan al Suroeste dominando el paisaje. La isla est\u00e1 bastante poblada y sus habitantes han apostado por el turismo de calidad, tanto en lo que se refiere a hosteler\u00eda como en el turismo n\u00e1utico de Alquiler de barcos.<\/p>\n<p>Los que navegan en ch\u00e1rter pasan muchas veces por aqu\u00ed en una ruta que va desde la Martinica hacia las Granadinas; pero en la isla de Santa Luc\u00eda encontramos tambi\u00e9n bases de Alquiler de barcos.  Hay tres marinas perfectamente equipadas para el turismo del Alquiler de barcos: la <a href=\"~\/Alquiler_barcos_saint_lucia\/st_lucia.html\" target=\"_blank\">Rodney Bay Marina<\/a> en el norte del puerto comercial de la capital, Castries; la marina de la Marigot Bay en la costa oeste; y Soufri\u00e8re en el suroeste bajo las Pitons, entre Marigot y Vieux Fort. Las tres son puerto de entrada, por lo que en cualquiera de ellas los que navegan en ch\u00e1rter pueden formalizar c\u00f3modamente la entrada o la salida.<\/p>\n<p><img loading=\"lazy\" class=\"content-image\"  width=\"300\" height=\"225\" alt=\"\" src=\"https:\/\/yachtcharter-connection.com\/wp-content\/uploads\/converted_files\/27352\/27352-56222abf1114c.jpg\" \/>La capital de Santa Luc\u00eda es Castries pero en el puerto de la capital no hay amarres y infrastructura para el turismo de Alquiler de barcos. Se puede fondear en Vigie Cove, lugar en cuyos restaurantes se re\u00fanen los navegantes. En la ciudad ya s\u00f3lo quedan algunos restos del estilo colonial, por ejemplo en la  Government House. Lo que s\u00ed resulta muy pintoresco son los mercados. Y mucha vida encontramos tambi\u00e9n en el puerto: en Port Castries hay ya muchos cruceros y un gran centro comercial Duty Free. Los que quieran dedicar un tiempo a conocer la isla pueden realizar adem\u00e1s una visita a una plantaci\u00f3n donde encontrar\u00e1n las viejas fincas se\u00f1oriales, los molinos de az\u00facar y otros restos de la \u00e9poca colonial.<\/p>\n<p>La Marigot Bay es preciosa y ya se ha utilizado en varias ocasiones como localizaci\u00f3n para rodar pel\u00edculas. Se encuentra enmarcada por el verde tropical y los manglares y en ella podemos fondear o, si lo preferimos, amarrar directamente en su marina. Por supuesto aqu\u00ed encontramos bares, restaurantes y todo lo que necesitamos a bordo. Tambi\u00e9n infraestructura tur\u00edstica para el turismo de Alquiler de barcos, coches de alquiler y jeeps para hacer un recorrido por la isla. Pero si lo que nos apetece es nadar, el lugar ideal se encuentra a unas dos millas y media al sur, en la Anse Cochon, donde podemos pasar el d\u00eda fondeados mientras disfrutamos de sus aguas transparentes y del colorido mundo submarino que  habita cerca de la orilla. Un lugar perfecto tambi\u00e9n para practicar el esn\u00f3rquel.<\/p>\n<p><img loading=\"lazy\" class=\"content-image\"  width=\"300\" height=\"225\" alt=\"\" src=\"https:\/\/yachtcharter-connection.com\/wp-content\/uploads\/converted_files\/27352\/27352-56222ac0b57cc.jpg\" \/>Siguiendo hacia el sur encontramos otros lugares maravillosos para bucear, adem\u00e1s de pintorescos pueblos pesqueros tradicionales: en la Anse La Raye o en Canaries por ejemplo.  La gran bah\u00eda de la Soufri\u00e8re, que va desde la  Anse Chastanet en el Norte hasta la Beaumont Point en el Sur, es una zona marina protegida. All\u00ed hay dispuestas boyas de amarre para el turismo de Alquiler de barcos, servicio oficial de taxis acu\u00e1ticos, tours para bucear con esn\u00f3rquel y excursiones. Para bucear desde luego el mejor sitio es el arrecife de coral que hay delante de la  Anse Chastenet. Otro sitio de belleza espectacular para fondear el yate es delante de  Hummingbird, en el norte de la bah\u00eda, desde donde se obtiene una maravillosa vista de las Pitons. Justo bajo la cumbre podemos amarrar en una boya en la Anse des Pitons. La marina de Soufri\u00e8re es bastante nueva y est\u00e1 equipada a la perfecci\u00f3n para el turismo de Alquiler de barcos.  Soufri\u00e8re cuenta con mercados muy pintorescos y conserva algunas edificaciones de la \u00e9poca colonial. Se puede tomar tambi\u00e9n como punto de partida para emprender una excursi\u00f3n al volc\u00e1n, a las cataratas Diamond, al jard\u00edn bot\u00e1nico y a los manantiales de aguas sulfurosas.<\/p>\n<p>Entre Beaumont Point (Gros Piton Point) y Vieux Fort, en la costa suroeste de Santa Luc\u00eda, apenas hay fondeaderos para los que viajan en ch\u00e1rter. Hasta que no llegamos a la bah\u00eda de  Vieux Fort no merece la pena hacer una parada. Otro lugar que tambi\u00e9n es bonito para fondear es la Point Sable Bay, en el sur delante del extremo oriental del pa\u00eds, donde en la Maria Island encontramos una zona natural protegida en la que habitan especies raras de animales. Para ir de compras o a comer bien podemos amarrar el dinghy al muelle en el puerto de Vieux Fort o atracar directamente en la ciudad.<\/p>\n<h3>\nAlquiler de barcos Santa Luc\u00eda &#8211; Informaci\u00f3n general:<\/h3>\n<p>\nSt. Lucia es miembro del &quot;Commonwealth&quot;.<br \/>\nIdiomas: Ingl\u00e9s &#8211;  tambi\u00e9n Patois <br \/>\nCapital: Castries<br \/>\nMoneda: East Caribbean Dollar  (XCD) &#8211; o EC$<\/p>\n<p>Hora: Atlantic Standard Time UTC \/ GMT &#8211; 4 hours, MEZ &#8211; 5 hours<br \/>\nno cambia en verano<br \/>\nElectricidad: 220 V \/ 50 kHz &#8211; se recomiende adaptador<\/p>\n<p>Alquiler de barcos &#8211; Aeropuertos:<br \/>\n&#8211; St. Lucia Castries &#8211; SLU<br \/>\n&#8211; St. Lucia Vieux Fort (Hewanorra) &#8211; UVF<\/p>\n<table  class=\"RegionsAndSubregions\" cellspacing=\"0\" border=\"0\" style=\"border-collapse:collapse;\">\n<tbody>\n<tr>\n<td>\n<div class=\"SubregionRepeaterTitle\">\n<h2><a href=\"https:\/\/yachtcharter-connection.com\/alquiler-barcos-leewards-y-windwards\"> Leewards y Windwards <\/h2>\n<\/div>\n<div class=\"SmallLinks\">\n<ul>\n<li><a class=\"SmallLinks\" href=\"https:\/\/yachtcharter-connection.com\/st-lucia-146\" title=\"\"> St. Lucia <\/a><\/li>\n<\/ul>\n<\/div>\n<\/td>\n<\/tr>\n<\/tbody>\n<\/table>\n","protected":false},"excerpt":{"rendered":"<p>Alquiler de barcos Santa Lucia Una vez al a\u00f1o la regi\u00f3n de Alquiler de barcos de Santa Luc\u00eda se convierte en el punto de encuentro del mundo de la vela. Esta isla del Caribe es a\u00f1o tras a\u00f1o la meta del Atlantic Rallye for Cruisers, y este acontecimiento supone la<\/p>\n","protected":false},"author":11,"featured_media":0,"parent":182,"menu_order":0,"comment_status":"open","ping_status":"open","template":"","meta":[],"aioseo_notices":[],"_links":{"self":[{"href":"https:\/\/yachtcharter-connection.com\/es\/wp-json\/wp\/v2\/pages\/431"}],"collection":[{"href":"https:\/\/yachtcharter-connection.com\/es\/wp-json\/wp\/v2\/pages"}],"about":[{"href":"https:\/\/yachtcharter-connection.com\/es\/wp-json\/wp\/v2\/types\/page"}],"author":[{"embeddable":true,"href":"https:\/\/yachtcharter-connection.com\/es\/wp-json\/wp\/v2\/users\/11"}],"replies":[{"embeddable":true,"href":"https:\/\/yachtcharter-connection.com\/es\/wp-json\/wp\/v2\/comments?post=431"}],"version-history":[{"count":1,"href":"https:\/\/yachtcharter-connection.com\/es\/wp-json\/wp\/v2\/pages\/431\/revisions"}],"predecessor-version":[{"id":12383,"href":"https:\/\/yachtcharter-connection.com\/es\/wp-json\/wp\/v2\/pages\/431\/revisions\/12383"}],"up":[{"embeddable":true,"href":"https:\/\/yachtcharter-connection.com\/es\/wp-json\/wp\/v2\/pages\/182"}],"wp:attachment":[{"href":"https:\/\/yachtcharter-connection.com\/es\/wp-json\/wp\/v2\/media?parent=431"}],"curies":[{"name":"wp","href":"https:\/\/api.w.org\/{rel}","templated":true}]}}