{"id":432,"date":"2014-12-22T05:33:00","date_gmt":"2014-12-22T05:33:00","guid":{"rendered":"http:\/\/yachtcharter-connection.com.w01e47c6.kasserver.com\/alquiler-barcos-egypt\/"},"modified":"2016-10-29T19:00:04","modified_gmt":"2016-10-29T17:00:04","slug":"alquiler-barcos-egypt","status":"publish","type":"page","link":"https:\/\/yachtcharter-connection.com\/es\/paises\/alquiler-barcos-egypt\/","title":{"rendered":"Egypt"},"content":{"rendered":"<h3>Alquiler de barcos Egipto<\/h3>\n<p>\n<img loading=\"lazy\" class=\"content-image\"  width=\"300\" height=\"194\" alt=\"\" src=\"https:\/\/yachtcharter-connection.com\/wp-content\/uploads\/converted_files\/27455\/27455-56222ac241e8a.jpg\" \/>Egipto es mucho m\u00e1s famoso como destino tur\u00edstico para los buceadores y amantes de la cultura &#8211; el turismo de Alquiler de barcos ahora pr\u00e1cticamente no existe. Con el desarrollo y la construcci\u00f3n de varios nuevos centros de vacaciones en el Mar Rojo, que tienen y tendr\u00e1n tambi\u00e9n puertos deportivos modernos, este podr\u00eda cambiar r\u00e1pidamente. Hay puertos deportivos por ejemplo en  Hurghada y El Gouna (Abu Tig Marina) con una pequena base de Alquiler de barcos, Port Ghalib en Marsa Alam podr\u00eda tambi\u00e9n convertirse en el un destino nuevo para vacacciones en ch\u00e1rter. Como un destino de invierno, Egipto es muy interesante: caliente, buen tiempo y muchos vuelos de l&#8217;Europa del Oeste. <\/p>\n<p>Ofrecemos por ejemplo un catamar\u00e1n en El Gouna y yates a motor para el buceo y cruceros. Si desea explorar el Nilo con un yate de ch\u00e1rter y los lugares de inter\u00e9s a lo largo del Nilo, hay yates con  4, 6 u 8 cabinas con tripulaci\u00f3n.<\/p>\n<p><strong>Alquiler de barcos Egipto &#8211; Informaci\u00f3n General<\/strong><\/p>\n<p>Idioma: \u00c1rabe &#8211; ingles en los centros tur\u00edsticos<br \/>\nCapital: Cairo<\/p>\n<p>Moneda: Libra egipcia (EGP)<\/p>\n<p>Hora: Eastern European Time UTC \/ GMT + 2 horas, MEZ + 1 hora<br \/>\nen verano:  Eastern European Summer Time &#8211; horario de verano<\/p>\n<p>Electricidad: 220 V \/ 50 kHz<\/p>\n<p>Los aeropuertos m\u00e1s importantes para Alquiler de barcos: <br \/>\n&#8211; Cairo &#8211; CAI<br \/>\n&#8211; Hurghada &#8211; HRG<br \/>\n&#8211; Marsa Alam &#8211; RMF<br \/>\n&#8211; Sharm el Sheikh &#8211; SSH<br \/>\n&#8211; Luxor &#8211; LXR<\/p>\n<table  class=\"RegionsAndSubregions\" cellspacing=\"0\" border=\"0\" style=\"border-collapse:collapse;\">\n<tbody>\n<tr>\n<td>\n<div class=\"SubregionRepeaterTitle\">\n<h2><a href=\"https:\/\/yachtcharter-connection.com\/alquiler-barcos-mar-rojo\"> Mar Rojo <\/h2>\n<\/div>\n<div class=\"SmallLinks\">\n<ul>\n<li><a class=\"SmallLinks\" href=\"https:\/\/yachtcharter-connection.com\/el-gouna-abu-tig-marina-893\" title=\"\"> El Gouna \/ Abu Tig Marina <\/a><\/li>\n<\/ul>\n<\/div>\n<\/td>\n<\/tr>\n<\/tbody>\n<\/table>\n","protected":false},"excerpt":{"rendered":"<p>Alquiler de barcos Egipto Egipto es mucho m\u00e1s famoso como destino tur\u00edstico para los buceadores y amantes de la cultura &#8211; el turismo de Alquiler de barcos ahora pr\u00e1cticamente no existe. Con el desarrollo y la construcci\u00f3n de varios nuevos centros de vacaciones en el Mar Rojo, que tienen y<\/p>\n","protected":false},"author":11,"featured_media":0,"parent":182,"menu_order":0,"comment_status":"open","ping_status":"open","template":"","meta":[],"aioseo_notices":[],"_links":{"self":[{"href":"https:\/\/yachtcharter-connection.com\/es\/wp-json\/wp\/v2\/pages\/432"}],"collection":[{"href":"https:\/\/yachtcharter-connection.com\/es\/wp-json\/wp\/v2\/pages"}],"about":[{"href":"https:\/\/yachtcharter-connection.com\/es\/wp-json\/wp\/v2\/types\/page"}],"author":[{"embeddable":true,"href":"https:\/\/yachtcharter-connection.com\/es\/wp-json\/wp\/v2\/users\/11"}],"replies":[{"embeddable":true,"href":"https:\/\/yachtcharter-connection.com\/es\/wp-json\/wp\/v2\/comments?post=432"}],"version-history":[{"count":1,"href":"https:\/\/yachtcharter-connection.com\/es\/wp-json\/wp\/v2\/pages\/432\/revisions"}],"predecessor-version":[{"id":12299,"href":"https:\/\/yachtcharter-connection.com\/es\/wp-json\/wp\/v2\/pages\/432\/revisions\/12299"}],"up":[{"embeddable":true,"href":"https:\/\/yachtcharter-connection.com\/es\/wp-json\/wp\/v2\/pages\/182"}],"wp:attachment":[{"href":"https:\/\/yachtcharter-connection.com\/es\/wp-json\/wp\/v2\/media?parent=432"}],"curies":[{"name":"wp","href":"https:\/\/api.w.org\/{rel}","templated":true}]}}