{"id":433,"date":"2014-06-28T15:06:13","date_gmt":"2014-06-28T15:06:13","guid":{"rendered":"http:\/\/yachtcharter-connection.com.w01e47c6.kasserver.com\/alquiler-barcos-antigua\/"},"modified":"2017-10-30T09:55:51","modified_gmt":"2017-10-30T07:55:51","slug":"alquiler-barcos-antigua","status":"publish","type":"page","link":"https:\/\/yachtcharter-connection.com\/es\/paises\/alquiler-barcos-antigua\/","title":{"rendered":"Antigua"},"content":{"rendered":"<h1><strong>Alquiler de barcos Antigua<\/strong><\/h1>\n<p><a href=\"https:\/\/yachtcharter-connection.com\/wp-content\/uploads\/2014\/06\/Antigua-yacht-charters.jpg\"><img loading=\"lazy\" class=\"alignleft size-full wp-image-25527\" src=\"https:\/\/yachtcharter-connection.com\/wp-content\/uploads\/2014\/06\/Antigua-yacht-charters.jpg\" alt=\"Alquiler de barcos Antigua\" width=\"500\" height=\"375\" srcset=\"https:\/\/yachtcharter-connection.com\/wp-content\/uploads\/2014\/06\/Antigua-yacht-charters.jpg 500w, https:\/\/yachtcharter-connection.com\/wp-content\/uploads\/2014\/06\/Antigua-yacht-charters-300x225.jpg 300w\" sizes=\"(max-width: 500px) 100vw, 500px\" \/><\/a>365 playas de arena dorada salpican la costa del destino de Alquiler de barcos Antigua. Una para cada d\u00eda del a\u00f1o. Y al menos una vez al a\u00f1o algunas de sus playas y puertos est\u00e1n plagadas de navegantes y aficionados a la vela: para la Antigua Classic Yacht Regatta y para la Antigua Sailing Week. En primavera los regatistas y aficionados y los turistas de Alquiler de barcos Antigua celebran aqu\u00ed la gran final de la temporada caribe\u00f1a. Emoci\u00f3n, mucha fiesta, ron Mount Gay y cerveza Wadadli en abundancia.<\/p>\n<p>La isla Antigua, situada en la parte externa del arco que conforman las Peque\u00f1as Antillas, no es demasiado grande. Tiene unas doce millas de extensi\u00f3n en direcci\u00f3n este-oeste y aproximadamente diez millas de norte a sur. Pero es un \u00e1rea muy interesante para navegar y Alquiler de barcos. En el norte el paisaje es m\u00e1s llano, en el sur, monta\u00f1oso. Aqu\u00ed encontramos incluso un bosque tropical; pero el clima seco de la zona ofrece la posibilidad de navegar maravillosamente durante casi todo el a\u00f1o. La isla fue durante m\u00e1s de trescientos a\u00f1os colonia brit\u00e1nica, y en 1666 estuvo en manos de los franceses por un periodo de once meses. Siguiendo la tradici\u00f3n brit\u00e1nica, sus habitantes son grandes aficionados al rugby, al cricket y al golf, y aparte del \u201ctee time\u201d tambi\u00e9n conocen bien el \u201ctea time\u201d. Su capital es St. John\u2019s y el aeropuerto lleva el nombre de V.C. Bird Airport. Tiene conexi\u00f3n directa con Condor y tambi\u00e9n es accesible v\u00eda Londres. St. John\u2019s tiene tambi\u00e9n puerto, pero es m\u00e1s apropiado para transporte de carga o cruceros tur\u00edsticos. En la Segunda Guerra Mundial fue base americana. Para los que viajan en ch\u00e1rter, St. John&#8217;s es interesante m\u00e1s para hacer las compras que para disfrutar de bonitas bahias.<\/p>\n<p>&nbsp;<\/p>\n<h3><strong>Navegar Antigua &#8211; lleno de historia mar\u00edtima, fascinante con bah\u00edas, playas y sentimiento caribe\u00f1o<\/strong><\/h3>\n<p><a href=\"https:\/\/yachtcharter-connection.com\/wp-content\/uploads\/2014\/06\/Antigua-luxury-yachts500.jpg\"><img loading=\"lazy\" class=\"alignleft size-full wp-image-25528\" src=\"https:\/\/yachtcharter-connection.com\/wp-content\/uploads\/2014\/06\/Antigua-luxury-yachts500.jpg\" alt=\"Antigua ch\u00e1rter yates de luko\" width=\"500\" height=\"375\" srcset=\"https:\/\/yachtcharter-connection.com\/wp-content\/uploads\/2014\/06\/Antigua-luxury-yachts500.jpg 500w, https:\/\/yachtcharter-connection.com\/wp-content\/uploads\/2014\/06\/Antigua-luxury-yachts500-300x225.jpg 300w\" sizes=\"(max-width: 500px) 100vw, 500px\" \/><\/a>A los navegantes de Alquiler de barcos en Antigua les resulta interesante la historia de esta isla que ha acabado vendi\u00e9ndose al turismo de calidad: En el sur est\u00e1 English Harbour, un refugio natural contra los huracanes y uno de los m\u00e1s bellos puertos naturales del Caribe. Aqu\u00ed instalaron los brit\u00e1nicos la base de su flota y aqu\u00ed se hizo cargo de la comandancia de la flota de las Islas Sotavento (Leeward Islands) el que despu\u00e9s pasar\u00eda a la Historia como almirante Nelson. A mediados del siglo pasado la familia Nicholson, que solamente pensaba hacer all\u00ed una parada en su viaje entre Inglaterra y Nueva Zelanda, decidi\u00f3 empezar a restaurar los antiguos edificios militares y construir un complejo tur\u00edstico. El hotel Admirals Inn, en el m\u00e1s aut\u00e9ntico estilo brit\u00e1nico, se inaugur\u00f3 en el a\u00f1o 1960, y hoy en d\u00eda sigue siendo el escenario del baile de la Semana de la Vela. English Harbour es un punto esencial en el mundo de la vela y del turismo de ch\u00e1rter en el Caribe, puerto base para muchos navegantes que adem\u00e1s pueden encontrar aqu\u00ed una importante infraestructura en lo que se refiere a astilleros.<\/p>\n<p>En Nelson\u2019s Dockyard se sigue la tradici\u00f3n mediterr\u00e1nea de amarrar el barco con la popa hacia el muelle. Si el puerto est\u00e1 muy lleno, los turistas de Alquiler de barcos Antigua siempre pueden fondear en Bah\u00eda Freeman. Muy cerca de English Harbour est\u00e1 Falmouth Harbour, tambi\u00e9n muy popular para fondear, pero hay que prestar atenci\u00f3n a la profundidad. En la zona est\u00e1 tambi\u00e9n el Antigua Yacht Club y la peque\u00f1a pero refinada Catamaran Marina. La mejor vista de ambas bah\u00edas se obtiene desde arriba, desde el mirador de Shirley Heights, visitado tradicionalmente los domingos tanto por los navegantes y los turistas de Alquiler de barcos Antigua como por los habitantes de la regi\u00f3n. Steelband Music live, barbacoa y Sundowner con una de las vistas m\u00e1s hermosas de todo el Caribe.<\/p>\n<p>Al oeste de la isla hay dos sitios fant\u00e1sticos para los turistas de Alquiler de barcos Antigua. Uno, Jolly Harbour, con unas caracter\u00edsticas muy parecidas a Port Grimaud, con fondeaderos delante de peque\u00f1as casas, un exclusivo club de golf, una marina perfectamente equipada y, al lado, una larga playa. El otro, Dickenson Bay, una playa interminable con buenos hoteles, bares y mucho espacio; ideal para dar un largo paseo por una playa.<\/p>\n<p>Al este de English Harbour los navegantes de Alquiler de barcos Antigua pueden fondear al abrigo de la Mamora Bay, un buen lugar para pasar la noche o un d\u00eda a bordo nadando y descansando. Pero si buscan m\u00e1s comodidades, tambi\u00e9n tienen cerca el exclusivo St. James Yacht Club, que cuenta con una marina propia.<\/p>\n<p>La zona de la costa del noroeste es dif\u00edcil, incluso peligrosa. Entre Diamond Bank y Man of War Point en el este, tenemos unas 20 millas n\u00e1uticas plagadas de islas y arrecifes. La costa oriental tiene el punto salvaje de lo latino, que tambi\u00e9n podemos encontrar a menudo en el Caribe por el lado de barlovento, pero tambi\u00e9n la aridez de lo atl\u00e1ntico. En Parham Sound y en North Sound los que viajan en ch\u00e1rter encontran en cualquier caso tranquilos lugares para fondear del lado de sotavento de las islas Maid Island y Long Island. Y tenemos buena ocasi\u00f3n de reponer en la Crabb Marina, en el sur de North Sound. En el sureste, donde tambi\u00e9n encontramos una costa dif\u00edcil con islas y arrecifes, nos encontramos protegidos en la Nonsuch Bay. La Willoughby Bay con el arrecife Horse Shoe Reef es un lugar excelente para practicar el buceo.<\/p>\n<p>Antigua y Barbuda, situada al norte de \u00e9sta, forman un estado. Barbuda es una planicie de escasa vegetaci\u00f3n rodeada casi por completo de arrecifes. El mejor punto para acceder a ella con el yate alquilado es la Cocoa Bay, y quien se acerca a la isla por este lado es recompensado con la vista de una playa de postal. Pero en Barbuda hay pocas instalaciones hoteleras; la isla es una zona protegida y lo que mayor fama le da son las numerosas especies de aves que la habitan.<\/p>\n<p>&nbsp;<\/p>\n<h2><strong>Barcos de alquiler Antigua<\/strong><\/h2>\n<p><strong>Hay importantes flotas de alquiler de veleros y catamaranes en Antigua que no se encuantran en nuestro Yachtfinder: por favor preg\u00fantenos por\u00a0 ofertas. Y, por supuesto, estaremos encantados de enviarle tambi\u00e9n ofertas para los yates de lujo con tripulaci\u00f3n m\u00e1s hermosos en esta \u00e1rea.<\/strong><\/p>\n<p>&nbsp;<\/p>\n<h2><strong>Alquiler de yates de lujo Caribe:<\/strong><\/h2>\n<p><strong>Antigua es un destino muy popular para las vacaciones en ch\u00e1rter a bordo de yates de lujo, superyates o catamaranes con tripulaci\u00f3n. Aqu\u00ed puede encontrar m\u00e1s <a href=\"https:\/\/yachtcharter-connection.com\/es\/yates-de-lujo\/\" target=\"_blank\">informaci\u00f3n sobre charters de yates de lujo<\/a>. Estaremos encantados de organizar su charter de yate de lujo en Caribe &#8211; \u00a1solicite ofertas!<\/strong><\/p>\n<p>&nbsp;<\/p>\n<h3>Alquiler de barcos Antigua &amp; Barbuda &#8211; informaci\u00f3n general para ch\u00e1rter en Antigua:<\/h3>\n<p>Idioma: English &#8211; some creole languages are spoken as well<br \/>\nCapital: Saint John&#8217;s<\/p>\n<p>Moneda: East Caribbean Dollar (XCD)<\/p>\n<p>Hora: MEZ -5 h &#8211; UTC\/GMT &#8211; 4 h<br \/>\nElectricidad: 220 and 110 V -se recomiende adaptador (para EEUU)<\/p>\n<p>El aeropuerto para llegar a su yate de ch\u00e1rter en Antigua:<\/p>\n<p>Antigua V.C. Bird &#8211; ANU<\/p>\n<p>&nbsp;<\/p>\n<table class=\"RegionsAndSubregions\" style=\"border-collapse: collapse;\" border=\"0\" cellspacing=\"0\">\n<tbody>\n<tr>\n<td>\n<div class=\"SubregionRepeaterTitle\">\n<h2><a href=\"https:\/\/yachtcharter-connection.com\/alquiler-barcos-leewards-y-windwards\"> Leewards y Windwards <\/a><\/h2>\n<\/div>\n<div class=\"SmallLinks\">\n<ul>\n<li><a class=\"SmallLinks\" title=\"\" href=\"https:\/\/yachtcharter-connection.com\/antigua-637\"> Antigua <\/a><\/li>\n<\/ul>\n<\/div>\n<\/td>\n<\/tr>\n<\/tbody>\n<\/table>\n","protected":false},"excerpt":{"rendered":"<p>Alquiler de barcos Antigua 365 playas de arena dorada salpican la costa del destino de Alquiler de barcos Antigua. Una para cada d\u00eda del a\u00f1o. Y al menos una vez al a\u00f1o algunas de sus playas y puertos est\u00e1n plagadas de navegantes y aficionados a la vela: para la Antigua<\/p>\n","protected":false},"author":11,"featured_media":0,"parent":182,"menu_order":0,"comment_status":"open","ping_status":"open","template":"","meta":[],"aioseo_notices":[],"_links":{"self":[{"href":"https:\/\/yachtcharter-connection.com\/es\/wp-json\/wp\/v2\/pages\/433"}],"collection":[{"href":"https:\/\/yachtcharter-connection.com\/es\/wp-json\/wp\/v2\/pages"}],"about":[{"href":"https:\/\/yachtcharter-connection.com\/es\/wp-json\/wp\/v2\/types\/page"}],"author":[{"embeddable":true,"href":"https:\/\/yachtcharter-connection.com\/es\/wp-json\/wp\/v2\/users\/11"}],"replies":[{"embeddable":true,"href":"https:\/\/yachtcharter-connection.com\/es\/wp-json\/wp\/v2\/comments?post=433"}],"version-history":[{"count":4,"href":"https:\/\/yachtcharter-connection.com\/es\/wp-json\/wp\/v2\/pages\/433\/revisions"}],"predecessor-version":[{"id":25529,"href":"https:\/\/yachtcharter-connection.com\/es\/wp-json\/wp\/v2\/pages\/433\/revisions\/25529"}],"up":[{"embeddable":true,"href":"https:\/\/yachtcharter-connection.com\/es\/wp-json\/wp\/v2\/pages\/182"}],"wp:attachment":[{"href":"https:\/\/yachtcharter-connection.com\/es\/wp-json\/wp\/v2\/media?parent=433"}],"curies":[{"name":"wp","href":"https:\/\/api.w.org\/{rel}","templated":true}]}}