{"id":515,"date":"2015-08-10T05:53:34","date_gmt":"2015-08-10T05:53:34","guid":{"rendered":"http:\/\/yachtcharter-connection.com.w01e47c6.kasserver.com\/caribe\/"},"modified":"2025-03-02T16:06:18","modified_gmt":"2025-03-02T14:06:18","slug":"caribe","status":"publish","type":"page","link":"https:\/\/yachtcharter-connection.com\/es\/regiones\/caribe\/","title":{"rendered":"Caribe"},"content":{"rendered":"<h1><strong>Alquiler de barcos Caribe<\/strong><\/h1>\n<p>&nbsp;<\/p>\n<p><iframe loading=\"lazy\" width=\"100%\" height=\"1000\" frameborder=\"0\" scrolling=\"auto\" src=\"https:\/\/www.booking-manager.com\/wbm2\/page.html?companyid=662&amp;setlang=es&amp;bm_view=SearchResult&amp;filter_flexibility=in_year&amp;sortBy=11&amp;sortDirection=-1&amp;filter_region=28\"><\/iframe><\/p>\n<p>&nbsp;<\/p>\n<p><img class=\"content-image\" style=\"width: 498px; height: 320px;\" src=\"https:\/\/yachtcharter-connection.com\/wp-content\/uploads\/converted_files\/19004\/19004-5624a05382f7d.jpg\" alt=\"Alquiler de barcos Caribe\" \/>Alquiler de barcos Caribe &#8211; Nos encontramos en una de las \u00e1reas de navegaci\u00f3n y Alquiler de barcos por excelencia, una de las primeras zonas en las que realmente se ha concentrado el turismo de Alquiler de barcos y que adem\u00e1s es tambi\u00e9n muy apreciada por los que viajan en ch\u00e1rter en yates de motor. Las Indias Occidentales, como llam\u00f3 Col\u00f3n a este para\u00edso del turismo de Alquiler de barcos tras su descubrimiento, comprenden una zona gigantesca a la que pertenecen las <span style=\"color: #0000ff;\"><a style=\"color: #0000ff;\" href=\"https:\/\/yachtcharter-connection.com\/es\/paises\/alquiler-barcos-bahamas\/\" target=\"_blank\" rel=\"noopener\"><u>Bahamas<\/u><\/a><\/span> (una ar\u00e9a perfecta para Alquiler de barcos en si mismo &#8211; situadas realmente entre el Caribe y el Atl\u00e1ntico, pero tambi\u00e9n las a\u00e9rea de Alquiler de barcos Antillas Mayores y las Antillas Menores, las Barbados, Trinidad y Tobago, y Turks y Caicos. El arco que forman estos grupos de islas de las que suenan todos los aficionados de Alquiler de barcos barcos abarca desde el Golfo de M\u00e9xico y casi hasta Venezuela comprende una longitud de 2.000 millas n\u00e1uticas.<br \/>\n<strong><br \/>\nAlquiler de barcos Caribe &#8211; infomaci\u00f3n general de las diferentes regiones de Alquiler de barcos<\/strong><\/p>\n<p>En las Antillas Mayores el \u00fanico destino de ch\u00e1rter actualmente es la isla de <span style=\"color: #0000ff;\"><a style=\"color: #0000ff;\" href=\"https:\/\/yachtcharter-connection.com\/es\/paises\/alquiler-barcos-cuba\/\" target=\"_blank\" rel=\"noopener\"><u>Cuba<\/u><\/a><\/span> y sus numerosos cayos. El puerto base de Alquiler de barcos Cuba est\u00e1 en Cienfuegos, en el sur de la isla, donde hay veleros para ch\u00e1rter: monocascos y catamaranes. La Rep\u00fablica Dominicana y Jamaica podr\u00edan a\u00f1adirse en un cierto plazo como destino de Alquiler de barcos en la zona. Puerto Rico, donde hay una base de alquiler de barcos en el Puerto del Rey, para los que viajan en ch\u00e1rter es m\u00e1s bien un trampol\u00edn en el camino hacia las Islas V\u00edrgenes, que se dividen en Islas V\u00edrgenes Estadounidenses, las <a href=\"https:\/\/yachtcharter-connection.com\/es\/paises\/alquiler-barcos-islas-britanicas-de-la-virgen\/\" target=\"_blank\" rel=\"noopener\"><u>Islas V\u00edrgenes Brit\u00e1nicas<\/u><\/a> y las llamadas Islas V\u00edrgenes Espa\u00f1olas.<\/p>\n<p>La zona muy popular de alquiler de barcos de la Islas V\u00edrgenes Brit\u00e1nicas (British VIrgin Islands, BVI o B.Vi.) es ya en realidad la zona m\u00e1s septentrional de las Antillas Menores, que lucen como un collar de perlas engarzadas entre las aguas verdes y turquesas del mar Caribe. Las Antillas Menores a su vez se dividen en <a href=\"https:\/\/yachtcharter-connection.com\/es\/regiones\/caribe\/alquiler-barcos-leewards-y-windwards\/\" target=\"_blank\" rel=\"noopener\">Islas de Sotavento &amp; Barlovento<\/a>, las Islas de Sovatento (Leeward Islans) al norte, las\u00a0 <a href=\"~\/caribe\/Alquiler_barcos_leewards_y_windwards.html\">Islas de Barlovento<\/a> (windward Islands) en el sur. Esta regi\u00f3n de Alquiler de barcos Caribe es tremendamente variada en todos los sentidos. Por un lado, aunque las islas son aut\u00f3nomas, todas presentan rasgos del dominio colonial: brit\u00e1nico, espa\u00f1ol, franc\u00e9s, holand\u00e9s, en la lengua, las estructuras, la arquitectura o la cocina. Pero adem\u00e1s en todas ellas los aficionados de Alquiler de barcos aprecian la correspondiente influencia africana que se encuentra en el Caribe.<\/p>\n<p><a href=\"https:\/\/yachtcharter-connection.com\/wp-content\/uploads\/2024\/06\/0041-1.jpg\"><img loading=\"lazy\" class=\"alignnone size-medium wp-image-31054\" src=\"https:\/\/yachtcharter-connection.com\/wp-content\/uploads\/2024\/06\/0041-1-300x225.jpg\" alt=\"\" width=\"300\" height=\"225\" srcset=\"https:\/\/yachtcharter-connection.com\/wp-content\/uploads\/2024\/06\/0041-1-300x225.jpg 300w, https:\/\/yachtcharter-connection.com\/wp-content\/uploads\/2024\/06\/0041-1.jpg 640w\" sizes=\"(max-width: 300px) 100vw, 300px\" \/><\/a>Por otro lado, en lo que se refiere al sustrato geol\u00f3gico, los que viajan en yates de ch\u00e1rter encuentran islas de origen volc\u00e1nico, otras de suelos arenosos, algunas coral\u00edferas. Si los equipos de Alquiler de barcos quieren hacer excursiones en el interior, dependiendo de la isla pueden explorar el bosque tropical, un volc\u00e1n, cataratas o manglares. La mejor \u00e9poca para Alquiler de barcos en el Caribe es de noviembre a abril, cuando sopla constante el alisio noreste. En las islas que tienen selva h\u00fameda suele haber regularmente breves chubascos calientes.<\/p>\n<p>&nbsp;<\/p>\n<h3><strong><br \/>\nAlquiler de barcos Caribe &#8211; los destinos de ch\u00e1rter de yates<br \/>\n<\/strong><\/h3>\n<p>Si no encuentra en nuestro buscador &#8220;Yachtfinder&#8221; con sus muchos ofertas de Alquiler de barcos el velero que est\u00e1 buscando, o si busca una motora, un grande yate de motor o un yate de lujo con tripulaci\u00f3n,p\u00f3ngase en contacto con nosotros. En el men\u00fa \u201cDestinos\u201d encontrar\u00e1 adem\u00e1s descripciones detalladas de \u00e1reas de Alquiler de barcos concretas en el Caribe: <a href=\"https:\/\/yachtcharter-connection.com\/es\/paises\/alquiler-barcos-antigua\/\" target=\"_blank\" rel=\"noopener\"><u>Alquiler de barcos Antigua<\/u><\/a>, <a href=\"https:\/\/yachtcharter-connection.com\/es\/paises\/alquiler-barcos-islas-britanicas-de-la-virgen\/\" target=\"_blank\" rel=\"noopener\"><u>Alquiler de barcos Islas V\u00edrgenes Brit\u00e1nica<\/u><\/a><u>s<\/u>, Alquiler de barcos Isla de <a href=\"https:\/\/yachtcharter-connection.com\/es\/paises\/alquiler-barcos-netherlands-antilles\/\" target=\"_blank\" rel=\"noopener\"><u>San Mart\u00edn<\/u><\/a>, <a href=\"https:\/\/yachtcharter-connection.com\/es\/paises\/alquiler-barcos-guadalupe\/\" target=\"_blank\" rel=\"noopener\"><u>Alquiler de barcos Guadalupe<\/u><\/a>, <a href=\"https:\/\/yachtcharter-connection.com\/es\/paises\/alquiler-barcos-martinica\/\" target=\"_blank\" rel=\"noopener\"><u>Martinic<\/u><\/a><u>a<\/u>, <a href=\"https:\/\/yachtcharter-connection.com\/es\/paises\/alquiler-barcos-saint-lucia\/\" target=\"_blank\" rel=\"noopener\"><u>Alquiler de barcos Santa Luc\u00eda<\/u><\/a>, <a href=\"https:\/\/yachtcharter-connection.com\/es\/paises\/alquiler-barcos-saint-vincent-and-the-grenadines\/\" target=\"_blank\" rel=\"noopener\"><u>Alquiler de barcos San Vicente y Las Granadinas<\/u><\/a>, <a href=\"https:\/\/yachtcharter-connection.com\/es\/paises\/alquiler-barcos-grenada\/\" target=\"_blank\" rel=\"noopener\"><u>Alquiler de barcos Grenada<\/u><\/a> y <a href=\"https:\/\/yachtcharter-connection.com\/es\/paises\/alquiler-barcos-cuba\/\" target=\"_blank\" rel=\"noopener\"><u>Alquiler de barcos Cuba<\/u><\/a>.<\/p>\n<p>&nbsp;<\/p>\n<p><strong>Alquiler de barcos Caribe &#8211; la navegaci\u00f3n<\/strong><\/p>\n<p>Las zonas m\u00e1s dif\u00edciles par navegar para los equipos de Alquiler de barcos son \u00fanicamente las de las islas con arrecifes de coral como Barbuda o los cayos de Tobago. En esta zona de Alquiler de barcos es importante controlar bien el color del agua para calcular la profundidad: las manchas oscuras en aguas turquesas indican zona de gran peligro. El alisio suele soplar con fuerza entre cuatro y seis en la escala Beaufort, m\u00e1s fuerte entre las islas m\u00e1s altas, y a veces trae algo de marejada. En la zona de sotavento el Mar Caribe se muestra suave a los equipos de Alquiler de barcos, en oposici\u00f3n al rudo Atl\u00e1ntico; el viento suele ser m\u00e1s flojo, aunque no hay que peder de vista los efectos de cabo y las r\u00e1fagas que tambi\u00e9n se producen. La declinaci\u00f3n magn\u00e9tica, que es de unos 13 grados, juega un papel muy importante en la navegaci\u00f3n en esta zona para los turistas de Alquiler de barcos; pero apenas tienen importancia las corrientes, con un m\u00e1ximo de 2 nudos. Si queremos ir saltando de isla en isla, seg\u00fan qu\u00e9 rutas tomemos, podemos cubrir distancias de entre 40 y 60 millas. Para los que gustan de las traves\u00edas cortas recomendamos las Islas V\u00edrgenes Brit\u00e1nicas, donde el turismo de Alquiler de barcos ha nacido. Y un aspecto que hay que tener en cuenta cuando nos acercamos a puerto: en el balizamiento no se usa el sistema europeo sino el norteamericano, seg\u00fan el cual entrando de mar a tierra tenemos rojo a estribor y verde a babor. Es f\u00e1cil de recordarlo para los equipos de ch\u00e1rter: con la frase de las tres erres \u201cred right returning\u201c.<\/p>\n<p>&nbsp;<\/p>\n<h2><strong>Yates de alquiler Caribe:<br \/>\n<\/strong><\/h2>\n<p><strong>Existen importantes flotas ch\u00e1rter de yates con veleros,\u00a0 catamaranes y motoras para ch\u00e1rter sin tripulaci\u00f3n en Caribe que no figuran en nuestro Yachtfinder. Solicite ofertas. Y, por supuesto, estaremos encantados de enviarle ofertas para los yates de alquiler de lujo m\u00e1s bellos con tripulaci\u00f3n en esta \u00e1rea tambi\u00e9n<\/strong>.<\/p>\n<h2><strong>Ch\u00e1rter de yates de lujo Caribe: Islas Virgenes, Islas de Sotavento &amp; Barlovento, Grenadinas, Cuba<\/strong><\/h2>\n<p><strong><a href=\"https:\/\/yachtcharter-connection.com\/wp-content\/uploads\/2015\/08\/Caribbean-Luxury-yachts.jpg\"><img loading=\"lazy\" class=\"alignleft size-full wp-image-25485\" src=\"https:\/\/yachtcharter-connection.com\/wp-content\/uploads\/2015\/08\/Caribbean-Luxury-yachts.jpg\" alt=\"Alquiler yates de lujo Caribe\" width=\"500\" height=\"375\" srcset=\"https:\/\/yachtcharter-connection.com\/wp-content\/uploads\/2015\/08\/Caribbean-Luxury-yachts.jpg 500w, https:\/\/yachtcharter-connection.com\/wp-content\/uploads\/2015\/08\/Caribbean-Luxury-yachts-300x225.jpg 300w\" sizes=\"(max-width: 500px) 100vw, 500px\" \/><\/a>El mar Caribe tambi\u00e9n es un destino muy popular para las vacaciones charter a bordo de yates de lujo, superyates o catamaranes con tripulaci\u00f3n. Aqu\u00ed puede encontrar m\u00e1s <a href=\"https:\/\/yachtcharter-connection.com\/es\/yates-de-lujo\/\" target=\"_blank\" rel=\"noopener\">informaci\u00f3n sobre charters de yates de lujo<\/a>. Estaremos encantados de organizar su charter de yate de lujo en Caribe &#8211; \u00a1por favor, preg\u00fantenos por ofertas!<\/strong><\/p>\n<p><strong><a href=\"https:\/\/yachtcharter-connection.com\/es\/yates-de-motor-de-lujo-en-el-caribe\/\">Yates de Motor de Lujo en el Caribe<\/a><\/strong><\/p>\n<p><strong><a href=\"https:\/\/yachtcharter-connection.com\/es\/catamaranes-lujosos-con-tripulacion-en-el-caribe\/\">Catamaranes lujosos con Tripulaci\u00f3n en el Caribe<\/a><\/strong><\/p>\n<p>&nbsp;<\/p>\n<table class=\"RegionsAndSubregions\" style=\"border-collapse: collapse;\" border=\"0\" cellspacing=\"0\">\n<tbody>\n<tr>\n<td>\n<div class=\"SubregionRepeaterTitle\">\n<h2>Caribe<\/h2>\n<\/div>\n<div class=\"SmallLinks\">\n<ul>\n<li><a class=\"SmallLinks\" title=\"\" href=\"https:\/\/yachtcharter-connection.com\/alquiler-barcos-central-america\"> Central-America <\/a><\/li>\n<li><a class=\"SmallLinks\" title=\"\" href=\"https:\/\/yachtcharter-connection.com\/alquiler-barcos-cuba-cayo-largo\"> Cuba &#8211; Cayo Largo <\/a><\/li>\n<li><a class=\"SmallLinks\" title=\"\" href=\"https:\/\/yachtcharter-connection.com\/alquiler-barcos-leewards-y-windwards\"> Leewards y Windwards <\/a><\/li>\n<\/ul>\n<\/div>\n<\/td>\n<\/tr>\n<\/tbody>\n<\/table>\n","protected":false},"excerpt":{"rendered":"<p>Alquiler de barcos Caribe &nbsp; &nbsp; Alquiler de barcos Caribe &#8211; Nos encontramos en una de las \u00e1reas de navegaci\u00f3n y Alquiler de barcos por excelencia, una de las primeras zonas en las que realmente se ha concentrado el turismo de Alquiler de barcos y que adem\u00e1s es tambi\u00e9n muy<\/p>\n","protected":false},"author":11,"featured_media":0,"parent":183,"menu_order":0,"comment_status":"open","ping_status":"open","template":"","meta":[],"aioseo_notices":[],"_links":{"self":[{"href":"https:\/\/yachtcharter-connection.com\/es\/wp-json\/wp\/v2\/pages\/515"}],"collection":[{"href":"https:\/\/yachtcharter-connection.com\/es\/wp-json\/wp\/v2\/pages"}],"about":[{"href":"https:\/\/yachtcharter-connection.com\/es\/wp-json\/wp\/v2\/types\/page"}],"author":[{"embeddable":true,"href":"https:\/\/yachtcharter-connection.com\/es\/wp-json\/wp\/v2\/users\/11"}],"replies":[{"embeddable":true,"href":"https:\/\/yachtcharter-connection.com\/es\/wp-json\/wp\/v2\/comments?post=515"}],"version-history":[{"count":7,"href":"https:\/\/yachtcharter-connection.com\/es\/wp-json\/wp\/v2\/pages\/515\/revisions"}],"predecessor-version":[{"id":31279,"href":"https:\/\/yachtcharter-connection.com\/es\/wp-json\/wp\/v2\/pages\/515\/revisions\/31279"}],"up":[{"embeddable":true,"href":"https:\/\/yachtcharter-connection.com\/es\/wp-json\/wp\/v2\/pages\/183"}],"wp:attachment":[{"href":"https:\/\/yachtcharter-connection.com\/es\/wp-json\/wp\/v2\/media?parent=515"}],"curies":[{"name":"wp","href":"https:\/\/api.w.org\/{rel}","templated":true}]}}