{"id":516,"date":"2015-08-10T05:53:34","date_gmt":"2015-08-10T05:53:34","guid":{"rendered":"http:\/\/yachtcharter-connection.com.w01e47c6.kasserver.com\/mediterraneo\/"},"modified":"2018-11-29T17:46:19","modified_gmt":"2018-11-29T15:46:19","slug":"mediterraneo","status":"publish","type":"page","link":"https:\/\/yachtcharter-connection.com\/es\/regiones\/mediterraneo\/","title":{"rendered":"Mediterr\u00e1neo"},"content":{"rendered":"<h1><strong>Alquiler de barcos Mediterr\u00e1neo<\/strong><\/h1>\n<p><img loading=\"lazy\" class=\"content-image\" src=\"https:\/\/yachtcharter-connection.com\/wp-content\/uploads\/converted_files\/19005\/19005-5624a068b4214.jpg\" alt=\"navegar el mediterr\u00e1neo\" width=\"300\" height=\"200\" \/>Hace milenios, los romanos llamaron el mediterr\u00e1neo &#8220;Mare Nostrum&#8221; &#8211; nuestro mar. Hoy, el mediterr\u00e1eno es una de las destinaciones m\u00e1s preferidas para Alquiler de barcos y los navegantes de todo el mundo. Much\u00edsimas bases de Alquiler de barcos en el Mediterr\u00e1neo, los millares de yates de ch\u00e1rter, veleros, yates de motor y los yates de lujo con el equipo, est\u00e1n esperando a los que quieran pasar sus vacaciones en ch\u00e1rter en el mar mediterr\u00e1neo. Pueden explorar costas hermosas y las islas numerosas, las culturas y los pa\u00edses fascinantes, las bah\u00edas y las playas de ensue\u00f1o, los vilajes y ciudades pintorescas &#8211; pueden encontrar a gente amistosa o disfrutar de la calma fondeando en las bah\u00edas tranquilas del Mediterr\u00e1neo.<\/p>\n<p><img loading=\"lazy\" class=\"content-image\" src=\"https:\/\/yachtcharter-connection.com\/wp-content\/uploads\/converted_files\/19005\/19005-5624a069efb5e.jpg\" alt=\"\" width=\"300\" height=\"200\" \/>Planeando sus pr\u00f3ximas vacaciones en ch\u00e1rter usted tiene la opci\u00f3n entre muchas bases de Alquiler de barcos en el Mediterr\u00e1neo en <a href=\"https:\/\/yachtcharter-connection.com\/es\/paises\/alquiler-barcos-turquia\/\" target=\"_blank\" rel=\"noopener\">Turqu\u00eda<\/a>, <a href=\"https:\/\/yachtcharter-connection.com\/es\/paises\/alquiler-barcos-grecia\/\" target=\"_blank\" rel=\"noopener\">Grecia<\/a>, <a href=\"https:\/\/yachtcharter-connection.com\/es\/paises\/alquiler-barcos-croacia\/\" target=\"_blank\" rel=\"noopener\">Croacia<\/a>, <a href=\"https:\/\/yachtcharter-connection.com\/es\/paises\/alquiler-barcos-eslovenia\/\" target=\"_blank\" rel=\"noopener\">Eslovenia<\/a>, <a href=\"https:\/\/yachtcharter-connection.com\/es\/paises\/alquiler-barcos-montenegro\/\" target=\"_blank\" rel=\"noopener\">Montenegro<\/a>, <a href=\"https:\/\/yachtcharter-connection.com\/es\/paises\/alquiler-barcos-italia\/\" target=\"_blank\" rel=\"noopener\">Italia<\/a>, <a href=\"https:\/\/yachtcharter-connection.com\/es\/paises\/alquiler-barcos-malta\/\" target=\"_blank\" rel=\"noopener\">Malta<\/a>, <a href=\"https:\/\/yachtcharter-connection.com\/es\/paises\/alquiler-barcos-francia\/\" target=\"_blank\" rel=\"noopener\">Francia<\/a> y por supuesto <a href=\"https:\/\/yachtcharter-connection.com\/es\/paises\/alquiler-barcos-espana\/\" target=\"_blank\" rel=\"noopener\">Espa\u00f1a<\/a>, en la Costa de la Pen\u00ednsula o en las <a href=\"https:\/\/yachtcharter-connection.com\/es\/regiones\/mediterraneo\/alquiler-barcos-baleares-mallorca-menorca-ibiza\/\" target=\"_blank\" rel=\"noopener\">Islas Baleares<\/a>. Usted encuentra mucha informaci\u00f3n detallada sobre los diversos pa\u00edses y Alquiler de barcos all\u00ed en las descripciones de los destinos \/ pa\u00edses &#8211; o puede mirar en las regiones de ch\u00e1rter de yates en el Mediterr\u00e1neo enumeradas abajo.<\/p>\n<p><strong><a href=\"https:\/\/yachtcharter-connection.com\/es\/alquiler-de-yates-de-motor-en-italia-y-francia\/\">Alquiler de Yates de Motor en Italia y Francia<\/a><\/strong><\/p>\n<p><a href=\"https:\/\/yachtcharter-connection.com\/es\/alquiler-de-yates-de-lujo-en-italia-napoles-sicilia\/\"><strong>Alquiler de Yates de Lujo en Italia \u2013 N\u00e1poles \/ Sicilia<\/strong><\/a><\/p>\n<p><strong><a href=\"https:\/\/yachtcharter-connection.com\/es\/alquiler-de-yates-de-motor-croacia\/\">Alquiler de Yates de Motor Croacia<\/a><\/strong><\/p>\n<p><strong><a href=\"https:\/\/yachtcharter-connection.com\/es\/yates-de-motor-en-grecia\/\">Yates de Motor en Grecia<\/a><\/strong><\/p>\n<p><strong><a href=\"https:\/\/yachtcharter-connection.com\/es\/catamaranes-con-tripulacion-en-grecia\/\">Catamaranes con Tripulaci\u00f3n en Grecia<\/a><\/strong><\/p>\n<p><strong><a href=\"https:\/\/yachtcharter-connection.com\/es\/goletas-y-veleros-de-motor-croacia\/\">Goletas y Veleros de Motor Croacia<\/a><\/strong><\/p>\n<p><strong><a href=\"https:\/\/yachtcharter-connection.com\/es\/goletas-y-veleros-a-motor-en-turquia\/\">Goletas y Veleros a Motor en Turqu\u00eda<\/a><\/strong><\/p>\n<p><strong><a href=\"https:\/\/yachtcharter-connection.com\/es\/yates-de-lujo-de-motor-en-turquia\/\">Yates de lujo de motor en Turqu\u00eda<\/a><\/strong><\/p>\n<p>&nbsp;<\/p>\n<table class=\"RegionsAndSubregions\" style=\"border-collapse: collapse;\" border=\"0\" cellspacing=\"0\">\n<tbody>\n<tr>\n<td>\n<div class=\"SubregionRepeaterTitle\">\n<h2>Mediterr\u00e1neo<\/h2>\n<\/div>\n<div class=\"SmallLinks\">\n<ul>\n<li><a class=\"SmallLinks\" title=\"\" href=\"https:\/\/yachtcharter-connection.com\/alquiler-barcos-adriatico-del-sud\"> Adri\u00e1tico \/ del sud <\/a><\/li>\n<li><a class=\"SmallLinks\" title=\"\" href=\"https:\/\/yachtcharter-connection.com\/alquiler-barcos-adriatico-norte\"> Adri\u00e1tico \/ Norte <\/a><\/li>\n<li><a class=\"SmallLinks\" title=\"\" href=\"https:\/\/yachtcharter-connection.com\/alquiler-barcos-andalucia-costa-del-sol\"> Andaluc\u00eda \/ Costa del Sol <\/a><\/li>\n<li><a class=\"SmallLinks\" title=\"\" href=\"https:\/\/yachtcharter-connection.com\/alquiler-barcos-baleares-mallorca-menorca-ibiza\"> Baleares (Mallorca &#8211; Menorca &#8211; Ibiza) <\/a><\/li>\n<li><a class=\"SmallLinks\" title=\"\" href=\"https:\/\/yachtcharter-connection.com\/alquiler-barcos-cerdena\"> Cerde\u00f1a <\/a><\/li>\n<li><a class=\"SmallLinks\" title=\"\" href=\"https:\/\/yachtcharter-connection.com\/alquiler-barcos-costa-azul-del-este\"> Costa Azul \/ del este <\/a><\/li>\n<li><a class=\"SmallLinks\" title=\"\" href=\"https:\/\/yachtcharter-connection.com\/alquiler-barcos-costa-azul-del-oeste\"> Costa Azul \/ del oeste <\/a><\/li>\n<li><a class=\"SmallLinks\" title=\"\" href=\"https:\/\/yachtcharter-connection.com\/alquiler-barcos-costa-espanola-barcelona\"> Costa Espa\u00f1ola &#8211; Barcelona <\/a><\/li>\n<li><a class=\"SmallLinks\" title=\"\" href=\"https:\/\/yachtcharter-connection.com\/alquiler-barcos-costa-turca\"> Costa Turca <\/a><\/li>\n<li><a class=\"SmallLinks\" title=\"\" href=\"https:\/\/yachtcharter-connection.com\/alquiler-barcos-egeo-cicladas\"> Egeo \/ C\u00edcladas <\/a><\/li>\n<li><a class=\"SmallLinks\" title=\"\" href=\"https:\/\/yachtcharter-connection.com\/alquiler-barcos-egeo-dodekanes\"> Egeo \/ Dodekanes <\/a><\/li>\n<li><a class=\"SmallLinks\" title=\"\" href=\"https:\/\/yachtcharter-connection.com\/alquiler-barcos-egeo-esporadas\"> Egeo \/ Esporadas <\/a><\/li>\n<li><a class=\"SmallLinks\" title=\"\" href=\"https:\/\/yachtcharter-connection.com\/alquiler-barcos-isla-chipre\"> Isla Chipre <\/a><\/li>\n<li><a class=\"SmallLinks\" title=\"\" href=\"https:\/\/yachtcharter-connection.com\/alquiler-barcos-jonico\"> J\u00f3nico <\/a><\/li>\n<li><a class=\"SmallLinks\" title=\"\" href=\"https:\/\/yachtcharter-connection.com\/alquiler-barcos-liguria-corcega-elba\"> Liguria &#8211; C\u00f3rcega &#8211; Elba <\/a><\/li>\n<li><a class=\"SmallLinks\" title=\"\" href=\"https:\/\/yachtcharter-connection.com\/alquiler-barcos-mar-adriatico-italiano\"> Mar Adri\u00e1tico Italiano <\/a><\/li>\n<li><a class=\"SmallLinks\" title=\"\" href=\"https:\/\/yachtcharter-connection.com\/alquiler-barcos-sicilia-eolicas-calabria\"> Sicilia -E\u00f3licas &#8211; Calabria <\/a><\/li>\n<li><a class=\"SmallLinks\" title=\"\" href=\"https:\/\/yachtcharter-connection.com\/alquiler-barcos-tirreno-centro-y-sur\"> Tirreno &#8211; centro y sur <\/a><\/li>\n<li><a class=\"SmallLinks\" title=\"\" href=\"https:\/\/yachtcharter-connection.com\/alquiler-barcos-tunez-costa\"> T\u00fanez Costa <\/a><\/li>\n<\/ul>\n<\/div>\n<\/td>\n<\/tr>\n<\/tbody>\n<\/table>\n","protected":false},"excerpt":{"rendered":"<p>Alquiler de barcos Mediterr\u00e1neo Hace milenios, los romanos llamaron el mediterr\u00e1neo &#8220;Mare Nostrum&#8221; &#8211; nuestro mar. Hoy, el mediterr\u00e1eno es una de las destinaciones m\u00e1s preferidas para Alquiler de barcos y los navegantes de todo el mundo. Much\u00edsimas bases de Alquiler de barcos en el Mediterr\u00e1neo, los millares de yates<\/p>\n","protected":false},"author":11,"featured_media":0,"parent":183,"menu_order":0,"comment_status":"open","ping_status":"open","template":"","meta":[],"aioseo_notices":[],"_links":{"self":[{"href":"https:\/\/yachtcharter-connection.com\/es\/wp-json\/wp\/v2\/pages\/516"}],"collection":[{"href":"https:\/\/yachtcharter-connection.com\/es\/wp-json\/wp\/v2\/pages"}],"about":[{"href":"https:\/\/yachtcharter-connection.com\/es\/wp-json\/wp\/v2\/types\/page"}],"author":[{"embeddable":true,"href":"https:\/\/yachtcharter-connection.com\/es\/wp-json\/wp\/v2\/users\/11"}],"replies":[{"embeddable":true,"href":"https:\/\/yachtcharter-connection.com\/es\/wp-json\/wp\/v2\/comments?post=516"}],"version-history":[{"count":4,"href":"https:\/\/yachtcharter-connection.com\/es\/wp-json\/wp\/v2\/pages\/516\/revisions"}],"predecessor-version":[{"id":26924,"href":"https:\/\/yachtcharter-connection.com\/es\/wp-json\/wp\/v2\/pages\/516\/revisions\/26924"}],"up":[{"embeddable":true,"href":"https:\/\/yachtcharter-connection.com\/es\/wp-json\/wp\/v2\/pages\/183"}],"wp:attachment":[{"href":"https:\/\/yachtcharter-connection.com\/es\/wp-json\/wp\/v2\/media?parent=516"}],"curies":[{"name":"wp","href":"https:\/\/api.w.org\/{rel}","templated":true}]}}