{"id":517,"date":"2015-08-10T05:53:34","date_gmt":"2015-08-10T05:53:34","guid":{"rendered":"http:\/\/yachtcharter-connection.com.w01e47c6.kasserver.com\/atlantico-africa-occidental\/"},"modified":"2017-07-11T00:25:28","modified_gmt":"2017-07-10T22:25:28","slug":"atlantico-africa-occidental","status":"publish","type":"page","link":"https:\/\/yachtcharter-connection.com\/es\/regiones\/atlantico-africa-occidental\/","title":{"rendered":"Atl\u00e1ntico (\u00c1frica Occidental)"},"content":{"rendered":"<h3>Alquiler de barcos Atl\u00e1ntico (\u00c1frica Occidental)<\/h3>\n<p>\n<img loading=\"lazy\" class=\"content-image\"  height=\"226\" width=\"300\" alt=\"\" src=\"https:\/\/yachtcharter-connection.com\/wp-content\/uploads\/converted_files\/19006\/19006-5624a07672bff.jpg\" \/>Las \u00e1reas de la navegaci\u00f3n en el Oc\u00e9ano atl\u00e1ntico que est\u00e1n situados al oeste de \u00c1frica son totalmente diferentes pero interesantes para navegantes a quienes les gusta navegar distancias m\u00e1s largas y que prefieren los vientos m\u00e1s fuertes: Hay varias bases del Alquiler de barcos en las islas <a target=\"_blank\" href=\"~\/atlantico_africa_occidental\/Alquiler_barcos_canarias.html\">Canarias <\/a> donde la gente encuentra alrededores tur\u00edsticos perfectos. El turismo del Alquiler de barcos en <a target=\"_blank\" href=\"~\/atlantico_africa_occidental\/Alquiler_barcos_cape_verdean_islands.html\">Cabo Verde<\/a> s\u00f3lo crece lentamente. Los que quieren explorar destinaciones a estrenar van a admirar la naturaleza cambiando entre las \u00e1reas del desierto, las monta\u00f1as rojas y los valles verdes. Los yates de ch\u00e1rter se pueden encontrar en las <a target=\"_blank\" href=\"~\/Alquiler_barcos_portugal\/azores_isla_del_pico.html\">Azores<\/a> tambi\u00e9n. Como el cuarto archipi\u00e9lago de esta \u00e1rea, Madeira (v\u00e9ase la foto), famosa por sus flores, todas estas islas est\u00e1n de origen volc\u00e1nico.<\/p>\n<table  class=\"RegionsAndSubregions\" cellspacing=\"0\" border=\"0\" style=\"border-collapse:collapse;\">\n<tbody>\n<tr>\n<td>\n<div class=\"SubregionRepeaterTitle\">\n<h2> Atl\u00e1ntico (\u00c1frica Occidental) <\/h2>\n<\/div>\n<div class=\"SmallLinks\">\n<ul>\n<li><a class=\"SmallLinks\" href=\"https:\/\/yachtcharter-connection.com\/alquiler-barcos-canarias\" title=\"\"> Canarias <\/a><\/li>\n<li><a class=\"SmallLinks\" href=\"https:\/\/yachtcharter-connection.com\/alquiler-barcos-cape-verdean-islands\" title=\"\"> Cape Verdean Islands <\/a><\/li>\n<\/ul>\n<\/div>\n<\/td>\n<\/tr>\n<\/tbody>\n<\/table>\n","protected":false},"excerpt":{"rendered":"<p>Alquiler de barcos Atl\u00e1ntico (\u00c1frica Occidental) Las \u00e1reas de la navegaci\u00f3n en el Oc\u00e9ano atl\u00e1ntico que est\u00e1n situados al oeste de \u00c1frica son totalmente diferentes pero interesantes para navegantes a quienes les gusta navegar distancias m\u00e1s largas y que prefieren los vientos m\u00e1s fuertes: Hay varias bases del Alquiler de<\/p>\n","protected":false},"author":11,"featured_media":0,"parent":183,"menu_order":0,"comment_status":"open","ping_status":"open","template":"","meta":[],"aioseo_notices":[],"_links":{"self":[{"href":"https:\/\/yachtcharter-connection.com\/es\/wp-json\/wp\/v2\/pages\/517"}],"collection":[{"href":"https:\/\/yachtcharter-connection.com\/es\/wp-json\/wp\/v2\/pages"}],"about":[{"href":"https:\/\/yachtcharter-connection.com\/es\/wp-json\/wp\/v2\/types\/page"}],"author":[{"embeddable":true,"href":"https:\/\/yachtcharter-connection.com\/es\/wp-json\/wp\/v2\/users\/11"}],"replies":[{"embeddable":true,"href":"https:\/\/yachtcharter-connection.com\/es\/wp-json\/wp\/v2\/comments?post=517"}],"version-history":[{"count":1,"href":"https:\/\/yachtcharter-connection.com\/es\/wp-json\/wp\/v2\/pages\/517\/revisions"}],"predecessor-version":[{"id":12204,"href":"https:\/\/yachtcharter-connection.com\/es\/wp-json\/wp\/v2\/pages\/517\/revisions\/12204"}],"up":[{"embeddable":true,"href":"https:\/\/yachtcharter-connection.com\/es\/wp-json\/wp\/v2\/pages\/183"}],"wp:attachment":[{"href":"https:\/\/yachtcharter-connection.com\/es\/wp-json\/wp\/v2\/media?parent=517"}],"curies":[{"name":"wp","href":"https:\/\/api.w.org\/{rel}","templated":true}]}}