{"id":520,"date":"2015-08-10T05:53:34","date_gmt":"2015-08-10T05:53:34","guid":{"rendered":"http:\/\/yachtcharter-connection.com.w01e47c6.kasserver.com\/mar-baltico\/"},"modified":"2017-07-11T00:20:39","modified_gmt":"2017-07-10T22:20:39","slug":"mar-baltico","status":"publish","type":"page","link":"https:\/\/yachtcharter-connection.com\/es\/regiones\/mar-baltico\/","title":{"rendered":"Mar B\u00e1ltico"},"content":{"rendered":"<h3>Alquiler de barcos Mar B\u00e1ltico<\/h3>\n<p>\n<img loading=\"lazy\" class=\"content-image\"  width=\"300\" height=\"225\" src=\"https:\/\/yachtcharter-connection.com\/wp-content\/uploads\/converted_files\/19009\/19009-5624a07e5c4c0.jpg\" alt=\"Mar B\u00e1ltico\" \/><br \/>\nEl mar B\u00e1ltico es una regi\u00f3n muy popular para Alquiler de barcos &#8211; especialmente para los alemanes y los escandinavos : Desde la apertura del Este esta zona de Alquiler de barcos ha crecido considerablemente: los navegantes en elmar B\u00e1ltico pueden explorar ahora casi m\u00e1s de 400.000 kil\u00f3metros cuadrados de este agua interior, que tiene un m\u00e1ximo de 460 metros de profundidad. Acerca de los estrechos daneses y el Kattegat es el Skagerarrak, la transici\u00f3n hacia el Mar del Norte o al Oc\u00e9ano Atl\u00e1ntico. Biol\u00f3gicamente, el Kattegat, sin embargo, ya no pertenece al  mar B\u00e1ltico &#8211; esto es relativamente pobre en ox\u00edgeno y  de especies, y menos salada.<\/p>\n<p>Diez estados est\u00e1n en los bancos de la Carta de esta regi\u00f3n de Alquiler de barcos: Alemania, Dinamarca, Suecia, Finlandia, Rusia, los Estados B\u00e1lticos de Estonia, Letonia y Lituania, y Polonia. El fiordo de Flensburg, con la ciudad de Flensburg, es el punto m\u00e1s occidental del mar B\u00e1ltico &#8211; el punto m\u00e1s al norte est\u00e1 en el Golfo de Botnia en la frontera sueco-finlandesa. San Petersburgo de Rusia en el Golfo de Finlandia marca el punto m\u00e1s oriental &#8211; y el punto m\u00e1s al sur se encuentra cerca de Stettin, en el Mar B\u00e1ltico, la Laguna de Szczecin.<\/p>\n<p>La mayor\u00eda de los equipos que viajan en ch\u00e1rter toman sus yates a las bases de Alquiler de barcos en los \u00e1mbitos de ch\u00e1rter m\u00e1s cl\u00e1sicos: Los dem\u00e1s de las ofertas de Alquiler de barcos hay en el <a href=\"~\/mar_baltico\/Alquiler_barcos_baltico_del_sudoeste.html\">Mar B\u00e1ltico alem\u00e1n<\/a>. Pero tambi\u00e9n en las bases de Alquiler de barcos en la regi\u00f3n del <a href=\"~\/mar_baltico\/Alquiler_barcos_baltico_del_noreste.html\">este de Suecia \/ Finlandia<\/a> y del <a href=\"~\/mar_baltico\/Alquiler_barcos_western_sweden_bohuslan.html\">Oeste de Suecia<\/a>, la zona de Bohuslan, hay una gran cantidad de yates de alquiler disponibles, algunas bases de Alquiler de barcos tambi\u00e9n hay en <a href=\"~\/Alquiler_barcos_dinamarca.html\">Dinamarca<\/a>.<\/p>\n<p>Los viajes en ch\u00e1rter en el mar B\u00e1ltico, sin embargo, suelen ser muy internacional: Muchas tripulaciones toman su yate en el Sur del Mar B\u00e1ltico para navegar al &quot;Mar del Sur&quot; dan\u00e9s. De las bases de Alquiler de barcos m\u00e1s orientales de Alemania se puede navegar a las costas del Sur de Suecia o a Polonia.  Muchos yates de ch\u00e1rter cruzan tambi\u00e9n la frontera entre Finlandia y Suecia a trav\u00e9s de \u00c5land.<\/p>\n<p>Hay destinos de ch\u00e1rter de veleros tambi\u00e9n en los Estados b\u00e1lticos de Estonia y Lituania: en Estonia, hay una base de alquiler de barcos en Tallinn. La costa de Estonia est\u00e1 a unos 250 milas n\u00e1uticas de largo &#8211; debido a algunas islas, se trata de una zona de navegaci\u00f3n bastante protegido. En Lituania, el punto de partida para los cruceros de alquiler de yates es Klaipeda.<\/p>\n<table  class=\"RegionsAndSubregions\" cellspacing=\"0\" border=\"0\" style=\"border-collapse:collapse;\">\n<tbody>\n<tr>\n<td>\n<div class=\"SubregionRepeaterTitle\">\n<h2> Mar B\u00e1ltico <\/h2>\n<\/div>\n<div class=\"SmallLinks\">\n<ul>\n<li><a class=\"SmallLinks\" href=\"https:\/\/yachtcharter-connection.com\/alquiler-barcos-bahia-de-gda%c5%84sk-lituania\" title=\"\"> Bah\u00eda de Gda\u0144sk \/ Lituania <\/a><\/li>\n<li><a class=\"SmallLinks\" href=\"https:\/\/yachtcharter-connection.com\/alquiler-barcos-baltico-del-sudoeste\" title=\"\"> B\u00e1ltico \/ del sudoeste <\/a><\/li>\n<li><a class=\"SmallLinks\" href=\"https:\/\/yachtcharter-connection.com\/alquiler-barcos-baltico-del-noreste\" title=\"\"> B\u00e1ltico del noreste <\/a><\/li>\n<li><a class=\"SmallLinks\" href=\"https:\/\/yachtcharter-connection.com\/alquiler-barcos-western-sweden-bohuslan\" title=\"\"> Western Sweden \/ Bohuslan <\/a><\/li>\n<\/ul>\n<\/div>\n<\/td>\n<\/tr>\n<\/tbody>\n<\/table>\n","protected":false},"excerpt":{"rendered":"<p>Alquiler de barcos Mar B\u00e1ltico El mar B\u00e1ltico es una regi\u00f3n muy popular para Alquiler de barcos &#8211; especialmente para los alemanes y los escandinavos : Desde la apertura del Este esta zona de Alquiler de barcos ha crecido considerablemente: los navegantes en elmar B\u00e1ltico pueden explorar ahora casi m\u00e1s<\/p>\n","protected":false},"author":11,"featured_media":0,"parent":183,"menu_order":0,"comment_status":"open","ping_status":"open","template":"","meta":[],"aioseo_notices":[],"_links":{"self":[{"href":"https:\/\/yachtcharter-connection.com\/es\/wp-json\/wp\/v2\/pages\/520"}],"collection":[{"href":"https:\/\/yachtcharter-connection.com\/es\/wp-json\/wp\/v2\/pages"}],"about":[{"href":"https:\/\/yachtcharter-connection.com\/es\/wp-json\/wp\/v2\/types\/page"}],"author":[{"embeddable":true,"href":"https:\/\/yachtcharter-connection.com\/es\/wp-json\/wp\/v2\/users\/11"}],"replies":[{"embeddable":true,"href":"https:\/\/yachtcharter-connection.com\/es\/wp-json\/wp\/v2\/comments?post=520"}],"version-history":[{"count":1,"href":"https:\/\/yachtcharter-connection.com\/es\/wp-json\/wp\/v2\/pages\/520\/revisions"}],"predecessor-version":[{"id":12208,"href":"https:\/\/yachtcharter-connection.com\/es\/wp-json\/wp\/v2\/pages\/520\/revisions\/12208"}],"up":[{"embeddable":true,"href":"https:\/\/yachtcharter-connection.com\/es\/wp-json\/wp\/v2\/pages\/183"}],"wp:attachment":[{"href":"https:\/\/yachtcharter-connection.com\/es\/wp-json\/wp\/v2\/media?parent=520"}],"curies":[{"name":"wp","href":"https:\/\/api.w.org\/{rel}","templated":true}]}}