{"id":523,"date":"2015-08-10T05:53:34","date_gmt":"2015-08-10T05:53:34","guid":{"rendered":"http:\/\/yachtcharter-connection.com.w01e47c6.kasserver.com\/aguas-interiores\/"},"modified":"2017-07-11T00:15:39","modified_gmt":"2017-07-10T22:15:39","slug":"aguas-interiores","status":"publish","type":"page","link":"https:\/\/yachtcharter-connection.com\/es\/regiones\/aguas-interiores\/","title":{"rendered":"Aguas Interiores"},"content":{"rendered":"<h3>Alquiler de barcos Aguas costeras \/ Aguas continentales <\/h3>\n<p>\n<img loading=\"lazy\" class=\"content-image\"  height=\"200\" width=\"300\" src=\"https:\/\/yachtcharter-connection.com\/wp-content\/uploads\/converted_files\/19012\/19012-5624a08697a77.jpg\" alt=\"Ch\u00e1rter en Aguas Continentales\" \/>Las aguas costeras y continentales tienen sus propios encantos muy especiales: exploraci\u00f3n de paisajes hermosos en viaje de ch\u00e1rter, con un velero o en la casa flotante, navegar en lagos y rios, familiariz\u00e1ndose con el pa\u00eds y la gente &#8211; y todo eso en muchas regiones emocionantes. <\/p>\n<p>Algunas aguas continentales son bastante grandes para que el marinero cubra distancias m\u00e1s largas y experimente una oc\u00e9ano-sensaci\u00f3n verdadera: por ejemplo el Ijsselmeer y el Zealand en los Pa\u00edses Bajos o el Lago de Constanza con las orillas de Alemania, Austria y Suiza.. La diversi\u00f3n de la navegaci\u00f3n, no obstante con distancias m\u00e1s cortas, ofrece otros lagos como el Chiemsee, el Ammersee y el lago Starnberg en Alemania meridional o el lago M\u00fcritz en el districto de lagos Mecklenburg al este de Alemania. Los lagos de Como y Garda en Italia enga\u00f1an con el pizzazz italiano y dolce vita, en Austria en el lago Neusiedel el agua tibia, los veranos secos, los vinos de este regi\u00f3n Burgenland y la vecindad de la Puszta de Hungr\u00eda est\u00e1n tentando. Los lagos de Polanda &ndash; Masuren &#8211; ofrecen porciones de la naturaleza nunca degradado, el lago Balaton en Hungr\u00eda por una parte, infraestructura pura del turismo. En casas flotantes usted puede navegar sin prisa en el Havelland de Berl\u00edn o explorar la Alsacia-Lorena que comienza en Lutzeburg, desde Nieuwpoort se puede viajar a trav\u00e9s de la B\u00e9lgica de Flandes. En Francia se puede descubrir Borgo\u00f1a y Loire Valley, tan bien como Charente, Garona y Aquitaine.  Muy interesante : el Shannon-Erne-Canal en el noreste de Irlanda de Ballinamore. <\/p>\n<p>Si usted est\u00e1 en busca de un yate de ch\u00e1rter en las aguas continentales (para los amigos de la tradici\u00f3n cl\u00e1sica debe ser mencionado que tambi\u00e9n hay compa\u00f1\u00edas de ch\u00e1rter que se especializan en los barcos de madera): No dude en contactarnos!<\/p>\n<p><\/p>\n<table  class=\"RegionsAndSubregions\" cellspacing=\"0\" border=\"0\" style=\"border-collapse:collapse;\">\n<tbody>\n<tr>\n<td>\n<div class=\"SubregionRepeaterTitle\">\n<h2> Aguas Interiores <\/h2>\n<\/div>\n<div class=\"SmallLinks\">\n<ul>\n<li><a class=\"SmallLinks\" href=\"https:\/\/yachtcharter-connection.com\/alquiler-barcos-alsace-lorraine\" title=\"\"> Alsace &#8211; Lorraine <\/a><\/li>\n<li><a class=\"SmallLinks\" href=\"https:\/\/yachtcharter-connection.com\/alquiler-barcos-balaton\" title=\"\"> Balaton <\/a><\/li>\n<li><a class=\"SmallLinks\" href=\"https:\/\/yachtcharter-connection.com\/alquiler-barcos-belgium-flanders\" title=\"\"> Belgium \/ Flanders <\/a><\/li>\n<li><a class=\"SmallLinks\" href=\"https:\/\/yachtcharter-connection.com\/alquiler-barcos-belgium-wallonia\" title=\"\"> Belgium \/ Wallonia <\/a><\/li>\n<li><a class=\"SmallLinks\" href=\"https:\/\/yachtcharter-connection.com\/alquiler-barcos-bourgogne\" title=\"\"> Bourgogne <\/a><\/li>\n<li><a class=\"SmallLinks\" href=\"https:\/\/yachtcharter-connection.com\/alquiler-barcos-centre-ile-de-france\" title=\"\"> Centre &#8211; Ile de France <\/a><\/li>\n<li><a class=\"SmallLinks\" href=\"https:\/\/yachtcharter-connection.com\/alquiler-barcos-charente-aquitaine-midi\" title=\"\"> Charente &#8211; Aquitaine &#8211; Midi <\/a><\/li>\n<li><a class=\"SmallLinks\" href=\"https:\/\/yachtcharter-connection.com\/alquiler-barcos-chiemsee\" title=\"\"> Chiemsee <\/a><\/li>\n<li><a class=\"SmallLinks\" href=\"https:\/\/yachtcharter-connection.com\/alquiler-barcos-finland-mikkeli\" title=\"\"> Finland \/ Mikkeli <\/a><\/li>\n<li><a class=\"SmallLinks\" href=\"https:\/\/yachtcharter-connection.com\/alquiler-barcos-finland-saimaa-lake-district\" title=\"\"> Finland \/ Saimaa Lake District <\/a><\/li>\n<li><a class=\"SmallLinks\" href=\"https:\/\/yachtcharter-connection.com\/alquiler-barcos-great-britain-highlands\" title=\"\"> Great Britain \/ Highlands <\/a><\/li>\n<li><a class=\"SmallLinks\" href=\"https:\/\/yachtcharter-connection.com\/alquiler-barcos-great-britain-themse\" title=\"\"> Great Britain \/ Themse <\/a><\/li>\n<li><a class=\"SmallLinks\" href=\"https:\/\/yachtcharter-connection.com\/alquiler-barcos-havelland-berlin\" title=\"\"> Havelland &#8211; Berlin <\/a><\/li>\n<li><a class=\"SmallLinks\" href=\"https:\/\/yachtcharter-connection.com\/alquiler-barcos-holanda-friesland-oeste\" title=\"\"> Holanda \/ Friesland <\/a><\/li>\n<li><a class=\"SmallLinks\" href=\"https:\/\/yachtcharter-connection.com\/alquiler-barcos-holanda-haarlemmermeer\" title=\"\"> Holanda \/ Haarlemmermeer <\/a><\/li>\n<li><a class=\"SmallLinks\" href=\"https:\/\/yachtcharter-connection.com\/alquiler-barcos-holanda-ijsselmeer\" title=\"\"> Holanda \/ Ijsselmeer <\/a><\/li>\n<li><a class=\"SmallLinks\" href=\"https:\/\/yachtcharter-connection.com\/alquiler-barcos-holanda-ijsselmeer-markermeer\" title=\"\"> Holanda \/ Ijsselmeer (Markermeer) <\/a><\/li>\n<li><a class=\"SmallLinks\" href=\"https:\/\/yachtcharter-connection.com\/alquiler-barcos-holanda-lauwersmeer\" title=\"\"> Holanda \/ Lauwersmeer <\/a><\/li>\n<li><a class=\"SmallLinks\" href=\"https:\/\/yachtcharter-connection.com\/alquiler-barcos-holland-seeland\" title=\"\"> Holanda \/ Seeland <\/a><\/li>\n<li><a class=\"SmallLinks\" href=\"https:\/\/yachtcharter-connection.com\/alquiler-barcos-holland-loosdrechtsche-plassen\" title=\"\"> Holland \/ Loosdrechtsche Plassen <\/a><\/li>\n<li><a class=\"SmallLinks\" href=\"https:\/\/yachtcharter-connection.com\/alquiler-barcos-holland-sneekermeer\" title=\"\"> Holland \/ Sneekermeer <\/a><\/li>\n<li><a class=\"SmallLinks\" href=\"https:\/\/yachtcharter-connection.com\/alquiler-barcos-ireland-erne\" title=\"\"> Ireland \/ Erne <\/a><\/li>\n<li><a class=\"SmallLinks\" href=\"https:\/\/yachtcharter-connection.com\/alquiler-barcos-ireland-shannon\" title=\"\"> Ireland \/ Shannon <\/a><\/li>\n<li><a class=\"SmallLinks\" href=\"https:\/\/yachtcharter-connection.com\/alquiler-barcos-lago-de-constanza\" title=\"\"> Lago de Constanza <\/a><\/li>\n<li><a class=\"SmallLinks\" href=\"https:\/\/yachtcharter-connection.com\/alquiler-barcos-lago-di-como\" title=\"\"> Lago di Como <\/a><\/li>\n<li><a class=\"SmallLinks\" href=\"https:\/\/yachtcharter-connection.com\/alquiler-barcos-lago-di-garda\" title=\"\"> Lago di Garda <\/a><\/li>\n<li><a class=\"SmallLinks\" href=\"https:\/\/yachtcharter-connection.com\/alquiler-barcos-lago-di-neusiedel\" title=\"\"> Lago di Neusiedel <\/a><\/li>\n<li><a class=\"SmallLinks\" href=\"https:\/\/yachtcharter-connection.com\/alquiler-barcos-mazurian-lake-district\" title=\"\"> Mazurian Lake District <\/a><\/li>\n<li><a class=\"SmallLinks\" href=\"https:\/\/yachtcharter-connection.com\/alquiler-barcos-mecklenburgische-seenplatte-brandenburgo\" title=\"\"> Mecklenburgische Seenplatte \/ Brandenburgo <\/a><\/li>\n<li><a class=\"SmallLinks\" href=\"https:\/\/yachtcharter-connection.com\/alquiler-barcos-moscuy-alrededores\" title=\"\"> Mosc\u00fay alrededores <\/a><\/li>\n<li><a class=\"SmallLinks\" href=\"https:\/\/yachtcharter-connection.com\/alquiler-barcos-neckar\" title=\"\"> Neckar <\/a><\/li>\n<li><a class=\"SmallLinks\" href=\"https:\/\/yachtcharter-connection.com\/alquiler-barcos-north-baltic-sea-channel\" title=\"\"> North-Baltic-Sea-Channel <\/a><\/li>\n<li><a class=\"SmallLinks\" href=\"https:\/\/yachtcharter-connection.com\/alquiler-barcos-portugal-rio-duero\" title=\"\"> Portugal \/ Rio Duero <\/a><\/li>\n<li><a class=\"SmallLinks\" href=\"https:\/\/yachtcharter-connection.com\/alquiler-barcos-republica-checa-elba-y-moldava\" title=\"\"> Rep\u00fablica Checa (Elba y Moldava) <\/a><\/li>\n<li><a class=\"SmallLinks\" href=\"https:\/\/yachtcharter-connection.com\/alquiler-barcos-saarland\" title=\"\"> Saar \/ Mosel <\/a><\/li>\n<\/ul>\n<\/div>\n<\/td>\n<\/tr>\n<\/tbody>\n<\/table>\n","protected":false},"excerpt":{"rendered":"<p>Alquiler de barcos Aguas costeras \/ Aguas continentales Las aguas costeras y continentales tienen sus propios encantos muy especiales: exploraci\u00f3n de paisajes hermosos en viaje de ch\u00e1rter, con un velero o en la casa flotante, navegar en lagos y rios, familiariz\u00e1ndose con el pa\u00eds y la gente &#8211; y todo<\/p>\n","protected":false},"author":11,"featured_media":0,"parent":183,"menu_order":0,"comment_status":"open","ping_status":"open","template":"","meta":[],"aioseo_notices":[],"_links":{"self":[{"href":"https:\/\/yachtcharter-connection.com\/es\/wp-json\/wp\/v2\/pages\/523"}],"collection":[{"href":"https:\/\/yachtcharter-connection.com\/es\/wp-json\/wp\/v2\/pages"}],"about":[{"href":"https:\/\/yachtcharter-connection.com\/es\/wp-json\/wp\/v2\/types\/page"}],"author":[{"embeddable":true,"href":"https:\/\/yachtcharter-connection.com\/es\/wp-json\/wp\/v2\/users\/11"}],"replies":[{"embeddable":true,"href":"https:\/\/yachtcharter-connection.com\/es\/wp-json\/wp\/v2\/comments?post=523"}],"version-history":[{"count":1,"href":"https:\/\/yachtcharter-connection.com\/es\/wp-json\/wp\/v2\/pages\/523\/revisions"}],"predecessor-version":[{"id":12215,"href":"https:\/\/yachtcharter-connection.com\/es\/wp-json\/wp\/v2\/pages\/523\/revisions\/12215"}],"up":[{"embeddable":true,"href":"https:\/\/yachtcharter-connection.com\/es\/wp-json\/wp\/v2\/pages\/183"}],"wp:attachment":[{"href":"https:\/\/yachtcharter-connection.com\/es\/wp-json\/wp\/v2\/media?parent=523"}],"curies":[{"name":"wp","href":"https:\/\/api.w.org\/{rel}","templated":true}]}}