{"id":527,"date":"2011-03-17T13:37:41","date_gmt":"2011-03-17T13:37:41","guid":{"rendered":"http:\/\/yachtcharter-connection.com.w01e47c6.kasserver.com\/eeuu-nordeste\/"},"modified":"2016-10-29T19:06:58","modified_gmt":"2016-10-29T17:06:58","slug":"eeuu-nordeste","status":"publish","type":"page","link":"https:\/\/yachtcharter-connection.com\/es\/regiones\/eeuu-nordeste\/","title":{"rendered":"EEUU-Nordeste"},"content":{"rendered":"<h3>Alquiler de barcos Estados Unidos &#8211; Costa del Este<\/h3>\n<p>\n<img loading=\"lazy\" class=\"content-image\"  width=\"300\" height=\"200\" alt=\"Navegar_Estados_Unidos_Costa_del_Este\" src=\"https:\/\/yachtcharter-connection.com\/wp-content\/uploads\/converted_files\/19016\/19016-5624a0892c222.jpg\" \/>La zona de alquiler de yates en el noreste de Estados Unidos, para muchos europeos es un destino de ch\u00e1rter en que sue\u00f1an secretamente. Para los estadounidenses, es la meca de la vela: puertos deportivos, clubes n\u00e1uticos nobles y menos glamoroso, los puertos pesqueros, eternamente largas playas y dunas, la l\u00ednea de costa eternamente larga con islas y hermosas bah\u00edas  &#8211; en verano tiene casi todo que los equipos de ch\u00e1rter desean. Pintorescos pueblos invitan a pasear, buques de madera en el estilo de los dise\u00f1adores de yates cl\u00e1sicos a admirar.<\/p>\n<p>El \u00e1rea de navegaci\u00f3n en el noreste de Estados Unidos en realidad abarca varias regiones de alquiler de barcos. Los m\u00e1s conocidos incluyen Massachusetts con la Bah\u00eda de Massachusetts, Bah\u00eda de Cape Cod, Nantucket y Martha&#8217;s Vineyard, Rhode Island, el \u00e1rea de Long Island en Connecticut, cerca de Nueva York, as\u00ed como m\u00e1s al sur la costa de Maryland y Virginia con la Bah\u00eda de Chesapeake.<\/p>\n<p>Entre otros ofrecemos en la costa del Noreste del EEUU veleros desde los bases de ch\u00e1rter en Annapolis en la Bah\u00eda de Chesapeake y en Newport en la isla de Rhode Island. <\/p>\n<p>Lea m\u00e1s sobre el alquiler de barcos en los <a href=\"~\/Alquiler_barcos_estados_unidos.html\" target=\"_blank\">EE.UU.<\/a> y la <a href=\"~\/eeuu_nordeste\/Alquiler_barcos_maryland_chesapeake_bay.html\" target=\"_blank\">Bah\u00eda de Chesapeake.<\/a><\/p>\n<table  class=\"RegionsAndSubregions\" cellspacing=\"0\" border=\"0\" style=\"border-collapse:collapse;\">\n<tbody>\n<tr>\n<td>\n<div class=\"SubregionRepeaterTitle\">\n<h2> EEUU-Nordeste <\/h2>\n<\/div>\n<div class=\"SmallLinks\">\n<ul>\n<li><a class=\"SmallLinks\" href=\"https:\/\/yachtcharter-connection.com\/alquiler-barcos-maryland-chesapeake-bay\" title=\"\"> Maryland \/ Chesapeake Bay <\/a><\/li>\n<\/ul>\n<\/div>\n<\/td>\n<\/tr>\n<\/tbody>\n<\/table>\n","protected":false},"excerpt":{"rendered":"<p>Alquiler de barcos Estados Unidos &#8211; Costa del Este La zona de alquiler de yates en el noreste de Estados Unidos, para muchos europeos es un destino de ch\u00e1rter en que sue\u00f1an secretamente. Para los estadounidenses, es la meca de la vela: puertos deportivos, clubes n\u00e1uticos nobles y menos glamoroso,<\/p>\n","protected":false},"author":11,"featured_media":0,"parent":183,"menu_order":0,"comment_status":"open","ping_status":"open","template":"","meta":[],"aioseo_notices":[],"_links":{"self":[{"href":"https:\/\/yachtcharter-connection.com\/es\/wp-json\/wp\/v2\/pages\/527"}],"collection":[{"href":"https:\/\/yachtcharter-connection.com\/es\/wp-json\/wp\/v2\/pages"}],"about":[{"href":"https:\/\/yachtcharter-connection.com\/es\/wp-json\/wp\/v2\/types\/page"}],"author":[{"embeddable":true,"href":"https:\/\/yachtcharter-connection.com\/es\/wp-json\/wp\/v2\/users\/11"}],"replies":[{"embeddable":true,"href":"https:\/\/yachtcharter-connection.com\/es\/wp-json\/wp\/v2\/comments?post=527"}],"version-history":[{"count":1,"href":"https:\/\/yachtcharter-connection.com\/es\/wp-json\/wp\/v2\/pages\/527\/revisions"}],"predecessor-version":[{"id":13966,"href":"https:\/\/yachtcharter-connection.com\/es\/wp-json\/wp\/v2\/pages\/527\/revisions\/13966"}],"up":[{"embeddable":true,"href":"https:\/\/yachtcharter-connection.com\/es\/wp-json\/wp\/v2\/pages\/183"}],"wp:attachment":[{"href":"https:\/\/yachtcharter-connection.com\/es\/wp-json\/wp\/v2\/media?parent=527"}],"curies":[{"name":"wp","href":"https:\/\/api.w.org\/{rel}","templated":true}]}}