{"id":530,"date":"2014-12-22T05:33:01","date_gmt":"2014-12-22T05:33:01","guid":{"rendered":"http:\/\/yachtcharter-connection.com.w01e47c6.kasserver.com\/mar-rojo\/"},"modified":"2016-10-29T19:08:20","modified_gmt":"2016-10-29T17:08:20","slug":"mar-rojo","status":"publish","type":"page","link":"https:\/\/yachtcharter-connection.com\/es\/regiones\/mar-rojo\/","title":{"rendered":"Mar Rojo"},"content":{"rendered":"<h3>Alquiler de barcos Mar Rojo<\/h3>\n<p>\nPor la ma\u00f1ana el mar se convierte en rojo en la salida del sol, en la puesta de sol son las monta\u00f1as que tienen el color rojo: Para obtener el nombre del Mar Rojo, hay un mont\u00f3n de otras explicaciones. Especialmente en el invierno europeo, el Mar Rojo es un popular destino tur\u00edstico &#8211; en particular las costas de Egipto, Israel y Jordania en la parte norte. Vacaciones de playa, excursiones en el desierto, el surf, el buceo y el submarinismo est\u00e1n en la agenda de la mayor\u00eda de los turistas en la regi\u00f3n. Acerca de 2000 kilometros arrecifes de coral, jardines de coral y pintorescas buques naufragados atraen a las turistas de buceo &#8211; el mar es m\u00e1s salado que los oc\u00e9anos, lo que hay menos plancton, y por lo tanto una mejor visibilidad bajo el agua. El turismo de ch\u00e1rter de yates en el Mar Rojo se encuentra todav\u00eda en sus inicios, pero ya se puede alquilar las embarcaciones a motor, barcos de buceo y algunos yates con tripulaci\u00f3n.<\/p>\n<table  class=\"RegionsAndSubregions\" cellspacing=\"0\" border=\"0\" style=\"border-collapse:collapse;\">\n<tbody>\n<tr>\n<td>\n<div class=\"SubregionRepeaterTitle\">\n<h2> Mar Rojo <\/h2>\n<\/div>\n<div class=\"SmallLinks\">\n<ul>\n<li><a class=\"SmallLinks\" href=\"https:\/\/yachtcharter-connection.com\/alquiler-barcos-mar-rojo\" title=\"\"> Mar Rojo <\/a><\/li>\n<\/ul>\n<\/div>\n<\/td>\n<\/tr>\n<\/tbody>\n<\/table>\n","protected":false},"excerpt":{"rendered":"<p>Alquiler de barcos Mar Rojo Por la ma\u00f1ana el mar se convierte en rojo en la salida del sol, en la puesta de sol son las monta\u00f1as que tienen el color rojo: Para obtener el nombre del Mar Rojo, hay un mont\u00f3n de otras explicaciones. Especialmente en el invierno europeo,<\/p>\n","protected":false},"author":11,"featured_media":0,"parent":183,"menu_order":0,"comment_status":"open","ping_status":"open","template":"","meta":[],"aioseo_notices":[],"_links":{"self":[{"href":"https:\/\/yachtcharter-connection.com\/es\/wp-json\/wp\/v2\/pages\/530"}],"collection":[{"href":"https:\/\/yachtcharter-connection.com\/es\/wp-json\/wp\/v2\/pages"}],"about":[{"href":"https:\/\/yachtcharter-connection.com\/es\/wp-json\/wp\/v2\/types\/page"}],"author":[{"embeddable":true,"href":"https:\/\/yachtcharter-connection.com\/es\/wp-json\/wp\/v2\/users\/11"}],"replies":[{"embeddable":true,"href":"https:\/\/yachtcharter-connection.com\/es\/wp-json\/wp\/v2\/comments?post=530"}],"version-history":[{"count":1,"href":"https:\/\/yachtcharter-connection.com\/es\/wp-json\/wp\/v2\/pages\/530\/revisions"}],"predecessor-version":[{"id":14108,"href":"https:\/\/yachtcharter-connection.com\/es\/wp-json\/wp\/v2\/pages\/530\/revisions\/14108"}],"up":[{"embeddable":true,"href":"https:\/\/yachtcharter-connection.com\/es\/wp-json\/wp\/v2\/pages\/183"}],"wp:attachment":[{"href":"https:\/\/yachtcharter-connection.com\/es\/wp-json\/wp\/v2\/media?parent=530"}],"curies":[{"name":"wp","href":"https:\/\/api.w.org\/{rel}","templated":true}]}}