{"id":643,"date":"2015-08-10T05:53:36","date_gmt":"2015-08-10T05:53:36","guid":{"rendered":"http:\/\/yachtcharter-connection.com.w01e47c6.kasserver.com\/alquiler-barcos-tirreno-centro-y-sur\/"},"modified":"2017-10-15T22:29:55","modified_gmt":"2017-10-15T20:29:55","slug":"alquiler-barcos-tirreno-centro-y-sur","status":"publish","type":"page","link":"https:\/\/yachtcharter-connection.com\/es\/regiones\/mediterraneo\/alquiler-barcos-tirreno-centro-y-sur\/","title":{"rendered":"Tirreno &#8211; Golfo de N\u00e1poles, Costa de Amalfi"},"content":{"rendered":"<h1><strong>Alquiler de barcos Mar Tirreno: Golfo de N\u00e1poles, Costa de Amalfi, Islas Pontinas<br \/>\n<\/strong><\/h1>\n<p><img loading=\"lazy\" class=\"content-image\" src=\"https:\/\/yachtcharter-connection.com\/wp-content\/uploads\/converted_files\/19021\/19021-5624b1392396a.jpg\" alt=\"Italia_Capri\" width=\"300\" height=\"400\" \/>La costa de la zona de Amalfi y Positano es para muchos lo m\u00e1s bello de Italia. El golfo de N\u00e1poles, junto con Isquia y Capri era ya hace cien a\u00f1os el destino de los viajeros rom\u00e1nticos. Podemos tomar un yate ch\u00e1rter en Salerno, o en N\u00e1poles; tambi\u00e9n en Marina di Nettuno o en Procida. Amalfi es un lugar importante para el turismo en Italia, y merece la pena acercarse para visitar su catedral. Hay adem\u00e1s en la regi\u00f3n muchos pueblos costeros pintorescos, como Atrani o Vietro sul Mare, con casitas de colores en blanco, rosa y amarillo, y muchos limoneros. Y desde luego no se puede pasar por alto Positano, ciudad impresionante, construida sobre terrazas, que en otro tiempo fue un importante puerto pesquero. Y tampoco faltan en la regi\u00f3n las reminiscencias de la Edad Antigua. Para los amantes de la Arqueolog\u00eda es visita obligada Pompeya, la ciudad arrasada por el Vesubio, y Herculano.<\/p>\n<p>La mejor vista de N\u00e1poles, ciudad natal de la pizza, la obtenemos desde el Vomero, una colina en la que se encuentra el castillo de San Telmo. Otros lugares importantes de la ciudad: el centro hist\u00f3rico, declarado Patrimonio de la Humanidad por la UNESCO, que sigue teniendo ese aire napolitano que se respira en las pel\u00edculas de Sof\u00eda Loren, que creci\u00f3 aqu\u00ed, entre estrechas callejuelas, catacumbas e iglesias, mercados con laboriosos vendedores y caf\u00e9s en los que degustar el aut\u00e9ntico espresso o un exquisito limoncello. La zona elegante es la del puerto de Santa Luc\u00eda en el barrio de Posilipo.<\/p>\n<h3><strong>Alquiler de barcos Islas Pontinas \u2013 El Archipi\u00e9lago Campano o Napolitano (Isquia, Capri)<\/strong><\/h3>\n<p>Para practicar la vela el lugar m\u00e1s bello lo encontramos a m\u00e1s distancia de la pen\u00ednsula. El punto de partida ideal es Procida, una antigua prisi\u00f3n que ahora es base de varias empresas de ch\u00e1rteres del golfo de N\u00e1poles y asentamiento de varios pueblos pesqueros. Saliendo de Procida en direcci\u00f3n oeste nos encontramos con las Islas Pontinas, un resto de lo que fue la aut\u00e9ntica Italia. Ventotene, situada en la parte m\u00e1s oriental, es un precioso pueblo de pescadores. El puerto de Porto Nicola es muy estrecho y hay que tener cuidado para que el ancla no se enganche en las cadenas de otros yates o pesqueros. Desde aqu\u00ed podemos ir a la antigua fortaleza o la escalera de la \u00e9poca borb\u00f3nica. El moderno puerto de Cala Rossano ofrece m\u00e1s servicios que Porto Nicola. La isla vecina de Santo Stefano (San Esteban) fue hasta 1964 una colonia penitenciaria. Todav\u00eda pueden verse restos de las instalaciones penales. Un dato curioso: Mussolini fue desterrado a Ponza, mientras que a los opositores de su r\u00e9gimen fascista los trasladaban a Ventotene. En el oeste del archipi\u00e9lago pontino se encuentra la isla m\u00e1s importante, Ponza, y muy cerca de ella Gavi, Zannone y Palmarola. Zannone y Palmarola apenas est\u00e1n habitadas, pero en el puerto de Ponza se han ido creando amarres para 200 yates en pantalanes flotantes que disponen de agua y electricidad. Seg\u00fan el viento, hay tambi\u00e9n varias calas que ofrecen protecci\u00f3n para pernoctar, desde Cala Inferno hasta Cala di Lucia Rosa. Monumentos hist\u00f3ricos, pueblecitos, calas con aguas cristalinas\u2026 este archipi\u00e9lago merece la pena. Y si adem\u00e1s, vamos escuchando canciones italianas en la cabina, tenemos viento medio con fuerza de entre 4 y 5 en la escala Beaufort, y nos acompa\u00f1a una familia de delfines, el viaje ya es inolvidable.<\/p>\n<p>Isquia y Capri son las dos islas del golfo de N\u00e1poles. Junto con Procida forman un grupo que se conoce con el nombre de Archipi\u00e9lago Campano, Napolitano o Islas Flegreas. Se puede hacer una parada en la zona de camino a las Islas Pontinas. El puerto principal de Isquia suele estar hasta los topes; pero es que es tan bonito y pintoresco, que es casi una obligaci\u00f3n atracar all\u00ed alguna vez. Y adem\u00e1s en l\u00ednea, algo poco habitual en Italia. Otros puertos son Sant Angelo, en el este de la isla, Forio y Casamicciola. El Epomeo, un volc\u00e1n extinto, sobresale de entre la isla. Se puede subir en burro. Las maravillas que dieron nombre a Isquia son sus vi\u00f1edos, su frondosa vegetaci\u00f3n y sobre todo, sus jardines termales. Destacan, entre otros, los Jardines de Poseid\u00f3n. En Capri tenemos, en el norte, la Marina Grande, desde la cual podemos llegar al pueblo a pie. Y todos hemos o\u00eddo hablar de la Gruta Azul de Capri; as\u00ed es que est\u00e1 tan llena de turistas, que quiz\u00e1s no merezca la pena. Es mucho mejor la vista del golfo de la que se puede disfrutar desde el Monte Solare.<\/p>\n<table class=\"RegionsAndSubregions\" style=\"border-collapse: collapse;\" border=\"0\" cellspacing=\"0\">\n<tbody>\n<tr>\n<td>\n<div class=\"SubregionRepeaterTitle\">\n<h2>Tirreno &#8211; centro y sur<\/h2>\n<\/div>\n<div class=\"SmallLinks\">\n<ul>\n<li><a class=\"SmallLinks\" title=\"\" href=\"https:\/\/yachtcharter-connection.com\/agropoli-845\"> Agropoli <\/a><\/li>\n<li><a class=\"SmallLinks\" title=\"\" href=\"https:\/\/yachtcharter-connection.com\/amalfi-724\"> Amalfi <\/a><\/li>\n<li><a class=\"SmallLinks\" title=\"\" href=\"https:\/\/yachtcharter-connection.com\/civitavecchia-903\"> Civitavecchia <\/a><\/li>\n<li><a class=\"SmallLinks\" title=\"\" href=\"https:\/\/yachtcharter-connection.com\/foce-sisto-sabaudia-980\"> Foce Sisto \/ Sabaudia <\/a><\/li>\n<li><a class=\"SmallLinks\" title=\"\" href=\"https:\/\/yachtcharter-connection.com\/formia-334\"> Formia <\/a><\/li>\n<li><a class=\"SmallLinks\" title=\"\" href=\"https:\/\/yachtcharter-connection.com\/gaeta-porto-falvio-gioia-899\"> Gaeta \/ Porto Falvio Gioia <\/a><\/li>\n<li><a class=\"SmallLinks\" title=\"\" href=\"https:\/\/yachtcharter-connection.com\/ischia-casamicciola-149\"> Ischia \/ Casamicciola <\/a><\/li>\n<li><a class=\"SmallLinks\" title=\"\" href=\"https:\/\/yachtcharter-connection.com\/ischia-forio-246\"> Ischia \/ Forio <\/a><\/li>\n<li><a class=\"SmallLinks\" title=\"\" href=\"https:\/\/yachtcharter-connection.com\/ischia-lacco-ameno-400\"> Ischia \/ Lacco Ameno <\/a><\/li>\n<li><a class=\"SmallLinks\" title=\"\" href=\"https:\/\/yachtcharter-connection.com\/ischia-porto-d-ischia-210\"> Ischia \/ Porto d Ischia <\/a><\/li>\n<li><a class=\"SmallLinks\" title=\"\" href=\"https:\/\/yachtcharter-connection.com\/ischia-sant-angelo-423\"> Ischia \/ Sant Angelo <\/a><\/li>\n<li><a class=\"SmallLinks\" title=\"\" href=\"https:\/\/yachtcharter-connection.com\/naples-933\"> Naples <\/a><\/li>\n<li><a class=\"SmallLinks\" title=\"\" href=\"https:\/\/yachtcharter-connection.com\/naples-castellammare-di-stabia-832\"> Naples \/ Castellammare di Stabia <\/a><\/li>\n<li><a class=\"SmallLinks\" title=\"\" href=\"https:\/\/yachtcharter-connection.com\/naples-pozzuoli-354\"> Naples \/ Pozzuoli <\/a><\/li>\n<li><a class=\"SmallLinks\" title=\"\" href=\"https:\/\/yachtcharter-connection.com\/sorrento-187\"> Naples \/ Sorrento <\/a><\/li>\n<li><a class=\"SmallLinks\" title=\"\" href=\"https:\/\/yachtcharter-connection.com\/nettuno-492\"> Nettuno <\/a><\/li>\n<li><a class=\"SmallLinks\" title=\"\" href=\"https:\/\/yachtcharter-connection.com\/pinetamare-458\"> Pinetamare <\/a><\/li>\n<li><a class=\"SmallLinks\" title=\"\" href=\"https:\/\/yachtcharter-connection.com\/porto-badino-sabaudia-420\"> Porto Badino \/ Sabaudia <\/a><\/li>\n<li><a class=\"SmallLinks\" title=\"\" href=\"https:\/\/yachtcharter-connection.com\/procida-marina-di-procida-988\"> Procida <\/a><\/li>\n<li><a class=\"SmallLinks\" title=\"\" href=\"https:\/\/yachtcharter-connection.com\/procida-chiaiolella-611\"> Procida \/ Chiaiolella <\/a><\/li>\n<li><a class=\"SmallLinks\" title=\"\" href=\"https:\/\/yachtcharter-connection.com\/procida-corricella-232\"> Procida \/ Corricella <\/a><\/li>\n<li><a class=\"SmallLinks\" title=\"\" href=\"https:\/\/yachtcharter-connection.com\/rome-ostia-487\"> Rome \/ Ostia <\/a><\/li>\n<li><a class=\"SmallLinks\" title=\"\" href=\"https:\/\/yachtcharter-connection.com\/salerno-110\"> Salerno <\/a><\/li>\n<li><a class=\"SmallLinks\" title=\"\" href=\"https:\/\/yachtcharter-connection.com\/terracina-651\"> Terracina <\/a><\/li>\n<\/ul>\n<\/div>\n<\/td>\n<\/tr>\n<\/tbody>\n<\/table>\n","protected":false},"excerpt":{"rendered":"<p>Alquiler de barcos Mar Tirreno: Golfo de N\u00e1poles, Costa de Amalfi, Islas Pontinas La costa de la zona de Amalfi y Positano es para muchos lo m\u00e1s bello de Italia. El golfo de N\u00e1poles, junto con Isquia y Capri era ya hace cien a\u00f1os el destino de los viajeros rom\u00e1nticos.<\/p>\n","protected":false},"author":11,"featured_media":0,"parent":516,"menu_order":0,"comment_status":"open","ping_status":"open","template":"","meta":[],"aioseo_notices":[],"_links":{"self":[{"href":"https:\/\/yachtcharter-connection.com\/es\/wp-json\/wp\/v2\/pages\/643"}],"collection":[{"href":"https:\/\/yachtcharter-connection.com\/es\/wp-json\/wp\/v2\/pages"}],"about":[{"href":"https:\/\/yachtcharter-connection.com\/es\/wp-json\/wp\/v2\/types\/page"}],"author":[{"embeddable":true,"href":"https:\/\/yachtcharter-connection.com\/es\/wp-json\/wp\/v2\/users\/11"}],"replies":[{"embeddable":true,"href":"https:\/\/yachtcharter-connection.com\/es\/wp-json\/wp\/v2\/comments?post=643"}],"version-history":[{"count":4,"href":"https:\/\/yachtcharter-connection.com\/es\/wp-json\/wp\/v2\/pages\/643\/revisions"}],"predecessor-version":[{"id":25158,"href":"https:\/\/yachtcharter-connection.com\/es\/wp-json\/wp\/v2\/pages\/643\/revisions\/25158"}],"up":[{"embeddable":true,"href":"https:\/\/yachtcharter-connection.com\/es\/wp-json\/wp\/v2\/pages\/516"}],"wp:attachment":[{"href":"https:\/\/yachtcharter-connection.com\/es\/wp-json\/wp\/v2\/media?parent=643"}],"curies":[{"name":"wp","href":"https:\/\/api.w.org\/{rel}","templated":true}]}}