{"id":644,"date":"2015-08-10T05:53:36","date_gmt":"2015-08-10T05:53:36","guid":{"rendered":"http:\/\/yachtcharter-connection.com.w01e47c6.kasserver.com\/alquiler-barcos-jonico\/"},"modified":"2017-10-20T11:09:01","modified_gmt":"2017-10-20T09:09:01","slug":"alquiler-barcos-mar-jonico","status":"publish","type":"page","link":"https:\/\/yachtcharter-connection.com\/es\/regiones\/mediterraneo\/alquiler-barcos-mar-jonico\/","title":{"rendered":"Mar J\u00f3nico"},"content":{"rendered":"<h1><strong>Alquiler de barcos Mar J\u00f3nico<\/strong><\/h1>\n<p><img loading=\"lazy\" class=\"content-image\" src=\"https:\/\/yachtcharter-connection.com\/wp-content\/uploads\/converted_files\/19024\/19024-5624b13a50afa.jpg\" alt=\"Navegar_Grecia_Mar_I\u00f3nico_Lefkas\" width=\"300\" height=\"225\" \/>Perfecto para principiantes, para familias, para aficionados que quieren disfrutar de la vela. El Mar J\u00f3nico est\u00e1 plagado de peque\u00f1as islas que ofrecen buen resguardo. Los ni\u00f1os tampoco se van a aburrir, porque las etapas son cortas. La temporada empieza alrededor de Semana Santa, cuando adem\u00e1s podremos contemplar las tradicionales procesiones de Corf\u00fa. Atenci\u00f3n porque las festividades ortodoxas no siempre coinciden en fechas con las cat\u00f3licas o protestantes de otras zonas de Europa. La mayor\u00eda de los ch\u00e1rteres se encuentra en Corf\u00fa en la Marina Gouvia o en Lefkas, aunque tambi\u00e9n los hay en Gouvia y alguno suelto en Preveza. La vegetaci\u00f3n es en todas las islas muy abundante, con pinos, flores, vi\u00f1edos, y las arom\u00e1ticas hierbas mediterr\u00e1neas. E<\/p>\n<p>n Corf\u00fa, Paxi, Lefkas, Cefalonia, Zakintos e \u00cdtaca encontramos las huellas de antiguos pueblos de navegantes: ruinas y construcciones romanas, venecianas, turcas y bizantinas. Y revivimos a Ulises. A los que practican la vela les apasionan las calas peque\u00f1as de aguas cristalinas, las pintorescas playas y, por supuesto, los animados puertos pesqueros.<\/p>\n<table class=\"RegionsAndSubregions\" style=\"border-collapse: collapse;\" border=\"0\" cellspacing=\"0\">\n<tbody>\n<tr>\n<td>\n<div class=\"SubregionRepeaterTitle\">\n<h2>Mar J\u00f3nico<\/h2>\n<\/div>\n<div class=\"SmallLinks\">\n<ul>\n<li><a class=\"SmallLinks\" title=\"\" href=\"https:\/\/yachtcharter-connection.com\/cephalonia-546\"> Cephalonia <\/a><\/li>\n<li><a class=\"SmallLinks\" title=\"\" href=\"https:\/\/yachtcharter-connection.com\/corfu-marina-gouvia-269\"> Corfu \/ Marina Gouvia <\/a><\/li>\n<li><a class=\"SmallLinks\" title=\"\" href=\"https:\/\/yachtcharter-connection.com\/corfu-noak-yacht-club-324\"> Corfu \/ Noak Yacht Club <\/a><\/li>\n<li><a class=\"SmallLinks\" title=\"\" href=\"https:\/\/yachtcharter-connection.com\/crotone-259\"> Crotone <\/a><\/li>\n<li><a class=\"SmallLinks\" title=\"\" href=\"https:\/\/yachtcharter-connection.com\/gouvia-426\"> Gouvia <\/a><\/li>\n<li><a class=\"SmallLinks\" title=\"\" href=\"https:\/\/yachtcharter-connection.com\/kalamata-216\"> Kalamata <\/a><\/li>\n<li><a class=\"SmallLinks\" title=\"\" href=\"https:\/\/yachtcharter-connection.com\/lefkas-572\"> Lefkas <\/a><\/li>\n<li><a class=\"SmallLinks\" title=\"\" href=\"https:\/\/yachtcharter-connection.com\/lefkas-nidri-139\"> Lefkas \/ Nidri <\/a><\/li>\n<li><a class=\"SmallLinks\" title=\"\" href=\"https:\/\/yachtcharter-connection.com\/nydri-783\"> Nydri <\/a><\/li>\n<li><a class=\"SmallLinks\" title=\"\" href=\"https:\/\/yachtcharter-connection.com\/paleros-338\"> Paleros <\/a><\/li>\n<li><a class=\"SmallLinks\" title=\"\" href=\"https:\/\/yachtcharter-connection.com\/patras-207\"> Patras <\/a><\/li>\n<li><a class=\"SmallLinks\" title=\"\" href=\"https:\/\/yachtcharter-connection.com\/preveza-809\"> Preveza <\/a><\/li>\n<\/ul>\n<\/div>\n<\/td>\n<\/tr>\n<\/tbody>\n<\/table>\n","protected":false},"excerpt":{"rendered":"<p>Alquiler de barcos Mar J\u00f3nico Perfecto para principiantes, para familias, para aficionados que quieren disfrutar de la vela. El Mar J\u00f3nico est\u00e1 plagado de peque\u00f1as islas que ofrecen buen resguardo. Los ni\u00f1os tampoco se van a aburrir, porque las etapas son cortas. La temporada empieza alrededor de Semana Santa, cuando<\/p>\n","protected":false},"author":11,"featured_media":0,"parent":516,"menu_order":0,"comment_status":"open","ping_status":"open","template":"","meta":[],"aioseo_notices":[],"_links":{"self":[{"href":"https:\/\/yachtcharter-connection.com\/es\/wp-json\/wp\/v2\/pages\/644"}],"collection":[{"href":"https:\/\/yachtcharter-connection.com\/es\/wp-json\/wp\/v2\/pages"}],"about":[{"href":"https:\/\/yachtcharter-connection.com\/es\/wp-json\/wp\/v2\/types\/page"}],"author":[{"embeddable":true,"href":"https:\/\/yachtcharter-connection.com\/es\/wp-json\/wp\/v2\/users\/11"}],"replies":[{"embeddable":true,"href":"https:\/\/yachtcharter-connection.com\/es\/wp-json\/wp\/v2\/comments?post=644"}],"version-history":[{"count":3,"href":"https:\/\/yachtcharter-connection.com\/es\/wp-json\/wp\/v2\/pages\/644\/revisions"}],"predecessor-version":[{"id":25303,"href":"https:\/\/yachtcharter-connection.com\/es\/wp-json\/wp\/v2\/pages\/644\/revisions\/25303"}],"up":[{"embeddable":true,"href":"https:\/\/yachtcharter-connection.com\/es\/wp-json\/wp\/v2\/pages\/516"}],"wp:attachment":[{"href":"https:\/\/yachtcharter-connection.com\/es\/wp-json\/wp\/v2\/media?parent=644"}],"curies":[{"name":"wp","href":"https:\/\/api.w.org\/{rel}","templated":true}]}}