{"id":645,"date":"2015-08-10T05:53:36","date_gmt":"2015-08-10T05:53:36","guid":{"rendered":"http:\/\/yachtcharter-connection.com.w01e47c6.kasserver.com\/alquiler-barcos-costa-turca\/"},"modified":"2016-10-29T22:01:27","modified_gmt":"2016-10-29T20:01:27","slug":"alquiler-barcos-costa-turca","status":"publish","type":"page","link":"https:\/\/yachtcharter-connection.com\/es\/regiones\/mediterraneo\/alquiler-barcos-costa-turca\/","title":{"rendered":"Costa Turca"},"content":{"rendered":"<h3>Alquiler de barcos Costa Turca<\/h3>\n<p>\n<img loading=\"lazy\" class=\"content-image\"  width=\"300\" height=\"225\" src=\"https:\/\/yachtcharter-connection.com\/wp-content\/uploads\/converted_files\/19027\/19027-5624b13ba5b99.jpg\" alt=\"Turqu\u00eda_Bodrum\" \/>La costa turca es una de las \u00e1reas preferidas para Alquiler de barcos en el mediterr\u00e1neo. Los navegantes pueden confiar en buenas condiciones atmosf\u00e9ricas para Alquiler de barcos y una c\u00e1lida bienvenida de la gente amistosa.<\/p>\n<p>Por lo general el viento procede del norte o del noroeste. El meltemi, que sopla de junio a septiembre, raras veces alcanza fuerza 6; en el sur mucho menos. La mejor \u00e9poca para Alquiler de barcos es el principio de la primavera, cuando el agua ya est\u00e1 caliente y podemos darnos unos buenos ba\u00f1os, o en oto\u00f1o. Pero de todas formas, aunque julio y agosto son meses calurosos, el viento constante hace que las temperaturas sean llevaderas tambi\u00e9n durante el d\u00eda. En la costa m\u00e1s irregular hay que contar con r\u00e1fagas y efectos de cabo. Y sobre todo en los golfos como el de Gokova, que por s\u00ed mismo es ya un \u00e1rea de Alquiler de barcos, apenas hay olas altas. Lee m\u00e1s detalles sobre Alquiler de barcos en <a href=\"~\/Alquiler_barcos_turquia.html\" target=\"_blank\">Turqu\u00eda<\/a>! <\/p>\n<p><strong>Si le interesa de disfrutar de un viaje de lujo en Turquia con un yate con tripulaci\u00f3n, sea motora, velero o goleta cl\u00e1sica, pulse aqui para m\u00e1s informaciones: <\/strong><a href=\"https:\/\/yachtcharter-connection.com\/wp-content\/uploads\/converted_files\/19027\/19027-5624b13e89afc.jpg\" target=\"_blank\"><strong>Alquiler de barcos de lujo en Turqu\u00eda.<\/strong><\/a><\/p>\n<table  class=\"RegionsAndSubregions\" cellspacing=\"0\" border=\"0\" style=\"border-collapse:collapse;\">\n<tbody>\n<tr>\n<td>\n<div class=\"SubregionRepeaterTitle\">\n<h2> Costa Turca <\/h2>\n<\/div>\n<div class=\"SmallLinks\">\n<ul>\n<li><a class=\"SmallLinks\" href=\"https:\/\/yachtcharter-connection.com\/antalya-402\" title=\"\"> Antalya <\/a><\/li>\n<li><a class=\"SmallLinks\" href=\"https:\/\/yachtcharter-connection.com\/bodrum-506\" title=\"\"> Bodrum <\/a><\/li>\n<li><a class=\"SmallLinks\" href=\"https:\/\/yachtcharter-connection.com\/bozburun-810\" title=\"\"> Bozburun <\/a><\/li>\n<li><a class=\"SmallLinks\" href=\"https:\/\/yachtcharter-connection.com\/cesme-marina-alacati-658\" title=\"\"> Cesme \/ Marina Ala\u00e7ati <\/a><\/li>\n<li><a class=\"SmallLinks\" href=\"https:\/\/yachtcharter-connection.com\/datca-682\" title=\"\"> Datca <\/a><\/li>\n<li><a class=\"SmallLinks\" href=\"https:\/\/yachtcharter-connection.com\/fethiye-152\" title=\"\"> Fethiye <\/a><\/li>\n<li><a class=\"SmallLinks\" href=\"https:\/\/yachtcharter-connection.com\/finike-782\" title=\"\"> Finike <\/a><\/li>\n<li><a class=\"SmallLinks\" href=\"https:\/\/yachtcharter-connection.com\/g%c3%b6cek-453\" title=\"\"> G\u00f6cek <\/a><\/li>\n<li><a class=\"SmallLinks\" href=\"https:\/\/yachtcharter-connection.com\/istanbul-643\" title=\"\"> Istanbul <\/a><\/li>\n<li><a class=\"SmallLinks\" href=\"https:\/\/yachtcharter-connection.com\/izmir-teos-380\" title=\"\"> Izmir \/ Teos <\/a><\/li>\n<li><a class=\"SmallLinks\" href=\"https:\/\/yachtcharter-connection.com\/kalkan-699\" title=\"\"> Kalkan <\/a><\/li>\n<li><a class=\"SmallLinks\" href=\"https:\/\/yachtcharter-connection.com\/karaca-s%c3%b6g%c3%bct-397\" title=\"\"> Karaca S\u00f6g\u00fct <\/a><\/li>\n<li><a class=\"SmallLinks\" href=\"https:\/\/yachtcharter-connection.com\/kas-282\" title=\"\"> Kas <\/a><\/li>\n<li><a class=\"SmallLinks\" href=\"https:\/\/yachtcharter-connection.com\/kemer-169\" title=\"\"> Kemer <\/a><\/li>\n<li><a class=\"SmallLinks\" href=\"https:\/\/yachtcharter-connection.com\/kusadasi-208\" title=\"\"> Kusadasi <\/a><\/li>\n<li><a class=\"SmallLinks\" href=\"https:\/\/yachtcharter-connection.com\/marmaris-672\" title=\"\"> Marmaris <\/a><\/li>\n<li><a class=\"SmallLinks\" href=\"https:\/\/yachtcharter-connection.com\/orhaniye-116\" title=\"\"> Orhaniye <\/a><\/li>\n<li><a class=\"SmallLinks\" href=\"https:\/\/yachtcharter-connection.com\/alquiler-barcos-turgutreis-bodrum-peninsula\" title=\"\"> Turgutreis \/ Bodrum Peninsula <\/a><\/li>\n<li><a class=\"SmallLinks\" href=\"https:\/\/yachtcharter-connection.com\/yalikavak-bodrum-peninsula-438\" title=\"\"> Yalikavak \/ Bodrum Peninsula <\/a><\/li>\n<\/ul>\n<\/div>\n<\/td>\n<\/tr>\n<\/tbody>\n<\/table>\n","protected":false},"excerpt":{"rendered":"<p>Alquiler de barcos Costa Turca La costa turca es una de las \u00e1reas preferidas para Alquiler de barcos en el mediterr\u00e1neo. Los navegantes pueden confiar en buenas condiciones atmosf\u00e9ricas para Alquiler de barcos y una c\u00e1lida bienvenida de la gente amistosa. Por lo general el viento procede del norte o<\/p>\n","protected":false},"author":11,"featured_media":0,"parent":516,"menu_order":0,"comment_status":"open","ping_status":"open","template":"","meta":[],"aioseo_notices":[],"_links":{"self":[{"href":"https:\/\/yachtcharter-connection.com\/es\/wp-json\/wp\/v2\/pages\/645"}],"collection":[{"href":"https:\/\/yachtcharter-connection.com\/es\/wp-json\/wp\/v2\/pages"}],"about":[{"href":"https:\/\/yachtcharter-connection.com\/es\/wp-json\/wp\/v2\/types\/page"}],"author":[{"embeddable":true,"href":"https:\/\/yachtcharter-connection.com\/es\/wp-json\/wp\/v2\/users\/11"}],"replies":[{"embeddable":true,"href":"https:\/\/yachtcharter-connection.com\/es\/wp-json\/wp\/v2\/comments?post=645"}],"version-history":[{"count":1,"href":"https:\/\/yachtcharter-connection.com\/es\/wp-json\/wp\/v2\/pages\/645\/revisions"}],"predecessor-version":[{"id":14261,"href":"https:\/\/yachtcharter-connection.com\/es\/wp-json\/wp\/v2\/pages\/645\/revisions\/14261"}],"up":[{"embeddable":true,"href":"https:\/\/yachtcharter-connection.com\/es\/wp-json\/wp\/v2\/pages\/516"}],"wp:attachment":[{"href":"https:\/\/yachtcharter-connection.com\/es\/wp-json\/wp\/v2\/media?parent=645"}],"curies":[{"name":"wp","href":"https:\/\/api.w.org\/{rel}","templated":true}]}}