{"id":646,"date":"2015-08-10T05:53:37","date_gmt":"2015-08-10T05:53:37","guid":{"rendered":"http:\/\/yachtcharter-connection.com.w01e47c6.kasserver.com\/alquiler-barcos-egeo-cicladas\/"},"modified":"2017-10-15T11:19:18","modified_gmt":"2017-10-15T09:19:18","slug":"alquiler-barcos-egeo-cicladas","status":"publish","type":"page","link":"https:\/\/yachtcharter-connection.com\/es\/regiones\/mediterraneo\/alquiler-barcos-egeo-cicladas\/","title":{"rendered":"Egeo \/ C\u00edcladas"},"content":{"rendered":"<h3>Alquiler de barcos Egeo \/  Golfo Sar\u00f3nico &#8211; Golfo Arg\u00f3lico &#8211;  Cicladas<\/h3>\n<p><img loading=\"lazy\" class=\"content-image\"  width=\"300\" height=\"201\" src=\"https:\/\/yachtcharter-connection.com\/wp-content\/uploads\/converted_files\/19030\/19030-5624b13f7eb1f.jpg\" alt=\"\" \/>Grecia es uno de los pocos pa\u00edses europeos en los que se puede emprender un viaje en ch\u00e1rter partiendo de la capital; tienen el Golfo Sar\u00f3nico a pie de puerta. En Pireo, Kalamaki y Lavrion, en Atenas y en sus cercan\u00edas, encontramos numerosas bases ch\u00e1rter que hacen muy f\u00e1cil el inicio de un viaje en yate ch\u00e1rter en la zona. Dentro del golfo las distancias son peque\u00f1as y las islas de postal: Poros, con un muelle largu\u00edsimo repleto de bares, Hydra con su puerto y su famosa vida nocturna, Spetses, conocida por su tradicional construcci\u00f3n de barcos, y Porto Cheli, donde encontramos hermosas calas en las que tomar un buen ba\u00f1o. En cualquier caso, sobre todo los fines de semana en verano, est\u00e1 todo lleno. Los atenienses tambi\u00e9n eligen esta zona para hacer sus salidas de fin de semana. <\/p>\n<p>El Peloponeso y el Golfo Arg\u00f3lico son zonas muy f\u00e1ciles de navegar, con vientos suaves; pero no tienen tantos puertos para yates donde iniciar una traves\u00eda como podemos encontrar en otros lugares de Grecia.<\/p>\n<p>Atenas puede ser tambi\u00e9n punto de partida para ir a explorar las C\u00edcladas, pero en cualquier caso tambi\u00e9n podemos tomar un yate directamente en Santorini o en Siros. Esta parte del Egeo es muy apreciada por los navegantes. Sin embargo no se recomienda para principiantes en algunas \u00e9pocas del a\u00f1o. Sobre todo en los meses de verano  el meltemi nos ofrece en esta zona r\u00e1fagas que llegan a alcanzar fuerza 8 en la escala Beaufort. La planificaci\u00f3n de la ruta se debe orientar desde un principio en la situaci\u00f3n meteorol\u00f3gica predominante. En el norte de las C\u00edcladas habitualmente sopla del noreste, en el centro del norte, y en el sur del noroeste. A este grupo pertenecen m\u00e1s de 200 islas e islitas, y navegando por esta zona vamos a descubrir la Antig\u00fcedad en lugares como las ruinas de los templos de la peque\u00f1a isla de Delos, hoy deshabitada, con sus estatuas de leones.  Adem\u00e1s tendremos la oportunidad de pasear por callejuelas de casas blancas y de sumergirnos en la vida nocturna de Miconos, de alquilar una moto&#8230; y alternar d\u00edas de navegaci\u00f3n intensa con el placer de descansar y nadar en playas y calas. <\/p>\n<p>Creta, situada algo m\u00e1s al sur, todav\u00eda no est\u00e1 muy explotada como zona para realizar traves\u00edas en ch\u00e1rter. Pero se est\u00e1 construyendo una infraestructura con nuevas marinas. <\/p>\n<table  class=\"RegionsAndSubregions\" cellspacing=\"0\" border=\"0\" style=\"border-collapse:collapse;\">\n<tbody>\n<tr>\n<td>\n<div class=\"SubregionRepeaterTitle\">\n<h2> Egeo \/ C\u00edcladas <\/h2>\n<\/div>\n<div class=\"SmallLinks\">\n<ul>\n<li><a class=\"SmallLinks\" href=\"https:\/\/yachtcharter-connection.com\/aegina-618\" title=\"\"> Aegina <\/a><\/li>\n<li><a class=\"SmallLinks\" href=\"https:\/\/yachtcharter-connection.com\/athens-city-no-port-119\" title=\"\"> Athens (City, no port) <\/a><\/li>\n<li><a class=\"SmallLinks\" href=\"https:\/\/yachtcharter-connection.com\/finikas-822\" title=\"\"> Finikas <\/a><\/li>\n<li><a class=\"SmallLinks\" href=\"https:\/\/yachtcharter-connection.com\/glyphada-382\" title=\"\"> Glyphada <\/a><\/li>\n<li><a class=\"SmallLinks\" href=\"https:\/\/yachtcharter-connection.com\/heraclion-580\" title=\"\"> Heraclion <\/a><\/li>\n<li><a class=\"SmallLinks\" href=\"https:\/\/yachtcharter-connection.com\/alquiler-barcos-ios\" title=\"\"> Ios <\/a><\/li>\n<li><a class=\"SmallLinks\" href=\"https:\/\/yachtcharter-connection.com\/kalamaki-athen\" title=\"\"> Kalamaki (Athen) <\/a><\/li>\n<li><a class=\"SmallLinks\" href=\"https:\/\/yachtcharter-connection.com\/lavrion-553\" title=\"\"> Lavrion <\/a><\/li>\n<li><a class=\"SmallLinks\" href=\"https:\/\/yachtcharter-connection.com\/mykonos-511\" title=\"\"> Mykonos <\/a><\/li>\n<li><a class=\"SmallLinks\" href=\"https:\/\/yachtcharter-connection.com\/naxos-716\" title=\"\"> Naxos <\/a><\/li>\n<li><a class=\"SmallLinks\" href=\"https:\/\/yachtcharter-connection.com\/paros-957\" title=\"\"> Paros <\/a><\/li>\n<li><a class=\"SmallLinks\" href=\"https:\/\/yachtcharter-connection.com\/pireus-768\" title=\"\"> Pireus <\/a><\/li>\n<li><a class=\"SmallLinks\" href=\"https:\/\/yachtcharter-connection.com\/poros-218\" title=\"\"> Poros <\/a><\/li>\n<li><a class=\"SmallLinks\" href=\"https:\/\/yachtcharter-connection.com\/porto-heli-923\" title=\"\"> Porto Heli <\/a><\/li>\n<li><a class=\"SmallLinks\" href=\"https:\/\/yachtcharter-connection.com\/portochelion-707\" title=\"\"> Portochelion <\/a><\/li>\n<li><a class=\"SmallLinks\" href=\"https:\/\/yachtcharter-connection.com\/santorin-606\" title=\"\"> Santorini <\/a><\/li>\n<li><a class=\"SmallLinks\" href=\"https:\/\/yachtcharter-connection.com\/serifos-278\" title=\"\"> Serifos <\/a><\/li>\n<li><a class=\"SmallLinks\" href=\"https:\/\/yachtcharter-connection.com\/syros-612\" title=\"\"> Syros <\/a><\/li>\n<\/ul>\n<\/div>\n<\/td>\n<\/tr>\n<\/tbody>\n<\/table>\n","protected":false},"excerpt":{"rendered":"<p>Alquiler de barcos Egeo \/ Golfo Sar\u00f3nico &#8211; Golfo Arg\u00f3lico &#8211; Cicladas Grecia es uno de los pocos pa\u00edses europeos en los que se puede emprender un viaje en ch\u00e1rter partiendo de la capital; tienen el Golfo Sar\u00f3nico a pie de puerta. En Pireo, Kalamaki y Lavrion, en Atenas y<\/p>\n","protected":false},"author":11,"featured_media":0,"parent":516,"menu_order":0,"comment_status":"open","ping_status":"open","template":"","meta":[],"aioseo_notices":[],"_links":{"self":[{"href":"https:\/\/yachtcharter-connection.com\/es\/wp-json\/wp\/v2\/pages\/646"}],"collection":[{"href":"https:\/\/yachtcharter-connection.com\/es\/wp-json\/wp\/v2\/pages"}],"about":[{"href":"https:\/\/yachtcharter-connection.com\/es\/wp-json\/wp\/v2\/types\/page"}],"author":[{"embeddable":true,"href":"https:\/\/yachtcharter-connection.com\/es\/wp-json\/wp\/v2\/users\/11"}],"replies":[{"embeddable":true,"href":"https:\/\/yachtcharter-connection.com\/es\/wp-json\/wp\/v2\/comments?post=646"}],"version-history":[{"count":1,"href":"https:\/\/yachtcharter-connection.com\/es\/wp-json\/wp\/v2\/pages\/646\/revisions"}],"predecessor-version":[{"id":14281,"href":"https:\/\/yachtcharter-connection.com\/es\/wp-json\/wp\/v2\/pages\/646\/revisions\/14281"}],"up":[{"embeddable":true,"href":"https:\/\/yachtcharter-connection.com\/es\/wp-json\/wp\/v2\/pages\/516"}],"wp:attachment":[{"href":"https:\/\/yachtcharter-connection.com\/es\/wp-json\/wp\/v2\/media?parent=646"}],"curies":[{"name":"wp","href":"https:\/\/api.w.org\/{rel}","templated":true}]}}