{"id":647,"date":"2015-08-10T05:53:37","date_gmt":"2015-08-10T05:53:37","guid":{"rendered":"http:\/\/yachtcharter-connection.com.w01e47c6.kasserver.com\/alquiler-barcos-costa-espanola-barcelona\/"},"modified":"2016-10-29T22:01:19","modified_gmt":"2016-10-29T20:01:19","slug":"alquiler-barcos-costa-espanola-barcelona","status":"publish","type":"page","link":"https:\/\/yachtcharter-connection.com\/es\/regiones\/mediterraneo\/alquiler-barcos-costa-espanola-barcelona\/","title":{"rendered":"Costa Espa\u00f1ola &#8211; Barcelona"},"content":{"rendered":"<h3>Alquiler de barcos Costa Espa\u00f1ola &#8211; Barcelona<\/h3>\n<p>\n<img loading=\"lazy\" class=\"content-image\"  height=\"218\" width=\"300\" alt=\"Navegar_Costa_Brava_Cadaques\" src=\"https:\/\/yachtcharter-connection.com\/wp-content\/uploads\/converted_files\/19033\/19033-5624b140b27f3.jpg\" \/>La Costa Brava nos ofrece una belleza rom\u00e1ntica y salvaje: pe\u00f1ascos sobre los que se asientan peque\u00f1os bosques de pinos y acacias, bosque bajo y vegetaci\u00f3n mediterr\u00e1nea, acantilados, deliciosas calas que se esconden entre cabos y a las que s\u00f3lo se puede llegar en barco o a veces por tierra atravesando estrechas carreteras llenas de curvas, hermosos pueblos pesqueros, playas de arena, agua clara, un llamativo mundo submarino y, en tierra, delicias culinarias. La costa, salvaje, empieza pr\u00e1cticamente en los Pirineos, junto a la frontera con Francia, y llega casi hasta Barcelona. <\/p>\n<p>La capital de Catalu\u00f1a puede ser un buen punto de partida para las traves\u00edas por la Costa Brava.  Aunque tambien hay otros como por ejemplo Palam\u00f3s, que se encuentra directamente en la Costa Brava. Aparte de navegar de cala en cala y descubrir pueblos pesqueros como Tamariu o Estartit, el interior nos ofrece dos atractivos esenciales: por un lado cultura, tras las huellas de Dal\u00ed, con museos como el de Figueras o Cadaqu\u00e9s; por otro, arte culinario. Es cerca de Rosas\/Roses donde el famoso cocinero  Ferran Adri\u00e0, inventor de la llamada cocina molecular, regenta su restaurante  El Bulli. <\/p>\n<p><img loading=\"lazy\" class=\"content-image\"  height=\"449\" width=\"300\" alt=\"Navegar_Costa_Brava_Tossa_de_Mar\" src=\"https:\/\/yachtcharter-connection.com\/wp-content\/uploads\/converted_files\/19033\/19033-5624b1422bc0c.jpg\" \/>Por todas partes encontramos marinas y puertos deportivos para ch\u00e1rteres. En Palam\u00f3s tenemos dos puertos para yates y partiendo en direcci\u00f3n norte encontramos Llafranc, Aiguablava, L&rsquo;Estartit, L&rsquo;Escala, Empuriabrava, Santa Margarida, Roses, Port de la Selva, Llan\u00e7\u00e0, Colera y Portbou. <\/p>\n<p>Si vamos hacia el sur en la ruta que lleva a Barcelona est\u00e1n  Port d&rsquo;Aro, Cala Canyelles, Blanes, Arenys, Port Bal\u00eds,  Premi\u00e1 de Mar, El Masnou y la marina de Badalona. Entre marina y marina siempre hay hermosas playas de arena y calas. Y en las playas m\u00e1s grande como la de Lloret de Mar est\u00e1n los t\u00edpicos emplazamientos tur\u00edsticos.  Podemos alquilar un ch\u00e1rter por ejemplo en Denia &ndash; o en  Valencia, que desde la America&rsquo;s Cup del 2007 se ha convertido en un punto habitual para los navegantes y aficionados a la vela.<\/p>\n<p>El viento predominante es en un 70 por ciento mistral del noroeste y gregal del nordeste. Al sur del Cabo de Creus la zona es m\u00e1s abrigada. <\/p>\n<table  class=\"RegionsAndSubregions\" cellspacing=\"0\" border=\"0\" style=\"border-collapse:collapse;\">\n<tbody>\n<tr>\n<td>\n<div class=\"SubregionRepeaterTitle\">\n<h2> Costa Espa\u00f1ola &#8211; Barcelona <\/h2>\n<\/div>\n<div class=\"SmallLinks\">\n<ul>\n<li><a class=\"SmallLinks\" href=\"https:\/\/yachtcharter-connection.com\/altea-puerto-deportivo-campomanes-263\" title=\"\"> Altea \/ Puerto Deportivo Campomanes <\/a><\/li>\n<li><a class=\"SmallLinks\" href=\"https:\/\/yachtcharter-connection.com\/barcelona-614\" title=\"\"> Barcelona <\/a><\/li>\n<li><a class=\"SmallLinks\" href=\"https:\/\/yachtcharter-connection.com\/barcelona-masnou-105\" title=\"\"> Barcelona \/ Masnou <\/a><\/li>\n<li><a class=\"SmallLinks\" href=\"https:\/\/yachtcharter-connection.com\/benalmadena-828\" title=\"\"> Benalmadena <\/a><\/li>\n<li><a class=\"SmallLinks\" href=\"https:\/\/yachtcharter-connection.com\/castellon-portcastello-819\" title=\"\"> Castell\u00f2n \/ Portcastell\u00f3 <\/a><\/li>\n<li><a class=\"SmallLinks\" href=\"https:\/\/yachtcharter-connection.com\/costa-brava-palamos-726\" title=\"\"> Costa Brava \/ Palam\u00f3s <\/a><\/li>\n<li><a class=\"SmallLinks\" href=\"https:\/\/yachtcharter-connection.com\/costa-brava-port-lescala-256\" title=\"\"> Costa Brava \/ Port L&#39;Escala <\/a><\/li>\n<li><a class=\"SmallLinks\" href=\"https:\/\/yachtcharter-connection.com\/costa-brava-port-lestartit-465\" title=\"\"> Costa Brava \/ Port L&#39;Estartit <\/a><\/li>\n<li><a class=\"SmallLinks\" href=\"https:\/\/yachtcharter-connection.com\/costa-brava-port-palamos-775\" title=\"\"> Costa Brava \/ Port Palam\u00f3s <\/a><\/li>\n<li><a class=\"SmallLinks\" href=\"https:\/\/yachtcharter-connection.com\/costa-brava-sant-feliu-de-guixols-567\" title=\"\"> Costa Brava \/ Sant Feliu de Gu\u00edxols <\/a><\/li>\n<li><a class=\"SmallLinks\" href=\"https:\/\/yachtcharter-connection.com\/denia-964\" title=\"\"> Denia <\/a><\/li>\n<li><a class=\"SmallLinks\" href=\"https:\/\/yachtcharter-connection.com\/playo-daro-764\" title=\"\"> Playo d&#39;aro <\/a><\/li>\n<li><a class=\"SmallLinks\" href=\"https:\/\/yachtcharter-connection.com\/port-mataro-771\" title=\"\"> Port Matar\u00f3 <\/a><\/li>\n<li><a class=\"SmallLinks\" href=\"https:\/\/yachtcharter-connection.com\/valencia-727\" title=\"\"> Valencia <\/a><\/li>\n<\/ul>\n<\/div>\n<\/td>\n<\/tr>\n<\/tbody>\n<\/table>\n","protected":false},"excerpt":{"rendered":"<p>Alquiler de barcos Costa Espa\u00f1ola &#8211; Barcelona La Costa Brava nos ofrece una belleza rom\u00e1ntica y salvaje: pe\u00f1ascos sobre los que se asientan peque\u00f1os bosques de pinos y acacias, bosque bajo y vegetaci\u00f3n mediterr\u00e1nea, acantilados, deliciosas calas que se esconden entre cabos y a las que s\u00f3lo se puede llegar<\/p>\n","protected":false},"author":11,"featured_media":0,"parent":516,"menu_order":0,"comment_status":"open","ping_status":"open","template":"","meta":[],"aioseo_notices":[],"_links":{"self":[{"href":"https:\/\/yachtcharter-connection.com\/es\/wp-json\/wp\/v2\/pages\/647"}],"collection":[{"href":"https:\/\/yachtcharter-connection.com\/es\/wp-json\/wp\/v2\/pages"}],"about":[{"href":"https:\/\/yachtcharter-connection.com\/es\/wp-json\/wp\/v2\/types\/page"}],"author":[{"embeddable":true,"href":"https:\/\/yachtcharter-connection.com\/es\/wp-json\/wp\/v2\/users\/11"}],"replies":[{"embeddable":true,"href":"https:\/\/yachtcharter-connection.com\/es\/wp-json\/wp\/v2\/comments?post=647"}],"version-history":[{"count":1,"href":"https:\/\/yachtcharter-connection.com\/es\/wp-json\/wp\/v2\/pages\/647\/revisions"}],"predecessor-version":[{"id":14246,"href":"https:\/\/yachtcharter-connection.com\/es\/wp-json\/wp\/v2\/pages\/647\/revisions\/14246"}],"up":[{"embeddable":true,"href":"https:\/\/yachtcharter-connection.com\/es\/wp-json\/wp\/v2\/pages\/516"}],"wp:attachment":[{"href":"https:\/\/yachtcharter-connection.com\/es\/wp-json\/wp\/v2\/media?parent=647"}],"curies":[{"name":"wp","href":"https:\/\/api.w.org\/{rel}","templated":true}]}}