{"id":648,"date":"2015-08-10T05:53:37","date_gmt":"2015-08-10T05:53:37","guid":{"rendered":"http:\/\/yachtcharter-connection.com.w01e47c6.kasserver.com\/alquiler-barcos-costa-azul-del-este\/"},"modified":"2017-10-15T12:54:26","modified_gmt":"2017-10-15T10:54:26","slug":"alquiler-barcos-costa-azul-del-este","status":"publish","type":"page","link":"https:\/\/yachtcharter-connection.com\/es\/regiones\/mediterraneo\/alquiler-barcos-costa-azul-del-este\/","title":{"rendered":"Costa Azul \/ del este"},"content":{"rendered":"<h3>{#keyoword#} Costa Azul \/ del este<\/h3>\n<p><img loading=\"lazy\" class=\"content-image\"  height=\"200\" width=\"300\" src=\"https:\/\/yachtcharter-connection.com\/wp-content\/uploads\/converted_files\/19036\/19036-5624b143922e2.jpg\" alt=\"Francia - yates a Nizza, Costa Azul\" \/>En cuanto a la navegaci\u00f3n esta zona, con unas condiciones meteor\u00f3logicas estables excepto cuando sopla el mistral, resulta menos exigente. Las bah\u00edas en que fondear son escasas, en cambio abundan los puertos y marinas en parte bastante cosmopolitas. El encanto principal de esta zona reside en tierra. A pesar de la Jet Set, la exclusividad, las estrellas y &ldquo;estrellitas&rdquo;, el casco antiguo de sus ciudades ha conservado un atractivo con un sabor \u00fanico. Bares y vida nocturna cosmopolita pueden encontrarse en todas partes: desde el Stars and Bars en Monte Carlo hasta el Bar du Sube en St. Tropez. Naturalmente, durante las traves\u00edas se pueden contemplar desde el yate ch\u00e1rter los numerosos eventos de los famosos, como por ejemplo las carreras de F\u00f3rmula 1 o el Festival de Cine de Cannes. Es durante dichos eventos, al menos en el \u00e1mbito de los yates de lujo y megayates, cuando todo est\u00e1 completo y encontrar un amarre se convierte en una rareza. <\/p>\n<p>\nPero el aut\u00e9ntico coraz\u00f3n del aficionado a la navegaci\u00f3n a vela palpita con m\u00e1s fuerza por otro tipo de eventos. Lo que comenz\u00f3 siendo una regata de cl\u00e1sicos en St. Tropez alrededor de una boya llamada La Nioulargue, hace tiempo que se ha convertido en un circuito de regata para yates cl\u00e1sicos, que atraviesa el Mediterr\u00e1neo en verano bajo el nombre de Panerai Classic Yachts Challenge. En junio tienen lugar en Europa las primeras competiciones en las Voiles d&rsquo;Antibes, en septiembre el encuentro es en las Regates Royales en Cannes. Adem\u00e1s del Panerai Challenge, se organizan numerosas Semanas del Yate Cl\u00e1sico. Y quienes observan a Dennis Connor y a otras personalidades de la America&rsquo;s Cup en las cabinas de mando de los cl\u00e1sicos no pueden evitar sentir cierta nostalgia marinera al contemplar los destellos del lat\u00f3n bru\u00f1ido y de la madera de caoba.<\/p>\n<p><br type=\"_moz\" \/><br \/>\n<\/p>\n<table  class=\"RegionsAndSubregions\" cellspacing=\"0\" border=\"0\" style=\"border-collapse:collapse;\">\n<tbody>\n<tr>\n<td>\n<div class=\"SubregionRepeaterTitle\">\n<h2> Costa Azul \/ del este <\/h2>\n<\/div>\n<div class=\"SmallLinks\">\n<ul>\n<li><a class=\"SmallLinks\" href=\"https:\/\/yachtcharter-connection.com\/antibes-526\" title=\"\"> Antibes <\/a><\/li>\n<li><a class=\"SmallLinks\" href=\"https:\/\/yachtcharter-connection.com\/argens-134\" title=\"\"> Argens <\/a><\/li>\n<li><a class=\"SmallLinks\" href=\"https:\/\/yachtcharter-connection.com\/beaucaire-506\" title=\"\"> Beaucaire <\/a><\/li>\n<li><a class=\"SmallLinks\" href=\"https:\/\/yachtcharter-connection.com\/bellegarde-598\" title=\"\"> Bellegarde <\/a><\/li>\n<li><a class=\"SmallLinks\" href=\"https:\/\/yachtcharter-connection.com\/cannes-963\" title=\"\"> Cannes <\/a><\/li>\n<li><a class=\"SmallLinks\" href=\"https:\/\/yachtcharter-connection.com\/cogolin-240\" title=\"\"> Cogolin <\/a><\/li>\n<li><a class=\"SmallLinks\" href=\"https:\/\/yachtcharter-connection.com\/golfe-juan-573\" title=\"\"> Golfe Juan <\/a><\/li>\n<li><a class=\"SmallLinks\" href=\"https:\/\/yachtcharter-connection.com\/menton-garavan-170\" title=\"\"> Menton \/ Garavan <\/a><\/li>\n<li><a class=\"SmallLinks\" href=\"https:\/\/yachtcharter-connection.com\/monaco-866\" title=\"\"> Monaco <\/a><\/li>\n<li><a class=\"SmallLinks\" href=\"https:\/\/yachtcharter-connection.com\/nice-616\" title=\"\"> Nice <\/a><\/li>\n<li><a class=\"SmallLinks\" href=\"https:\/\/yachtcharter-connection.com\/port-cassafieres-camar-550\" title=\"\"> Port Cassafieres (Camar.) <\/a><\/li>\n<li><a class=\"SmallLinks\" href=\"https:\/\/yachtcharter-connection.com\/port-cassafieres-midi-439\" title=\"\"> Port Cassafieres (Midi) <\/a><\/li>\n<li><a class=\"SmallLinks\" href=\"https:\/\/yachtcharter-connection.com\/port-grimaud-710\" title=\"\"> Port Grimaud <\/a><\/li>\n<li><a class=\"SmallLinks\" href=\"https:\/\/yachtcharter-connection.com\/roquebrune-223\" title=\"\"> Roquebrune <\/a><\/li>\n<li><a class=\"SmallLinks\" href=\"https:\/\/yachtcharter-connection.com\/st-cyprien-163\" title=\"\"> St. Cyprien <\/a><\/li>\n<li><a class=\"SmallLinks\" href=\"https:\/\/yachtcharter-connection.com\/st-raphael-784\" title=\"\"> St. Raphael <\/a><\/li>\n<\/ul>\n<\/div>\n<\/td>\n<\/tr>\n<\/tbody>\n<\/table>\n","protected":false},"excerpt":{"rendered":"<p>{#keyoword#} Costa Azul \/ del este En cuanto a la navegaci\u00f3n esta zona, con unas condiciones meteor\u00f3logicas estables excepto cuando sopla el mistral, resulta menos exigente. Las bah\u00edas en que fondear son escasas, en cambio abundan los puertos y marinas en parte bastante cosmopolitas. El encanto principal de esta zona<\/p>\n","protected":false},"author":11,"featured_media":0,"parent":516,"menu_order":0,"comment_status":"open","ping_status":"open","template":"","meta":[],"aioseo_notices":[],"_links":{"self":[{"href":"https:\/\/yachtcharter-connection.com\/es\/wp-json\/wp\/v2\/pages\/648"}],"collection":[{"href":"https:\/\/yachtcharter-connection.com\/es\/wp-json\/wp\/v2\/pages"}],"about":[{"href":"https:\/\/yachtcharter-connection.com\/es\/wp-json\/wp\/v2\/types\/page"}],"author":[{"embeddable":true,"href":"https:\/\/yachtcharter-connection.com\/es\/wp-json\/wp\/v2\/users\/11"}],"replies":[{"embeddable":true,"href":"https:\/\/yachtcharter-connection.com\/es\/wp-json\/wp\/v2\/comments?post=648"}],"version-history":[{"count":1,"href":"https:\/\/yachtcharter-connection.com\/es\/wp-json\/wp\/v2\/pages\/648\/revisions"}],"predecessor-version":[{"id":14219,"href":"https:\/\/yachtcharter-connection.com\/es\/wp-json\/wp\/v2\/pages\/648\/revisions\/14219"}],"up":[{"embeddable":true,"href":"https:\/\/yachtcharter-connection.com\/es\/wp-json\/wp\/v2\/pages\/516"}],"wp:attachment":[{"href":"https:\/\/yachtcharter-connection.com\/es\/wp-json\/wp\/v2\/media?parent=648"}],"curies":[{"name":"wp","href":"https:\/\/api.w.org\/{rel}","templated":true}]}}