{"id":649,"date":"2015-08-10T05:53:37","date_gmt":"2015-08-10T05:53:37","guid":{"rendered":"http:\/\/yachtcharter-connection.com.w01e47c6.kasserver.com\/alquiler-barcos-adriatico-del-sud\/"},"modified":"2017-10-15T22:44:32","modified_gmt":"2017-10-15T20:44:32","slug":"alquiler-barcos-adriatico-del-sud","status":"publish","type":"page","link":"https:\/\/yachtcharter-connection.com\/es\/regiones\/mediterraneo\/alquiler-barcos-adriatico-del-sud\/","title":{"rendered":"Adri\u00e1tico \/ del sud"},"content":{"rendered":"<h3>Alquiler de barcos Mar Adri\u00e1tico del Sur<\/h3>\n<p>\n<img loading=\"lazy\" class=\"content-image\"  height=\"225\" width=\"300\" src=\"https:\/\/yachtcharter-connection.com\/wp-content\/uploads\/converted_files\/19039\/19039-5624b144d23d7.jpg\" alt=\"Navegar mar adri\u00e1tico del sur - Croacia - Dalmacia\" \/>Algunas de las aguas m\u00e1s hermosas del Mediterr\u00e1neo para viajar en ch\u00e1rter se pueden encontrar a lo largo de la costa meridional del mar adri\u00e1tico. Muchas bases de Alquiler de barcos se sit\u00faan en la costa de la Croacia en Dalmacia media y meridional. El peque\u00f1o pa\u00eds de Montenegro ofrece a m\u00e1s oportunidades para los marineros que hace algunos a\u00f1os &#8211; un pa\u00eds para los equipos  quienes explorar algo especial. <\/p>\n<p>Para informaciones m\u00e1s detalladas se puede tener una mirada en la descripci\u00f3n de <a target=\"_blank\" href=\"~\/Alquiler_barcos_croacia.html\">Croacia<\/a> y de <a target=\"_blank\" href=\"~\/Alquiler_barcos_montenegro.html\">Montenegro<\/a>.<\/p>\n<p><\/p>\n<table  class=\"RegionsAndSubregions\" cellspacing=\"0\" border=\"0\" style=\"border-collapse:collapse;\">\n<tbody>\n<tr>\n<td>\n<div class=\"SubregionRepeaterTitle\">\n<h2> Adri\u00e1tico \/ del sud <\/h2>\n<\/div>\n<div class=\"SmallLinks\">\n<ul>\n<li><a class=\"SmallLinks\" href=\"https:\/\/yachtcharter-connection.com\/baska-voda-397\" title=\"\"> Baska Voda <\/a><\/li>\n<li><a class=\"SmallLinks\" href=\"https:\/\/yachtcharter-connection.com\/alquiler-barcos-brac-milna-split\" title=\"\"> Brac \/ Milna (Split) <\/a><\/li>\n<li><a class=\"SmallLinks\" href=\"https:\/\/yachtcharter-connection.com\/dubrovnik-172\" title=\"\"> Dubrovnik <\/a><\/li>\n<li><a class=\"SmallLinks\" href=\"https:\/\/yachtcharter-connection.com\/alquiler-barcos-korcula\" title=\"\"> Korcula <\/a><\/li>\n<li><a class=\"SmallLinks\" href=\"https:\/\/yachtcharter-connection.com\/krvavica-858\" title=\"\"> Krvavica <\/a><\/li>\n<li><a class=\"SmallLinks\" href=\"https:\/\/yachtcharter-connection.com\/marinaana-240\" title=\"\"> Marina Agana <\/a><\/li>\n<li><a class=\"SmallLinks\" href=\"https:\/\/yachtcharter-connection.com\/marina-kastela-762\" title=\"\"> Marina Kastela <\/a><\/li>\n<li><a class=\"SmallLinks\" href=\"https:\/\/yachtcharter-connection.com\/marina-tu%c4%8depi-253\" title=\"\"> Marina Tu\u010depi <\/a><\/li>\n<li><a class=\"SmallLinks\" href=\"https:\/\/yachtcharter-connection.com\/montenegro-bar-501\" title=\"\"> Montenegro \/ Bar <\/a><\/li>\n<li><a class=\"SmallLinks\" href=\"https:\/\/yachtcharter-connection.com\/montenegro-budva-600\" title=\"\"> Montenegro \/ Budva <\/a><\/li>\n<li><a class=\"SmallLinks\" href=\"https:\/\/yachtcharter-connection.com\/montenegro-herzig-novi-276\" title=\"\"> Montenegro \/ Herzig Novi <\/a><\/li>\n<li><a class=\"SmallLinks\" href=\"https:\/\/yachtcharter-connection.com\/montenegro-kotor-177\" title=\"\"> Montenegro \/ Kotor <\/a><\/li>\n<li><a class=\"SmallLinks\" href=\"https:\/\/yachtcharter-connection.com\/montenegro-porto-montenegro-756\" title=\"\"> Montenegro \/ Porto Montenegro <\/a><\/li>\n<li><a class=\"SmallLinks\" href=\"https:\/\/yachtcharter-connection.com\/primosten-marina-kremik-172\" title=\"\"> Primosten \/ Marina Kremik <\/a><\/li>\n<li><a class=\"SmallLinks\" href=\"https:\/\/yachtcharter-connection.com\/rogoznica-827\" title=\"\"> Rogoznica <\/a><\/li>\n<li><a class=\"SmallLinks\" href=\"https:\/\/yachtcharter-connection.com\/skradin-334\" title=\"\"> Skradin <\/a><\/li>\n<li><a class=\"SmallLinks\" href=\"https:\/\/yachtcharter-connection.com\/solin-922\" title=\"\"> Solin <\/a><\/li>\n<li><a class=\"SmallLinks\" href=\"https:\/\/yachtcharter-connection.com\/solta-rogac-split-613\" title=\"\"> Solta \/ Rogac (Split) <\/a><\/li>\n<li><a class=\"SmallLinks\" href=\"https:\/\/yachtcharter-connection.com\/split-964\" title=\"\"> Split <\/a><\/li>\n<li><a class=\"SmallLinks\" href=\"https:\/\/yachtcharter-connection.com\/trogir-185\" title=\"\"> Trogir <\/a><\/li>\n<li><a class=\"SmallLinks\" href=\"https:\/\/yachtcharter-connection.com\/vieste-661\" title=\"\"> Vieste <\/a><\/li>\n<li><a class=\"SmallLinks\" href=\"https:\/\/yachtcharter-connection.com\/vinisce-937\" title=\"\"> Vinisce <\/a><\/li>\n<\/ul>\n<\/div>\n<\/td>\n<\/tr>\n<\/tbody>\n<\/table>\n","protected":false},"excerpt":{"rendered":"<p>Alquiler de barcos Mar Adri\u00e1tico del Sur Algunas de las aguas m\u00e1s hermosas del Mediterr\u00e1neo para viajar en ch\u00e1rter se pueden encontrar a lo largo de la costa meridional del mar adri\u00e1tico. Muchas bases de Alquiler de barcos se sit\u00faan en la costa de la Croacia en Dalmacia media y<\/p>\n","protected":false},"author":11,"featured_media":0,"parent":516,"menu_order":0,"comment_status":"open","ping_status":"open","template":"","meta":[],"aioseo_notices":[],"_links":{"self":[{"href":"https:\/\/yachtcharter-connection.com\/es\/wp-json\/wp\/v2\/pages\/649"}],"collection":[{"href":"https:\/\/yachtcharter-connection.com\/es\/wp-json\/wp\/v2\/pages"}],"about":[{"href":"https:\/\/yachtcharter-connection.com\/es\/wp-json\/wp\/v2\/types\/page"}],"author":[{"embeddable":true,"href":"https:\/\/yachtcharter-connection.com\/es\/wp-json\/wp\/v2\/users\/11"}],"replies":[{"embeddable":true,"href":"https:\/\/yachtcharter-connection.com\/es\/wp-json\/wp\/v2\/comments?post=649"}],"version-history":[{"count":1,"href":"https:\/\/yachtcharter-connection.com\/es\/wp-json\/wp\/v2\/pages\/649\/revisions"}],"predecessor-version":[{"id":14111,"href":"https:\/\/yachtcharter-connection.com\/es\/wp-json\/wp\/v2\/pages\/649\/revisions\/14111"}],"up":[{"embeddable":true,"href":"https:\/\/yachtcharter-connection.com\/es\/wp-json\/wp\/v2\/pages\/516"}],"wp:attachment":[{"href":"https:\/\/yachtcharter-connection.com\/es\/wp-json\/wp\/v2\/media?parent=649"}],"curies":[{"name":"wp","href":"https:\/\/api.w.org\/{rel}","templated":true}]}}