{"id":651,"date":"2015-08-10T05:53:37","date_gmt":"2015-08-10T03:53:37","guid":{"rendered":"http:\/\/yachtcharter-connection.com.w01e47c6.kasserver.com\/alquiler-barcos-canarias\/"},"modified":"2025-03-02T16:01:05","modified_gmt":"2025-03-02T14:01:05","slug":"alquiler-barcos-canarias","status":"publish","type":"page","link":"https:\/\/yachtcharter-connection.com\/es\/regiones\/atlantico-africa-occidental\/alquiler-barcos-canarias\/","title":{"rendered":"Canarias"},"content":{"rendered":"<h1>Alquiler de barcos Canarias<\/h1>\n<p>&nbsp;<\/p>\n<p><iframe loading=\"lazy\" width=\"100%\" height=\"1000\" frameborder=\"0\" scrolling=\"auto\" src=\"https:\/\/www.booking-manager.com\/wbm2\/page.html?companyid=662&amp;setlang=es&amp;bm_view=SearchResult&amp;filter_flexibility=in_year&amp;sortBy=11&amp;sortDirection=-1&amp;filter_region=14&amp;filter_country=ES\"><\/iframe><\/p>\n<p>&nbsp;<\/p>\n<p><a href=\"https:\/\/yachtcharter-connection.com\/wp-content\/uploads\/2015\/08\/Canary-Islands-Fuerteventura-Corralejo-view-to-Lanzarote800600.jpg\"><img loading=\"lazy\" class=\"alignleft size-full wp-image-25018\" src=\"https:\/\/yachtcharter-connection.com\/wp-content\/uploads\/2015\/08\/Canary-Islands-Fuerteventura-Corralejo-view-to-Lanzarote800600.jpg\" alt=\"Canary Islands Sailing\" width=\"600\" height=\"448\" srcset=\"https:\/\/yachtcharter-connection.com\/wp-content\/uploads\/2015\/08\/Canary-Islands-Fuerteventura-Corralejo-view-to-Lanzarote800600.jpg 600w, https:\/\/yachtcharter-connection.com\/wp-content\/uploads\/2015\/08\/Canary-Islands-Fuerteventura-Corralejo-view-to-Lanzarote800600-300x224.jpg 300w\" sizes=\"(max-width: 600px) 100vw, 600px\" \/><\/a>Un punto de encuentro para los aficionados a la vela son las Islas Canarias, regi\u00f3n de Alquiler de barcos muy interesante. Sobre todo en noviembre, cuando se re\u00fanen aqu\u00ed cientos de yates para atravesar juntos el Atl\u00e1ntico en direcci\u00f3n Santa Luc\u00eda con motivo de la Atlantic Rallye for Cruisers. Estas siete islas situadas frente a la costa africana fueron tambi\u00e9n lugar de parada para marineros y conquistadores en sus traves\u00edas rumbo al nuevo mundo. Desde Col\u00f3n hasta Sir Francis Drake.<\/p>\n<p>Pero todav\u00eda no se han convertido en un \u00e1rea de navegaci\u00f3n y Alquiler de barcos t\u00edpica. Pero hay cada vez m\u00e1s tripulaciones que disfrutan de la navegaci\u00f3n m\u00e1s dificil y exigente. Y la regi\u00f3n de Alquiler de barcos de las Islas Canarias es muy interesante tambi\u00e9n por los paisajes completamente diferentes en las islas, que por tanto, tambi\u00e9n ofrecen mucha variedad en la costa. Dunas, paseos de monta\u00f1a, el bullicio de la ciudad de Las Palmas o el pintoresco puerto de Puerto Mog\u00e1n en Gran Canaria, las cumbres nevadas del Teide, el pintoresco Puerto de la Cruz, las zonas tur\u00edsticas de compras o ciudades de sue\u00f1o como el Puerto de Los Abrigos en Tenerife , el volc\u00e1n y edificios fascinantes de C\u00e9sar Manrique en Lanzarote, paisajes des\u00e9rticos y las interminables playas de Fuerteventura y la naturaleza id\u00edlica de La Gomera, navegaci\u00f3n y observaci\u00f3n de ballenas entre las islas &#8211; hay bastante variedad!<\/p>\n<p><a href=\"https:\/\/yachtcharter-connection.com\/wp-content\/uploads\/2015\/08\/Canary-Islands-Tenerife-Marina-del-Sur800600.jpg\"><img loading=\"lazy\" class=\"alignleft size-full wp-image-25019\" src=\"https:\/\/yachtcharter-connection.com\/wp-content\/uploads\/2015\/08\/Canary-Islands-Tenerife-Marina-del-Sur800600.jpg\" alt=\"Canary-Islands-Tenerife-Marina-del-Sur800600\" width=\"600\" height=\"413\" srcset=\"https:\/\/yachtcharter-connection.com\/wp-content\/uploads\/2015\/08\/Canary-Islands-Tenerife-Marina-del-Sur800600.jpg 600w, https:\/\/yachtcharter-connection.com\/wp-content\/uploads\/2015\/08\/Canary-Islands-Tenerife-Marina-del-Sur800600-300x207.jpg 300w\" sizes=\"(max-width: 600px) 100vw, 600px\" \/><\/a>Las distancias son largas y requieren muy buena planificaci\u00f3n por los navegantes; y los vientos fuertes que soplan en la zona exigen un buen manejo del yate y cierta experiencia. Entre las islas se produce un efecto de reacci\u00f3n que hace que el viento sople con una intensidad de hasta 15 nudos m\u00e1s que en el mar abierto. Y esto hace que se genere tambi\u00e9n m\u00e1s oleaje. Adem\u00e1s apenas encontramos calas para fondear durante el viaje de ch\u00e1rter.<\/p>\n<p>Pero hoy a mucho m\u00e1s puertos deportivos equipado perfectamente para Alquiler de barcos que hace algunos a\u00f1os. Entonces los a quienes lo les gustan las distancias largas, pueden disfrutar de un viaje en ch\u00e1rter c\u00f3modo alrededor una de las grandes islas, amarrar en otros puertos cada noche y explorar la isla.<\/p>\n<p>Lo bueno despu\u00e9s de un d\u00eda tan intenso es que la tripulaci\u00f3n se ve premiada con una cena excelente; porque en todos los puertos hallamos una enorme selecci\u00f3n de restaurantes que en Canarias son, en su mayor\u00eda, buenos y baratos y ofrecen exquisitos platos de pescado, filetes a un precio m\u00e1s que aceptable, y las famosas papas arrugadas, patatas cocidas con sal marina y acompa\u00f1adas de mojo. Y como las Canarias todav\u00eda cuentan con un estatus especial dentro de la Uni\u00f3n Europea, da gusto ir de compras.<\/p>\n<p>Las bases de ch\u00e1rter de yates Islas Canarias con muchos veleros est\u00e1n en Gran Canaria en <a href=\"https:\/\/yachtcharter-connection.com\/es\/regiones\/atlantico-africa-occidental\/alquiler-barcos-canarias\/gran-canaria-las-palmas-de-gran-canaria-271\/\" target=\"_blank\" rel=\"noopener\">Las Palmas<\/a> , en Tenerife en <a href=\"~\/Alquiler_barcos_espana\/tenerife_santa_cruz_de_tenerife.html\" target=\"_blank\" rel=\"noopener\">Santa Cruz<\/a> o en el <a href=\"https:\/\/yachtcharter-connection.com\/es\/regiones\/atlantico-africa-occidental\/alquiler-barcos-canarias\/puerto-deportivo-radazul\/\" target=\"_blank\" rel=\"noopener\">Puerto Deportivo Radazul <\/a>muy cerca de Santa Cruz, , en<a href=\"https:\/\/yachtcharter-connection.com\/es\/regiones\/atlantico-africa-occidental\/alquiler-barcos-canarias\/tenerife-san-miguel-535\/\" target=\"_blank\" rel=\"noopener\"> San Miguel<\/a> y en <a href=\"https:\/\/yachtcharter-connection.com\/es\/regiones\/atlantico-africa-occidental\/alquiler-barcos-canarias\/tenerife-arona-las-galletas-562\/\" target=\"_blank\" rel=\"noopener\">Marina del Sur &#8211; Las Galletas<\/a> ; en Lanzarote en <a href=\"https:\/\/yachtcharter-connection.com\/es\/regiones\/atlantico-africa-occidental\/alquiler-barcos-canarias\/alquiler-barcos-lanzarote-arrecife\/\" target=\"_blank\" rel=\"noopener\">Arrecife<\/a>, <a href=\"https:\/\/yachtcharter-connection.com\/es\/regiones\/atlantico-africa-occidental\/alquiler-barcos-canarias\/lanzarote-puerto-calero-125\/\" target=\"_blank\" rel=\"noopener\">Puerto Calero<\/a> y en la <a href=\"https:\/\/yachtcharter-connection.com\/es\/regiones\/atlantico-africa-occidental\/alquiler-barcos-canarias\/lanzarote-marina-rubicon-576\/\" target=\"_blank\" rel=\"noopener\">Marina Rubic\u00f3n<\/a>. La red de amarres para Alquiler de barcos fue y sigue siendo ampliada con fuerza.<\/p>\n<p>&nbsp;<\/p>\n<table class=\"RegionsAndSubregions\" style=\"border-collapse: collapse;\" border=\"0\" cellspacing=\"0\">\n<tbody>\n<tr>\n<td>\n<div class=\"SubregionRepeaterTitle\">\n<h2>Canarias<\/h2>\n<\/div>\n<div class=\"SmallLinks\">\n<ul>\n<li><a class=\"SmallLinks\" title=\"\" href=\"https:\/\/yachtcharter-connection.com\/azores-isla-del-pico\"> Azores \/ Isla del Pico <\/a><\/li>\n<li><a class=\"SmallLinks\" title=\"\" href=\"https:\/\/yachtcharter-connection.com\/azores-st-miguel-724\"> Azores \/ St. Miguel <\/a><\/li>\n<li><a class=\"SmallLinks\" title=\"\" href=\"https:\/\/yachtcharter-connection.com\/gran-canaria-las-palmas-de-gran-canaria-271\"> Gran Canaria \/ Las Palmas de Gran Canaria <\/a><\/li>\n<li><a class=\"SmallLinks\" title=\"\" href=\"https:\/\/yachtcharter-connection.com\/gran-canaria-puerto-de-mogan-993\"> Gran Canaria \/ Puerto de Mogan <\/a><\/li>\n<li><a class=\"SmallLinks\" title=\"\" href=\"https:\/\/yachtcharter-connection.com\/gran-canaria-puerto-rico-549\"> Gran Canaria \/ Puerto Rico <\/a><\/li>\n<li><a class=\"SmallLinks\" title=\"\" href=\"https:\/\/yachtcharter-connection.com\/la-gomera-san-sebastian-506\"> La Gomera \/ San Sebasti\u00e0n <\/a><\/li>\n<li><a class=\"SmallLinks\" title=\"\" href=\"https:\/\/yachtcharter-connection.com\/alquiler-barcos-lanzarote-arrecife\"> Lanzarote \/ Arrecife <\/a><\/li>\n<li><a class=\"SmallLinks\" title=\"\" href=\"https:\/\/yachtcharter-connection.com\/alquiler-barcos-lanzarote-isla-graciosa-caleta-de-sebo\"> Lanzarote \/ Isla Graciosa \/ Caleta de Sebo <\/a><\/li>\n<li><a class=\"SmallLinks\" title=\"\" href=\"https:\/\/yachtcharter-connection.com\/lanzarote-marina-rubicon-576\"> Lanzarote \/ Marina Rubicon <\/a><\/li>\n<li><a class=\"SmallLinks\" title=\"\" href=\"https:\/\/yachtcharter-connection.com\/lanzarote-puerto-calero-125\"> Lanzarote \/ Puerto Calero <\/a><\/li>\n<li><a class=\"SmallLinks\" title=\"\" href=\"https:\/\/yachtcharter-connection.com\/las-palmas-251\"> Las Palmas <\/a><\/li>\n<li><a class=\"SmallLinks\" title=\"\" href=\"https:\/\/yachtcharter-connection.com\/alquiler-barcos-madeira-funchal\"> Madeira \/ Funchal <\/a><\/li>\n<li><a class=\"SmallLinks\" title=\"\" href=\"https:\/\/yachtcharter-connection.com\/puerto-deportivo-radazul\"> Puerto Deportivo Radazul <\/a><\/li>\n<li><a class=\"SmallLinks\" title=\"\" href=\"https:\/\/yachtcharter-connection.com\/tenerife-arona-las-galletas-562\"> Tenerife \/ Las Galletas <\/a><\/li>\n<li><a class=\"SmallLinks\" title=\"\" href=\"https:\/\/yachtcharter-connection.com\/tenerife-puerto-colon-541\"> Tenerife \/ Puerto Colon <\/a><\/li>\n<li><a class=\"SmallLinks\" title=\"\" href=\"https:\/\/yachtcharter-connection.com\/tenerife-san-miguel-535\"> Tenerife \/ San Miguel <\/a><\/li>\n<li><a class=\"SmallLinks\" title=\"\" href=\"https:\/\/yachtcharter-connection.com\/tenerife-santa-cruz-de-tenerife-997\"> Tenerife \/ Santa Cruz de Tenerife <\/a><\/li>\n<\/ul>\n<\/div>\n<\/td>\n<\/tr>\n<\/tbody>\n<\/table>\n","protected":false},"excerpt":{"rendered":"<p>Alquiler de barcos Canarias &nbsp; &nbsp; Un punto de encuentro para los aficionados a la vela son las Islas Canarias, regi\u00f3n de Alquiler de barcos muy interesante. Sobre todo en noviembre, cuando se re\u00fanen aqu\u00ed cientos de yates para atravesar juntos el Atl\u00e1ntico en direcci\u00f3n Santa Luc\u00eda con motivo de<\/p>\n","protected":false},"author":11,"featured_media":0,"parent":517,"menu_order":0,"comment_status":"open","ping_status":"closed","template":"","meta":[],"aioseo_notices":[],"_links":{"self":[{"href":"https:\/\/yachtcharter-connection.com\/es\/wp-json\/wp\/v2\/pages\/651"}],"collection":[{"href":"https:\/\/yachtcharter-connection.com\/es\/wp-json\/wp\/v2\/pages"}],"about":[{"href":"https:\/\/yachtcharter-connection.com\/es\/wp-json\/wp\/v2\/types\/page"}],"author":[{"embeddable":true,"href":"https:\/\/yachtcharter-connection.com\/es\/wp-json\/wp\/v2\/users\/11"}],"replies":[{"embeddable":true,"href":"https:\/\/yachtcharter-connection.com\/es\/wp-json\/wp\/v2\/comments?post=651"}],"version-history":[{"count":5,"href":"https:\/\/yachtcharter-connection.com\/es\/wp-json\/wp\/v2\/pages\/651\/revisions"}],"predecessor-version":[{"id":31274,"href":"https:\/\/yachtcharter-connection.com\/es\/wp-json\/wp\/v2\/pages\/651\/revisions\/31274"}],"up":[{"embeddable":true,"href":"https:\/\/yachtcharter-connection.com\/es\/wp-json\/wp\/v2\/pages\/517"}],"wp:attachment":[{"href":"https:\/\/yachtcharter-connection.com\/es\/wp-json\/wp\/v2\/media?parent=651"}],"curies":[{"name":"wp","href":"https:\/\/api.w.org\/{rel}","templated":true}]}}