{"id":652,"date":"2015-08-10T05:53:37","date_gmt":"2015-08-10T05:53:37","guid":{"rendered":"http:\/\/yachtcharter-connection.com.w01e47c6.kasserver.com\/alquiler-barcos-baltico-del-sudoeste\/"},"modified":"2016-10-29T19:07:14","modified_gmt":"2016-10-29T17:07:14","slug":"alquiler-barcos-baltico-del-sudoeste","status":"publish","type":"page","link":"https:\/\/yachtcharter-connection.com\/es\/regiones\/mar-baltico\/alquiler-barcos-baltico-del-sudoeste\/","title":{"rendered":"B\u00e1ltico \/ del sudoeste"},"content":{"rendered":"<h3>Alquiler de barcos Mar B\u00e1ltico del Suroeste &#8211; Alemania<\/h3>\n<p>\n<img loading=\"lazy\" class=\"content-image\"  width=\"300\" height=\"193\" src=\"https:\/\/yachtcharter-connection.com\/wp-content\/uploads\/converted_files\/19048\/19048-5624b15a9c5e2.jpg\" alt=\"Mar B\u00e1ltico Aleman\" \/>La zona preferida para el turismo de Alquiler de barcos en Alemania es la costa del Mar B\u00e1ltico &#8211; especialmente popular entre los equipos de ch\u00e1rter de Alemania y de la Scandinavia. Sin embargo, la costa est\u00e1 a m\u00e1s de 2000 kil\u00f3metros: Un poco m\u00e1s de 500 kil\u00f3metros mide la costa de Schleswig-Holstein, y casi 1500 kil\u00f3metros de la costa de Mecklemburgo-Pomerania Occidental, que ha mejorado de forma espectacular desde la apertura de las fronteras, la infraestructura para el turismo de Alquiler de barcos.<\/p>\n<p>Las oportunidades para el Alquiler de barcos se han vuelto mucho m\u00e1s diversa: si el patr\u00f3n va a tomar su yate de ch\u00e1rter en eel sur del Mar B\u00e1ltico, lus cruceros de Alquiler de barcos a menudo son dirigidos al Mar del Sur dan\u00e9s &#8211; si la base de Alquiler de barcos est\u00e1 m\u00e1s en la zona del este, se viaja tambien a Polonia o a Bornholm: la zona de Alquiler de barcos del Mar B\u00e1ltico ofrece oportunidades suficientes para de todos los viajes en ch\u00e1rter &#8211; y muchas veces el tiempo es mejor que su reputaci\u00f3n. As\u00ed, en el a\u00f1o 2009, el Dar\u00df (Dar\u00dfer Ort &#8211; puerto de refugio) y la isla de Fehmarn, fueron los lugares m\u00e1s soleados de Alemania.<\/p>\n<p>Los equipos de Alquiler de barcos encontran Un mont\u00f3n de espacio en numerosos puertos deportivos modernos. Muchos ofrecen &#8211; adem\u00e1s de la oferta habitual de Alquiler de barcos &#8211; instalaciones especiales para los ni\u00f1os, las redes WiFi y las oportunidades de recreaci\u00f3n. Las ciudades hist\u00f3ricas hanse\u00e1ticas de L\u00fcbeck, Wismar, Rostock, Stralsund y Greifswald tambi\u00e9n invitan a explorar el pa\u00eds como los balnearios modernos y pintorescos pueblos y el entorno natural impresionante, como en R\u00fcgen. Los equipos de Alquiler de barcos est\u00e1n muy bien protegidos en la r\u00eda de Schlei, en los fiordos de Flensburg y Kiel y en la bah\u00eda de L\u00fcbeck o en las lagunas al este, las largas distancias desde el puerto deportivo m\u00e1s pr\u00f3ximo bien equipado para el turismo de Alquiler de barcos debe ser completado principalmente hacia el este entre Rostock y Stralsund.<\/p>\n<p>La oferta de Alquiler de barcos especialmente de yates de vela en el Mar B\u00e1ltico alem\u00e1n es enorme: las mayores bases de Alquiler de barcos en la parte occidental est\u00e1n en el fiordo de Flensburg, en Burgtiefe en la isla de Fehmarn, en Kiel, L\u00fcbeck y Heiligenhafen &#8211; en la parte oriental la mayor\u00eda de los vacacionistas de {#keyword\u00e4} toman sus veleros en Ruegen en Lauterbach o Breege, en Stralsund y Greifswald. Tambi\u00e9n en Kappeln, Eckernf\u00f6rde, Rostock, Wismar y otros puertos de la zona de Alquiler de barcos del Mar B\u00e1ltico Aleman hay ofertas de Alquiler de barcos.<\/p>\n<p><\/p>\n<table  class=\"RegionsAndSubregions\" cellspacing=\"0\" border=\"0\" style=\"border-collapse:collapse;\">\n<tbody>\n<tr>\n<td>\n<div class=\"SubregionRepeaterTitle\">\n<h2> B\u00e1ltico \/ del sudoeste <\/h2>\n<\/div>\n<div class=\"SmallLinks\">\n<ul>\n<li><a class=\"SmallLinks\" href=\"https:\/\/yachtcharter-connection.com\/aabenraa-denmark-823\" title=\"\"> Aabenraa Denmark <\/a><\/li>\n<li><a class=\"SmallLinks\" href=\"https:\/\/yachtcharter-connection.com\/eckernf%c3%b6rde-162\" title=\"\"> Eckernf\u00f6rde <\/a><\/li>\n<li><a class=\"SmallLinks\" href=\"https:\/\/yachtcharter-connection.com\/fehmarn-burgtiefe-432\" title=\"\"> Fehmarn \/ Burgtiefe <\/a><\/li>\n<li><a class=\"SmallLinks\" href=\"https:\/\/yachtcharter-connection.com\/flensburg-275\" title=\"\"> Flensburg <\/a><\/li>\n<li><a class=\"SmallLinks\" href=\"https:\/\/yachtcharter-connection.com\/greifswald-194\" title=\"\"> Greifswald <\/a><\/li>\n<li><a class=\"SmallLinks\" href=\"https:\/\/yachtcharter-connection.com\/alquiler-barcos-gro%c3%9fenbrode-heiligenhafen\" title=\"\"> Gro\u00dfenbrode (Heiligenhafen) <\/a><\/li>\n<li><a class=\"SmallLinks\" href=\"https:\/\/yachtcharter-connection.com\/heiligenhafen-148\" title=\"\"> Heiligenhafen <\/a><\/li>\n<li><a class=\"SmallLinks\" href=\"https:\/\/yachtcharter-connection.com\/kappeln-771\" title=\"\"> Kappeln <\/a><\/li>\n<li><a class=\"SmallLinks\" href=\"https:\/\/yachtcharter-connection.com\/kiel-184\" title=\"\"> Kiel <\/a><\/li>\n<li><a class=\"SmallLinks\" href=\"https:\/\/yachtcharter-connection.com\/l%c3%bcbeck-528\" title=\"\"> L\u00fcbeck <\/a><\/li>\n<li><a class=\"SmallLinks\" href=\"https:\/\/yachtcharter-connection.com\/marina-minde-502\" title=\"\"> Marina Minde <\/a><\/li>\n<li><a class=\"SmallLinks\" href=\"https:\/\/yachtcharter-connection.com\/neustadt-681\" title=\"\"> Neustadt <\/a><\/li>\n<li><a class=\"SmallLinks\" href=\"https:\/\/yachtcharter-connection.com\/rostock-948\" title=\"\"> Rostock <\/a><\/li>\n<li><a class=\"SmallLinks\" href=\"https:\/\/yachtcharter-connection.com\/r%c3%bcgen-glowe-749\" title=\"\"> R\u00fcgen \/ Glowe <\/a><\/li>\n<li><a class=\"SmallLinks\" href=\"https:\/\/yachtcharter-connection.com\/r%c3%bcgen-lauterbach-436\" title=\"\"> R\u00fcgen \/ Lauterbach <\/a><\/li>\n<li><a class=\"SmallLinks\" href=\"https:\/\/yachtcharter-connection.com\/r%c3%bcgen-schaprode-352\" title=\"\"> R\u00fcgen \/ Schaprode <\/a><\/li>\n<li><a class=\"SmallLinks\" href=\"https:\/\/yachtcharter-connection.com\/r%c3%bcgen-breege-828\" title=\"\"> R\u00fcgen\/Breege <\/a><\/li>\n<li><a class=\"SmallLinks\" href=\"https:\/\/yachtcharter-connection.com\/stralsund-136\" title=\"\"> Stralsund <\/a><\/li>\n<li><a class=\"SmallLinks\" href=\"https:\/\/yachtcharter-connection.com\/alquiler-barcos-usedom-%c5%9bwinouj%c5%9bcie\" title=\"\"> Usedom \/ \u015awinouj\u015bcie <\/a><\/li>\n<li><a class=\"SmallLinks\" href=\"https:\/\/yachtcharter-connection.com\/wismar-375\" title=\"\"> Wismar <\/a><\/li>\n<\/ul>\n<\/div>\n<\/td>\n<\/tr>\n<\/tbody>\n<\/table>\n","protected":false},"excerpt":{"rendered":"<p>Alquiler de barcos Mar B\u00e1ltico del Suroeste &#8211; Alemania La zona preferida para el turismo de Alquiler de barcos en Alemania es la costa del Mar B\u00e1ltico &#8211; especialmente popular entre los equipos de ch\u00e1rter de Alemania y de la Scandinavia. Sin embargo, la costa est\u00e1 a m\u00e1s de 2000<\/p>\n","protected":false},"author":11,"featured_media":0,"parent":520,"menu_order":0,"comment_status":"open","ping_status":"open","template":"","meta":[],"aioseo_notices":[],"_links":{"self":[{"href":"https:\/\/yachtcharter-connection.com\/es\/wp-json\/wp\/v2\/pages\/652"}],"collection":[{"href":"https:\/\/yachtcharter-connection.com\/es\/wp-json\/wp\/v2\/pages"}],"about":[{"href":"https:\/\/yachtcharter-connection.com\/es\/wp-json\/wp\/v2\/types\/page"}],"author":[{"embeddable":true,"href":"https:\/\/yachtcharter-connection.com\/es\/wp-json\/wp\/v2\/users\/11"}],"replies":[{"embeddable":true,"href":"https:\/\/yachtcharter-connection.com\/es\/wp-json\/wp\/v2\/comments?post=652"}],"version-history":[{"count":1,"href":"https:\/\/yachtcharter-connection.com\/es\/wp-json\/wp\/v2\/pages\/652\/revisions"}],"predecessor-version":[{"id":13995,"href":"https:\/\/yachtcharter-connection.com\/es\/wp-json\/wp\/v2\/pages\/652\/revisions\/13995"}],"up":[{"embeddable":true,"href":"https:\/\/yachtcharter-connection.com\/es\/wp-json\/wp\/v2\/pages\/520"}],"wp:attachment":[{"href":"https:\/\/yachtcharter-connection.com\/es\/wp-json\/wp\/v2\/media?parent=652"}],"curies":[{"name":"wp","href":"https:\/\/api.w.org\/{rel}","templated":true}]}}