{"id":654,"date":"2015-08-10T05:53:37","date_gmt":"2015-08-10T05:53:37","guid":{"rendered":"http:\/\/yachtcharter-connection.com.w01e47c6.kasserver.com\/alquiler-barcos-leewards-y-windwards\/"},"modified":"2017-10-29T15:30:46","modified_gmt":"2017-10-29T13:30:46","slug":"alquiler-barcos-leewards-y-windwards","status":"publish","type":"page","link":"https:\/\/yachtcharter-connection.com\/es\/regiones\/caribe\/alquiler-barcos-leewards-y-windwards\/","title":{"rendered":"Leewards y Windwards"},"content":{"rendered":"<h1>Alquiler de barcos Antilles Menores &#8211; Islas de Sotavento y Barlovento<\/h1>\n<p><a href=\"https:\/\/yachtcharter-connection.com\/wp-content\/uploads\/2015\/08\/Caribbean-yacht-charters.jpg\"><img loading=\"lazy\" class=\"alignleft size-full wp-image-25492\" src=\"https:\/\/yachtcharter-connection.com\/wp-content\/uploads\/2015\/08\/Caribbean-yacht-charters.jpg\" alt=\"Caribbean-yacht-charters\" width=\"500\" height=\"375\" srcset=\"https:\/\/yachtcharter-connection.com\/wp-content\/uploads\/2015\/08\/Caribbean-yacht-charters.jpg 500w, https:\/\/yachtcharter-connection.com\/wp-content\/uploads\/2015\/08\/Caribbean-yacht-charters-300x225.jpg 300w\" sizes=\"(max-width: 500px) 100vw, 500px\" \/><\/a>Las Antillas Menores, empezando de norte a sur con las Islas de Sotavento: Las Islas V\u00edrgenes Estadounidenses como St. Thomas, St. Croix y St. John son una zona muy apreciada por los navegantes de Estados Unidos, &#8211; muchos yates de lujo, megayates y catamaranes de lujo tienen su puerto base en estos US Virgin Islands.\u00a0 Las <a href=\"https:\/\/yachtcharter-connection.com\/es\/paises\/alquiler-barcos-islas-britanicas-de-la-virgen\/\" target=\"_blank\"><u>Islas V\u00edrgenes Brit\u00e1nicas<\/u><\/a> son fabulosas y por su tama\u00f1o un \u00e1rea de navegaci\u00f3n sin l\u00edmites que adem\u00e1s es muy segura y se adapta muy bien a las necesidades de navegantes inexpertos. Las grandes empresas de Alquiler de barcos tienen sus flotas estacionadas en la capital, Road Town, o cerca de \u00e9sta, aunque tambi\u00e9n en T\u00f3rtola.<\/p>\n<p>La Isla de San Mart\u00edn, llamada <a href=\"https:\/\/yachtcharter-connection.com\/es\/paises\/alquiler-barcos-guadalupe\/\" target=\"_blank\"><u>St. Martin<\/u><\/a> o <a href=\"https:\/\/yachtcharter-connection.com\/es\/paises\/alquiler-barcos-netherlands-antilles\/\" target=\"_blank\"><u>Sint Maarten<\/u><\/a> es dividida en zona francesa y zona holandesa, St. Martin es parte de Guadelupe, Sint Maarten parte de las Antillas Holandesas. Hay muchas bases de alquiler de barcos en San Mart\u00edn \/ Sint Maarten:\u00a0 en Marigot, en Oyster Pond y en la Anse Marcel. Y muchos yates de lujo y catamaranes con tripulaci\u00f3n tienen tambi\u00e9n su puerto base all\u00ed. Las rutas m\u00e1s importantes que parten de la Isla de San Mart\u00edn se dirigen a San Bartolom\u00e9, Anguila, Saba, San Eustaquio, San Crist\u00f3bal y Nieves o a la Isla de Montserrat. Hay quien desde aqu\u00ed navega incluso hasta<a href=\"https:\/\/yachtcharter-connection.com\/es\/paises\/alquiler-barcos-antigua\/\" target=\"_blank\"> <u>Antigua y Barbuda<\/u><\/a> o a la isla m\u00e1s meridional de las Islas de Sotavento, <a href=\"https:\/\/yachtcharter-connection.com\/es\/paises\/alquiler-barcos-guadalupe\/\" target=\"_blank\"><u>Guadalupe<\/u><\/a>. Si lo desea, normalmente puede elegir hacer s\u00f3lo la traves\u00eda de ida, pero tanto en Antigua como en Guadalupe, en Pointe-\u00e0-Pitre, tambi\u00e9n se puede alquilar directamente un yate ch\u00e1rter. Para los que aman la naturaleza suele ser muy interesante tambi\u00e9n la Isla Dominica.<\/p>\n<p>La mayor\u00eda de las bases de alquiler de barcos sin patr\u00f3n en las Islas de Barlovento se encuentran en la <a href=\"https:\/\/yachtcharter-connection.com\/es\/paises\/alquiler-barcos-martinica\/\" target=\"_blank\"><u>Martinica<\/u><\/a>: en Fort de France en el oeste, y en Le Marin en el sur. \u00c9ste es un buen punto de partida para navegar en direcci\u00f3n sur v\u00eda <a href=\"https:\/\/yachtcharter-connection.com\/es\/paises\/alquiler-barcos-saint-lucia\/\" target=\"_blank\"><u>Santa Luc\u00eda<\/u><\/a> hasta <a href=\"https:\/\/yachtcharter-connection.com\/es\/paises\/alquiler-barcos-saint-vincent-and-the-grenadines\/\" target=\"_blank\"><u>San Vicente y Las Granadinas<\/u><\/a> o incluso hasta la Isla de Grenada. En la Isla de la Uni\u00f3n (Union Island) y en <a href=\"https:\/\/yachtcharter-connection.com\/es\/paises\/alquiler-barcos-grenada\/\" target=\"_blank\"><u>Grenada<\/u><\/a> tambi\u00e9n hay empresas ch\u00e1rter.<\/p>\n<p>Los destinos de alquiler de barcos m\u00e1s exoticos de las Antillas Menores son\u00a0 Curacao, la Isla Margarita o Los Roques en Venezuela o Trinidad &amp; Tobago: all\u00ed no hay barcos de alquiler sin patr\u00f3n, y muy pocos yates con tripulaci\u00f3n.<\/p>\n<p>&nbsp;<\/p>\n<h2><strong>Yates de alquiler Caribe &#8211; Antillas Menores &#8211; Islas de Sotavento &amp; Barlovento:<\/strong><\/h2>\n<p><strong>Existen importantes flotas de alquiler de barcos con veleros y catamaranes para ch\u00e1rter sin tripulaci\u00f3n en Caribe que no figuran en nuestro Yachtfinder. Solicite ofertas. Y, por supuesto, estaremos encantados de enviarle ofertas para los yates de alquiler de lujo m\u00e1s bellos con tripulaci\u00f3n en esta \u00e1rea tambi\u00e9n.<\/strong><\/p>\n<h2>\n<strong>Alquiler de yates de lujo: Antillas Menores &#8211; Islas de Sotavento &amp; Barlovento:<\/strong><\/h2>\n<p><strong><a href=\"https:\/\/yachtcharter-connection.com\/wp-content\/uploads\/2014\/07\/Luxury-yacht-charters-Caribbean600.jpg\"><img loading=\"lazy\" class=\"alignleft  wp-image-25235\" src=\"https:\/\/yachtcharter-connection.com\/wp-content\/uploads\/2014\/07\/Luxury-yacht-charters-Caribbean600.jpg\" alt=\"Yates de lujo de ch\u00e1rter Antillas Menores\" width=\"499\" height=\"328\" srcset=\"https:\/\/yachtcharter-connection.com\/wp-content\/uploads\/2014\/07\/Luxury-yacht-charters-Caribbean600.jpg 600w, https:\/\/yachtcharter-connection.com\/wp-content\/uploads\/2014\/07\/Luxury-yacht-charters-Caribbean600-300x197.jpg 300w\" sizes=\"(max-width: 499px) 100vw, 499px\" \/><\/a>Las Antillas Menores, las Islas de Sotavento y Barlovento, son un destino muy popular para las vacaciones en ch\u00e1rter a bordo de yates de lujo, superyates o catamaranes con tripulaci\u00f3n. Aqu\u00ed puede encontrar m\u00e1s <span style=\"color: #0000ff;\"><a style=\"color: #0000ff;\" href=\"https:\/\/yachtcharter-connection.com\/es\/yates-de-lujo\/\" target=\"_blank\">informaci\u00f3n sobre charters de yates de lujo.<\/a><\/span> Estaremos encantados de organizar su charter de yate de lujo en Caribe &#8211; \u00a1preg\u00fantenos por ofertas!<\/strong><\/p>\n<p>&nbsp;<\/p>\n<table class=\"RegionsAndSubregions\" style=\"border-collapse: collapse;\" border=\"0\" cellspacing=\"0\">\n<tbody>\n<tr>\n<td>\n<div class=\"SubregionRepeaterTitle\">\n<h2>Leewards y Windwards<\/h2>\n<\/div>\n<div class=\"SmallLinks\">\n<ul>\n<li><a class=\"SmallLinks\" title=\"\" href=\"https:\/\/yachtcharter-connection.com\/antigua-637\"> Antigua <\/a><\/li>\n<li><a class=\"SmallLinks\" title=\"\" href=\"https:\/\/yachtcharter-connection.com\/bequia-616\"> Bequia <\/a><\/li>\n<li><a class=\"SmallLinks\" title=\"\" href=\"https:\/\/yachtcharter-connection.com\/bonaire-280\"> Bonaire <\/a><\/li>\n<li><a class=\"SmallLinks\" title=\"\" href=\"https:\/\/yachtcharter-connection.com\/canouan-608\"> Canouan <\/a><\/li>\n<li><a class=\"SmallLinks\" title=\"\" href=\"https:\/\/yachtcharter-connection.com\/curacao-willemstad-392\"> Cura\u00e7ao \/ Willemstad <\/a><\/li>\n<li><a class=\"SmallLinks\" title=\"\" href=\"https:\/\/yachtcharter-connection.com\/grenada-st-george-675\"> Grenada \/ St. George <\/a><\/li>\n<li><a class=\"SmallLinks\" title=\"\" href=\"https:\/\/yachtcharter-connection.com\/guadeloupe-point-a-pitre-439\"> Guadeloupe \/ Point-a-Pitre <\/a><\/li>\n<li><a class=\"SmallLinks\" title=\"\" href=\"https:\/\/yachtcharter-connection.com\/isla-margarita\"> Isla Margarita <\/a><\/li>\n<li><a class=\"SmallLinks\" title=\"\" href=\"https:\/\/yachtcharter-connection.com\/martinique-fort-de-france-499\"> Martinique \/ Fort de France <\/a><\/li>\n<li><a class=\"SmallLinks\" title=\"\" href=\"https:\/\/yachtcharter-connection.com\/martinique-fort-de-france-919\"> Martinique \/ Fort-de-France <\/a><\/li>\n<li><a class=\"SmallLinks\" title=\"\" href=\"https:\/\/yachtcharter-connection.com\/martinique-le-marin-610\"> Martinique \/ Le Marin <\/a><\/li>\n<li><a class=\"SmallLinks\" title=\"\" href=\"https:\/\/yachtcharter-connection.com\/puerto-la-cruz-los-roques-964\"> Puerto la cruz \/ Los Roques <\/a><\/li>\n<li><a class=\"SmallLinks\" title=\"\" href=\"https:\/\/yachtcharter-connection.com\/republica-dominicana-marina-casa-de-campo\"> Rep\u00fablica Dominicana \/ Marina Casa de Campo <\/a><\/li>\n<li><a class=\"SmallLinks\" title=\"\" href=\"https:\/\/yachtcharter-connection.com\/republica-dominicana-puerto-bahia-de-samana\"> Rep\u00fablica Dominicana \/ Puerto Bahia de Samana <\/a><\/li>\n<li><a class=\"SmallLinks\" title=\"\" href=\"https:\/\/yachtcharter-connection.com\/saint-vincent-293\"> Saint Vincent <\/a><\/li>\n<li><a class=\"SmallLinks\" title=\"\" href=\"https:\/\/yachtcharter-connection.com\/st-lucia-146\"> St. Lucia <\/a><\/li>\n<li><a class=\"SmallLinks\" title=\"\" href=\"https:\/\/yachtcharter-connection.com\/st-martin-anse-marcel-542\"> St. Martin \/ Anse Marcel <\/a><\/li>\n<li><a class=\"SmallLinks\" title=\"\" href=\"https:\/\/yachtcharter-connection.com\/st-martin-marigot-286\"> St. Martin \/ Marigot <\/a><\/li>\n<li><a class=\"SmallLinks\" title=\"\" href=\"https:\/\/yachtcharter-connection.com\/st-martin-oyster-pond-499\"> St. Martin \/ Oyster Pond <\/a><\/li>\n<li><a class=\"SmallLinks\" title=\"\" href=\"https:\/\/yachtcharter-connection.com\/tortola-road-town-944\"> Tortola \/ Road Town <\/a><\/li>\n<li><a class=\"SmallLinks\" title=\"\" href=\"https:\/\/yachtcharter-connection.com\/trinidad-chaguaramas-266\"> Trinidad \/ Chaguaramas <\/a><\/li>\n<li><a class=\"SmallLinks\" title=\"\" href=\"https:\/\/yachtcharter-connection.com\/union-island-clifton-habour-213\"> Union Island \/ Clifton Habour <\/a><\/li>\n<\/ul>\n<\/div>\n<\/td>\n<\/tr>\n<\/tbody>\n<\/table>\n","protected":false},"excerpt":{"rendered":"<p>Alquiler de barcos Antilles Menores &#8211; Islas de Sotavento y Barlovento Las Antillas Menores, empezando de norte a sur con las Islas de Sotavento: Las Islas V\u00edrgenes Estadounidenses como St. Thomas, St. Croix y St. John son una zona muy apreciada por los navegantes de Estados Unidos, &#8211; muchos yates<\/p>\n","protected":false},"author":11,"featured_media":0,"parent":515,"menu_order":0,"comment_status":"open","ping_status":"open","template":"","meta":[],"aioseo_notices":[],"_links":{"self":[{"href":"https:\/\/yachtcharter-connection.com\/es\/wp-json\/wp\/v2\/pages\/654"}],"collection":[{"href":"https:\/\/yachtcharter-connection.com\/es\/wp-json\/wp\/v2\/pages"}],"about":[{"href":"https:\/\/yachtcharter-connection.com\/es\/wp-json\/wp\/v2\/types\/page"}],"author":[{"embeddable":true,"href":"https:\/\/yachtcharter-connection.com\/es\/wp-json\/wp\/v2\/users\/11"}],"replies":[{"embeddable":true,"href":"https:\/\/yachtcharter-connection.com\/es\/wp-json\/wp\/v2\/comments?post=654"}],"version-history":[{"count":3,"href":"https:\/\/yachtcharter-connection.com\/es\/wp-json\/wp\/v2\/pages\/654\/revisions"}],"predecessor-version":[{"id":25498,"href":"https:\/\/yachtcharter-connection.com\/es\/wp-json\/wp\/v2\/pages\/654\/revisions\/25498"}],"up":[{"embeddable":true,"href":"https:\/\/yachtcharter-connection.com\/es\/wp-json\/wp\/v2\/pages\/515"}],"wp:attachment":[{"href":"https:\/\/yachtcharter-connection.com\/es\/wp-json\/wp\/v2\/media?parent=654"}],"curies":[{"name":"wp","href":"https:\/\/api.w.org\/{rel}","templated":true}]}}