{"id":655,"date":"2015-08-10T05:53:37","date_gmt":"2015-08-10T05:53:37","guid":{"rendered":"http:\/\/yachtcharter-connection.com.w01e47c6.kasserver.com\/alquiler-barcos-seychelles-archipielago\/"},"modified":"2016-10-29T22:09:10","modified_gmt":"2016-10-29T20:09:10","slug":"alquiler-barcos-seychelles-archipielago","status":"publish","type":"page","link":"https:\/\/yachtcharter-connection.com\/es\/regiones\/oceano-indio\/alquiler-barcos-seychelles-archipielago\/","title":{"rendered":"Seychelles Archipi\u00e9lago"},"content":{"rendered":"<h3>Alquiler de barcos Seychelles Archipi\u00e9lago<\/h3>\n<p>\n<img loading=\"lazy\" class=\"content-image\"  height=\"190\" width=\"300\" src=\"https:\/\/yachtcharter-connection.com\/wp-content\/uploads\/converted_files\/19057\/19057-5624b16b31e46.jpg\" alt=\"\" \/>El clima tropical del archipi\u00e9lago de Seychelles y las islas m\u00e1s hermosas invitan a la navegaci\u00f3n a trav\u00e9s del a\u00f1o &#8211; no hay temporada de huracanes. Las temperaturas del aire tienen entre 25 y 30 grados, el agua es perfecta para la nataci\u00f3n y bucear con temperatures entre 24 y 29 grados. Solamente en agosto los vientos soplar\u00e1n con los velocidades hasta 20 &#8211; 25 nudos, de mayo hasta mediados de octubre los vientos del alisio del sureste generalmente tienen cerca de 15 nudos. A partir de diciembre hasta  el marzo los vientos de la monz\u00f3n vienen del noroeste con cerca de 10 nudos &#8211; y entre diciembre y febrero usted tiene que contar con alguna ducha. <\/p>\n<p>La base de Alquiler de barcos para comenzar su viaje en ch\u00e1rter ser\u00e1 Victoria en la isla de Mah\u00e9 o Praslin (hay vuelos cortos entre Mah\u00e9 y Praslin). De Mah\u00e9 usted podr\u00eda cruzar entre las islas internas, estando situadas todo en distancias de no m\u00e1s de 60 millas de Mah\u00e9. Los puntos culminantes de su viaje ser\u00e1n las paradas en la isla Silhouette con una selva tropical grande, Bird Island con las playas arenosas largas y millares de p\u00e1jaros, La Digue que se llama las islas m\u00e1s hermosas debido a las playas blancas y las rocas fascinadoras y Cousin island con una reserva de naturaleza para las tortugas. <\/p>\n<p>Las islas externas Amirantes, Aldabra y Farquhar se sit\u00faan en la distancia de 120 a 700 millas de Mah\u00e9 &#8211; la navegaci\u00f3n aqu\u00ed es un poco m\u00e1s dificil y hay las reglas especiales para fondear en algunas de las bah\u00edas. Lea m\u00e1s sobre la navegaci\u00f3n de las <a href=\"~\/Alquiler_barcos_seychelles.html\" target=\"_blank\">Seychelles<\/a>. <\/p>\n<p><\/p>\n<table  class=\"RegionsAndSubregions\" cellspacing=\"0\" border=\"0\" style=\"border-collapse:collapse;\">\n<tbody>\n<tr>\n<td>\n<div class=\"SubregionRepeaterTitle\">\n<h2> Seychelles Archipi\u00e9lago <\/h2>\n<\/div>\n<div class=\"SmallLinks\">\n<ul>\n<li><a class=\"SmallLinks\" href=\"https:\/\/yachtcharter-connection.com\/roche-caiman-victoria-295\" title=\"\"> Roche Caiman \/ Victoria <\/a><\/li>\n<li><a class=\"SmallLinks\" href=\"https:\/\/yachtcharter-connection.com\/seychelles-mahe-881\" title=\"\"> Seychelles \/ Mahe <\/a><\/li>\n<li><a class=\"SmallLinks\" href=\"https:\/\/yachtcharter-connection.com\/seychelles-praslin-525\" title=\"\"> Seychelles \/ Praslin <\/a><\/li>\n<\/ul>\n<\/div>\n<\/td>\n<\/tr>\n<\/tbody>\n<\/table>\n","protected":false},"excerpt":{"rendered":"<p>Alquiler de barcos Seychelles Archipi\u00e9lago El clima tropical del archipi\u00e9lago de Seychelles y las islas m\u00e1s hermosas invitan a la navegaci\u00f3n a trav\u00e9s del a\u00f1o &#8211; no hay temporada de huracanes. Las temperaturas del aire tienen entre 25 y 30 grados, el agua es perfecta para la nataci\u00f3n y bucear<\/p>\n","protected":false},"author":11,"featured_media":0,"parent":518,"menu_order":0,"comment_status":"open","ping_status":"open","template":"","meta":[],"aioseo_notices":[],"_links":{"self":[{"href":"https:\/\/yachtcharter-connection.com\/es\/wp-json\/wp\/v2\/pages\/655"}],"collection":[{"href":"https:\/\/yachtcharter-connection.com\/es\/wp-json\/wp\/v2\/pages"}],"about":[{"href":"https:\/\/yachtcharter-connection.com\/es\/wp-json\/wp\/v2\/types\/page"}],"author":[{"embeddable":true,"href":"https:\/\/yachtcharter-connection.com\/es\/wp-json\/wp\/v2\/users\/11"}],"replies":[{"embeddable":true,"href":"https:\/\/yachtcharter-connection.com\/es\/wp-json\/wp\/v2\/comments?post=655"}],"version-history":[{"count":1,"href":"https:\/\/yachtcharter-connection.com\/es\/wp-json\/wp\/v2\/pages\/655\/revisions"}],"predecessor-version":[{"id":14445,"href":"https:\/\/yachtcharter-connection.com\/es\/wp-json\/wp\/v2\/pages\/655\/revisions\/14445"}],"up":[{"embeddable":true,"href":"https:\/\/yachtcharter-connection.com\/es\/wp-json\/wp\/v2\/pages\/518"}],"wp:attachment":[{"href":"https:\/\/yachtcharter-connection.com\/es\/wp-json\/wp\/v2\/media?parent=655"}],"curies":[{"name":"wp","href":"https:\/\/api.w.org\/{rel}","templated":true}]}}