{"id":657,"date":"2015-08-10T05:53:37","date_gmt":"2015-08-10T05:53:37","guid":{"rendered":"http:\/\/yachtcharter-connection.com.w01e47c6.kasserver.com\/alquiler-barcos-tailandia-761\/"},"modified":"2016-10-29T22:09:12","modified_gmt":"2016-10-29T20:09:12","slug":"alquiler-barcos-tailandia-761","status":"publish","type":"page","link":"https:\/\/yachtcharter-connection.com\/es\/regiones\/oceano-indio\/alquiler-barcos-tailandia-761\/","title":{"rendered":"Tailandia"},"content":{"rendered":"<h3>Alquiler de barcos Tailandia<\/h3>\n<p>\n<img loading=\"lazy\" class=\"content-image\"  height=\"225\" width=\"300\" src=\"https:\/\/yachtcharter-connection.com\/wp-content\/uploads\/converted_files\/19063\/19063-5624b16e253a1.jpg\" alt=\"Navegar_Tailandia\" \/>Paisajes fascinadores, rocas extra\u00f1as, la mejor cocina tailandesa incluso en aldeas m\u00e1s peque\u00f1as, gente amistosa, bajos costos en tierra&hellip; Tailandia ofrece todo que les gusta a los navegantes. Lee por favor m\u00e1s sobre la navegaci\u00f3n y Alquiler de barcos en <a href=\"~\/Alquiler_barcos_tailandia.html\" target=\"_blank\">Tailandia<\/a> &#8211; y cont\u00e1ctenos tambi\u00e9n para los viajes unidireccionales entre Tailandia y Malasia. <\/p>\n<table  class=\"RegionsAndSubregions\" cellspacing=\"0\" border=\"0\" style=\"border-collapse:collapse;\">\n<tbody>\n<tr>\n<td>\n<div class=\"SubregionRepeaterTitle\">\n<h2> Tailandia <\/h2>\n<\/div>\n<div class=\"SmallLinks\">\n<ul>\n<li><a class=\"SmallLinks\" href=\"https:\/\/yachtcharter-connection.com\/hua-hin-586\" title=\"\"> Hua Hin <\/a><\/li>\n<li><a class=\"SmallLinks\" href=\"https:\/\/yachtcharter-connection.com\/ko-chang-ao-salak-phed-820\" title=\"\"> Ko Chang \/ Ao Salak Phed <\/a><\/li>\n<li><a class=\"SmallLinks\" href=\"https:\/\/yachtcharter-connection.com\/phuket-ao-chalong-269\" title=\"\"> Phuket \/ Ao Chalong <\/a><\/li>\n<li><a class=\"SmallLinks\" href=\"https:\/\/yachtcharter-connection.com\/alquiler-barcos-phuket-ao-po-grand-marina\" title=\"\"> Phuket \/ Ao Po Grand Marina <\/a><\/li>\n<li><a class=\"SmallLinks\" href=\"https:\/\/yachtcharter-connection.com\/phuket-boat-lagoon-783\" title=\"\"> Phuket \/ Boat Lagoon <\/a><\/li>\n<li><a class=\"SmallLinks\" href=\"https:\/\/yachtcharter-connection.com\/phuket-laem-phrao-965\" title=\"\"> Phuket \/ Laem Phrao <\/a><\/li>\n<li><a class=\"SmallLinks\" href=\"https:\/\/yachtcharter-connection.com\/phuket-yacht-haven-marina-286\" title=\"\"> Phuket \/ Yacht Haven Marina <\/a><\/li>\n<\/ul>\n<\/div>\n<\/td>\n<\/tr>\n<\/tbody>\n<\/table>\n","protected":false},"excerpt":{"rendered":"<p>Alquiler de barcos Tailandia Paisajes fascinadores, rocas extra\u00f1as, la mejor cocina tailandesa incluso en aldeas m\u00e1s peque\u00f1as, gente amistosa, bajos costos en tierra&hellip; Tailandia ofrece todo que les gusta a los navegantes. Lee por favor m\u00e1s sobre la navegaci\u00f3n y Alquiler de barcos en Tailandia &#8211; y cont\u00e1ctenos tambi\u00e9n para<\/p>\n","protected":false},"author":11,"featured_media":0,"parent":518,"menu_order":0,"comment_status":"open","ping_status":"open","template":"","meta":[],"aioseo_notices":[],"_links":{"self":[{"href":"https:\/\/yachtcharter-connection.com\/es\/wp-json\/wp\/v2\/pages\/657"}],"collection":[{"href":"https:\/\/yachtcharter-connection.com\/es\/wp-json\/wp\/v2\/pages"}],"about":[{"href":"https:\/\/yachtcharter-connection.com\/es\/wp-json\/wp\/v2\/types\/page"}],"author":[{"embeddable":true,"href":"https:\/\/yachtcharter-connection.com\/es\/wp-json\/wp\/v2\/users\/11"}],"replies":[{"embeddable":true,"href":"https:\/\/yachtcharter-connection.com\/es\/wp-json\/wp\/v2\/comments?post=657"}],"version-history":[{"count":1,"href":"https:\/\/yachtcharter-connection.com\/es\/wp-json\/wp\/v2\/pages\/657\/revisions"}],"predecessor-version":[{"id":14449,"href":"https:\/\/yachtcharter-connection.com\/es\/wp-json\/wp\/v2\/pages\/657\/revisions\/14449"}],"up":[{"embeddable":true,"href":"https:\/\/yachtcharter-connection.com\/es\/wp-json\/wp\/v2\/pages\/518"}],"wp:attachment":[{"href":"https:\/\/yachtcharter-connection.com\/es\/wp-json\/wp\/v2\/media?parent=657"}],"curies":[{"name":"wp","href":"https:\/\/api.w.org\/{rel}","templated":true}]}}