{"id":659,"date":"2015-08-10T05:53:37","date_gmt":"2015-08-10T05:53:37","guid":{"rendered":"http:\/\/yachtcharter-connection.com.w01e47c6.kasserver.com\/alquiler-barcos-egeo-esporadas\/"},"modified":"2016-10-29T22:01:50","modified_gmt":"2016-10-29T20:01:50","slug":"alquiler-barcos-egeo-esporadas","status":"publish","type":"page","link":"https:\/\/yachtcharter-connection.com\/es\/regiones\/mediterraneo\/alquiler-barcos-egeo-esporadas\/","title":{"rendered":"Egeo \/ Esporadas"},"content":{"rendered":"<h3>Alquiler de barcos Egeo \/ Esp\u00f3radas<\/h3>\n<p>\n<img loading=\"lazy\" class=\"content-image\"  height=\"225\" width=\"300\" alt=\"Navegar_Grecia_Esporadas\" src=\"https:\/\/yachtcharter-connection.com\/wp-content\/uploads\/converted_files\/19069\/19069-5624b170de99a.jpg\" \/>Las Esp\u00f3radas est\u00e1n situadas en el noroeste del Egeo, y se ven menos azotadas por los temidos vientos fuertes. Aqu\u00ed, como en la zona del Mar J\u00f3nico, navegantes menos expertos y familias, se encuentran m\u00e1s c\u00f3modos que en otras \u00e1reas. Las distancias son abarcables y no hace falta emprender etapas largas ni pernoctar. El paisaje no tiene nada que ver con el de las C\u00edcladas. Aqu\u00ed todo es m\u00e1s verde y las numerosas playas de arena resultan muy seductoras en verano.  <\/p>\n<p>Las Esp\u00f3radas son una \u00e1rea de navegaci\u00f3n fabulosa; en Skiathos, la isla principal, encontramos muchos yates ch\u00e1rter, bellas calas, y vecinas como Skopelos, Alonisos, P\u00e9lagos o Skiros. En el norte tambi\u00e9n hay numerosas islas deshabitadas como Peristera, Yioura, o Piperi. En temporada alta encontramos una gran oferta tur\u00edstica; en temporada baja, s\u00f3lo hay tripulantes de yates y nativos. Las playas de Skiathos y Skopelos se cuentan entre las m\u00e1s bellas del Egeo. Las Esp\u00f3radas orientales, Lesbos, Limnos y Qu\u00edos, est\u00e1n ya casi en la costa de Turqu\u00eda. <\/p>\n<p><\/p>\n<table  class=\"RegionsAndSubregions\" cellspacing=\"0\" border=\"0\" style=\"border-collapse:collapse;\">\n<tbody>\n<tr>\n<td>\n<div class=\"SubregionRepeaterTitle\">\n<h2> Egeo \/ Esporadas <\/h2>\n<\/div>\n<div class=\"SmallLinks\">\n<ul>\n<li><a class=\"SmallLinks\" href=\"https:\/\/yachtcharter-connection.com\/alquiler-barcos-chalkidiki-nea-moudania\" title=\"\"> Chalkidiki \/ Nea Moudania <\/a><\/li>\n<li><a class=\"SmallLinks\" href=\"https:\/\/yachtcharter-connection.com\/chalkidiki-porto-carras-150\" title=\"\"> Chalkidiki \/ Porto Carras <\/a><\/li>\n<li><a class=\"SmallLinks\" href=\"https:\/\/yachtcharter-connection.com\/chalkidiki-porto-koufo-569\" title=\"\"> Chalkidiki \/ Porto Koufo <\/a><\/li>\n<li><a class=\"SmallLinks\" href=\"https:\/\/yachtcharter-connection.com\/nea-marmara-444\" title=\"\"> Nea Marmara <\/a><\/li>\n<li><a class=\"SmallLinks\" href=\"https:\/\/yachtcharter-connection.com\/porto-koufo\" title=\"\"> Porto Koufo <\/a><\/li>\n<li><a class=\"SmallLinks\" href=\"https:\/\/yachtcharter-connection.com\/skiathos-798\" title=\"\"> Skiathos <\/a><\/li>\n<li><a class=\"SmallLinks\" href=\"https:\/\/yachtcharter-connection.com\/thessaloniki-kalamaria-911\" title=\"\"> Thessaloniki \/ Kalamaria <\/a><\/li>\n<li><a class=\"SmallLinks\" href=\"https:\/\/yachtcharter-connection.com\/volos-116\" title=\"\"> Volos <\/a><\/li>\n<\/ul>\n<\/div>\n<\/td>\n<\/tr>\n<\/tbody>\n<\/table>\n","protected":false},"excerpt":{"rendered":"<p>Alquiler de barcos Egeo \/ Esp\u00f3radas Las Esp\u00f3radas est\u00e1n situadas en el noroeste del Egeo, y se ven menos azotadas por los temidos vientos fuertes. Aqu\u00ed, como en la zona del Mar J\u00f3nico, navegantes menos expertos y familias, se encuentran m\u00e1s c\u00f3modos que en otras \u00e1reas. Las distancias son abarcables<\/p>\n","protected":false},"author":11,"featured_media":0,"parent":516,"menu_order":0,"comment_status":"open","ping_status":"open","template":"","meta":[],"aioseo_notices":[],"_links":{"self":[{"href":"https:\/\/yachtcharter-connection.com\/es\/wp-json\/wp\/v2\/pages\/659"}],"collection":[{"href":"https:\/\/yachtcharter-connection.com\/es\/wp-json\/wp\/v2\/pages"}],"about":[{"href":"https:\/\/yachtcharter-connection.com\/es\/wp-json\/wp\/v2\/types\/page"}],"author":[{"embeddable":true,"href":"https:\/\/yachtcharter-connection.com\/es\/wp-json\/wp\/v2\/users\/11"}],"replies":[{"embeddable":true,"href":"https:\/\/yachtcharter-connection.com\/es\/wp-json\/wp\/v2\/comments?post=659"}],"version-history":[{"count":1,"href":"https:\/\/yachtcharter-connection.com\/es\/wp-json\/wp\/v2\/pages\/659\/revisions"}],"predecessor-version":[{"id":14307,"href":"https:\/\/yachtcharter-connection.com\/es\/wp-json\/wp\/v2\/pages\/659\/revisions\/14307"}],"up":[{"embeddable":true,"href":"https:\/\/yachtcharter-connection.com\/es\/wp-json\/wp\/v2\/pages\/516"}],"wp:attachment":[{"href":"https:\/\/yachtcharter-connection.com\/es\/wp-json\/wp\/v2\/media?parent=659"}],"curies":[{"name":"wp","href":"https:\/\/api.w.org\/{rel}","templated":true}]}}