{"id":661,"date":"2015-08-10T05:53:37","date_gmt":"2015-08-10T05:53:37","guid":{"rendered":"http:\/\/yachtcharter-connection.com.w01e47c6.kasserver.com\/alquiler-barcos-western-sweden-bohuslan\/"},"modified":"2016-10-29T19:07:38","modified_gmt":"2016-10-29T17:07:38","slug":"alquiler-barcos-western-sweden-bohuslan","status":"publish","type":"page","link":"https:\/\/yachtcharter-connection.com\/es\/regiones\/mar-baltico\/alquiler-barcos-western-sweden-bohuslan\/","title":{"rendered":"Western Sweden \/ Bohuslan"},"content":{"rendered":"<h3>Alquiler de barcos Mar Baltico &#8211; Suecia del oeste<\/h3>\n<p><img loading=\"lazy\" class=\"content-image\"  height=\"200\" width=\"300\" src=\"https:\/\/yachtcharter-connection.com\/wp-content\/uploads\/converted_files\/19075\/19075-5624b17238bf6.jpg\" alt=\"Mar Baltico - oeste de Suecia\" \/><\/p>\n<p><\/p>\n<table  class=\"RegionsAndSubregions\" cellspacing=\"0\" border=\"0\" style=\"border-collapse:collapse;\">\n<tbody>\n<tr>\n<td>\n<div class=\"SubregionRepeaterTitle\">\n<h2> Western Sweden \/ Bohuslan <\/h2>\n<\/div>\n<div class=\"SmallLinks\">\n<ul>\n<li><a class=\"SmallLinks\" href=\"https:\/\/yachtcharter-connection.com\/fiskeb%c3%a4ckskil-252\" title=\"\"> Fiskeb\u00e4ckskil <\/a><\/li>\n<li><a class=\"SmallLinks\" href=\"https:\/\/yachtcharter-connection.com\/fj%c3%a4llbacka-394\" title=\"\"> Fj\u00e4llbacka <\/a><\/li>\n<li><a class=\"SmallLinks\" href=\"https:\/\/yachtcharter-connection.com\/g%c3%b6teborg\" title=\"\"> G\u00f6teborg <\/a><\/li>\n<li><a class=\"SmallLinks\" href=\"https:\/\/yachtcharter-connection.com\/g%c3%b6teborg-ahlstr%c3%b6ms-pir\" title=\"\"> G\u00f6teborg \/ Ahlstr\u00f6ms Pir <\/a><\/li>\n<li><a class=\"SmallLinks\" href=\"https:\/\/yachtcharter-connection.com\/g%c3%b6teborg-amund%c3%b6n\" title=\"\"> G\u00f6teborg \/ Amund\u00f6n <\/a><\/li>\n<li><a class=\"SmallLinks\" href=\"https:\/\/yachtcharter-connection.com\/g%c3%b6teborg-bj%c3%b6rland-kile\" title=\"\"> G\u00f6teborg \/ Bj\u00f6rland Kile <\/a><\/li>\n<li><a class=\"SmallLinks\" href=\"https:\/\/yachtcharter-connection.com\/alquiler-barcos-g%c3%b6teborg-city-marina\" title=\"\"> G\u00f6teborg \/ City Marina <\/a><\/li>\n<li><a class=\"SmallLinks\" href=\"https:\/\/yachtcharter-connection.com\/g%c3%b6teborg-fiskeb%c3%a4ck\" title=\"\"> G\u00f6teborg \/ Fiskeb\u00e4ck <\/a><\/li>\n<li><a class=\"SmallLinks\" href=\"https:\/\/yachtcharter-connection.com\/g%c3%b6teborg-h%c3%a4ls%c3%b6\" title=\"\"> G\u00f6teborg \/ H\u00e4ls\u00f6 <\/a><\/li>\n<li><a class=\"SmallLinks\" href=\"https:\/\/yachtcharter-connection.com\/g%c3%b6teborg-hinsholmen\" title=\"\"> G\u00f6teborg \/ Hinsholmen <\/a><\/li>\n<li><a class=\"SmallLinks\" href=\"https:\/\/yachtcharter-connection.com\/g%c3%b6teborg-h%c3%b6n%c3%b6-r%c3%b6d\" title=\"\"> G\u00f6teborg \/ H\u00f6n\u00f6 R\u00f6d <\/a><\/li>\n<li><a class=\"SmallLinks\" href=\"https:\/\/yachtcharter-connection.com\/g%c3%b6teborg-hovas\" title=\"\"> G\u00f6teborg \/ Hovas <\/a><\/li>\n<li><a class=\"SmallLinks\" href=\"https:\/\/yachtcharter-connection.com\/g%c3%b6teborg-klippan\" title=\"\"> G\u00f6teborg \/ Klippan <\/a><\/li>\n<li><a class=\"SmallLinks\" href=\"https:\/\/yachtcharter-connection.com\/g%c3%b6teborg-kullavik\" title=\"\"> G\u00f6teborg \/ Kullavik <\/a><\/li>\n<li><a class=\"SmallLinks\" href=\"https:\/\/yachtcharter-connection.com\/g%c3%b6teborg-langedrag\" title=\"\"> G\u00f6teborg \/ L\u00e5ngedrag <\/a><\/li>\n<li><a class=\"SmallLinks\" href=\"https:\/\/yachtcharter-connection.com\/g%c3%b6teborg-lerkil\" title=\"\"> G\u00f6teborg \/ Lerkil <\/a><\/li>\n<li><a class=\"SmallLinks\" href=\"https:\/\/yachtcharter-connection.com\/g%c3%b6teborg-lindholmen\" title=\"\"> G\u00f6teborg \/ Lindholmen <\/a><\/li>\n<li><a class=\"SmallLinks\" href=\"https:\/\/yachtcharter-connection.com\/g%c3%b6teborg-malevik\" title=\"\"> G\u00f6teborg \/ Malevik <\/a><\/li>\n<li><a class=\"SmallLinks\" href=\"https:\/\/yachtcharter-connection.com\/g%c3%b6teborg-marina-eriksberg\" title=\"\"> G\u00f6teborg \/ Marina Eriksberg <\/a><\/li>\n<li><a class=\"SmallLinks\" href=\"https:\/\/yachtcharter-connection.com\/g%c3%b6teborg-n%c3%a4set\" title=\"\"> G\u00f6teborg \/ N\u00e4set <\/a><\/li>\n<li><a class=\"SmallLinks\" href=\"https:\/\/yachtcharter-connection.com\/g%c3%b6teborg-%c3%b6nnered\" title=\"\"> G\u00f6teborg \/ \u00d6nnered <\/a><\/li>\n<li><a class=\"SmallLinks\" href=\"https:\/\/yachtcharter-connection.com\/g%c3%b6teborg-saltholmen\" title=\"\"> G\u00f6teborg \/ Saltholmen <\/a><\/li>\n<li><a class=\"SmallLinks\" href=\"https:\/\/yachtcharter-connection.com\/g%c3%b6teborg-tangudden\" title=\"\"> G\u00f6teborg \/ Tangudden <\/a><\/li>\n<li><a class=\"SmallLinks\" href=\"https:\/\/yachtcharter-connection.com\/g%c3%b6teborg-tj%c3%b6rn\" title=\"\"> G\u00f6teborg \/ Tj\u00f6rn <\/a><\/li>\n<li><a class=\"SmallLinks\" href=\"https:\/\/yachtcharter-connection.com\/g%c3%b6teborg-yttre-saltholmen\" title=\"\"> G\u00f6teborg \/ Yttre Saltholmen <\/a><\/li>\n<li><a class=\"SmallLinks\" href=\"https:\/\/yachtcharter-connection.com\/grebbestad-717\" title=\"\"> Grebbestad <\/a><\/li>\n<li><a class=\"SmallLinks\" href=\"https:\/\/yachtcharter-connection.com\/halden-729\" title=\"\"> Halden <\/a><\/li>\n<li><a class=\"SmallLinks\" href=\"https:\/\/yachtcharter-connection.com\/helsingborg-896\" title=\"\"> Helsingborg <\/a><\/li>\n<li><a class=\"SmallLinks\" href=\"https:\/\/yachtcharter-connection.com\/k%c3%a4llviken-978\" title=\"\"> K\u00e4llviken <\/a><\/li>\n<li><a class=\"SmallLinks\" href=\"https:\/\/yachtcharter-connection.com\/karlshamn-437\" title=\"\"> Karlshamn <\/a><\/li>\n<li><a class=\"SmallLinks\" href=\"https:\/\/yachtcharter-connection.com\/karlskrona-941\" title=\"\"> Karlskrona <\/a><\/li>\n<li><a class=\"SmallLinks\" href=\"https:\/\/yachtcharter-connection.com\/kl%c3%a4desholmen-131\" title=\"\"> Kl\u00e4desholmen <\/a><\/li>\n<li><a class=\"SmallLinks\" href=\"https:\/\/yachtcharter-connection.com\/kungshamn-944\" title=\"\"> Kungshamn <\/a><\/li>\n<li><a class=\"SmallLinks\" href=\"https:\/\/yachtcharter-connection.com\/lysekil-243\" title=\"\"> Lysekil <\/a><\/li>\n<li><a class=\"SmallLinks\" href=\"https:\/\/yachtcharter-connection.com\/lysekil-ormestad-699\" title=\"\"> Lysekil \/ Ormestad <\/a><\/li>\n<li><a class=\"SmallLinks\" href=\"https:\/\/yachtcharter-connection.com\/marstrand-925\" title=\"\"> Marstrand <\/a><\/li>\n<li><a class=\"SmallLinks\" href=\"https:\/\/yachtcharter-connection.com\/moll%c3%b6sund-118\" title=\"\"> Moll\u00f6sund <\/a><\/li>\n<li><a class=\"SmallLinks\" href=\"https:\/\/yachtcharter-connection.com\/orust-allmag-534\" title=\"\"> Orust \/ Allmag <\/a><\/li>\n<li><a class=\"SmallLinks\" href=\"https:\/\/yachtcharter-connection.com\/orust-ell%c3%b6s-332\" title=\"\"> Orust \/ Ell\u00f6s <\/a><\/li>\n<li><a class=\"SmallLinks\" href=\"https:\/\/yachtcharter-connection.com\/skagen-294\" title=\"\"> Skagen <\/a><\/li>\n<li><a class=\"SmallLinks\" href=\"https:\/\/yachtcharter-connection.com\/sk%c3%a4rhamn-367\" title=\"\"> Sk\u00e4rhamn <\/a><\/li>\n<li><a class=\"SmallLinks\" href=\"https:\/\/yachtcharter-connection.com\/stenungssund-498\" title=\"\"> Stenungssund <\/a><\/li>\n<li><a class=\"SmallLinks\" href=\"https:\/\/yachtcharter-connection.com\/stenungsund-asker%c3%b6n-128\" title=\"\"> Stenungsund \/ Asker\u00f6n <\/a><\/li>\n<li><a class=\"SmallLinks\" href=\"https:\/\/yachtcharter-connection.com\/tj%c3%b6rn-bj%c3%b6rholmen-163\" title=\"\"> Tj\u00f6rn \/ Bj\u00f6rholmen <\/a><\/li>\n<li><a class=\"SmallLinks\" href=\"https:\/\/yachtcharter-connection.com\/tj%c3%b6rn-mossholmen-221\" title=\"\"> Tj\u00f6rn \/ Mossholmen <\/a><\/li>\n<li><a class=\"SmallLinks\" href=\"https:\/\/yachtcharter-connection.com\/tj%c3%b6rn-myggen%c3%a4s-110\" title=\"\"> Tj\u00f6rn \/ Myggen\u00e4s <\/a><\/li>\n<li><a class=\"SmallLinks\" href=\"https:\/\/yachtcharter-connection.com\/tj%c3%b6rn-r%c3%b6nn%c3%a4ng-817\" title=\"\"> Tj\u00f6rn \/ R\u00f6nn\u00e4ng <\/a><\/li>\n<li><a class=\"SmallLinks\" href=\"https:\/\/yachtcharter-connection.com\/tj%c3%b6rn-sk%c3%a4rhamn-568\" title=\"\"> Tj\u00f6rn \/ Sk\u00e4rhamn <\/a><\/li>\n<li><a class=\"SmallLinks\" href=\"https:\/\/yachtcharter-connection.com\/uddevalla-k%c3%a4llviken-970\" title=\"\"> Uddevalla \/ K\u00e4llviken <\/a><\/li>\n<li><a class=\"SmallLinks\" href=\"https:\/\/yachtcharter-connection.com\/wallhamn-marina-748\" title=\"\"> Wallhamn Marina <\/a><\/li>\n<\/ul>\n<\/div>\n<\/td>\n<\/tr>\n<\/tbody>\n<\/table>\n","protected":false},"excerpt":{"rendered":"<p>Alquiler de barcos Mar Baltico &#8211; Suecia del oeste Western Sweden \/ Bohuslan Fiskeb\u00e4ckskil Fj\u00e4llbacka G\u00f6teborg G\u00f6teborg \/ Ahlstr\u00f6ms Pir G\u00f6teborg \/ Amund\u00f6n G\u00f6teborg \/ Bj\u00f6rland Kile G\u00f6teborg \/ City Marina G\u00f6teborg \/ Fiskeb\u00e4ck G\u00f6teborg \/ H\u00e4ls\u00f6 G\u00f6teborg \/ Hinsholmen G\u00f6teborg \/ H\u00f6n\u00f6 R\u00f6d G\u00f6teborg \/ Hovas G\u00f6teborg \/ Klippan<\/p>\n","protected":false},"author":11,"featured_media":0,"parent":520,"menu_order":0,"comment_status":"open","ping_status":"open","template":"","meta":[],"aioseo_notices":[],"_links":{"self":[{"href":"https:\/\/yachtcharter-connection.com\/es\/wp-json\/wp\/v2\/pages\/661"}],"collection":[{"href":"https:\/\/yachtcharter-connection.com\/es\/wp-json\/wp\/v2\/pages"}],"about":[{"href":"https:\/\/yachtcharter-connection.com\/es\/wp-json\/wp\/v2\/types\/page"}],"author":[{"embeddable":true,"href":"https:\/\/yachtcharter-connection.com\/es\/wp-json\/wp\/v2\/users\/11"}],"replies":[{"embeddable":true,"href":"https:\/\/yachtcharter-connection.com\/es\/wp-json\/wp\/v2\/comments?post=661"}],"version-history":[{"count":1,"href":"https:\/\/yachtcharter-connection.com\/es\/wp-json\/wp\/v2\/pages\/661\/revisions"}],"predecessor-version":[{"id":14040,"href":"https:\/\/yachtcharter-connection.com\/es\/wp-json\/wp\/v2\/pages\/661\/revisions\/14040"}],"up":[{"embeddable":true,"href":"https:\/\/yachtcharter-connection.com\/es\/wp-json\/wp\/v2\/pages\/520"}],"wp:attachment":[{"href":"https:\/\/yachtcharter-connection.com\/es\/wp-json\/wp\/v2\/media?parent=661"}],"curies":[{"name":"wp","href":"https:\/\/api.w.org\/{rel}","templated":true}]}}