{"id":662,"date":"2015-08-10T05:53:37","date_gmt":"2015-08-10T05:53:37","guid":{"rendered":"http:\/\/yachtcharter-connection.com.w01e47c6.kasserver.com\/alquiler-barcos-adriatico-norte\/"},"modified":"2017-10-15T22:36:43","modified_gmt":"2017-10-15T20:36:43","slug":"alquiler-barcos-adriatico-norte","status":"publish","type":"page","link":"https:\/\/yachtcharter-connection.com\/es\/regiones\/mediterraneo\/alquiler-barcos-adriatico-norte\/","title":{"rendered":"Adri\u00e1tico \/ Norte"},"content":{"rendered":"<h3>Alquiler de barcos Mar Adri\u00e1tico \/ Norte<\/h3>\n<p><img loading=\"lazy\" class=\"content-image\"  height=\"307\" width=\"300\" src=\"https:\/\/yachtcharter-connection.com\/wp-content\/uploads\/converted_files\/19078\/19078-5624b1733a181.jpg\" alt=\"Navegar mar adri\u00e1tico del norte\" \/>Las zonas de navegaci\u00f3n del Mar Adri\u00e1tico del Norte se reparten entre Italia, Slovenia y Croacia: con Istria al norte, el golfo de Kvarner, y el grupo de islas Kornati y las D\u00e1lmatas del Norte. <\/p>\n<p>El clima es mediterr\u00e1neo, muy suave, y el momento ideal para navegar se da entre mayo y septiembre. Encontramos aqu\u00ed tres vientos esenciales: el mistral, que sopla del noroeste y que suele dar como resultado un tiempo agradable, el yugo, m\u00e1s c\u00e1lido, que procede del sur, y al que tambi\u00e9n se conoce como siroco, y el bora, un viento del norte o noreste, m\u00e1s intenso, sobre todo en la zona de altas presiones de los Balcanes. Cuidado porque aqu\u00ed son frecuentes las r\u00e1fagas intensas y las tempestades. El bora puede venir acompa\u00f1ado de tormenta, aunque no siempre; tambi\u00e9n lo encontramos en d\u00edas despejados. Tambi\u00e9n a veces desaparece tan r\u00e1pida e inesperadamente como ha venido. <\/p>\n<p>Para obtener una buena previsi\u00f3n meteorol\u00f3gica los m\u00e1s fiables son los pescadores y los capitanes del puerto. H\u00e1ganles caso. Cuando ellos dicen que al d\u00eda siguiente ser\u00e1 mejor salir al mediod\u00eda en vez de  por la ma\u00f1ana, saben de qu\u00e9 hablan.   <\/p>\n<p><img loading=\"lazy\" class=\"content-image\"  height=\"121\" width=\"300\" src=\"https:\/\/yachtcharter-connection.com\/wp-content\/uploads\/converted_files\/19078\/19078-5624b17494adc.jpg\" alt=\"Croacia - Bahia del Kvarner - Ilovic\" \/><\/p>\n<p><\/p>\n<table  class=\"RegionsAndSubregions\" cellspacing=\"0\" border=\"0\" style=\"border-collapse:collapse;\">\n<tbody>\n<tr>\n<td>\n<div class=\"SubregionRepeaterTitle\">\n<h2> Adri\u00e1tico \/ Norte <\/h2>\n<\/div>\n<div class=\"SmallLinks\">\n<ul>\n<li><a class=\"SmallLinks\" href=\"https:\/\/yachtcharter-connection.com\/biograd-488\" title=\"\"> Biograd <\/a><\/li>\n<li><a class=\"SmallLinks\" href=\"https:\/\/yachtcharter-connection.com\/chioggia-419\" title=\"\"> Chioggia <\/a><\/li>\n<li><a class=\"SmallLinks\" href=\"https:\/\/yachtcharter-connection.com\/cres-100\" title=\"\"> Cres <\/a><\/li>\n<li><a class=\"SmallLinks\" href=\"https:\/\/yachtcharter-connection.com\/crikvenica-464\" title=\"\"> Crikvenica <\/a><\/li>\n<li><a class=\"SmallLinks\" href=\"https:\/\/yachtcharter-connection.com\/fano-451\" title=\"\"> Fano <\/a><\/li>\n<li><a class=\"SmallLinks\" href=\"https:\/\/yachtcharter-connection.com\/izola-954\" title=\"\"> Izola <\/a><\/li>\n<li><a class=\"SmallLinks\" href=\"https:\/\/yachtcharter-connection.com\/jezera-638\" title=\"\"> Jezera <\/a><\/li>\n<li><a class=\"SmallLinks\" href=\"https:\/\/yachtcharter-connection.com\/koper-191\" title=\"\"> Koper <\/a><\/li>\n<li><a class=\"SmallLinks\" href=\"https:\/\/yachtcharter-connection.com\/punat-a-753\" title=\"\"> Krk \/ Punat <\/a><\/li>\n<li><a class=\"SmallLinks\" href=\"https:\/\/yachtcharter-connection.com\/lignano-500\" title=\"\"> Lignano <\/a><\/li>\n<li><a class=\"SmallLinks\" href=\"https:\/\/yachtcharter-connection.com\/mali-losinj\" title=\"\"> Mali Losinj <\/a><\/li>\n<li><a class=\"SmallLinks\" href=\"https:\/\/yachtcharter-connection.com\/medulin-970\" title=\"\"> Medulin <\/a><\/li>\n<li><a class=\"SmallLinks\" href=\"https:\/\/yachtcharter-connection.com\/murter-127\" title=\"\"> Murter <\/a><\/li>\n<li><a class=\"SmallLinks\" href=\"https:\/\/yachtcharter-connection.com\/opatija-201\" title=\"\"> Opatija <\/a><\/li>\n<li><a class=\"SmallLinks\" href=\"https:\/\/yachtcharter-connection.com\/simuni-682\" title=\"\"> Pag \/ Simuni <\/a><\/li>\n<li><a class=\"SmallLinks\" href=\"https:\/\/yachtcharter-connection.com\/porec-654\" title=\"\"> Porec <\/a><\/li>\n<li><a class=\"SmallLinks\" href=\"https:\/\/yachtcharter-connection.com\/porto-levante-560\" title=\"\"> Porto Levante <\/a><\/li>\n<li><a class=\"SmallLinks\" href=\"https:\/\/yachtcharter-connection.com\/porto-san-rocco-triest-466\" title=\"\"> Porto San Rocco (Triest) <\/a><\/li>\n<li><a class=\"SmallLinks\" href=\"https:\/\/yachtcharter-connection.com\/portoroz-797\" title=\"\"> Portoroz <\/a><\/li>\n<li><a class=\"SmallLinks\" href=\"https:\/\/yachtcharter-connection.com\/primosten-785\" title=\"\"> Primosten <\/a><\/li>\n<li><a class=\"SmallLinks\" href=\"https:\/\/yachtcharter-connection.com\/pula-288\" title=\"\"> Pula <\/a><\/li>\n<li><a class=\"SmallLinks\" href=\"https:\/\/yachtcharter-connection.com\/punat-b-508\" title=\"\"> Punat &#8211; B <\/a><\/li>\n<li><a class=\"SmallLinks\" href=\"https:\/\/yachtcharter-connection.com\/rab-607\" title=\"\"> Rab <\/a><\/li>\n<li><a class=\"SmallLinks\" href=\"https:\/\/yachtcharter-connection.com\/rijeka-473\" title=\"\"> Rijeka <\/a><\/li>\n<li><a class=\"SmallLinks\" href=\"https:\/\/yachtcharter-connection.com\/alquiler-barcos-rimini\" title=\"\"> Rimini <\/a><\/li>\n<li><a class=\"SmallLinks\" href=\"https:\/\/yachtcharter-connection.com\/rovinj-783\" title=\"\"> Rovinj <\/a><\/li>\n<li><a class=\"SmallLinks\" href=\"https:\/\/yachtcharter-connection.com\/san-giorgio-di-nogaro-340\" title=\"\"> San Giorgio di Nogaro <\/a><\/li>\n<li><a class=\"SmallLinks\" href=\"https:\/\/yachtcharter-connection.com\/sibenik-598\" title=\"\"> Sibenik <\/a><\/li>\n<li><a class=\"SmallLinks\" href=\"https:\/\/yachtcharter-connection.com\/sukosan-957\" title=\"\"> Sukosan <\/a><\/li>\n<li><a class=\"SmallLinks\" href=\"https:\/\/yachtcharter-connection.com\/tribunj-262\" title=\"\"> Tribunj <\/a><\/li>\n<li><a class=\"SmallLinks\" href=\"https:\/\/yachtcharter-connection.com\/triest-169\" title=\"\"> Triest <\/a><\/li>\n<li><a class=\"SmallLinks\" href=\"https:\/\/yachtcharter-connection.com\/ugljan-marina-preko-611\" title=\"\"> Ugljan \/ Marina Preko <\/a><\/li>\n<li><a class=\"SmallLinks\" href=\"https:\/\/yachtcharter-connection.com\/umag-754\" title=\"\"> Umag <\/a><\/li>\n<li><a class=\"SmallLinks\" href=\"https:\/\/yachtcharter-connection.com\/venecia\" title=\"\"> Venecia <\/a><\/li>\n<li><a class=\"SmallLinks\" href=\"https:\/\/yachtcharter-connection.com\/vodice-804\" title=\"\"> Vodice <\/a><\/li>\n<li><a class=\"SmallLinks\" href=\"https:\/\/yachtcharter-connection.com\/vrsar-513\" title=\"\"> Vrsar <\/a><\/li>\n<li><a class=\"SmallLinks\" href=\"https:\/\/yachtcharter-connection.com\/zadar-904\" title=\"\"> Zadar <\/a><\/li>\n<li><a class=\"SmallLinks\" href=\"https:\/\/yachtcharter-connection.com\/zlatna-luka-325\" title=\"\"> Zlatna Luka <\/a><\/li>\n<\/ul>\n<\/div>\n<\/td>\n<\/tr>\n<\/tbody>\n<\/table>\n","protected":false},"excerpt":{"rendered":"<p>Alquiler de barcos Mar Adri\u00e1tico \/ Norte Las zonas de navegaci\u00f3n del Mar Adri\u00e1tico del Norte se reparten entre Italia, Slovenia y Croacia: con Istria al norte, el golfo de Kvarner, y el grupo de islas Kornati y las D\u00e1lmatas del Norte. El clima es mediterr\u00e1neo, muy suave, y el<\/p>\n","protected":false},"author":11,"featured_media":0,"parent":516,"menu_order":0,"comment_status":"open","ping_status":"open","template":"","meta":[],"aioseo_notices":[],"_links":{"self":[{"href":"https:\/\/yachtcharter-connection.com\/es\/wp-json\/wp\/v2\/pages\/662"}],"collection":[{"href":"https:\/\/yachtcharter-connection.com\/es\/wp-json\/wp\/v2\/pages"}],"about":[{"href":"https:\/\/yachtcharter-connection.com\/es\/wp-json\/wp\/v2\/types\/page"}],"author":[{"embeddable":true,"href":"https:\/\/yachtcharter-connection.com\/es\/wp-json\/wp\/v2\/users\/11"}],"replies":[{"embeddable":true,"href":"https:\/\/yachtcharter-connection.com\/es\/wp-json\/wp\/v2\/comments?post=662"}],"version-history":[{"count":1,"href":"https:\/\/yachtcharter-connection.com\/es\/wp-json\/wp\/v2\/pages\/662\/revisions"}],"predecessor-version":[{"id":14134,"href":"https:\/\/yachtcharter-connection.com\/es\/wp-json\/wp\/v2\/pages\/662\/revisions\/14134"}],"up":[{"embeddable":true,"href":"https:\/\/yachtcharter-connection.com\/es\/wp-json\/wp\/v2\/pages\/516"}],"wp:attachment":[{"href":"https:\/\/yachtcharter-connection.com\/es\/wp-json\/wp\/v2\/media?parent=662"}],"curies":[{"name":"wp","href":"https:\/\/api.w.org\/{rel}","templated":true}]}}