{"id":664,"date":"2015-08-10T05:53:37","date_gmt":"2015-08-10T05:53:37","guid":{"rendered":"http:\/\/yachtcharter-connection.com.w01e47c6.kasserver.com\/alquiler-barcos-liguria-corcega-elba\/"},"modified":"2017-10-15T22:19:35","modified_gmt":"2017-10-15T20:19:35","slug":"alquiler-barcos-liguria-corcega-elba","status":"publish","type":"page","link":"https:\/\/yachtcharter-connection.com\/es\/regiones\/mediterraneo\/alquiler-barcos-liguria-corcega-elba\/","title":{"rendered":"Liguria &#8211; C\u00f3rcega &#8211; Elba"},"content":{"rendered":"<h3>Alquiler de barcos Ligura &#8211; Elba &#8211; C\u00f3rcega<\/h3>\n<h4>\nAlquiler de barcos Liguria<\/h4>\n<p><img loading=\"lazy\" class=\"content-image\"  height=\"225\" width=\"300\" alt=\"Italia_Liguria_portofino\" src=\"https:\/\/yachtcharter-connection.com\/wp-content\/uploads\/converted_files\/19084\/19084-5624b176257cf.jpg\" \/>La Toscana y la Riviera de Liguria son ideales para familias y viajes de placer. Partiendo de los puertos ch\u00e1rter de Livorno y Castiglioncello, podemos emprender el camino hasta la isla  Gorgona, otro penal, o a Capraia, una isla considerada zona natural protegida. Encontramos tambi\u00e9n algunas bases ch\u00e1rter como Piombino Punta Ala o la Etrusca Marina en Folonica, que se prestan perfectamente como base para rutas en direcci\u00f3n Elba.  Saliendo de Porto San Stefano, situado algo m\u00e1s al sur, se llega con facilidad a la Isla del Giglio, que posee un castillo medieval, unas calas de ensue\u00f1o, y mucha naturaleza. Desde el mismo puerto podemos alcanzar tambi\u00e9n  Giannutri: rocas, gaviotas y grutas muy emocionantes.  Todas estas islas conforman el Archipi\u00e9lago Toscano y al norte de ellas el Mar Tirreno se convierte en el Ligur. Los que prefieran quedarse en la costa continental, siempre pueden darse una vuelta por puertos pintorescos  y disfrutar tranquilamente del Dolce far Niente. La Toscana nos ofrece tambi\u00e9n hermosas playas como Viareggio o Massa Marittima. Y excursiones a lugares como Pisa, Lucca o Carrara, cuna del m\u00e1rmol, a trav\u00e9s de un paisaje decorado con pinos, cipreses, olivos y hermosas colinas.  <\/p>\n<p>Desde G\u00e9nova o La Spezia podemos navegar en ch\u00e1rter siguiendo hacia el sureste o en direcci\u00f3n oeste. Uno de los mayores atractivos de la Riviera di Levante, en el sureste de G\u00e9nova, son las Cinco Tierras (Cinque Terre), cinco pueblos de monta\u00f1a con vi\u00f1edos, casitas peque\u00f1as, y un paisaje impresionante.  Otros lugares interesantes: Portofino, el puerto de los ricos y famosos, donde quiz\u00e1s nos topemos con el famoso Sea Cloud y, desde luego, vamos a ver muchos yates de lujo pertenecientes a la nobleza, Sestri Levante y Rappallo . La Riviera de las Flores (Riviera di Fiori) se encuentra en el oeste de G\u00e9nova, en direcci\u00f3n M\u00f3naco y llega hasta Ventimiglia. Desde un punto de vista n\u00e1utico es algo parecido a la Costa Azul. Vale la pena visitar Diano Marina para darse un ba\u00f1o o pasar por San Remo, famoso por su festival de la canci\u00f3n, o la ciudad de Imperia, donde se celebran unas regatas impresionantes con la participaci\u00f3n de cl\u00e1sicos. El centro hist\u00f3rico de  G\u00e9nova es en cualquier caso merecedor de una visita detallada. Y la cocina de Liguria tiene fama de ser simple y llanamente deliciosa. <\/p>\n<h4>Alquiler de barcos Italia &ndash; Elba<\/h4>\n<p>\nEs la tercera isla m\u00e1s grande de Italia, y s\u00f3lo se encuentra a una hora en velero del continente. Elba, como \u00e1rea de navegaci\u00f3n, se adapta muy bien a los viajes con &ldquo;bambini&rdquo;, cuenta con muchos lugares donde fondear, tiene hermosas calas y playas, y seis puertos. Tanto en  Portoferraio, como en  Marciana Marina y en Rio Marina encontramos yates ch\u00e1rter. El viejo puerto de la capital, Portoferraio, no nos ofrece tanto confort como otras marinas m\u00e1s modernas; pero s\u00ed m\u00e1s ambiente en la zona del paseo y en la ciudad. Aburrido no es; tampoco mientras navegamos, pues en la ruta de Piombino y alrededor de Elba encontramos muchas peque\u00f1as islas.  <\/p>\n<p>Marciana Marina se encuentra a las  faldas del monte Capanne, en el oeste de la isla, y ha sido construida alrededor de un viejo puerto pesquero. Para fondear hay sitio m\u00e1s que suficiente; si se quieren m\u00e1s comodidades, tambi\u00e9n se puede amarrar en el pantal\u00e1n flotante de la marina. Este puerto se ofrece tambi\u00e9n como punto de partida para excursiones a C\u00f3rcega. En Rio Marina, un pueblo muy t\u00edpico, con estrechas callejuelas, ahora tambi\u00e9n hay pantalanes flotantes. Pero se supone que uno de los puertos m\u00e1s bellos de Italia es  Porto Azzurro, situado en una bah\u00eda alargada, donde encontramos unos encantadores caf\u00e9s a la orilla del mar, y viejas fortalezas que vigilan el puerto. Tanto los turistas como los nativos, aman el lugar y el ambiente que se respira en \u00e9l, y esto se traduce en unas calles llenas de vida y alegr\u00eda, y una buena oferta para disfrutar tambi\u00e9n de la  vida nocturna. Marina di Campo, en el sur, es un aut\u00e9ntico puerto de pescadores y muy a menudo est\u00e1 completo.  Aqu\u00ed es mejor pensar en fondear.   <\/p>\n<p>Y atenci\u00f3n al pron\u00f3stico meteorol\u00f3gico. Elba, como todo el Archipi\u00e9lago Toscano, est\u00e1 exactamente entre el Mar Tirreno y el Mar de Liguria; con lo que hay que escuchar el tiempo previsto en las dos regiones. Ambos son relevantes. <\/p>\n<h4>Alquiler de barcos Francia &#8211; C\u00f3rcega<\/h4>\n<p>\n<img loading=\"lazy\" class=\"content-image\"  height=\"193\" width=\"300\" src=\"https:\/\/yachtcharter-connection.com\/wp-content\/uploads\/converted_files\/19084\/19084-5624b1777f54a.jpg\" alt=\"Navegar Corcega\" \/>Desde la Isla de Elba parten muchos ch\u00e1rteres hacia C\u00f3rcega. Pero se puede organizar un ch\u00e1rter tambi\u00e9n entre otros en Ajaccio, Bastia, Bonifacio, Porto Vecchio, Propiano o Calvi, una bonita ciudad portuaria en el noroeste, que dispone de una gran marina. Ajaccio, capital de la isla en el golfo del mismo nombre en la costa oeste y ciudad de nacimiento de Napole\u00f3n, posee dos pintorescos puertos: el Puerto de Tino Rossi y el puerto del almirantazgo, ambos con suficientes amarres para acoger hu\u00e9spedes. Bastia en el norte junto al Cabo Corso (Cap Corse), tiene un car\u00e1cter m\u00e1s italiano que Ajaccio. El viejo Puerto, coronado por una ciudadela a la que se accede desde el muelle de la  &ldquo;Jet\u00e9e du Dragon&rdquo; es a un tiempo puerto deportivo, pesquero y de transporte de pasajeros. Aqu\u00ed atracan los ferrys provenientes de Francia e Italia. M\u00e1s plazas para yates ch\u00e1rter ofrece el puerto deportivo de Toga.Porto Vecchio o Bonifacio son puertos aptos como punto de partida para traves\u00edas en direcci\u00f3n sur hacia Cerde\u00f1a o las Islas Cerbicales, Lavezzi y Cavallo. Al igual que en Francia, no faltan la buena cocina y los bares t\u00edpicos.<\/p>\n<p>Aqu\u00ed se encuentra una lista de punto de referencia de Elba y C\u00f3rcega para download:<br \/>\n<a target=\"_blank\" href=\"https:\/\/yachtcharter-connection.com\/wp-content\/uploads\/converted_files\/19084\/19084-5624b178b34df.pdf\"><u><b>Waypoints Elba \/ C\u00f3rcega<\/b><\/u><\/a>.<\/p>\n<table  class=\"RegionsAndSubregions\" cellspacing=\"0\" border=\"0\" style=\"border-collapse:collapse;\">\n<tbody>\n<tr>\n<td>\n<div class=\"SubregionRepeaterTitle\">\n<h2> Liguria &#8211; C\u00f3rcega &#8211; Elba <\/h2>\n<\/div>\n<div class=\"SmallLinks\">\n<ul>\n<li><a class=\"SmallLinks\" href=\"https:\/\/yachtcharter-connection.com\/baratti-106\" title=\"\"> Baratti <\/a><\/li>\n<li><a class=\"SmallLinks\" href=\"https:\/\/yachtcharter-connection.com\/bocca-di-magra-217\" title=\"\"> Bocca di Magra <\/a><\/li>\n<li><a class=\"SmallLinks\" href=\"https:\/\/yachtcharter-connection.com\/cala-galera-791\" title=\"\"> Cala Galera <\/a><\/li>\n<li><a class=\"SmallLinks\" href=\"https:\/\/yachtcharter-connection.com\/castiglioncello-385\" title=\"\"> Castiglioncello <\/a><\/li>\n<li><a class=\"SmallLinks\" href=\"https:\/\/yachtcharter-connection.com\/alquiler-barcos-cecina\" title=\"\"> Cecina <\/a><\/li>\n<li><a class=\"SmallLinks\" href=\"https:\/\/yachtcharter-connection.com\/cinque-terre-569\" title=\"\"> Cinque Terre <\/a><\/li>\n<li><a class=\"SmallLinks\" href=\"https:\/\/yachtcharter-connection.com\/portovenere-199\" title=\"\"> Cinque Terre \/ Portovenere <\/a><\/li>\n<li><a class=\"SmallLinks\" href=\"https:\/\/yachtcharter-connection.com\/corcega-ajaccio\" title=\"\"> C\u00f3rcega \/ Ajaccio <\/a><\/li>\n<li><a class=\"SmallLinks\" href=\"https:\/\/yachtcharter-connection.com\/corcega-bastia\" title=\"\"> C\u00f3rcega \/ Bastia <\/a><\/li>\n<li><a class=\"SmallLinks\" href=\"https:\/\/yachtcharter-connection.com\/corcega-bonifacio\" title=\"\"> C\u00f3rcega \/ Bonifacio <\/a><\/li>\n<li><a class=\"SmallLinks\" href=\"https:\/\/yachtcharter-connection.com\/corcega-calvi\" title=\"\"> C\u00f3rcega \/ Calvi <\/a><\/li>\n<li><a class=\"SmallLinks\" href=\"https:\/\/yachtcharter-connection.com\/corcega-pietranera\" title=\"\"> C\u00f3rcega \/ Pietranera <\/a><\/li>\n<li><a class=\"SmallLinks\" href=\"https:\/\/yachtcharter-connection.com\/corcega-porto-vecchio\" title=\"\"> C\u00f3rcega \/ Porto Vecchio <\/a><\/li>\n<li><a class=\"SmallLinks\" href=\"https:\/\/yachtcharter-connection.com\/corcega-propriano\" title=\"\"> C\u00f3rcega \/ Propriano <\/a><\/li>\n<li><a class=\"SmallLinks\" href=\"https:\/\/yachtcharter-connection.com\/corcega-saint-florent\" title=\"\"> C\u00f3rcega \/ Saint-Florent <\/a><\/li>\n<li><a class=\"SmallLinks\" href=\"https:\/\/yachtcharter-connection.com\/corcega-solenzara\" title=\"\"> C\u00f3rcega \/ Solenzara <\/a><\/li>\n<li><a class=\"SmallLinks\" href=\"https:\/\/yachtcharter-connection.com\/elba-marciana-marina-397\" title=\"\"> Elba \/ Marciana Marina <\/a><\/li>\n<li><a class=\"SmallLinks\" href=\"https:\/\/yachtcharter-connection.com\/elba-porto-azzurro-366\" title=\"\"> Elba \/ Porto Azzurro <\/a><\/li>\n<li><a class=\"SmallLinks\" href=\"https:\/\/yachtcharter-connection.com\/elba-portoferraio-423\" title=\"\"> Elba \/ Portoferraio <\/a><\/li>\n<li><a class=\"SmallLinks\" href=\"https:\/\/yachtcharter-connection.com\/elba-rio-marina-132\" title=\"\"> Elba \/ Rio Marina <\/a><\/li>\n<li><a class=\"SmallLinks\" href=\"https:\/\/yachtcharter-connection.com\/follonica-etrusca-marina-817\" title=\"\"> Follonica \/ Etrusca Marina <\/a><\/li>\n<li><a class=\"SmallLinks\" href=\"https:\/\/yachtcharter-connection.com\/genua-142\" title=\"\"> Genua <\/a><\/li>\n<li><a class=\"SmallLinks\" href=\"https:\/\/yachtcharter-connection.com\/imperia-andora-946\" title=\"\"> Imperia \/ Andora <\/a><\/li>\n<li><a class=\"SmallLinks\" href=\"https:\/\/yachtcharter-connection.com\/imperia-san-lorenzo-al-mare-358\" title=\"\"> Imperia \/ San Lorenzo al Mare <\/a><\/li>\n<li><a class=\"SmallLinks\" href=\"https:\/\/yachtcharter-connection.com\/la-spezia-325\" title=\"\"> La Spezia <\/a><\/li>\n<li><a class=\"SmallLinks\" href=\"https:\/\/yachtcharter-connection.com\/lavagna-679\" title=\"\"> Lavagna <\/a><\/li>\n<li><a class=\"SmallLinks\" href=\"https:\/\/yachtcharter-connection.com\/livorno-593\" title=\"\"> Livorno <\/a><\/li>\n<li><a class=\"SmallLinks\" href=\"https:\/\/yachtcharter-connection.com\/piombino-marina-salivoli-281\" title=\"\"> Piombino \/ Marina Salivoli <\/a><\/li>\n<li><a class=\"SmallLinks\" href=\"https:\/\/yachtcharter-connection.com\/piombino-porto-piombino-241\" title=\"\"> Piombino \/ Porto Piombino <\/a><\/li>\n<li><a class=\"SmallLinks\" href=\"https:\/\/yachtcharter-connection.com\/pisa-726\" title=\"\"> Pisa <\/a><\/li>\n<li><a class=\"SmallLinks\" href=\"https:\/\/yachtcharter-connection.com\/pontone-589\" title=\"\"> Pontone <\/a><\/li>\n<li><a class=\"SmallLinks\" href=\"https:\/\/yachtcharter-connection.com\/porto-ercole-219\" title=\"\"> Porto Ercole <\/a><\/li>\n<li><a class=\"SmallLinks\" href=\"https:\/\/yachtcharter-connection.com\/portofino-351\" title=\"\"> Portofino <\/a><\/li>\n<li><a class=\"SmallLinks\" href=\"https:\/\/yachtcharter-connection.com\/punta-ala-405\" title=\"\"> Punta Ala <\/a><\/li>\n<li><a class=\"SmallLinks\" href=\"https:\/\/yachtcharter-connection.com\/riva-di-traiano-242\" title=\"\"> Riva di Traiano <\/a><\/li>\n<li><a class=\"SmallLinks\" href=\"https:\/\/yachtcharter-connection.com\/rosignano-364\" title=\"\"> Rosignano <\/a><\/li>\n<li><a class=\"SmallLinks\" href=\"https:\/\/yachtcharter-connection.com\/s-stefano-al-mare-marina-degli-aregai-114\" title=\"\"> S. Stefano Al Mare \/ Marina degli Aregai <\/a><\/li>\n<li><a class=\"SmallLinks\" href=\"https:\/\/yachtcharter-connection.com\/san-remo-281\" title=\"\"> San Remo <\/a><\/li>\n<li><a class=\"SmallLinks\" href=\"https:\/\/yachtcharter-connection.com\/san-vincenzo-866\" title=\"\"> San Vincenzo <\/a><\/li>\n<li><a class=\"SmallLinks\" href=\"https:\/\/yachtcharter-connection.com\/savona-517\" title=\"\"> Savona <\/a><\/li>\n<li><a class=\"SmallLinks\" href=\"https:\/\/yachtcharter-connection.com\/talamone-807\" title=\"\"> Talamone <\/a><\/li>\n<li><a class=\"SmallLinks\" href=\"https:\/\/yachtcharter-connection.com\/viareggio-981\" title=\"\"> Viareggio <\/a><\/li>\n<\/ul>\n<\/div>\n<\/td>\n<\/tr>\n<\/tbody>\n<\/table>\n","protected":false},"excerpt":{"rendered":"<p>Alquiler de barcos Ligura &#8211; Elba &#8211; C\u00f3rcega Alquiler de barcos Liguria La Toscana y la Riviera de Liguria son ideales para familias y viajes de placer. Partiendo de los puertos ch\u00e1rter de Livorno y Castiglioncello, podemos emprender el camino hasta la isla Gorgona, otro penal, o a Capraia, una<\/p>\n","protected":false},"author":11,"featured_media":0,"parent":516,"menu_order":0,"comment_status":"open","ping_status":"open","template":"","meta":[],"aioseo_notices":[],"_links":{"self":[{"href":"https:\/\/yachtcharter-connection.com\/es\/wp-json\/wp\/v2\/pages\/664"}],"collection":[{"href":"https:\/\/yachtcharter-connection.com\/es\/wp-json\/wp\/v2\/pages"}],"about":[{"href":"https:\/\/yachtcharter-connection.com\/es\/wp-json\/wp\/v2\/types\/page"}],"author":[{"embeddable":true,"href":"https:\/\/yachtcharter-connection.com\/es\/wp-json\/wp\/v2\/users\/11"}],"replies":[{"embeddable":true,"href":"https:\/\/yachtcharter-connection.com\/es\/wp-json\/wp\/v2\/comments?post=664"}],"version-history":[{"count":1,"href":"https:\/\/yachtcharter-connection.com\/es\/wp-json\/wp\/v2\/pages\/664\/revisions"}],"predecessor-version":[{"id":14331,"href":"https:\/\/yachtcharter-connection.com\/es\/wp-json\/wp\/v2\/pages\/664\/revisions\/14331"}],"up":[{"embeddable":true,"href":"https:\/\/yachtcharter-connection.com\/es\/wp-json\/wp\/v2\/pages\/516"}],"wp:attachment":[{"href":"https:\/\/yachtcharter-connection.com\/es\/wp-json\/wp\/v2\/media?parent=664"}],"curies":[{"name":"wp","href":"https:\/\/api.w.org\/{rel}","templated":true}]}}