{"id":665,"date":"2015-08-10T05:53:37","date_gmt":"2015-08-10T05:53:37","guid":{"rendered":"http:\/\/yachtcharter-connection.com.w01e47c6.kasserver.com\/alquiler-barcos-cerdena\/"},"modified":"2018-04-19T20:55:46","modified_gmt":"2018-04-19T18:55:46","slug":"alquiler-barcos-cerdena","status":"publish","type":"page","link":"https:\/\/yachtcharter-connection.com\/es\/regiones\/mediterraneo\/alquiler-barcos-cerdena\/","title":{"rendered":"Cerde\u00f1a"},"content":{"rendered":"<h1><strong>Alquiler de barcos Cerde\u00f1a<\/strong><\/h1>\n<p><a href=\"https:\/\/yachtcharter-connection.com\/wp-content\/uploads\/2015\/08\/Sardinia-anchorage.jpg\"><img loading=\"lazy\" class=\"alignleft wp-image-26169\" src=\"https:\/\/yachtcharter-connection.com\/wp-content\/uploads\/2015\/08\/Sardinia-anchorage.jpg\" alt=\"Alquiler barcos Cerde\u00f1a\" width=\"600\" height=\"400\" srcset=\"https:\/\/yachtcharter-connection.com\/wp-content\/uploads\/2015\/08\/Sardinia-anchorage.jpg 640w, https:\/\/yachtcharter-connection.com\/wp-content\/uploads\/2015\/08\/Sardinia-anchorage-300x200.jpg 300w\" sizes=\"(max-width: 600px) 100vw, 600px\" \/><\/a>El \u00e1rea de ch\u00e1rter de yates de Cerde\u00f1a es un poco m\u00e1s exigente con el <strong>archipi\u00e9lago de Maddalena y el estrecho de Bonifacio<\/strong> en el norte. Especialmente debido a la cercan\u00eda a <strong>C\u00f3rcega<\/strong>, existe una amplia gama de posibilidades para los navegantes en Cerde\u00f1a. Una circunnavegaci\u00f3n es solo parcialmente aconsejable ya que apenas existen puertos o bah\u00edas en la costa oeste. Las bases de alquiler de barcos en Cerde\u00f1a son <strong>Portisco<\/strong> &#8211; una de las bases de alquiler de barcos m\u00e1s populares de Cerde\u00f1a &#8211; <strong>Olbia, Canniglione, Porto Rotondo y otros puertos en Costa Smeralda<\/strong>, algunos barcos tienen su base en La Maddalena. Los puertos de alquiler de barcos m\u00e1s populares en el sur son <strong>Carloforte y Cagliari<\/strong>, y hay barcos de alquiler tambi\u00e9n en<strong> Alghero<\/strong> en la costa oeste occidental. Para ch\u00e1rter de yates de lujo en Cerde\u00f1a, Porto Cervo y Porto Rotondo son puertos muy populares.<\/p>\n<p>&nbsp;<\/p>\n<h3><\/h3>\n<h3><\/h3>\n<h3><strong><br \/>\nNavegar Cerde\u00f1a &#8211; Rutas desde el Norte<\/strong><\/h3>\n<p>Hay muchas rutas interesantes navegando desde las bases de charters del Norte como Portisco o Olbia: A lo largo de la hermosa Costa Smeralda y explorar el archipi\u00e9lago de la Maddalena con alrededor de 60 islas es muy popular:\u00a0 Las m\u00e1s interesantes de las siete islas m\u00e1s grandes son Caprera y La Maddalena, Santa Maria, Spargi; Razzoli y Budelli son m\u00e1s peque\u00f1os, pero esc\u00e9nicamente tambi\u00e9n muy atractivos. Bah\u00edas con aguas color esmeralda y playas de ensue\u00f1o casi completamente blancas se turnan en el norte y en la costa este, fascinantes para los tripulantes en Cerde\u00f1a. Ka Costa Smeralda cerca de Porto Cervo ostenta acantilados, islas con un ambiente exclusivo, aunque con precios adecuados.<\/p>\n<p>Muchos navegantes se dirigen hacia el oeste hacia el estrecho de Bonifacio y navegan hacia Ajaccio en C\u00f3rcega. Navegando hacia el este, si tiene mucho tiempo puede incluso navegar a las Islas Pontinas. Navegando hacia el sur, los turistas de charter pueden disfrutar del hermoso paisaje de la reserva marina de Tavolara. Un poco m\u00e1s lejos, la costa este se vuelve recta La pintoresca ciudad de Arbatax es muy popular como puerto base entre los sardos.<\/p>\n<p>A Alghero, una ciudad con una muralla impresionante y un delicioso ambiente medieval, los que viajan en yates de ch\u00e1rter pueden llegar directamente en avi\u00f3n.<\/p>\n<p>Tambi\u00e9n la costa sur de Cagliari o Carloforte con las islas costeras de San Pietro y San Antioco es maravillosa para navegar!<\/p>\n<p>Para los naveganten que tengan tiempo, hay que recomendar una visita detenida al interior de la isla. Merece la pena pasear por la cadena monta\u00f1osa que se extiende por el interior y que, adem\u00e1s de bosques \u201cmacchia\u201d, esconde muy buenos restaurantes de exquisita comida sarda. Jabal\u00ed, cabrito, vino de la regi\u00f3n, hierbas arom\u00e1ticas\u2026<\/p>\n<p>Los sardos no se reconocen necesariamente como italianos; y se ocupan de mantener vivo su dialecto y sus peculiaridades. En algunas zonas la isla ya est\u00e1 bastante colonizada por el turismo, pero no es un lugar masificado. El destino de ch\u00e1rter de yates Cerde\u00f1a, que tambi\u00e9n fue en otro tiempo destino de conquistadores e invasores que en algunas zonas incluso talaron parte de los bosques aut\u00f3ctonos, sigue conservando a pesar de todo su idiosincrasia y su naturaleza.<\/p>\n<p>&nbsp;<\/p>\n<h2><strong>Yates de alquiler en Cerde\u00f1a<\/strong><\/h2>\n<p>Existen algunas flotas de ch\u00e1rter de yates con veleros, catamaranes, barcos\u00a0 y yates a motor para alquiler sin tripulaci\u00f3n en Cerde\u00f1a que no figuran en nuestro Yachtfinder. Solicite ofertas. Y, por supuesto, estaremos encantados de enviarle ofertas para los yates de alquiler de lujo m\u00e1s bellos con tripulaci\u00f3n en esta \u00e1rea tambi\u00e9n.<\/p>\n<h2><strong>Alquiler de yates de lujo Cerde\u00f1a<\/strong><\/h2>\n<p><a href=\"https:\/\/yachtcharter-connection.com\/wp-content\/uploads\/2015\/08\/Porto-CervoSardinia-Porto-Cervo-6.jpg\"><img loading=\"lazy\" class=\"alignleft size-full wp-image-26173\" src=\"https:\/\/yachtcharter-connection.com\/wp-content\/uploads\/2015\/08\/Porto-CervoSardinia-Porto-Cervo-6.jpg\" alt=\"Yates de lujo de ch\u00e1rter en Cerde\u00f1a\" width=\"600\" height=\"400\" srcset=\"https:\/\/yachtcharter-connection.com\/wp-content\/uploads\/2015\/08\/Porto-CervoSardinia-Porto-Cervo-6.jpg 600w, https:\/\/yachtcharter-connection.com\/wp-content\/uploads\/2015\/08\/Porto-CervoSardinia-Porto-Cervo-6-300x200.jpg 300w\" sizes=\"(max-width: 600px) 100vw, 600px\" \/><\/a><strong>Cerde\u00f1a es un destino muy popular para las vacaciones en charter a bordo de yates de lujo, yates, goletas, motoveleros o catamaranes con tripulaci\u00f3n. Aqu\u00ed puede encontrar m\u00e1s<span style=\"color: #000080;\"> <a style=\"color: #000080;\" href=\"https:\/\/yachtcharter-connection.com\/es\/yates-de-lujo\/\" target=\"_blank\">informaci\u00f3n sobre charters de yates de lujo<\/a><\/span>. Estaremos encantados de organizar su viaje a bordo de yates de lujo de alquiler en Cerde\u00f1a &#8211; \u00a1solicite ofertas!<\/strong><\/p>\n<table class=\"RegionsAndSubregions\" style=\"border-collapse: collapse;\" border=\"0\" cellspacing=\"0\">\n<tbody>\n<tr>\n<td>\n<div class=\"SubregionRepeaterTitle\">\n<h2>Cerde\u00f1a<\/h2>\n<\/div>\n<div class=\"SmallLinks\">\n<ul>\n<li><a class=\"SmallLinks\" title=\"\" href=\"https:\/\/yachtcharter-connection.com\/cerdena-alghero\"> Cerde\u00f1a \/ Alghero <\/a><\/li>\n<li><a class=\"SmallLinks\" title=\"\" href=\"https:\/\/yachtcharter-connection.com\/cerdena-arbatax\"> Cerde\u00f1a \/ Arbatax <\/a><\/li>\n<li><a class=\"SmallLinks\" title=\"\" href=\"https:\/\/yachtcharter-connection.com\/cerdena-cagliari\"> Cerde\u00f1a \/ Cagliari <\/a><\/li>\n<li><a class=\"SmallLinks\" title=\"\" href=\"https:\/\/yachtcharter-connection.com\/cerdena-cala-bitta\"> Cerde\u00f1a \/ Cala Bitta <\/a><\/li>\n<li><a class=\"SmallLinks\" title=\"\" href=\"https:\/\/yachtcharter-connection.com\/cerdena-cannigione\"> Cerde\u00f1a \/ Cannigione <\/a><\/li>\n<li><a class=\"SmallLinks\" title=\"\" href=\"https:\/\/yachtcharter-connection.com\/cerdena-carloforte-1\"> Cerde\u00f1a \/ Carloforte <\/a><\/li>\n<li><a class=\"SmallLinks\" title=\"\" href=\"https:\/\/yachtcharter-connection.com\/cerdena-carloforte\"> Cerde\u00f1a \/ Carloforte <\/a><\/li>\n<li><a class=\"SmallLinks\" title=\"\" href=\"https:\/\/yachtcharter-connection.com\/cerdena-castelsardo\"> Cerde\u00f1a \/ Castelsardo <\/a><\/li>\n<li><a class=\"SmallLinks\" title=\"\" href=\"https:\/\/yachtcharter-connection.com\/cerdena-la-caletta\"> Cerde\u00f1a \/ La Caletta <\/a><\/li>\n<li><a class=\"SmallLinks\" title=\"\" href=\"https:\/\/yachtcharter-connection.com\/cerdena-la-maddalena\"> Cerde\u00f1a \/ La Maddalena <\/a><\/li>\n<li><a class=\"SmallLinks\" title=\"\" href=\"https:\/\/yachtcharter-connection.com\/cerdena-olbia\"> Cerde\u00f1a \/ Olbia <\/a><\/li>\n<li><a class=\"SmallLinks\" title=\"\" href=\"https:\/\/yachtcharter-connection.com\/cerdena-palau\"> Cerde\u00f1a \/ Palau <\/a><\/li>\n<li><a class=\"SmallLinks\" title=\"\" href=\"https:\/\/yachtcharter-connection.com\/cerdena-poltu-quatu\"> Cerde\u00f1a \/ Poltu Quatu <\/a><\/li>\n<li><a class=\"SmallLinks\" title=\"\" href=\"https:\/\/yachtcharter-connection.com\/cerdena-portisco\"> Cerde\u00f1a \/ Portisco <\/a><\/li>\n<li><a class=\"SmallLinks\" title=\"\" href=\"https:\/\/yachtcharter-connection.com\/cerdena-porto-cervo\"> Cerde\u00f1a \/ Porto Cervo <\/a><\/li>\n<li><a class=\"SmallLinks\" title=\"\" href=\"https:\/\/yachtcharter-connection.com\/cerdena-porto-rotondo\"> Cerde\u00f1a \/ Porto Rotondo <\/a><\/li>\n<li><a class=\"SmallLinks\" title=\"\" href=\"https:\/\/yachtcharter-connection.com\/cerdena-porto-torres\"> Cerde\u00f1a \/ Porto Torres <\/a><\/li>\n<li><a class=\"SmallLinks\" title=\"\" href=\"https:\/\/yachtcharter-connection.com\/cerdena-portoscuso\"> Cerde\u00f1a \/ Portoscuso <\/a><\/li>\n<li><a class=\"SmallLinks\" title=\"\" href=\"https:\/\/yachtcharter-connection.com\/cerdena-puntaldia\"> Cerde\u00f1a \/ Puntaldia <\/a><\/li>\n<li><a class=\"SmallLinks\" title=\"\" href=\"https:\/\/yachtcharter-connection.com\/cerdena-quatu\"> Cerde\u00f1a \/ Quatu <\/a><\/li>\n<li><a class=\"SmallLinks\" title=\"\" href=\"https:\/\/yachtcharter-connection.com\/alquiler-barcos-cerdena-santa-maria-navarrese\"> Cerde\u00f1a \/ Santa Maria Navarrese <\/a><\/li>\n<li><a class=\"SmallLinks\" title=\"\" href=\"https:\/\/yachtcharter-connection.com\/cerdena-santa-teresa-di-gallura\"> Cerde\u00f1a \/ Santa Teresa di Gallura <\/a><\/li>\n<\/ul>\n<\/div>\n<\/td>\n<\/tr>\n<\/tbody>\n<\/table>\n","protected":false},"excerpt":{"rendered":"<p>Alquiler de barcos Cerde\u00f1a El \u00e1rea de ch\u00e1rter de yates de Cerde\u00f1a es un poco m\u00e1s exigente con el archipi\u00e9lago de Maddalena y el estrecho de Bonifacio en el norte. Especialmente debido a la cercan\u00eda a C\u00f3rcega, existe una amplia gama de posibilidades para los navegantes en Cerde\u00f1a. Una circunnavegaci\u00f3n<\/p>\n","protected":false},"author":11,"featured_media":0,"parent":516,"menu_order":0,"comment_status":"open","ping_status":"open","template":"","meta":[],"aioseo_notices":[],"_links":{"self":[{"href":"https:\/\/yachtcharter-connection.com\/es\/wp-json\/wp\/v2\/pages\/665"}],"collection":[{"href":"https:\/\/yachtcharter-connection.com\/es\/wp-json\/wp\/v2\/pages"}],"about":[{"href":"https:\/\/yachtcharter-connection.com\/es\/wp-json\/wp\/v2\/types\/page"}],"author":[{"embeddable":true,"href":"https:\/\/yachtcharter-connection.com\/es\/wp-json\/wp\/v2\/users\/11"}],"replies":[{"embeddable":true,"href":"https:\/\/yachtcharter-connection.com\/es\/wp-json\/wp\/v2\/comments?post=665"}],"version-history":[{"count":6,"href":"https:\/\/yachtcharter-connection.com\/es\/wp-json\/wp\/v2\/pages\/665\/revisions"}],"predecessor-version":[{"id":26225,"href":"https:\/\/yachtcharter-connection.com\/es\/wp-json\/wp\/v2\/pages\/665\/revisions\/26225"}],"up":[{"embeddable":true,"href":"https:\/\/yachtcharter-connection.com\/es\/wp-json\/wp\/v2\/pages\/516"}],"wp:attachment":[{"href":"https:\/\/yachtcharter-connection.com\/es\/wp-json\/wp\/v2\/media?parent=665"}],"curies":[{"name":"wp","href":"https:\/\/api.w.org\/{rel}","templated":true}]}}