{"id":666,"date":"2015-08-10T05:53:37","date_gmt":"2015-08-10T05:53:37","guid":{"rendered":"http:\/\/yachtcharter-connection.com.w01e47c6.kasserver.com\/alquiler-barcos-sicilia-eolicas-calabria\/"},"modified":"2018-04-19T20:54:24","modified_gmt":"2018-04-19T18:54:24","slug":"alquiler-barcos-sicilia-eolicas-calabria","status":"publish","type":"page","link":"https:\/\/yachtcharter-connection.com\/es\/regiones\/mediterraneo\/alquiler-barcos-sicilia-eolicas-calabria\/","title":{"rendered":"Sicilia &#8211; E\u00f3licas &#8211; Calabria"},"content":{"rendered":"<h1><strong>Alquiler de barcos Sicilia &#8211; Islas E\u00f3licas &#8211; Calabria<\/strong><\/h1>\n<p><a href=\"https:\/\/yachtcharter-connection.com\/wp-content\/uploads\/2015\/08\/Sicily-view-Lipari-Islands.jpg\"><img loading=\"lazy\" class=\"alignleft size-full wp-image-26215\" src=\"https:\/\/yachtcharter-connection.com\/wp-content\/uploads\/2015\/08\/Sicily-view-Lipari-Islands.jpg\" alt=\"Yacht charter Sicily - viiew aeolian islands\" width=\"550\" height=\"214\" srcset=\"https:\/\/yachtcharter-connection.com\/wp-content\/uploads\/2015\/08\/Sicily-view-Lipari-Islands.jpg 550w, https:\/\/yachtcharter-connection.com\/wp-content\/uploads\/2015\/08\/Sicily-view-Lipari-Islands-300x117.jpg 300w\" sizes=\"(max-width: 550px) 100vw, 550px\" \/><\/a>Clima suave durante todo el a\u00f1o y un paisaje inigualable son los atractivos que ofrece la isla de Sicilia a los navegantes que se acercan a ella. Sicilia es conocida por su eterna primavera, por la calidad de vinos como el malvas\u00eda y por la herencia hist\u00f3rica de la \u00e9poca del Imperio Romano. Todas las islas de la zona son de origen volc\u00e1nico. El Etna es, con sus 3.000 metros de altura, el volc\u00e1n m\u00e1s alto de Europa y el m\u00e1s activo. As\u00ed encontramos numerosas playas de arena blanca o negra, mucho verde, aguas turquesas,\u2026 un paisaje rico y variado salpicado de calas y peque\u00f1os pueblos. Y desde hace unos a\u00f1os, tambi\u00e9n un buen n\u00famero de bases ch\u00e1rter en lugares como Trapani, en el noroeste, Palermo, Portorosa, Cefal\u00fa, o Marsala en la costa oeste, y Milazzo en el noreste. En general los navegantes ch\u00e1rter suelen estar encantados con la amabilidad y el buen servicio que ofrecen los sicilianos. Parece ser que a la mafia no le interesa en absoluto el turismo de Alquiler de barcos.<\/p>\n<p>Los que quieran darse un ba\u00f1o de cultura durante el viaje tendr\u00e1n la oportunidad de disfrutar de aut\u00e9nticas maravillas como la formaci\u00f3n bas\u00e1ltica de las \u201cGargantas de Alc\u00e1ntara\u201d, en Gola de Alc\u00e1ntara, la ciudad barroca y las excavaciones arqueol\u00f3gicas de Siracusa, el Valle de los Templos en Agrigento, en la costa sur, y la ciudad de Selinunte. Entre Marsala y Trapani encontramos adem\u00e1s salinas y molinos de viento, en Palermo palacios y fastuosidad, aires medievales y callejuelas en Cefal\u00fa, donde podemos visitar adem\u00e1s la catedral de estilo normando, erigida sobre el monte que defiende la ciudad. En Taormina merecen la pena los jardines colgantes y el antiguo teatro.<\/p>\n<p>Para alquiler de yates en Sicilia, hay <strong>bases de ch\u00e1rter en Palermo, Marsala, Trapani, Portorosa, Cefalu, Milazzo y Catania. Bases de alquiler de veleros en Calabria hay en Tropea y Vibo Valentia.<\/strong><\/p>\n<h3><strong>Alquiler de barcos en Sicilia &#8211; navegar a las Islas E\u00f3lcas o Islas Egadas<\/strong><\/h3>\n<p><img loading=\"lazy\" class=\"content-image\" src=\"https:\/\/yachtcharter-connection.com\/wp-content\/uploads\/converted_files\/19090\/19090-5624b17b3f657.jpg\" alt=\"Sicilia_volcano_stromboli\" width=\"300\" height=\"225\" \/>Muchos navegantes parten de Sicilia para explorar las<strong> Islas Eolias (o E\u00f3licas)<\/strong>. En Stromboli (o Estr\u00f3mboli en castellano), con su playa negra, la gran atracci\u00f3n es el volc\u00e1n del mismo nombre, que todav\u00eda escupe lava. L\u00edpari es la mayor de las siete islas y en ella ya podemos encontrar yates ch\u00e1rter. En Vulcano huele a azufre, y con el fango que se acumula en la orilla y que tiene un alto porcentaje de azufre, podemos envolvernos y realizar un tratamiento de wellness gratis. Panarea es una zona vacacional exclusiva; Salina un lugar muy verde con un vino excelente; y delante de Filicudi y Alicudi se puede fondear y despu\u00e9s recorrer la ciudad a pie; eso s\u00ed, a base de subir y bajar escaleras. Ustica, la isla m\u00e1s occidental, ofrece un puerto muy seguro para los yates.<\/p>\n<p>Las <strong>Islas Egadas (o Egades)<\/strong> son un archipi\u00e9lago rocoso y monta\u00f1oso. Est\u00e1n situadas al oeste de Sicilia. S\u00f3lo la isla mayor, Favignana, tiene puerto. Delante de Levanzo y Marettimo existe la posibilidad de fondear en alguna cala. As\u00ed que los habitantes de estas islas, que viven en los viejos pueblos pesqueros, se ponen muy contentos si reciben visita.<\/p>\n<h3><strong>Ch\u00e1rter de yates Calabria<\/strong><\/h3>\n<p>Otra zona que tambi\u00e9n est\u00e1 poco recorrida es el sur de la pen\u00ednsula italiana: Calabria. S\u00f3lo 17 millas la separan de Messina, Sicilia. Este estrecho supone adem\u00e1s geogr\u00e1ficamente la frontera entre el Mar J\u00f3nico y el Mar Tirreno. Bases de Alquiler de barcos encontramos en Reggio Calabria, Tropea y Vibo Valentia. Antiguamente hubo en Calabria numerosas colonias griegas y todav\u00eda podemos encontrar sus huellas. Mientras que Reggio Calabria, situada en la punta de la bota, es una gran ciudad con un puerto comercial, que ya jug\u00f3 un papel importante en la \u00e9poca de las cruzadas, Tropea y Vibo Valentia, la capital administrativa de Calabria, seducen a los turistas con sus t\u00edpicas callejuelas, sus tiendas de recuerdos o sus trattorias.<\/p>\n<h2><strong>Yates de alquiler en Sicilia<\/strong><\/h2>\n<p>Existen algunas flotas de ch\u00e1rter de yates con veleros, catamaranes, barcos\u00a0 y yates a motor para alquiler sin tripulaci\u00f3n en Sicilia que no figuran en nuestro Yachtfinder. Solicite ofertas. Y, por supuesto, estaremos encantados de enviarle ofertas para los yates de alquiler de lujo m\u00e1s bellos con tripulaci\u00f3n en esta zona tambi\u00e9n.<\/p>\n<h2><strong>Ch\u00e1rter de yates lujo Sicilia<\/strong><\/h2>\n<p>Sicilia es un destino muy popular para las vacaciones en charter a bordo de yates de lujo, yates, goletas, motoveleros o catamaranes con tripulaci\u00f3n. Aqu\u00ed puede encontrar m\u00e1s <span style=\"color: #000080;\"><strong><a style=\"color: #000080;\" href=\"https:\/\/yachtcharter-connection.com\/es\/yates-de-lujo-con-tripulation\/\" target=\"_blank\">informaci\u00f3n sobre charters de yates de lujo<\/a><\/strong><\/span>. Estaremos encantados de organizar su viaje a bordo de yates de lujo de alquiler en Sicilia &#8211; \u00a1solicite ofertas!<\/p>\n<p>&nbsp;<\/p>\n<table class=\"RegionsAndSubregions\" style=\"border-collapse: collapse;\" border=\"0\" cellspacing=\"0\">\n<tbody>\n<tr>\n<td>\n<div class=\"SubregionRepeaterTitle\">\n<h2>Sicilia -E\u00f3licas &#8211; Calabria<\/h2>\n<\/div>\n<div class=\"SmallLinks\">\n<ul>\n<li><a class=\"SmallLinks\" title=\"\" href=\"https:\/\/yachtcharter-connection.com\/lipari-157\"> Lipari <\/a><\/li>\n<li><a class=\"SmallLinks\" title=\"\" href=\"https:\/\/yachtcharter-connection.com\/malta-126\"> Malta <\/a><\/li>\n<li><a class=\"SmallLinks\" title=\"\" href=\"https:\/\/yachtcharter-connection.com\/reggio-calabria-988\"> Reggio Calabria <\/a><\/li>\n<li><a class=\"SmallLinks\" title=\"\" href=\"https:\/\/yachtcharter-connection.com\/salina-854\"> Salina <\/a><\/li>\n<li><a class=\"SmallLinks\" title=\"\" href=\"https:\/\/yachtcharter-connection.com\/sicilia-catania\"> Sicilia \/ Catania <\/a><\/li>\n<li><a class=\"SmallLinks\" title=\"\" href=\"https:\/\/yachtcharter-connection.com\/sicilia-cefalu\"> Sicilia \/ Cefalu <\/a><\/li>\n<li><a class=\"SmallLinks\" title=\"\" href=\"https:\/\/yachtcharter-connection.com\/alquiler-barcos-sicilia-marina-di-ragusa\"> Sicilia \/ Marina di Ragusa <\/a><\/li>\n<li><a class=\"SmallLinks\" title=\"\" href=\"https:\/\/yachtcharter-connection.com\/sicilia-marsala\"> Sicilia \/ Marsala <\/a><\/li>\n<li><a class=\"SmallLinks\" title=\"\" href=\"https:\/\/yachtcharter-connection.com\/sicilia-milazzo\"> Sicilia \/ Milazzo <\/a><\/li>\n<li><a class=\"SmallLinks\" title=\"\" href=\"https:\/\/yachtcharter-connection.com\/sicilia-palermo\"> Sicilia \/ Palermo <\/a><\/li>\n<li><a class=\"SmallLinks\" title=\"\" href=\"https:\/\/yachtcharter-connection.com\/sicilia-portorosa\"> Sicilia \/ Portorosa <\/a><\/li>\n<li><a class=\"SmallLinks\" title=\"\" href=\"https:\/\/yachtcharter-connection.com\/sicilia-riposto\"> Sicilia \/ Riposto <\/a><\/li>\n<li><a class=\"SmallLinks\" title=\"\" href=\"https:\/\/yachtcharter-connection.com\/sicilia-santagata-di-militello\"> Sicilia \/ Santagata di Militello <\/a><\/li>\n<li><a class=\"SmallLinks\" title=\"\" href=\"https:\/\/yachtcharter-connection.com\/sicilia-syracus\"> Sicilia \/ Syracus <\/a><\/li>\n<li><a class=\"SmallLinks\" title=\"\" href=\"https:\/\/yachtcharter-connection.com\/sicilia-taormina\"> Sicilia \/ Taormina <\/a><\/li>\n<li><a class=\"SmallLinks\" title=\"\" href=\"https:\/\/yachtcharter-connection.com\/alquiler-barcos-sicilia-terrasini\"> Sicilia \/ Terrasini <\/a><\/li>\n<li><a class=\"SmallLinks\" title=\"\" href=\"https:\/\/yachtcharter-connection.com\/sicilia-trapani\"> Sicilia \/ Trapani <\/a><\/li>\n<li><a class=\"SmallLinks\" title=\"\" href=\"https:\/\/yachtcharter-connection.com\/tropea-848\"> Tropea <\/a><\/li>\n<li><a class=\"SmallLinks\" title=\"\" href=\"https:\/\/yachtcharter-connection.com\/vibo-valentia-151\"> Vibo Valentia <\/a><\/li>\n<\/ul>\n<\/div>\n<\/td>\n<\/tr>\n<\/tbody>\n<\/table>\n","protected":false},"excerpt":{"rendered":"<p>Alquiler de barcos Sicilia &#8211; Islas E\u00f3licas &#8211; Calabria Clima suave durante todo el a\u00f1o y un paisaje inigualable son los atractivos que ofrece la isla de Sicilia a los navegantes que se acercan a ella. Sicilia es conocida por su eterna primavera, por la calidad de vinos como el<\/p>\n","protected":false},"author":11,"featured_media":0,"parent":516,"menu_order":0,"comment_status":"open","ping_status":"open","template":"","meta":[],"aioseo_notices":[],"_links":{"self":[{"href":"https:\/\/yachtcharter-connection.com\/es\/wp-json\/wp\/v2\/pages\/666"}],"collection":[{"href":"https:\/\/yachtcharter-connection.com\/es\/wp-json\/wp\/v2\/pages"}],"about":[{"href":"https:\/\/yachtcharter-connection.com\/es\/wp-json\/wp\/v2\/types\/page"}],"author":[{"embeddable":true,"href":"https:\/\/yachtcharter-connection.com\/es\/wp-json\/wp\/v2\/users\/11"}],"replies":[{"embeddable":true,"href":"https:\/\/yachtcharter-connection.com\/es\/wp-json\/wp\/v2\/comments?post=666"}],"version-history":[{"count":5,"href":"https:\/\/yachtcharter-connection.com\/es\/wp-json\/wp\/v2\/pages\/666\/revisions"}],"predecessor-version":[{"id":26224,"href":"https:\/\/yachtcharter-connection.com\/es\/wp-json\/wp\/v2\/pages\/666\/revisions\/26224"}],"up":[{"embeddable":true,"href":"https:\/\/yachtcharter-connection.com\/es\/wp-json\/wp\/v2\/pages\/516"}],"wp:attachment":[{"href":"https:\/\/yachtcharter-connection.com\/es\/wp-json\/wp\/v2\/media?parent=666"}],"curies":[{"name":"wp","href":"https:\/\/api.w.org\/{rel}","templated":true}]}}