{"id":667,"date":"2015-08-10T05:53:37","date_gmt":"2015-08-10T03:53:37","guid":{"rendered":"http:\/\/yachtcharter-connection.com.w01e47c6.kasserver.com\/alquiler-barcos-baleares-mallorca-menorca-ibiza\/"},"modified":"2025-03-02T15:59:41","modified_gmt":"2025-03-02T13:59:41","slug":"alquiler-barcos-baleares-mallorca-menorca-ibiza","status":"publish","type":"page","link":"https:\/\/yachtcharter-connection.com\/es\/regiones\/mediterraneo\/alquiler-barcos-baleares-mallorca-menorca-ibiza\/","title":{"rendered":"Baleares (Mallorca &#8211; Menorca &#8211; Ibiza)"},"content":{"rendered":"<h1>Alquiler de barcos Islas Baleares &#8211; Mallorca, Menorca, Ibiza<\/h1>\n<p>&nbsp;<\/p>\n<p><iframe loading=\"lazy\" width=\"100%\" height=\"1000\" frameborder=\"0\" scrolling=\"auto\" src=\"https:\/\/www.booking-manager.com\/wbm2\/page.html?companyid=662&amp;setlang=es&amp;bm_view=SearchResult&amp;filter_flexibility=in_year&amp;sortBy=11&amp;sortDirection=-1&amp;filter_region=13&amp;filter_country=ES\"><\/iframe><\/p>\n<p>&nbsp;<\/p>\n<p><a href=\"https:\/\/yachtcharter-connection.com\/wp-content\/uploads\/2015\/08\/Balearics-Mallorca-baywh-600.jpg\"><img loading=\"lazy\" class=\"alignleft wp-image-24692 size-full\" title=\"Alquiler barcos islas baleares\" src=\"https:\/\/yachtcharter-connection.com\/wp-content\/uploads\/2015\/08\/Balearics-Mallorca-baywh-600.jpg\" alt=\"Yachtcharter Balearic Islands\" width=\"600\" height=\"398\" srcset=\"https:\/\/yachtcharter-connection.com\/wp-content\/uploads\/2015\/08\/Balearics-Mallorca-baywh-600.jpg 600w, https:\/\/yachtcharter-connection.com\/wp-content\/uploads\/2015\/08\/Balearics-Mallorca-baywh-600-300x199.jpg 300w\" sizes=\"(max-width: 600px) 100vw, 600px\" \/><\/a>En la zona de alquiler de barcos Baleares tenemos: 61 puertos con un total de unos 20.000 amarres y m\u00e1s de 70 empresas de Alquiler de barcos que ofrecen veleros y yates a motor de casi todos los tama\u00f1os y fabricantes. Muy a menudo es \u00e9ste el primer lugar al que vienen los nuevos modelos de yates y se ofrecen para Alquiler de barcos. Las islas de <strong><a href=\"https:\/\/yachtcharter-connection.com\/es\/mallorca-3\/\" target=\"_blank\" rel=\"noopener\">Mallorca<\/a>, <a href=\"https:\/\/yachtcharter-connection.com\/es\/menorca-1\/\" target=\"_blank\" rel=\"noopener\">Menorca<\/a>, <a href=\"https:\/\/yachtcharter-connection.com\/es\/ibiza-1\/\" target=\"_blank\" rel=\"noopener\">Ibiza y Formentera<\/a><\/strong> nos muestran rostros muy diferentes. En total estas islas representan casi 1.000 kil\u00f3metros de l\u00ednea costera muy variada a la que se unen adem\u00e1s las islas m\u00e1s peque\u00f1as de Dragonera o el Archipi\u00e9lago de Cabrera.<\/p>\n<p>El destino de alquiler de barcos Mallorca es conocida por ofrecer una buena combinaci\u00f3n de calas, bah\u00edas y puertos deportivos, variedad de paisajes, placer culinario y cultura. Y por el ambiente que se respira y la vida que tiene el mundo de los yates en una isla que ha rebasado el \u00e1mbito de los ch\u00e1rteres y atrae desde hace tiempo a muchos propietarios de embarcaciones de todo el mundo y a las companias de Alquiler de barcos. Los turistas de alquiler de barcos en Mallorca que buscan tranquilidad en calas m\u00e1s o menos solitarias navegan hasta la vecina isla de Menorca con una costa m\u00e1s intacta y escarpada.<\/p>\n<p>Por el contrario el destino de aluiler de barcos Ibiza representa la imagen de la isla de las fiestas y nos seduce con su t\u00edpica arquitectura ibicenca de casitas blancas y su cercan\u00eda con \u00c1frica. Formentera &#8211; casi todos los turistas de alquiler de barcos en Ibiza navegan por all\u00ed es una planicie con un paisaje poblado de dunas y tiene s\u00f3lo un puerto; pero nos ofrece calas y playas paradisiacas en las que fondear que le han hecho ganarse el sobrenombre de Caribe del Mediterr\u00e1neo. Ibiza y Formentera pertenecen al grupo de las Islas Pitiusas y entre ellas se encuentra Espalmador. El llamado Puerto de Espalmador es un fondeadero muy codiciado por veleros y yates a motor.<\/p>\n<p>En general en las Islas Baleares est\u00e1 prohibido echar el ancla como medida para la protecci\u00f3n del fondo marino y las praderas de Posidonia, y se han habilitado grandes campos de boyas.<\/p>\n<p>&nbsp;<\/p>\n<h3><strong>Si les interesa Alquiler de barcos en las Islas Baleares, para las descripciones detalladas haga click aqu\u00ed:<\/strong><b><\/b><\/h3>\n<p><b><br \/>\n<a href=\"https:\/\/yachtcharter-connection.com\/es\/mallorca-3\/\" target=\"_blank\" rel=\"noopener\"><u>&#8211; Alquiler de barcos Mallorca<\/u><\/a><br \/>\n<a href=\"https:\/\/yachtcharter-connection.com\/es\/menorca-1\/\" target=\"_blank\" rel=\"noopener\"><u>&#8211; Alquiler de barcos Menorca<\/u><\/a><br \/>\n<\/b><a href=\"https:\/\/yachtcharter-connection.com\/es\/ibiza-1\/\" target=\"_blank\" rel=\"noopener\"><u><b>&#8211; Alquiler de barcos Ibiza y Formentera<\/b><\/u><\/a><\/p>\n<p>&nbsp;<\/p>\n<h4><strong>Pedido de Provisiones Mallorca<\/strong><\/h4>\n<p>Para salidas de todos puertos de Mallorca se puede pedir las provisiones, alimentos, bebidas y m\u00e1s, para sus vacaciones a bordo en linea &#8211; haga clic para el formulario multilingual <a href=\"http:\/\/foodcrewser.de\/Partnerlisten\/23_y1a1y3a6q5y3a6a1q4q5q3q4y3q9y6y6q3y3q5q8q9y6\" target=\"_blank\" rel=\"noopener\">Pedido Provisiones Mallorca<\/a><\/p>\n<p>&nbsp;<\/p>\n<p>&nbsp;<\/p>\n<p><b> <img class=\"content-image alignright\" style=\"width: 300px; height: 225px;\" src=\"https:\/\/yachtcharter-connection.com\/wp-content\/uploads\/converted_files\/19093\/19093-5624b191be2a4.jpg\" alt=\"Charteryachts-Mallorcak.jpg\" \/><\/b><\/p>\n<h2><strong>Yates de ch\u00e1rter en las\u00a0 Islas Baleares<\/strong><\/h2>\n<p><strong>Adem\u00e1s de la oferta de yates que puede encontrar en nuestro buscador, para alquiler de barcos en Mallorca disponemos de una oferta m\u00e1s grande de Alquiler de barcos: m\u00e1s veleros y catamaranes, y por supuesto yates a motor que pueden interesarle &#8211; por ejemplo yates de Azimut, Benetti, Maiora, Cranchi, Fairline, Sealine, Sunseeker, Princess, Elegance y mucho m\u00e1s. Y por supuesto superyates y megayates. No dude en consultarnos.<\/strong><\/p>\n<h2><strong>Aqu\u00ed hay m\u00e1s informaci\u00f3n sobre el ch\u00e1rter de <a href=\"https:\/\/yachtcharter-connection.com\/es\/yates-de-lujo-mallorca-ibiza-baleares\/\" target=\"_blank\" rel=\"noopener\">yates de lujo, superyates y megayates en las Islas Baleares<\/a><\/strong><\/h2>\n<p>&nbsp;<\/p>\n<h3><strong>Navegar las Islas Baleares &#8211; Itinerarios<\/strong><\/h3>\n<p>Encuentre aqu\u00ed sugerencias para itinerarios de vela a partir de su charter desde Palma de Mallorca: <a href=\"https:\/\/yachtcharter-connection.com\/wp-content\/uploads\/2015\/08\/Mallorca-5-Itineraries.pdf\" target=\"_blank\" rel=\"noopener\">Mallorca-5-Itinerarios<\/a>.<br \/>\nPuede adaptarlos f\u00e1cilmente para el embarque en otros puertos como Puerto Pollensa, Portocolom, Puerto de Arenal, Menorca \/ Mah\u00f3n, la ciudad de Ibiza o Ibiza San Antonio. O simplemente solicite m\u00e1s sugerencias.<\/p>\n<p>&nbsp;<\/p>\n<table class=\"RegionsAndSubregions\" style=\"border-collapse: collapse;\" border=\"0\" cellspacing=\"0\">\n<tbody>\n<tr>\n<td>\n<div class=\"SubregionRepeaterTitle\">\n<h2>Baleares (Mallorca &#8211; Menorca &#8211; Ibiza)<\/h2>\n<\/div>\n<div class=\"SmallLinks\">\n<ul>\n<li><a class=\"SmallLinks\" title=\"\" href=\"https:\/\/yachtcharter-connection.com\/cala-dor\"> Cala D\u00b4Or <\/a><\/li>\n<li><a class=\"SmallLinks\" title=\"\" href=\"https:\/\/yachtcharter-connection.com\/ibiza-eivissa-646\"> Ibiza \/ Eivissa <\/a><\/li>\n<li><a class=\"SmallLinks\" title=\"\" href=\"https:\/\/yachtcharter-connection.com\/ibiza-san-antonio-590\"> Ibiza \/ San Antonio <\/a><\/li>\n<li><a class=\"SmallLinks\" title=\"\" href=\"https:\/\/yachtcharter-connection.com\/ibiza-st-eularia-789\"> Ibiza \/ St. Eularia <\/a><\/li>\n<li><a class=\"SmallLinks\" title=\"\" href=\"https:\/\/yachtcharter-connection.com\/mallorca-cala-d-or\"> Mallorca \/ Cala d&#8217; Or <\/a><\/li>\n<li><a class=\"SmallLinks\" title=\"\" href=\"https:\/\/yachtcharter-connection.com\/mallorca-ca-n-pastilla\"> Mallorca \/ Ca\u2019 n Pastilla <\/a><\/li>\n<li><a class=\"SmallLinks\" title=\"\" href=\"https:\/\/yachtcharter-connection.com\/mallorca-el-arenal\"> Mallorca \/ El Arenal <\/a><\/li>\n<li><a class=\"SmallLinks\" title=\"\" href=\"https:\/\/yachtcharter-connection.com\/mallorca-palma-de-mallorca\"> Mallorca \/ Palma de Mallorca <\/a><\/li>\n<li><a href=\"https:\/\/yachtcharter-connection.com\/es\/regiones\/mediterraneo\/alquiler-barcos-baleares-mallorca-menorca-ibiza\/mallorca-palma-de-mallorca-calanova\/\" target=\"_blank\" rel=\"noopener\">Mallorca \/ Palma de Mallorca &#8211; Calanova<\/a><\/li>\n<li><a class=\"SmallLinks\" title=\"\" href=\"https:\/\/yachtcharter-connection.com\/mallorca-port-d-andratx\"> Mallorca \/ Port d&#8217; Andratx <\/a><\/li>\n<li><a class=\"SmallLinks\" title=\"\" href=\"https:\/\/yachtcharter-connection.com\/mallorca-porto-cristo\"> Mallorca \/ Porto Cristo <\/a><\/li>\n<li><a class=\"SmallLinks\" title=\"\" href=\"https:\/\/yachtcharter-connection.com\/mallorca-porto-petro\"> Mallorca \/ Porto Petro <\/a><\/li>\n<li><a class=\"SmallLinks\" title=\"\" href=\"https:\/\/yachtcharter-connection.com\/mallorca-portocolom\"> Mallorca \/ Portocolom <\/a><\/li>\n<li><a class=\"SmallLinks\" title=\"\" href=\"https:\/\/yachtcharter-connection.com\/mallorca-puerto-adriano\"> Mallorca \/ Puerto Adriano <\/a><\/li>\n<li><a class=\"SmallLinks\" title=\"\" href=\"https:\/\/yachtcharter-connection.com\/mallorca-puerto-de-alcudia\"> Mallorca \/ Puerto de Alc\u00fadia <\/a><\/li>\n<li><a class=\"SmallLinks\" title=\"\" href=\"https:\/\/yachtcharter-connection.com\/mallorca-puerto-pollensa\"> Mallorca \/ Puerto Pollensa <\/a><\/li>\n<li><a class=\"SmallLinks\" title=\"\" href=\"https:\/\/yachtcharter-connection.com\/mallorca-puerto-portals\"> Mallorca \/ Puerto Portals <\/a><\/li>\n<li><a class=\"SmallLinks\" title=\"\" href=\"https:\/\/yachtcharter-connection.com\/alquiler-barcos-mallorca-sestanyol-de-migjorn\"> Mallorca \/ S\u2019Estanyol de Migjorn <\/a><\/li>\n<li><a class=\"SmallLinks\" title=\"\" href=\"https:\/\/yachtcharter-connection.com\/alquiler-barcos-menorca-ciutadella\"> Menorca \/ Ciutadella <\/a><\/li>\n<li><a class=\"SmallLinks\" title=\"\" href=\"https:\/\/yachtcharter-connection.com\/menorca-mahon\"> Menorca \/ Mah\u00f3n <\/a><\/li>\n<\/ul>\n<\/div>\n<\/td>\n<\/tr>\n<\/tbody>\n<\/table>\n","protected":false},"excerpt":{"rendered":"<p>Alquiler de barcos Islas Baleares &#8211; Mallorca, Menorca, Ibiza &nbsp; &nbsp; En la zona de alquiler de barcos Baleares tenemos: 61 puertos con un total de unos 20.000 amarres y m\u00e1s de 70 empresas de Alquiler de barcos que ofrecen veleros y yates a motor de casi todos los tama\u00f1os<\/p>\n","protected":false},"author":11,"featured_media":0,"parent":516,"menu_order":0,"comment_status":"open","ping_status":"closed","template":"","meta":[],"aioseo_notices":[],"_links":{"self":[{"href":"https:\/\/yachtcharter-connection.com\/es\/wp-json\/wp\/v2\/pages\/667"}],"collection":[{"href":"https:\/\/yachtcharter-connection.com\/es\/wp-json\/wp\/v2\/pages"}],"about":[{"href":"https:\/\/yachtcharter-connection.com\/es\/wp-json\/wp\/v2\/types\/page"}],"author":[{"embeddable":true,"href":"https:\/\/yachtcharter-connection.com\/es\/wp-json\/wp\/v2\/users\/11"}],"replies":[{"embeddable":true,"href":"https:\/\/yachtcharter-connection.com\/es\/wp-json\/wp\/v2\/comments?post=667"}],"version-history":[{"count":13,"href":"https:\/\/yachtcharter-connection.com\/es\/wp-json\/wp\/v2\/pages\/667\/revisions"}],"predecessor-version":[{"id":31273,"href":"https:\/\/yachtcharter-connection.com\/es\/wp-json\/wp\/v2\/pages\/667\/revisions\/31273"}],"up":[{"embeddable":true,"href":"https:\/\/yachtcharter-connection.com\/es\/wp-json\/wp\/v2\/pages\/516"}],"wp:attachment":[{"href":"https:\/\/yachtcharter-connection.com\/es\/wp-json\/wp\/v2\/media?parent=667"}],"curies":[{"name":"wp","href":"https:\/\/api.w.org\/{rel}","templated":true}]}}