{"id":668,"date":"2015-08-10T05:53:37","date_gmt":"2015-08-10T05:53:37","guid":{"rendered":"http:\/\/yachtcharter-connection.com.w01e47c6.kasserver.com\/alquiler-barcos-egeo-dodekanes\/"},"modified":"2017-10-20T11:15:20","modified_gmt":"2017-10-20T09:15:20","slug":"alquiler-barcos-egeo-dodecaneso","status":"publish","type":"page","link":"https:\/\/yachtcharter-connection.com\/es\/regiones\/mediterraneo\/alquiler-barcos-egeo-dodecaneso\/","title":{"rendered":"Egeo \/ Dodecaneso"},"content":{"rendered":"<h1>Alquiler de barcos Egeo \/ Dodecaneso<\/h1>\n<p><img loading=\"lazy\" class=\"content-image\" src=\"https:\/\/yachtcharter-connection.com\/wp-content\/uploads\/converted_files\/19096\/19096-5624b1931cbc0.jpg\" alt=\"Navegar_Grecia_Dodecaneso_Simi\" width=\"300\" height=\"225\" \/>Las doce islas del Dodecaneso, que se encuentran no muy lejos de Turqu\u00eda, en la costa oriental del mar griego, son muy adecuadas para navegantes exigentes y arriesgados. Los principiantes deber\u00edan evitarlas en la temporada de vientos fuertes, que va de julio a septiembre. Encontramos bases ch\u00e1rter en Kos, en la Kos Island Marina, perfectamente equipada. Tambi\u00e9n en Samos, en el norte, y en Rodas en el sur. El Dodecaneso lo componen adem\u00e1s de Kos, Rodas y Samos (que oficialmente pertenece a las Esp\u00f3radas del Sur), Simi, K\u00e1rpatos, Kalimnos, Patmos, Leros, Tilos, Astipalea, Nisiros, Kasos, y Halki entre otras islas, y abre el paso para navegar hacia Turqu\u00eda. El viaje de Grecia a la costa turca, a Bodrum, Marmari o el golfo de G\u00f6kova, que antes iba acompa\u00f1ado de grandes dificultades, es hoy en d\u00eda mucho m\u00e1s sencillo.<\/p>\n<p>Pero las islas del Dodecaneso ya tienen por s\u00ed solas mucho que ofrecer: Simi, con su gran puerto natural y el marco de fondo que ofrece la peque\u00f1a ciudad cuando llegamos, es casi parada obligatoria; la patria del \u201cColoso de Rodas\u201d, incluso sin coloso, tendr\u00eda mucha historia que ofrecer al visitante; Kos dispone de animados puertos y largas playas\u2026 En esta zona hay de todo, tanto para quien desea descansar en calas solitarias como para los que prefieren unas vacaciones un poco m\u00e1s movidas.<\/p>\n<table class=\"RegionsAndSubregions\" style=\"border-collapse: collapse;\" border=\"0\" cellspacing=\"0\">\n<tbody>\n<tr>\n<td>\n<div class=\"SubregionRepeaterTitle\">\n<h2>Egeo \/ Dodecaneso<\/h2>\n<\/div>\n<div class=\"SmallLinks\">\n<ul>\n<li><a class=\"SmallLinks\" title=\"\" href=\"https:\/\/yachtcharter-connection.com\/chios-844\"> Chios <\/a><\/li>\n<li><a class=\"SmallLinks\" title=\"\" href=\"https:\/\/yachtcharter-connection.com\/kalymnos-545\"> Kalymnos <\/a><\/li>\n<li><a class=\"SmallLinks\" title=\"\" href=\"https:\/\/yachtcharter-connection.com\/kos-989\"> Kos <\/a><\/li>\n<li><a class=\"SmallLinks\" title=\"\" href=\"https:\/\/yachtcharter-connection.com\/alquiler-barcos-kos-kardamaina-village\"> Kos \/ Kardamaina Village <\/a><\/li>\n<li><a class=\"SmallLinks\" title=\"\" href=\"https:\/\/yachtcharter-connection.com\/rhodos\"> Rhodos <\/a><\/li>\n<li><a class=\"SmallLinks\" title=\"\" href=\"https:\/\/yachtcharter-connection.com\/samos-621\"> Samos <\/a><\/li>\n<\/ul>\n<\/div>\n<\/td>\n<\/tr>\n<\/tbody>\n<\/table>\n<p>&nbsp;<\/p>\n","protected":false},"excerpt":{"rendered":"<p>Alquiler de barcos Egeo \/ Dodecaneso Las doce islas del Dodecaneso, que se encuentran no muy lejos de Turqu\u00eda, en la costa oriental del mar griego, son muy adecuadas para navegantes exigentes y arriesgados. Los principiantes deber\u00edan evitarlas en la temporada de vientos fuertes, que va de julio a septiembre.<\/p>\n","protected":false},"author":11,"featured_media":0,"parent":516,"menu_order":0,"comment_status":"open","ping_status":"open","template":"","meta":[],"aioseo_notices":[],"_links":{"self":[{"href":"https:\/\/yachtcharter-connection.com\/es\/wp-json\/wp\/v2\/pages\/668"}],"collection":[{"href":"https:\/\/yachtcharter-connection.com\/es\/wp-json\/wp\/v2\/pages"}],"about":[{"href":"https:\/\/yachtcharter-connection.com\/es\/wp-json\/wp\/v2\/types\/page"}],"author":[{"embeddable":true,"href":"https:\/\/yachtcharter-connection.com\/es\/wp-json\/wp\/v2\/users\/11"}],"replies":[{"embeddable":true,"href":"https:\/\/yachtcharter-connection.com\/es\/wp-json\/wp\/v2\/comments?post=668"}],"version-history":[{"count":3,"href":"https:\/\/yachtcharter-connection.com\/es\/wp-json\/wp\/v2\/pages\/668\/revisions"}],"predecessor-version":[{"id":25306,"href":"https:\/\/yachtcharter-connection.com\/es\/wp-json\/wp\/v2\/pages\/668\/revisions\/25306"}],"up":[{"embeddable":true,"href":"https:\/\/yachtcharter-connection.com\/es\/wp-json\/wp\/v2\/pages\/516"}],"wp:attachment":[{"href":"https:\/\/yachtcharter-connection.com\/es\/wp-json\/wp\/v2\/media?parent=668"}],"curies":[{"name":"wp","href":"https:\/\/api.w.org\/{rel}","templated":true}]}}