{"id":669,"date":"2014-10-26T05:32:54","date_gmt":"2014-10-26T05:32:54","guid":{"rendered":"http:\/\/yachtcharter-connection.com.w01e47c6.kasserver.com\/alquiler-barcos-peninsula-de-malaca\/"},"modified":"2016-10-29T22:09:09","modified_gmt":"2016-10-29T20:09:09","slug":"alquiler-barcos-peninsula-de-malaca","status":"publish","type":"page","link":"https:\/\/yachtcharter-connection.com\/es\/regiones\/oceano-indio\/alquiler-barcos-peninsula-de-malaca\/","title":{"rendered":"Pen\u00ednsula de Malaca"},"content":{"rendered":"<h3>Alquiler de barcos Peninsula de Malaca<\/h3>\n<p>\n<img loading=\"lazy\" class=\"content-image\"  height=\"225\" width=\"300\" alt=\"Malasia_Tioman_playa\" src=\"https:\/\/yachtcharter-connection.com\/wp-content\/uploads\/converted_files\/19099\/19099-5624b1947ea8b.jpg\" \/>En Malasia se puede navegar todo el a\u00f1o, gozando de las playas ex\u00f3ticas y de las lagunas azules. El clima es ecuatorial, con dos per\u00edodos de la monz\u00f3n. La monz\u00f3n del noreste (monz\u00f3n del invierno) est\u00e1 soplando entre noviembre y febrero con 2 a 5 Beaufort, el mar es generalmente tranquila. La monz\u00f3n del verano est\u00e1 soplando del suroeste  entre agosto y noviembre. Hay chubascos muy a menudo, la mayor\u00eda de la lluvia se esperar\u00e1 en agosto. La temperatura del agua es casi constante entre 26 y 29 grados. Lea m\u00e1s sobre la navegaci\u00f3n en Malasia y las bases de Alquiler de barcos en Langkawi y Tioman en aqu\u00ed: <a target=\"_blank\" href=\"~\/Alquiler_barcos_malaysia.html\">Malasia<\/a>.<\/p>\n<p><\/p>\n<table  class=\"RegionsAndSubregions\" cellspacing=\"0\" border=\"0\" style=\"border-collapse:collapse;\">\n<tbody>\n<tr>\n<td>\n<div class=\"SubregionRepeaterTitle\">\n<h2> Pen\u00ednsula de Malaca <\/h2>\n<\/div>\n<div class=\"SmallLinks\">\n<ul>\n<li><a class=\"SmallLinks\" href=\"https:\/\/yachtcharter-connection.com\/langkawi-kua-198\" title=\"\"> Langkawi \/Kua <\/a><\/li>\n<\/ul>\n<\/div>\n<\/td>\n<\/tr>\n<\/tbody>\n<\/table>\n","protected":false},"excerpt":{"rendered":"<p>Alquiler de barcos Peninsula de Malaca En Malasia se puede navegar todo el a\u00f1o, gozando de las playas ex\u00f3ticas y de las lagunas azules. El clima es ecuatorial, con dos per\u00edodos de la monz\u00f3n. La monz\u00f3n del noreste (monz\u00f3n del invierno) est\u00e1 soplando entre noviembre y febrero con 2 a<\/p>\n","protected":false},"author":11,"featured_media":0,"parent":518,"menu_order":0,"comment_status":"open","ping_status":"open","template":"","meta":[],"aioseo_notices":[],"_links":{"self":[{"href":"https:\/\/yachtcharter-connection.com\/es\/wp-json\/wp\/v2\/pages\/669"}],"collection":[{"href":"https:\/\/yachtcharter-connection.com\/es\/wp-json\/wp\/v2\/pages"}],"about":[{"href":"https:\/\/yachtcharter-connection.com\/es\/wp-json\/wp\/v2\/types\/page"}],"author":[{"embeddable":true,"href":"https:\/\/yachtcharter-connection.com\/es\/wp-json\/wp\/v2\/users\/11"}],"replies":[{"embeddable":true,"href":"https:\/\/yachtcharter-connection.com\/es\/wp-json\/wp\/v2\/comments?post=669"}],"version-history":[{"count":1,"href":"https:\/\/yachtcharter-connection.com\/es\/wp-json\/wp\/v2\/pages\/669\/revisions"}],"predecessor-version":[{"id":14443,"href":"https:\/\/yachtcharter-connection.com\/es\/wp-json\/wp\/v2\/pages\/669\/revisions\/14443"}],"up":[{"embeddable":true,"href":"https:\/\/yachtcharter-connection.com\/es\/wp-json\/wp\/v2\/pages\/518"}],"wp:attachment":[{"href":"https:\/\/yachtcharter-connection.com\/es\/wp-json\/wp\/v2\/media?parent=669"}],"curies":[{"name":"wp","href":"https:\/\/api.w.org\/{rel}","templated":true}]}}