{"id":670,"date":"2015-08-10T05:53:37","date_gmt":"2015-08-10T05:53:37","guid":{"rendered":"http:\/\/yachtcharter-connection.com.w01e47c6.kasserver.com\/alquiler-barcos-mecklenburgische-seenplatte-brandenburgo\/"},"modified":"2016-10-29T19:03:11","modified_gmt":"2016-10-29T17:03:11","slug":"alquiler-barcos-mecklenburgische-seenplatte-brandenburgo","status":"publish","type":"page","link":"https:\/\/yachtcharter-connection.com\/es\/regiones\/aguas-interiores\/alquiler-barcos-mecklenburgische-seenplatte-brandenburgo\/","title":{"rendered":"Mecklenburgische Seenplatte \/ Brandenburgo"},"content":{"rendered":"<h3>Alquiler de barcos Alemania &#8211; Lagos de Mecklenburg<\/h3>\n<p><img loading=\"lazy\" class=\"content-image\"  height=\"225\" width=\"300\" src=\"https:\/\/yachtcharter-connection.com\/wp-content\/uploads\/converted_files\/19102\/19102-5624b197132ef.jpg\" alt=\"Alemania - Lagos en Mecklenburg\" \/><\/p>\n<p><\/p>\n<table  class=\"RegionsAndSubregions\" cellspacing=\"0\" border=\"0\" style=\"border-collapse:collapse;\">\n<tbody>\n<tr>\n<td>\n<div class=\"SubregionRepeaterTitle\">\n<h2> Mecklenburgische Seenplatte \/ Brandenburgo <\/h2>\n<\/div>\n<div class=\"SmallLinks\">\n<ul>\n<li><a class=\"SmallLinks\" href=\"https:\/\/yachtcharter-connection.com\/f%c3%bcrstenberg-an-der-havel-801\" title=\"\"> F\u00fcrstenberg an der Havel <\/a><\/li>\n<li><a class=\"SmallLinks\" href=\"https:\/\/yachtcharter-connection.com\/alquiler-barcos-lenzer-hafen\" title=\"\"> Lenzer Hafen <\/a><\/li>\n<li><a class=\"SmallLinks\" href=\"https:\/\/yachtcharter-connection.com\/l%c3%bcbz-391\" title=\"\"> L\u00fcbz <\/a><\/li>\n<li><a class=\"SmallLinks\" href=\"https:\/\/yachtcharter-connection.com\/m%c3%bcritz-malchow-216\" title=\"\"> Malchow <\/a><\/li>\n<li><a class=\"SmallLinks\" href=\"https:\/\/yachtcharter-connection.com\/marina-wolfsbruch-144\" title=\"\"> Marina Wolfsbruch <\/a><\/li>\n<li><a class=\"SmallLinks\" href=\"https:\/\/yachtcharter-connection.com\/alquiler-barcos-m%c3%bcritz-buchholz\" title=\"\"> M\u00fcritz \/ Buchholz <\/a><\/li>\n<li><a class=\"SmallLinks\" href=\"https:\/\/yachtcharter-connection.com\/m%c3%bcritz-hafendorf-m%c3%bcritz-990\" title=\"\"> M\u00fcritz \/ Hafendorf M\u00fcritz <\/a><\/li>\n<li><a class=\"SmallLinks\" href=\"https:\/\/yachtcharter-connection.com\/m%c3%bcritz-jabel-132\" title=\"\"> M\u00fcritz \/ Jabel <\/a><\/li>\n<li><a class=\"SmallLinks\" href=\"https:\/\/yachtcharter-connection.com\/m%c3%bcritz-marina-claassee-910\" title=\"\"> M\u00fcritz \/ Marina Claassee <\/a><\/li>\n<li><a class=\"SmallLinks\" href=\"https:\/\/yachtcharter-connection.com\/m%c3%bcritz-waren-483\" title=\"\"> M\u00fcritz \/ Waren <\/a><\/li>\n<li><a class=\"SmallLinks\" href=\"https:\/\/yachtcharter-connection.com\/rheinsberg-381\" title=\"\"> Rheinsberg <\/a><\/li>\n<li><a class=\"SmallLinks\" href=\"https:\/\/yachtcharter-connection.com\/alquiler-barcos-zehdenick\" title=\"\"> Zehdenick <\/a><\/li>\n<\/ul>\n<\/div>\n<\/td>\n<\/tr>\n<\/tbody>\n<\/table>\n","protected":false},"excerpt":{"rendered":"<p>Alquiler de barcos Alemania &#8211; Lagos de Mecklenburg Mecklenburgische Seenplatte \/ Brandenburgo F\u00fcrstenberg an der Havel Lenzer Hafen L\u00fcbz Malchow Marina Wolfsbruch M\u00fcritz \/ Buchholz M\u00fcritz \/ Hafendorf M\u00fcritz M\u00fcritz \/ Jabel M\u00fcritz \/ Marina Claassee M\u00fcritz \/ Waren Rheinsberg Zehdenick<\/p>\n","protected":false},"author":11,"featured_media":0,"parent":523,"menu_order":0,"comment_status":"open","ping_status":"open","template":"","meta":[],"aioseo_notices":[],"_links":{"self":[{"href":"https:\/\/yachtcharter-connection.com\/es\/wp-json\/wp\/v2\/pages\/670"}],"collection":[{"href":"https:\/\/yachtcharter-connection.com\/es\/wp-json\/wp\/v2\/pages"}],"about":[{"href":"https:\/\/yachtcharter-connection.com\/es\/wp-json\/wp\/v2\/types\/page"}],"author":[{"embeddable":true,"href":"https:\/\/yachtcharter-connection.com\/es\/wp-json\/wp\/v2\/users\/11"}],"replies":[{"embeddable":true,"href":"https:\/\/yachtcharter-connection.com\/es\/wp-json\/wp\/v2\/comments?post=670"}],"version-history":[{"count":1,"href":"https:\/\/yachtcharter-connection.com\/es\/wp-json\/wp\/v2\/pages\/670\/revisions"}],"predecessor-version":[{"id":13815,"href":"https:\/\/yachtcharter-connection.com\/es\/wp-json\/wp\/v2\/pages\/670\/revisions\/13815"}],"up":[{"embeddable":true,"href":"https:\/\/yachtcharter-connection.com\/es\/wp-json\/wp\/v2\/pages\/523"}],"wp:attachment":[{"href":"https:\/\/yachtcharter-connection.com\/es\/wp-json\/wp\/v2\/media?parent=670"}],"curies":[{"name":"wp","href":"https:\/\/api.w.org\/{rel}","templated":true}]}}