{"id":673,"date":"2014-06-28T14:54:15","date_gmt":"2014-06-28T14:54:15","guid":{"rendered":"http:\/\/yachtcharter-connection.com.w01e47c6.kasserver.com\/alquiler-barcos-mar-adriatico-italiano\/"},"modified":"2016-10-29T22:08:28","modified_gmt":"2016-10-29T20:08:28","slug":"alquiler-barcos-mar-adriatico-italiano","status":"publish","type":"page","link":"https:\/\/yachtcharter-connection.com\/es\/regiones\/mediterraneo\/alquiler-barcos-mar-adriatico-italiano\/","title":{"rendered":"Mar Adri\u00e1tico Italiano"},"content":{"rendered":"<h3>Alquiler de barcos Mar Adri\u00e1tico Italiano<\/h3>\n<p>\n<img loading=\"lazy\" class=\"content-image\"  width=\"300\" height=\"225\" src=\"https:\/\/yachtcharter-connection.com\/wp-content\/uploads\/converted_files\/19111\/19111-5624b199a8f0e.jpg\" alt=\"Italien_Adria_Gargano\" \/>Los yates ch\u00e1rter en la regi\u00f3n superior del Mar Adri\u00e1tico Italiano est\u00e1n en esta zona en el imprescindible Porto San Rocco, en Trieste y en  Lignano. En la pintoresca Trieste se re\u00fanen una vez al a\u00f1o los aficionados a las regatas; en octubre, para la que es posiblemente una de las mayores del mundo: la Barcolana, en la que participan 2.000 embarcaciones y 25.000 navegantes. Sin embargo, para los amantes de las lagunas, tenemos el \u00e1rea de alrededor de Grado y, por supuesto, la laguna de Venecia con las islas de Murano, Burano, Torcello o Lido. Despu\u00e9s, un  Bellini en el  Harry&rsquo;s New York Bar, ir a la plaza de San Marcos y pasar por el Caf\u00e9 Florian, y la visita a Venecia ser\u00e1 perfecta.  En la  Marina del Cavallino, con 350 amarres en agua dulce, encontramos todos los servicios. <\/p>\n<p>Y m\u00e1s al sur la costa italiana del Adri\u00e1tico nos ofrece mucha arena, algunos  puertos originalmente pesqueros, y cada vez m\u00e1s marinas y mejor equipadas para el turismo de Alquiler de barcos, como la de Lignano, la Marina 4 en Porto San Margherita cerca de  Caorle, la Aprilia Marittima, la de  Rimini o Ravenna&hellip; la lista de puertos es infinita: Pero hay que decir que esta costa no es tan emocionante como la costa croata, situada enfrente. Aqu\u00ed nos faltan las islas. El paisaje se vuelve mucho m\u00e1s interesante en el sur, en Apulia, con el Gargano, el archipi\u00e9lago de Tremiti, los blancos acantilados que bordean la costa y los parques naturales  y bosques que nos esperan en el interior. <\/p>\n<table  class=\"RegionsAndSubregions\" cellspacing=\"0\" border=\"0\" style=\"border-collapse:collapse;\">\n<tbody>\n<tr>\n<td>\n<div class=\"SubregionRepeaterTitle\">\n<h2> Mar Adri\u00e1tico Italiano <\/h2>\n<\/div>\n<div class=\"SmallLinks\">\n<ul>\n<li><a class=\"SmallLinks\" href=\"https:\/\/yachtcharter-connection.com\/marina-di-ravenna-403\" title=\"\"> Marina di Ravenna <\/a><\/li>\n<li><a class=\"SmallLinks\" href=\"https:\/\/yachtcharter-connection.com\/pescara-669\" title=\"\"> Pescara <\/a><\/li>\n<\/ul>\n<\/div>\n<\/td>\n<\/tr>\n<\/tbody>\n<\/table>\n","protected":false},"excerpt":{"rendered":"<p>Alquiler de barcos Mar Adri\u00e1tico Italiano Los yates ch\u00e1rter en la regi\u00f3n superior del Mar Adri\u00e1tico Italiano est\u00e1n en esta zona en el imprescindible Porto San Rocco, en Trieste y en Lignano. En la pintoresca Trieste se re\u00fanen una vez al a\u00f1o los aficionados a las regatas; en octubre, para<\/p>\n","protected":false},"author":11,"featured_media":0,"parent":516,"menu_order":0,"comment_status":"open","ping_status":"open","template":"","meta":[],"aioseo_notices":[],"_links":{"self":[{"href":"https:\/\/yachtcharter-connection.com\/es\/wp-json\/wp\/v2\/pages\/673"}],"collection":[{"href":"https:\/\/yachtcharter-connection.com\/es\/wp-json\/wp\/v2\/pages"}],"about":[{"href":"https:\/\/yachtcharter-connection.com\/es\/wp-json\/wp\/v2\/types\/page"}],"author":[{"embeddable":true,"href":"https:\/\/yachtcharter-connection.com\/es\/wp-json\/wp\/v2\/users\/11"}],"replies":[{"embeddable":true,"href":"https:\/\/yachtcharter-connection.com\/es\/wp-json\/wp\/v2\/comments?post=673"}],"version-history":[{"count":1,"href":"https:\/\/yachtcharter-connection.com\/es\/wp-json\/wp\/v2\/pages\/673\/revisions"}],"predecessor-version":[{"id":14374,"href":"https:\/\/yachtcharter-connection.com\/es\/wp-json\/wp\/v2\/pages\/673\/revisions\/14374"}],"up":[{"embeddable":true,"href":"https:\/\/yachtcharter-connection.com\/es\/wp-json\/wp\/v2\/pages\/516"}],"wp:attachment":[{"href":"https:\/\/yachtcharter-connection.com\/es\/wp-json\/wp\/v2\/media?parent=673"}],"curies":[{"name":"wp","href":"https:\/\/api.w.org\/{rel}","templated":true}]}}