{"id":676,"date":"2015-08-10T05:53:37","date_gmt":"2015-08-10T05:53:37","guid":{"rendered":"http:\/\/yachtcharter-connection.com.w01e47c6.kasserver.com\/alquiler-barcos-cuba-cayo-largo\/"},"modified":"2017-10-29T20:06:44","modified_gmt":"2017-10-29T18:06:44","slug":"alquiler-barcos-cuba-cayo-largo","status":"publish","type":"page","link":"https:\/\/yachtcharter-connection.com\/es\/regiones\/caribe\/alquiler-barcos-cuba-cayo-largo\/","title":{"rendered":"Cuba &#8211; Cayo Largo, Isla de Juventud, y mucho m\u00e1s"},"content":{"rendered":"<h1><strong>Alquiler de Barcos Cuba &#8211; Cayo Largo, Isla de Juventud, y mucho m\u00e1s<\/strong><\/h1>\n<p>Cuba es una gran \u00e1rea para alquiler de veleros y catamaranes. La mayor\u00eda de las bases de alquiler de barcos se encuentran en el sur de la isla, perfectas para navegar por las m\u00e1s bellas zonas de navegaci\u00f3n en Cayo Largo, Isla de Juventud, Jardines de la Reina, etc. . Tambi\u00e9n hay yates de lujo de ch\u00e1rter &#8211; para descubrir la hermosa costa de Cuba y los cayos. Aqu\u00ed encontrar\u00e1 <a href=\"https:\/\/yachtcharter-connection.com\/es\/paises\/alquiler-barcos-cuba\/\" target=\"_blank\">m\u00e1s informaci\u00f3n sobre ch\u00e1rter de yates en Cuba<\/a>.<\/p>\n<table class=\"RegionsAndSubregions\" style=\"border-collapse: collapse;\" border=\"0\" cellspacing=\"0\">\n<tbody>\n<tr>\n<td>\n<div class=\"SubregionRepeaterTitle\">\n<h2>Cuba &#8211; Cayo Largo<\/h2>\n<\/div>\n<div class=\"SmallLinks\">\n<ul>\n<li><a class=\"SmallLinks\" title=\"\" href=\"https:\/\/yachtcharter-connection.com\/cayo-largo-229\"> Cayo Largo <\/a><\/li>\n<li><a class=\"SmallLinks\" title=\"\" href=\"https:\/\/yachtcharter-connection.com\/cienfuegos-332\"> Cienfuegos <\/a><\/li>\n<li><a class=\"SmallLinks\" title=\"\" href=\"https:\/\/yachtcharter-connection.com\/isla-juventud-622\"> Isla Juventud <\/a><\/li>\n<\/ul>\n<\/div>\n<\/td>\n<\/tr>\n<\/tbody>\n<\/table>\n","protected":false},"excerpt":{"rendered":"<p>Alquiler de Barcos Cuba &#8211; Cayo Largo, Isla de Juventud, y mucho m\u00e1s Cuba es una gran \u00e1rea para alquiler de veleros y catamaranes. La mayor\u00eda de las bases de alquiler de barcos se encuentran en el sur de la isla, perfectas para navegar por las m\u00e1s bellas zonas de<\/p>\n","protected":false},"author":11,"featured_media":0,"parent":515,"menu_order":0,"comment_status":"open","ping_status":"open","template":"","meta":[],"aioseo_notices":[],"_links":{"self":[{"href":"https:\/\/yachtcharter-connection.com\/es\/wp-json\/wp\/v2\/pages\/676"}],"collection":[{"href":"https:\/\/yachtcharter-connection.com\/es\/wp-json\/wp\/v2\/pages"}],"about":[{"href":"https:\/\/yachtcharter-connection.com\/es\/wp-json\/wp\/v2\/types\/page"}],"author":[{"embeddable":true,"href":"https:\/\/yachtcharter-connection.com\/es\/wp-json\/wp\/v2\/users\/11"}],"replies":[{"embeddable":true,"href":"https:\/\/yachtcharter-connection.com\/es\/wp-json\/wp\/v2\/comments?post=676"}],"version-history":[{"count":3,"href":"https:\/\/yachtcharter-connection.com\/es\/wp-json\/wp\/v2\/pages\/676\/revisions"}],"predecessor-version":[{"id":25518,"href":"https:\/\/yachtcharter-connection.com\/es\/wp-json\/wp\/v2\/pages\/676\/revisions\/25518"}],"up":[{"embeddable":true,"href":"https:\/\/yachtcharter-connection.com\/es\/wp-json\/wp\/v2\/pages\/515"}],"wp:attachment":[{"href":"https:\/\/yachtcharter-connection.com\/es\/wp-json\/wp\/v2\/media?parent=676"}],"curies":[{"name":"wp","href":"https:\/\/api.w.org\/{rel}","templated":true}]}}