{"id":684,"date":"2015-08-10T05:53:37","date_gmt":"2015-08-10T05:53:37","guid":{"rendered":"http:\/\/yachtcharter-connection.com.w01e47c6.kasserver.com\/alquiler-barcos-cape-verdean-islands\/"},"modified":"2017-10-01T19:42:35","modified_gmt":"2017-10-01T17:42:35","slug":"alquiler-barcos-cape-verdean-islands","status":"publish","type":"page","link":"https:\/\/yachtcharter-connection.com\/es\/regiones\/atlantico-africa-occidental\/alquiler-barcos-cape-verdean-islands\/","title":{"rendered":"Islas Cabo Verde"},"content":{"rendered":"<h3>Alquiler de barcos Islas de Cabo Verde<\/h3>\n<p><a href=\"https:\/\/yachtcharter-connection.com\/wp-content\/uploads\/2015\/08\/Cape-Verde-Islands-Sailing-catamarans800.jpg\"><img loading=\"lazy\" class=\"alignleft size-full wp-image-25009\" src=\"https:\/\/yachtcharter-connection.com\/wp-content\/uploads\/2015\/08\/Cape-Verde-Islands-Sailing-catamarans800.jpg\" alt=\"Cape-Verde Islands-Sailing\" width=\"600\" height=\"348\" srcset=\"https:\/\/yachtcharter-connection.com\/wp-content\/uploads\/2015\/08\/Cape-Verde-Islands-Sailing-catamarans800.jpg 600w, https:\/\/yachtcharter-connection.com\/wp-content\/uploads\/2015\/08\/Cape-Verde-Islands-Sailing-catamarans800-300x174.jpg 300w\" sizes=\"(max-width: 600px) 100vw, 600px\" \/><\/a>El turismo de ch\u00e1rter de yates en las islas de Cabo Verde es todav\u00eda empezando poco a poco aqu\u00ed en el medio del Atl\u00e1ntico, 300 a 400 millas de la costa de \u00c1frica occidental. No hay muchos puertos deportivos bien equipados para Alquiler de barcos, excepto el puerto de Mindelo en Sao Vicente, sede de la base de Charter. En las hermosas playas con una gran cantidad de ondas a veces se echa de menos el muelle de embarcaci\u00f3n auxiliar &#8211; pero los amantes de la improvisaci\u00f3n disfrutar\u00e1n de esta regi\u00f3n de Alquiler de barcos con una naturaleza impresionante, que ofrece un clima c\u00e1lido y agradable durante todo el a\u00f1o.<\/p>\n<p>Las temperaturas en invierno son por lo menos 20 grados cent\u00edgrados y en verano alrededor de 27 grados en la temperatura del agua nunca cae por debajo de 21 grados. Casi nunca llueve, y rara vez tienen que esperar las fuertes tormentas. Lea m\u00e1s acerca de <a href=\"~\/Alquiler_barcos_cabo_verde.html\">Alquiler de barcos y veleros en Cabo Verde<\/a>.<\/p>\n<p><a href=\"https:\/\/yachtcharter-connection.com\/wp-content\/uploads\/2015\/08\/Cape-Verde-Islands-fishing-boats800.jpg\"><img loading=\"lazy\" class=\"alignleft size-full wp-image-25010\" src=\"https:\/\/yachtcharter-connection.com\/wp-content\/uploads\/2015\/08\/Cape-Verde-Islands-fishing-boats800.jpg\" alt=\"Cape-Verde-Islands-fishing boats800\" width=\"600\" height=\"444\" srcset=\"https:\/\/yachtcharter-connection.com\/wp-content\/uploads\/2015\/08\/Cape-Verde-Islands-fishing-boats800.jpg 600w, https:\/\/yachtcharter-connection.com\/wp-content\/uploads\/2015\/08\/Cape-Verde-Islands-fishing-boats800-300x222.jpg 300w\" sizes=\"(max-width: 600px) 100vw, 600px\" \/><\/a><\/p>\n<table class=\"RegionsAndSubregions\" style=\"border-collapse: collapse;\" border=\"0\" cellspacing=\"0\">\n<tbody>\n<tr>\n<td>\n<div class=\"SubregionRepeaterTitle\">\n<h2>Islas de Cabo Verde<\/h2>\n<\/div>\n<div class=\"SmallLinks\">\n<ul>\n<li><a class=\"SmallLinks\" title=\"\" href=\"https:\/\/yachtcharter-connection.com\/alquiler-barcos-sal-palmeira\"> Sal \/ Palmeira <\/a><\/li>\n<li><a class=\"SmallLinks\" title=\"\" href=\"https:\/\/yachtcharter-connection.com\/sao-vincente-316\"> Sao Vincente <\/a><\/li>\n<\/ul>\n<\/div>\n<\/td>\n<\/tr>\n<\/tbody>\n<\/table>\n","protected":false},"excerpt":{"rendered":"<p>Alquiler de barcos Islas de Cabo Verde El turismo de ch\u00e1rter de yates en las islas de Cabo Verde es todav\u00eda empezando poco a poco aqu\u00ed en el medio del Atl\u00e1ntico, 300 a 400 millas de la costa de \u00c1frica occidental. No hay muchos puertos deportivos bien equipados para Alquiler<\/p>\n","protected":false},"author":11,"featured_media":0,"parent":517,"menu_order":0,"comment_status":"open","ping_status":"open","template":"","meta":[],"aioseo_notices":[],"_links":{"self":[{"href":"https:\/\/yachtcharter-connection.com\/es\/wp-json\/wp\/v2\/pages\/684"}],"collection":[{"href":"https:\/\/yachtcharter-connection.com\/es\/wp-json\/wp\/v2\/pages"}],"about":[{"href":"https:\/\/yachtcharter-connection.com\/es\/wp-json\/wp\/v2\/types\/page"}],"author":[{"embeddable":true,"href":"https:\/\/yachtcharter-connection.com\/es\/wp-json\/wp\/v2\/users\/11"}],"replies":[{"embeddable":true,"href":"https:\/\/yachtcharter-connection.com\/es\/wp-json\/wp\/v2\/comments?post=684"}],"version-history":[{"count":4,"href":"https:\/\/yachtcharter-connection.com\/es\/wp-json\/wp\/v2\/pages\/684\/revisions"}],"predecessor-version":[{"id":25012,"href":"https:\/\/yachtcharter-connection.com\/es\/wp-json\/wp\/v2\/pages\/684\/revisions\/25012"}],"up":[{"embeddable":true,"href":"https:\/\/yachtcharter-connection.com\/es\/wp-json\/wp\/v2\/pages\/517"}],"wp:attachment":[{"href":"https:\/\/yachtcharter-connection.com\/es\/wp-json\/wp\/v2\/media?parent=684"}],"curies":[{"name":"wp","href":"https:\/\/api.w.org\/{rel}","templated":true}]}}