{"id":694,"date":"2015-08-10T05:53:37","date_gmt":"2015-08-10T05:53:37","guid":{"rendered":"http:\/\/yachtcharter-connection.com.w01e47c6.kasserver.com\/alquiler-barcos-bretagne\/"},"modified":"2016-10-29T19:03:48","modified_gmt":"2016-10-29T17:03:48","slug":"alquiler-barcos-bretagne","status":"publish","type":"page","link":"https:\/\/yachtcharter-connection.com\/es\/regiones\/atlantico-europa-occidental\/alquiler-barcos-bretagne\/","title":{"rendered":"Bretagne"},"content":{"rendered":"<h3>Alquiler de barcos Atlantico \/  Breta\u00f1a<\/h3>\n<p>\n<img loading=\"lazy\" class=\"content-image\"  width=\"300\" height=\"203\" src=\"https:\/\/yachtcharter-connection.com\/wp-content\/uploads\/converted_files\/19174\/19174-5624b1aa2e676.jpg\" alt=\"\" \/>La zona preferida para el ch\u00e1rter en la Breta\u00f1a es el sur de la regi\u00f3n &#8211; con bases en Lorient y Port de Crouesty. El Golfo de Morbihan es relativamente poco profundo aunque paisaj\u00edsticamente sumamente atractivo, una zona en la que se puede pasar f\u00e1cilmente una semana. Como en el resto de la regi\u00f3n, debe prestarse aqu\u00ed tambi\u00e9n especial atenci\u00f3n a las corrientes. El litoral, con la Pen\u00ednsula de Quiberon y las islas de Belle-Ile, Ile de Houat, Hoedic e Ile de Croix, que se sit\u00faan delante de ella, es considerado como una zona m\u00e1s bien tranquila. Menos clemente resulta el norte de Breta\u00f1a, en torno a Brest y Saint Malo.<\/p>\n<p>\nLa totalidad de esta regi\u00f3n, donde a\u00fan hoy se encuentran restos de la cultura normando-bretona, es maravillosa desde el punto de vista paisaj\u00edstico. Quien quiera mimarse un poco, puede aprovechar las m\u00faltiples ofertas de los ba\u00f1os termales de la zona. El primero de su clase en todas las prestaciones es el Hotel Miramar de Crouesty, el cual, construido en forma de barco, es tambi\u00e9n una atracci\u00f3n arquitect\u00f3nica. En general puede afirmarse que la cocina bretona, abundante en &ldquo;frutos de mar&rdquo;, es excelente; los bancos de ostras invitan a ser visitados y la sidra no puede faltar.<\/p>\n<p>M\u00e1s hacia el sur hallamos otra regi\u00f3n cautivadora. Port Les Minimes, en La Rochelle,  es el segundo puerto deportivo de Europa (despu\u00e9s de Port Camargues). El clima all\u00ed es relativamente benigno gracias a la corriente del golfo. En esta regi\u00f3n de Charente Mar\u00edtimo tienen su sede la mayor\u00eda de astilleros franceses. La ciudad, con sus m\u00e1s de 1.000 a\u00f1os de existencia vivi\u00f3 y vive de la navegaci\u00f3n. Mar\u00edtima es su cultura, su imagen urbana y la decoraci\u00f3n de sus bares y restaurantes. Los charteristas deber\u00edan planificar un tiempo para una dilatada visita al hist\u00f3rico casco antiguo de la ciudad. Para ello pueden amarrar en el c\u00e9ntrico Port Vieux. Es \u00e9sta una zona bien guarecida gracias a la presencia de las islas Ile d&rsquo;Oleron e Ile de Re delante del puerto. Otros hitos de esta etapa que definitivamente merece la pena visitar son el pueblo de St. Martin en la Ile de Re con sus numerosos restaurantes en el puerto, St. Denis d&rsquo;Oleron, y la peque\u00f1a isla de Ile d&rsquo;Aix, donde no circulan coches y en cuya bah\u00eda se puede fondear. Aquellos que recorran el Charente r\u00edo arriba, podr\u00e1n descubrir en Rochefort (Roquefort) una ciudad impregnada de tradici\u00f3n y encanto hist\u00f3rico.<\/p>\n<table  class=\"RegionsAndSubregions\" cellspacing=\"0\" border=\"0\" style=\"border-collapse:collapse;\">\n<tbody>\n<tr>\n<td>\n<div class=\"SubregionRepeaterTitle\">\n<h2> Bretagne <\/h2>\n<\/div>\n<div class=\"SmallLinks\">\n<ul>\n<li><a class=\"SmallLinks\" href=\"https:\/\/yachtcharter-connection.com\/brest-646\" title=\"\"> Brest <\/a><\/li>\n<li><a class=\"SmallLinks\" href=\"https:\/\/yachtcharter-connection.com\/crouesty-907\" title=\"\"> Crouesty <\/a><\/li>\n<li><a class=\"SmallLinks\" href=\"https:\/\/yachtcharter-connection.com\/douarenez-136\" title=\"\"> Douarenez <\/a><\/li>\n<li><a class=\"SmallLinks\" href=\"https:\/\/yachtcharter-connection.com\/gigny-sur-saone-227\" title=\"\"> Gigny sur Saone <\/a><\/li>\n<li><a class=\"SmallLinks\" href=\"https:\/\/yachtcharter-connection.com\/glenac-419\" title=\"\"> Gl\u00e9nac <\/a><\/li>\n<li><a class=\"SmallLinks\" href=\"https:\/\/yachtcharter-connection.com\/la-rochelle-226\" title=\"\"> La Rochelle <\/a><\/li>\n<li><a class=\"SmallLinks\" href=\"https:\/\/yachtcharter-connection.com\/la-trinite-mer-562\" title=\"\"> La Trinit\u00e9 \/ Mer <\/a><\/li>\n<li><a class=\"SmallLinks\" href=\"https:\/\/yachtcharter-connection.com\/loctudy-143\" title=\"\"> Loctudy <\/a><\/li>\n<li><a class=\"SmallLinks\" href=\"https:\/\/yachtcharter-connection.com\/loiretal-briare-355\" title=\"\"> Loiretal \/ Briare <\/a><\/li>\n<li><a class=\"SmallLinks\" href=\"https:\/\/yachtcharter-connection.com\/loiretal-chateau-gontier-335\" title=\"\"> Loiretal \/ Chateau Gontier <\/a><\/li>\n<li><a class=\"SmallLinks\" href=\"https:\/\/yachtcharter-connection.com\/loiretal-chateauneuf-241\" title=\"\"> Loiretal \/ Chateauneuf <\/a><\/li>\n<li><a class=\"SmallLinks\" href=\"https:\/\/yachtcharter-connection.com\/loiretal-chattillon-sur-loire-859\" title=\"\"> Loiretal \/ Chattillon-sur-Loire <\/a><\/li>\n<li><a class=\"SmallLinks\" href=\"https:\/\/yachtcharter-connection.com\/loiretal-chenille-change-533\" title=\"\"> Loiretal \/ Chenill\u00e9 Chang\u00e9 <\/a><\/li>\n<li><a class=\"SmallLinks\" href=\"https:\/\/yachtcharter-connection.com\/loiretal-daon-162\" title=\"\"> Loiretal \/ Daon <\/a><\/li>\n<li><a class=\"SmallLinks\" href=\"https:\/\/yachtcharter-connection.com\/loiretal-grez-neuville-219\" title=\"\"> Loiretal \/ Grez Neuville <\/a><\/li>\n<li><a class=\"SmallLinks\" href=\"https:\/\/yachtcharter-connection.com\/loiretal-la-suze-659\" title=\"\"> Loiretal \/ La Suze <\/a><\/li>\n<li><a class=\"SmallLinks\" href=\"https:\/\/yachtcharter-connection.com\/loiretal-sable-sur-sarthe-393\" title=\"\"> Loiretal \/ Sable sur Sarthe <\/a><\/li>\n<li><a class=\"SmallLinks\" href=\"https:\/\/yachtcharter-connection.com\/lorient-496\" title=\"\"> Lorient <\/a><\/li>\n<li><a class=\"SmallLinks\" href=\"https:\/\/yachtcharter-connection.com\/louhans-504\" title=\"\"> Louhans <\/a><\/li>\n<li><a class=\"SmallLinks\" href=\"https:\/\/yachtcharter-connection.com\/lyvet-239\" title=\"\"> Lyvet <\/a><\/li>\n<li><a class=\"SmallLinks\" href=\"https:\/\/yachtcharter-connection.com\/messac-215\" title=\"\"> Messac <\/a><\/li>\n<li><a class=\"SmallLinks\" href=\"https:\/\/yachtcharter-connection.com\/nort-sur-erdre-256\" title=\"\"> Nort-Sur-Erdre <\/a><\/li>\n<li><a class=\"SmallLinks\" href=\"https:\/\/yachtcharter-connection.com\/redon-606\" title=\"\"> Redon <\/a><\/li>\n<li><a class=\"SmallLinks\" href=\"https:\/\/yachtcharter-connection.com\/rogny-272\" title=\"\"> Rogny <\/a><\/li>\n<li><a class=\"SmallLinks\" href=\"https:\/\/yachtcharter-connection.com\/st-gilles-687\" title=\"\"> St. Gilles <\/a><\/li>\n<li><a class=\"SmallLinks\" href=\"https:\/\/yachtcharter-connection.com\/suce-sur-erdre-820\" title=\"\"> Suc\u00e9-Sur-Erdre <\/a><\/li>\n<\/ul>\n<\/div>\n<\/td>\n<\/tr>\n<\/tbody>\n<\/table>\n","protected":false},"excerpt":{"rendered":"<p>Alquiler de barcos Atlantico \/ Breta\u00f1a La zona preferida para el ch\u00e1rter en la Breta\u00f1a es el sur de la regi\u00f3n &#8211; con bases en Lorient y Port de Crouesty. El Golfo de Morbihan es relativamente poco profundo aunque paisaj\u00edsticamente sumamente atractivo, una zona en la que se puede pasar<\/p>\n","protected":false},"author":11,"featured_media":0,"parent":529,"menu_order":0,"comment_status":"open","ping_status":"open","template":"","meta":[],"aioseo_notices":[],"_links":{"self":[{"href":"https:\/\/yachtcharter-connection.com\/es\/wp-json\/wp\/v2\/pages\/694"}],"collection":[{"href":"https:\/\/yachtcharter-connection.com\/es\/wp-json\/wp\/v2\/pages"}],"about":[{"href":"https:\/\/yachtcharter-connection.com\/es\/wp-json\/wp\/v2\/types\/page"}],"author":[{"embeddable":true,"href":"https:\/\/yachtcharter-connection.com\/es\/wp-json\/wp\/v2\/users\/11"}],"replies":[{"embeddable":true,"href":"https:\/\/yachtcharter-connection.com\/es\/wp-json\/wp\/v2\/comments?post=694"}],"version-history":[{"count":1,"href":"https:\/\/yachtcharter-connection.com\/es\/wp-json\/wp\/v2\/pages\/694\/revisions"}],"predecessor-version":[{"id":13880,"href":"https:\/\/yachtcharter-connection.com\/es\/wp-json\/wp\/v2\/pages\/694\/revisions\/13880"}],"up":[{"embeddable":true,"href":"https:\/\/yachtcharter-connection.com\/es\/wp-json\/wp\/v2\/pages\/529"}],"wp:attachment":[{"href":"https:\/\/yachtcharter-connection.com\/es\/wp-json\/wp\/v2\/media?parent=694"}],"curies":[{"name":"wp","href":"https:\/\/api.w.org\/{rel}","templated":true}]}}