{"id":704,"date":"2015-08-10T05:53:37","date_gmt":"2015-08-10T05:53:37","guid":{"rendered":"http:\/\/yachtcharter-connection.com.w01e47c6.kasserver.com\/alquiler-barcos-balaton\/"},"modified":"2016-10-29T19:00:32","modified_gmt":"2016-10-29T17:00:32","slug":"alquiler-barcos-balaton","status":"publish","type":"page","link":"https:\/\/yachtcharter-connection.com\/es\/regiones\/aguas-interiores\/alquiler-barcos-balaton\/","title":{"rendered":"Balaton"},"content":{"rendered":"<h3>Alquiler de barcos Hungr\u00eda &#8211; Lago de Balaton<\/h3>\n<p><img loading=\"lazy\" class=\"content-image\"  width=\"300\" height=\"200\" src=\"https:\/\/yachtcharter-connection.com\/wp-content\/uploads\/converted_files\/19204\/19204-5624b1acb15a1.jpg\" alt=\"Hungr\u00eda - Lago de Balaton\" \/>El Lago Balaton es el centro de las actividades de vela h\u00fangaro y tambi\u00e9n es perfecto para unas vacaciones de alquiler de barcos &#8211; en la zona Alquiler de barcos Balaton, hay numerosos puertos deportivos bien equipados y clubes n\u00e1uticos, alquiler de embarcaciones peque\u00f1as y una flota de yates hermosos: El base de ch\u00e1rter de yates en el lago Balaton se encuentra en Balatonkenese en el noreste del lago.<\/p>\n<p>El nombre Balaton viene de la palabra eslava para marisma pantanosa &#8211; por lo que este lago m\u00e1s grande de Europa con cerca de 600 kil\u00f3metros cuadrados no es profunda &#8211; la profundidad del agua es en promedio de s\u00f3lo 3,20 metros. En verano, el lago se calienta hasta 30 &ordm; C &#8211; temperatura perfecta para nadar. En la orilla norte del lago son los vi\u00f1edos y las monta\u00f1as, la costa sur es plana. En el medio del lago alargado domina la pen\u00ednsula de Tihany en la medida en el lago que en este sitio, es s\u00f3lo 1,3 kil\u00f3metros de ancho.<\/p>\n<p>Las playas y balnearios con aguas termales han hecho el Lago Balat\u00f3n muy popular como destino de vacaciones en Hungr\u00eda. Turismo existe aqu\u00ed desde el siglo 18, el primer ferry a trav\u00e9s del lago entr\u00f3 en servicio en 1777. Los turistas encontrar\u00e1n una amplia gama de actividades, desde montar a caballo y en bicicleta alrededor del lago hasta numerosos eventos y festivales a partir de mayo hasta el oto\u00f1o &#8211; en particular, las semanas del Vino y festivales del vino son muy populares y tambi\u00e9n se recomienda para las tripulaciones de alquiler de barcos. Cualquier persona que compra una licencia de pesca en el sitio tambi\u00e9n se puede tratar de atrapar un pez pica o de otro tipo para la cocina.<\/p>\n<p>En el promedio anual, el viento en la zona Alquiler de barcos Balat\u00f3n est\u00e1 soplando con entre tres y cuatro de Beaufort. Los vientos en los meses de verano de julio y agosto suelen ser m\u00e1s d\u00e9biles, sobre todo hay vientos m\u00e1s fuertes en abril y mayo y en septiembre y octubre. La direcci\u00f3n del viento predominante es de norte a noroeste, normalmente hay un poco m\u00e1s viento en la parte sur del lago. El Servicio Meteorol\u00f3gico Nacional advierte de las tormentas con luces intermitentes en toda la costa del lago &#8211; las tormentas pueden ser muy violentos, y tambi\u00e9n los equipos de alquiler de barcos con mucha experiancia deben tomar las advertencias de tormenta en serio. <\/p>\n<p><\/p>\n<table  class=\"RegionsAndSubregions\" cellspacing=\"0\" border=\"0\" style=\"border-collapse:collapse;\">\n<tbody>\n<tr>\n<td>\n<div class=\"SubregionRepeaterTitle\">\n<h2> Balaton <\/h2>\n<\/div>\n<div class=\"SmallLinks\">\n<ul>\n<li><a class=\"SmallLinks\" href=\"https:\/\/yachtcharter-connection.com\/balatonkenese-915\" title=\"\"> Balatonkenese <\/a><\/li>\n<\/ul>\n<\/div>\n<\/td>\n<\/tr>\n<\/tbody>\n<\/table>\n","protected":false},"excerpt":{"rendered":"<p>Alquiler de barcos Hungr\u00eda &#8211; Lago de Balaton El Lago Balaton es el centro de las actividades de vela h\u00fangaro y tambi\u00e9n es perfecto para unas vacaciones de alquiler de barcos &#8211; en la zona Alquiler de barcos Balaton, hay numerosos puertos deportivos bien equipados y clubes n\u00e1uticos, alquiler de<\/p>\n","protected":false},"author":11,"featured_media":0,"parent":523,"menu_order":0,"comment_status":"open","ping_status":"open","template":"","meta":[],"aioseo_notices":[],"_links":{"self":[{"href":"https:\/\/yachtcharter-connection.com\/es\/wp-json\/wp\/v2\/pages\/704"}],"collection":[{"href":"https:\/\/yachtcharter-connection.com\/es\/wp-json\/wp\/v2\/pages"}],"about":[{"href":"https:\/\/yachtcharter-connection.com\/es\/wp-json\/wp\/v2\/types\/page"}],"author":[{"embeddable":true,"href":"https:\/\/yachtcharter-connection.com\/es\/wp-json\/wp\/v2\/users\/11"}],"replies":[{"embeddable":true,"href":"https:\/\/yachtcharter-connection.com\/es\/wp-json\/wp\/v2\/comments?post=704"}],"version-history":[{"count":1,"href":"https:\/\/yachtcharter-connection.com\/es\/wp-json\/wp\/v2\/pages\/704\/revisions"}],"predecessor-version":[{"id":13663,"href":"https:\/\/yachtcharter-connection.com\/es\/wp-json\/wp\/v2\/pages\/704\/revisions\/13663"}],"up":[{"embeddable":true,"href":"https:\/\/yachtcharter-connection.com\/es\/wp-json\/wp\/v2\/pages\/523"}],"wp:attachment":[{"href":"https:\/\/yachtcharter-connection.com\/es\/wp-json\/wp\/v2\/media?parent=704"}],"curies":[{"name":"wp","href":"https:\/\/api.w.org\/{rel}","templated":true}]}}