{"id":706,"date":"2011-03-14T05:08:48","date_gmt":"2011-03-14T05:08:48","guid":{"rendered":"http:\/\/yachtcharter-connection.com.w01e47c6.kasserver.com\/alquiler-barcos-maryland-chesapeake-bay\/"},"modified":"2016-10-29T19:06:59","modified_gmt":"2016-10-29T17:06:59","slug":"alquiler-barcos-maryland-chesapeake-bay","status":"publish","type":"page","link":"https:\/\/yachtcharter-connection.com\/es\/regiones\/eeuu-nordeste\/alquiler-barcos-maryland-chesapeake-bay\/","title":{"rendered":"Maryland \/ Chesapeake Bay"},"content":{"rendered":"<h3>Alquiler de barcos Bah\u00eda de Chesapeake &#8211; Chesapeake Bay \/ Maryland<\/h3>\n<p>\n<img loading=\"lazy\" class=\"content-image\"  width=\"300\" height=\"223\" src=\"https:\/\/yachtcharter-connection.com\/wp-content\/uploads\/converted_files\/19210\/19210-5624b1af12fdb.jpg\" alt=\"CH\u00e1rter de yates en la Bahia de Chesapeake - Isla Solomons\" \/>La bah\u00eda de Chesapeake es la bah\u00eda m\u00e1s grande en los EE.UU. &#8211; en realidad un estuario del r\u00edo, donde 150 r\u00edos y arroyos se re\u00fanen para desembocar en el Atl\u00e1ntico. La famosa batalla de Chesapeake tuvo lugar aqu\u00ed en 1781: la flota francesa derrot\u00f3 a la Marina Real brit\u00e1nica &#8211; un hito en el camino de la independencia americana. La superficie del agua de la \u00fanica zona de alquiler de yates Bah\u00eda de Chesapeake cubre 12.000 kil\u00f3metros cuadrados, desde la desembocadura del r\u00edo Susquehanna en el norte hasta la desembocadura en el Oc\u00e9ano Atl\u00e1ntico, la bah\u00eda de Chesapeake es m\u00e1s de 300 km de largo. Los estados federales de Maryland y Virginia se encuentran junto a la Bah\u00eda. Cerca de la desembocadura en el Oc\u00e9ano Atl\u00e1ntico el T\u00fanel de Chesapeake Bay conecta las dos orillas. El punto m\u00e1s estrecho en Annapolis es m\u00e1s de seis kil\u00f3metros de ancho &#8211; aqu\u00ed, el puente de la bah\u00eda ofrece la conexi\u00f3n de transporte entre los bancos. En la Pen\u00ednsula de Delmarva, que est\u00e1 protegido, hay pantanos, que est\u00e1n en las inundaciones a menudo durante la marea alta.<\/p>\n<p><img loading=\"lazy\" class=\"content-image\"  width=\"300\" height=\"199\" src=\"https:\/\/yachtcharter-connection.com\/wp-content\/uploads\/converted_files\/19210\/19210-5624b1b043137.jpg\" alt=\"Navegar Bahia de Chesapeake - Baltimore puerto\" \/>Como zona de navegaci\u00f3n y destino de ch\u00e1rter de yates la bah\u00eda de Chesapeake es ideal: para los navegantes locales la temporada dura casi todo el a\u00f1o. Un \u00e1rea protegida con anclajes grandes, muchas peque\u00f1as islas y pen\u00ednsulas, la naturaleza \u00fanica, arroyos, un parque natural, interesantes ciudades y pueblos pintorescos esperan a las tripulaciones de barcos. <\/p>\n<p>En la costa oriental de la Bah\u00eda de Chesapeake os equipos de veleros encontran numerosos puertos deportivos, y pintorescos pueblos y aldeas de pescadores. En el oeste de la costa &#8211; o muy cerca &#8211; est\u00e1n las ciudades m\u00e1s grandes, como Baltimore, Washington DC, Hampton Roads y <a href=\"~\/Alquiler_barcos_estados_unidos\/annapolis.html\" target=\"_blank\">Annapolis<\/a>, sede de una base de alquiler de yates bastante grande.<\/p>\n<table  class=\"RegionsAndSubregions\" cellspacing=\"0\" border=\"0\" style=\"border-collapse:collapse;\">\n<tbody>\n<tr>\n<td>\n<div class=\"SubregionRepeaterTitle\">\n<h2> Maryland \/ Chesapeake Bay <\/h2>\n<\/div>\n<div class=\"SmallLinks\">\n<ul>\n<li><a class=\"SmallLinks\" href=\"https:\/\/yachtcharter-connection.com\/annapolis-163\" title=\"\"> Annapolis <\/a><\/li>\n<\/ul>\n<\/div>\n<\/td>\n<\/tr>\n<\/tbody>\n<\/table>\n","protected":false},"excerpt":{"rendered":"<p>Alquiler de barcos Bah\u00eda de Chesapeake &#8211; Chesapeake Bay \/ Maryland La bah\u00eda de Chesapeake es la bah\u00eda m\u00e1s grande en los EE.UU. &#8211; en realidad un estuario del r\u00edo, donde 150 r\u00edos y arroyos se re\u00fanen para desembocar en el Atl\u00e1ntico. La famosa batalla de Chesapeake tuvo lugar aqu\u00ed<\/p>\n","protected":false},"author":11,"featured_media":0,"parent":527,"menu_order":0,"comment_status":"open","ping_status":"open","template":"","meta":[],"aioseo_notices":[],"_links":{"self":[{"href":"https:\/\/yachtcharter-connection.com\/es\/wp-json\/wp\/v2\/pages\/706"}],"collection":[{"href":"https:\/\/yachtcharter-connection.com\/es\/wp-json\/wp\/v2\/pages"}],"about":[{"href":"https:\/\/yachtcharter-connection.com\/es\/wp-json\/wp\/v2\/types\/page"}],"author":[{"embeddable":true,"href":"https:\/\/yachtcharter-connection.com\/es\/wp-json\/wp\/v2\/users\/11"}],"replies":[{"embeddable":true,"href":"https:\/\/yachtcharter-connection.com\/es\/wp-json\/wp\/v2\/comments?post=706"}],"version-history":[{"count":1,"href":"https:\/\/yachtcharter-connection.com\/es\/wp-json\/wp\/v2\/pages\/706\/revisions"}],"predecessor-version":[{"id":13967,"href":"https:\/\/yachtcharter-connection.com\/es\/wp-json\/wp\/v2\/pages\/706\/revisions\/13967"}],"up":[{"embeddable":true,"href":"https:\/\/yachtcharter-connection.com\/es\/wp-json\/wp\/v2\/pages\/527"}],"wp:attachment":[{"href":"https:\/\/yachtcharter-connection.com\/es\/wp-json\/wp\/v2\/media?parent=706"}],"curies":[{"name":"wp","href":"https:\/\/api.w.org\/{rel}","templated":true}]}}