{"id":707,"date":"2015-08-10T05:53:37","date_gmt":"2015-08-10T05:53:37","guid":{"rendered":"http:\/\/yachtcharter-connection.com.w01e47c6.kasserver.com\/alquiler-barcos-norway-atlantic-coast\/"},"modified":"2016-10-29T19:08:09","modified_gmt":"2016-10-29T17:08:09","slug":"alquiler-barcos-norway-atlantic-coast","status":"publish","type":"page","link":"https:\/\/yachtcharter-connection.com\/es\/regiones\/mar-de-noruega\/alquiler-barcos-norway-atlantic-coast\/","title":{"rendered":"Norway \/ Atlantic Coast"},"content":{"rendered":"<h3>Alquiler de barcos Noruega &#8211; Costa Atl\u00e1ntica<\/h3>\n<p>\n<img loading=\"lazy\" class=\"content-image\"  width=\"300\" height=\"225\" src=\"https:\/\/yachtcharter-connection.com\/wp-content\/uploads\/converted_files\/19213\/19213-5624b1b27d821.jpg\" alt=\"Noruega-puesta-del-sol\" \/>Frailecillos, piscifactor\u00edas, un glaciar, una ballena muerta, pescar un poco &#8211; los turistas de Alquiler de barcos que quieren relajarse en una zona tranquila de Alquiler de barcos van a disfrutar mucho de un crucero en esta zona de Alquiler de barcos en la costa atl\u00e1ntica noruega y adejar los problemas diarios a veces detr\u00e1s de \u00e9l. El hermoso paisaje en el Mar de Noruega y la amabilidad de la gente son bastante compensaci\u00f3n por la renuncia a las temperaturas del Mediterr\u00e1neo y la nataci\u00f3n.<\/p>\n<p>La mejor temporada para un viaje en ch\u00e1rter es en los meses de verano &#8211; en junio, julio y agosto. Antes y despu\u00e9s hay m\u00e1s posibilidades de tormentas, hay m\u00e1s niebla &#8211; e incluso el cambio total en el tiempo son m\u00e1s comunes. Incluso en verano las temperaturas del aire son a menudo a una m\u00e1xima de 15 grados, en las afueras del fiordo, el viento sopla a menudo con seis o siete de Beaufort norte al noreste.<\/p>\n<p>Los turistas de Alquiler de barcos en Noruega deben comparar por lo menos dos veces por d\u00edas los informes meteorol\u00f3gicos. En la costa noruega los m\u00f3viles funcionan bien &#8211; con tarjeta de datos de Noruega, por lo tanto, es f\u00e1cil de acceder al internet por la previsi\u00f3n del tiempo. En casi todos los puerto pesqueros hay WiFi, ya sea abierto &#8211; o los pescadores informan a las tripulaciones sobre el c\u00f3digo de acceso.<\/p>\n<p>\n<img loading=\"lazy\" class=\"content-image\"  width=\"300\" height=\"225\" src=\"https:\/\/yachtcharter-connection.com\/wp-content\/uploads\/converted_files\/19213\/19213-5624b1b3b8de4.jpg\" alt=\"Noruega-navegando-en-el-fiordo\" \/><\/p>\n<table  class=\"RegionsAndSubregions\" cellspacing=\"0\" border=\"0\" style=\"border-collapse:collapse;\">\n<tbody>\n<tr>\n<td>\n<div class=\"SubregionRepeaterTitle\">\n<h2> Norway \/ Atlantic Coast <\/h2>\n<\/div>\n<div class=\"SmallLinks\">\n<ul>\n<li><a class=\"SmallLinks\" href=\"https:\/\/yachtcharter-connection.com\/alquiler-barcos-bergen\" title=\"\"> Bergen <\/a><\/li>\n<li><a class=\"SmallLinks\" href=\"https:\/\/yachtcharter-connection.com\/bergen-hjellsted-marina-865\" title=\"\"> Bergen \/ Hjellsted Marina <\/a><\/li>\n<li><a class=\"SmallLinks\" href=\"https:\/\/yachtcharter-connection.com\/bodoe-269\" title=\"\"> Bodoe <\/a><\/li>\n<li><a class=\"SmallLinks\" href=\"https:\/\/yachtcharter-connection.com\/kristiansand-480\" title=\"\"> Kristiansand <\/a><\/li>\n<li><a class=\"SmallLinks\" href=\"https:\/\/yachtcharter-connection.com\/lofoten-727\" title=\"\"> Lofoten <\/a><\/li>\n<li><a class=\"SmallLinks\" href=\"https:\/\/yachtcharter-connection.com\/senja-stonglandseidet-177\" title=\"\"> Senja \/ Stonglandseidet <\/a><\/li>\n<li><a class=\"SmallLinks\" href=\"https:\/\/yachtcharter-connection.com\/tromso-155\" title=\"\"> Tromso <\/a><\/li>\n<\/ul>\n<\/div>\n<\/td>\n<\/tr>\n<\/tbody>\n<\/table>\n","protected":false},"excerpt":{"rendered":"<p>Alquiler de barcos Noruega &#8211; Costa Atl\u00e1ntica Frailecillos, piscifactor\u00edas, un glaciar, una ballena muerta, pescar un poco &#8211; los turistas de Alquiler de barcos que quieren relajarse en una zona tranquila de Alquiler de barcos van a disfrutar mucho de un crucero en esta zona de Alquiler de barcos en<\/p>\n","protected":false},"author":11,"featured_media":0,"parent":524,"menu_order":0,"comment_status":"open","ping_status":"open","template":"","meta":[],"aioseo_notices":[],"_links":{"self":[{"href":"https:\/\/yachtcharter-connection.com\/es\/wp-json\/wp\/v2\/pages\/707"}],"collection":[{"href":"https:\/\/yachtcharter-connection.com\/es\/wp-json\/wp\/v2\/pages"}],"about":[{"href":"https:\/\/yachtcharter-connection.com\/es\/wp-json\/wp\/v2\/types\/page"}],"author":[{"embeddable":true,"href":"https:\/\/yachtcharter-connection.com\/es\/wp-json\/wp\/v2\/users\/11"}],"replies":[{"embeddable":true,"href":"https:\/\/yachtcharter-connection.com\/es\/wp-json\/wp\/v2\/comments?post=707"}],"version-history":[{"count":1,"href":"https:\/\/yachtcharter-connection.com\/es\/wp-json\/wp\/v2\/pages\/707\/revisions"}],"predecessor-version":[{"id":14091,"href":"https:\/\/yachtcharter-connection.com\/es\/wp-json\/wp\/v2\/pages\/707\/revisions\/14091"}],"up":[{"embeddable":true,"href":"https:\/\/yachtcharter-connection.com\/es\/wp-json\/wp\/v2\/pages\/524"}],"wp:attachment":[{"href":"https:\/\/yachtcharter-connection.com\/es\/wp-json\/wp\/v2\/media?parent=707"}],"curies":[{"name":"wp","href":"https:\/\/api.w.org\/{rel}","templated":true}]}}