{"id":717,"date":"2012-06-10T05:49:44","date_gmt":"2012-06-10T05:49:44","guid":{"rendered":"http:\/\/yachtcharter-connection.com.w01e47c6.kasserver.com\/alquiler-barcos-isla-madagascar\/"},"modified":"2016-10-29T22:09:06","modified_gmt":"2016-10-29T20:09:06","slug":"alquiler-barcos-isla-madagascar","status":"publish","type":"page","link":"https:\/\/yachtcharter-connection.com\/es\/regiones\/oceano-indio\/alquiler-barcos-isla-madagascar\/","title":{"rendered":"Isla Madagascar"},"content":{"rendered":"<h3>Alquiler de barcos Isla Madagascar<\/h3>\n<p><img loading=\"lazy\" class=\"content-image\"  height=\"225\" width=\"300\" src=\"https:\/\/yachtcharter-connection.com\/wp-content\/uploads\/converted_files\/19243\/19243-5624b1bb50c20.jpg\" alt=\"Isla Madagascar\" \/>Una regi\u00f3n ex\u00f3tica, el clima tropical, un viaje de ch\u00e1rter entre las islas al este de la costa de Africa &#8211; lee m\u00e1s sobre la navegaci\u00f3n en <a href=\"~\/Alquiler_barcos_madagascar.html\" target=\"_blank\">Madagascar<\/a>&#8230;<\/p>\n<table  class=\"RegionsAndSubregions\" cellspacing=\"0\" border=\"0\" style=\"border-collapse:collapse;\">\n<tbody>\n<tr>\n<td>\n<div class=\"SubregionRepeaterTitle\">\n<h2> Isla Madagascar <\/h2>\n<\/div>\n<div class=\"SmallLinks\">\n<ul>\n<li><a class=\"SmallLinks\" href=\"https:\/\/yachtcharter-connection.com\/nosy-be-237\" title=\"\"> Nosy Be <\/a><\/li>\n<\/ul>\n<\/div>\n<\/td>\n<\/tr>\n<\/tbody>\n<\/table>\n","protected":false},"excerpt":{"rendered":"<p>Alquiler de barcos Isla Madagascar Una regi\u00f3n ex\u00f3tica, el clima tropical, un viaje de ch\u00e1rter entre las islas al este de la costa de Africa &#8211; lee m\u00e1s sobre la navegaci\u00f3n en Madagascar&#8230; Isla Madagascar Nosy Be<\/p>\n","protected":false},"author":11,"featured_media":0,"parent":518,"menu_order":0,"comment_status":"open","ping_status":"open","template":"","meta":[],"aioseo_notices":[],"_links":{"self":[{"href":"https:\/\/yachtcharter-connection.com\/es\/wp-json\/wp\/v2\/pages\/717"}],"collection":[{"href":"https:\/\/yachtcharter-connection.com\/es\/wp-json\/wp\/v2\/pages"}],"about":[{"href":"https:\/\/yachtcharter-connection.com\/es\/wp-json\/wp\/v2\/types\/page"}],"author":[{"embeddable":true,"href":"https:\/\/yachtcharter-connection.com\/es\/wp-json\/wp\/v2\/users\/11"}],"replies":[{"embeddable":true,"href":"https:\/\/yachtcharter-connection.com\/es\/wp-json\/wp\/v2\/comments?post=717"}],"version-history":[{"count":1,"href":"https:\/\/yachtcharter-connection.com\/es\/wp-json\/wp\/v2\/pages\/717\/revisions"}],"predecessor-version":[{"id":14439,"href":"https:\/\/yachtcharter-connection.com\/es\/wp-json\/wp\/v2\/pages\/717\/revisions\/14439"}],"up":[{"embeddable":true,"href":"https:\/\/yachtcharter-connection.com\/es\/wp-json\/wp\/v2\/pages\/518"}],"wp:attachment":[{"href":"https:\/\/yachtcharter-connection.com\/es\/wp-json\/wp\/v2\/media?parent=717"}],"curies":[{"name":"wp","href":"https:\/\/api.w.org\/{rel}","templated":true}]}}