{"id":718,"date":"2014-06-28T14:43:41","date_gmt":"2014-06-28T14:43:41","guid":{"rendered":"http:\/\/yachtcharter-connection.com.w01e47c6.kasserver.com\/alquiler-barcos-central-america\/"},"modified":"2017-10-29T19:42:27","modified_gmt":"2017-10-29T17:42:27","slug":"alquiler-barcos-central-america","status":"publish","type":"page","link":"https:\/\/yachtcharter-connection.com\/es\/regiones\/caribe\/alquiler-barcos-central-america\/","title":{"rendered":"Central-America"},"content":{"rendered":"<h1><strong>Alquiler de barcos Central-America<\/strong><\/h1>\n<p>Belice y Panam\u00e1 \/ San Blas son hermosos destinos caribe\u00f1os donde el turismo de alquiler de barcos todav\u00eda est\u00e1 en los comienzos, fascinante para los turistas que ya han navegado casi todas las otras islas del Caribe &#8230; Estaremos encantados de ofrecer catamaranes de lujo con tripulaci\u00f3n para su viaje de alquiler de barcos en Belice o las Islas San Blas, la regi\u00f3n de navegaci\u00f3n m\u00e1s hermosa de Panam\u00e1. Y por favor preg\u00fantenos tambi\u00e9n por ofertas para los yates de lujo de ch\u00e1rter m\u00e1s hermosos cruzando en este zona de Central America.<\/p>\n<table class=\"RegionsAndSubregions\" style=\"border-collapse: collapse;\" border=\"0\" cellspacing=\"0\">\n<tbody>\n<tr>\n<td>\n<div class=\"SubregionRepeaterTitle\">\n<h2>Central-America<\/h2>\n<\/div>\n<div class=\"SmallLinks\">\n<ul>\n<li><a class=\"SmallLinks\" title=\"\" href=\"https:\/\/yachtcharter-connection.com\/belize-moho-caye-717\"> Belize \/ Moho Caye <\/a><\/li>\n<li><a class=\"SmallLinks\" title=\"\" href=\"https:\/\/yachtcharter-connection.com\/belize-placencia-324\"> Belize \/ Placencia <\/a><\/li>\n<li><a class=\"SmallLinks\" title=\"\" href=\"https:\/\/yachtcharter-connection.com\/belize-puerto-cortes-218\"> Belize \/ Puerto Cortes <\/a><\/li>\n<li><a class=\"SmallLinks\" title=\"\" href=\"https:\/\/yachtcharter-connection.com\/san-blas-el-porvenir-188\"> San Blas \/ El Porvenir <\/a><\/li>\n<\/ul>\n<\/div>\n<\/td>\n<\/tr>\n<\/tbody>\n<\/table>\n","protected":false},"excerpt":{"rendered":"<p>Alquiler de barcos Central-America Belice y Panam\u00e1 \/ San Blas son hermosos destinos caribe\u00f1os donde el turismo de alquiler de barcos todav\u00eda est\u00e1 en los comienzos, fascinante para los turistas que ya han navegado casi todas las otras islas del Caribe &#8230; Estaremos encantados de ofrecer catamaranes de lujo con<\/p>\n","protected":false},"author":11,"featured_media":0,"parent":515,"menu_order":0,"comment_status":"open","ping_status":"open","template":"","meta":[],"aioseo_notices":[],"_links":{"self":[{"href":"https:\/\/yachtcharter-connection.com\/es\/wp-json\/wp\/v2\/pages\/718"}],"collection":[{"href":"https:\/\/yachtcharter-connection.com\/es\/wp-json\/wp\/v2\/pages"}],"about":[{"href":"https:\/\/yachtcharter-connection.com\/es\/wp-json\/wp\/v2\/types\/page"}],"author":[{"embeddable":true,"href":"https:\/\/yachtcharter-connection.com\/es\/wp-json\/wp\/v2\/users\/11"}],"replies":[{"embeddable":true,"href":"https:\/\/yachtcharter-connection.com\/es\/wp-json\/wp\/v2\/comments?post=718"}],"version-history":[{"count":3,"href":"https:\/\/yachtcharter-connection.com\/es\/wp-json\/wp\/v2\/pages\/718\/revisions"}],"predecessor-version":[{"id":25512,"href":"https:\/\/yachtcharter-connection.com\/es\/wp-json\/wp\/v2\/pages\/718\/revisions\/25512"}],"up":[{"embeddable":true,"href":"https:\/\/yachtcharter-connection.com\/es\/wp-json\/wp\/v2\/pages\/515"}],"wp:attachment":[{"href":"https:\/\/yachtcharter-connection.com\/es\/wp-json\/wp\/v2\/media?parent=718"}],"curies":[{"name":"wp","href":"https:\/\/api.w.org\/{rel}","templated":true}]}}