{"id":722,"date":"2015-08-10T05:53:37","date_gmt":"2015-08-10T05:53:37","guid":{"rendered":"http:\/\/yachtcharter-connection.com.w01e47c6.kasserver.com\/alquiler-barcos-bahamas-archipel\/"},"modified":"2016-10-29T19:07:03","modified_gmt":"2016-10-29T17:07:03","slug":"alquiler-barcos-bahamas-archipel","status":"publish","type":"page","link":"https:\/\/yachtcharter-connection.com\/es\/regiones\/eeuu-sudeste-florida-bahamas\/alquiler-barcos-bahamas-archipel\/","title":{"rendered":"Bahamas Archipel"},"content":{"rendered":"<h3>Alquiler de barcos Bahamas Archipielago<\/h3>\n<p>\n<img loading=\"lazy\" class=\"content-image\"  width=\"300\" height=\"199\" src=\"https:\/\/yachtcharter-connection.com\/wp-content\/uploads\/converted_files\/19258\/19258-5624b1bf4c421.jpg\" alt=\"Bahamas_Nassau_faro\" \/>M\u00e1s de 700 islas, m\u00e1s o menos 2.500 arrecifes de coral, agua azul, temperaturas agreables, pueblos pintorescos y una fant\u00e1stica zona de navegar en veleros o catamarenes a vela o catamaranes a motor: L\u00e9e m\u00e1s sobre <a href=\"~\/Alquiler_barcos_bahamas.html\">alquiler de barcos en las Bahamas<\/a>, la r\u00e9gion de los islas \u00c1bacos y la bases de ch\u00e1rter de Yates en <a href=\"~\/Alquiler_barcos_bahamas\/great_abaco_marsh_harbour.html\">Marsh Harbour en Great Abaco.<\/a> <\/p>\n<p><\/p>\n<table  class=\"RegionsAndSubregions\" cellspacing=\"0\" border=\"0\" style=\"border-collapse:collapse;\">\n<tbody>\n<tr>\n<td>\n<div class=\"SubregionRepeaterTitle\">\n<h2> Bahamas Archipel <\/h2>\n<\/div>\n<div class=\"SmallLinks\">\n<ul>\n<li><a class=\"SmallLinks\" href=\"https:\/\/yachtcharter-connection.com\/great-abaco-marsh-harbour-931\" title=\"\"> Great Abaco \/ Marsh Harbour <\/a><\/li>\n<\/ul>\n<\/div>\n<\/td>\n<\/tr>\n<\/tbody>\n<\/table>\n","protected":false},"excerpt":{"rendered":"<p>Alquiler de barcos Bahamas Archipielago M\u00e1s de 700 islas, m\u00e1s o menos 2.500 arrecifes de coral, agua azul, temperaturas agreables, pueblos pintorescos y una fant\u00e1stica zona de navegar en veleros o catamarenes a vela o catamaranes a motor: L\u00e9e m\u00e1s sobre alquiler de barcos en las Bahamas, la r\u00e9gion de<\/p>\n","protected":false},"author":11,"featured_media":0,"parent":528,"menu_order":0,"comment_status":"open","ping_status":"open","template":"","meta":[],"aioseo_notices":[],"_links":{"self":[{"href":"https:\/\/yachtcharter-connection.com\/es\/wp-json\/wp\/v2\/pages\/722"}],"collection":[{"href":"https:\/\/yachtcharter-connection.com\/es\/wp-json\/wp\/v2\/pages"}],"about":[{"href":"https:\/\/yachtcharter-connection.com\/es\/wp-json\/wp\/v2\/types\/page"}],"author":[{"embeddable":true,"href":"https:\/\/yachtcharter-connection.com\/es\/wp-json\/wp\/v2\/users\/11"}],"replies":[{"embeddable":true,"href":"https:\/\/yachtcharter-connection.com\/es\/wp-json\/wp\/v2\/comments?post=722"}],"version-history":[{"count":1,"href":"https:\/\/yachtcharter-connection.com\/es\/wp-json\/wp\/v2\/pages\/722\/revisions"}],"predecessor-version":[{"id":13976,"href":"https:\/\/yachtcharter-connection.com\/es\/wp-json\/wp\/v2\/pages\/722\/revisions\/13976"}],"up":[{"embeddable":true,"href":"https:\/\/yachtcharter-connection.com\/es\/wp-json\/wp\/v2\/pages\/528"}],"wp:attachment":[{"href":"https:\/\/yachtcharter-connection.com\/es\/wp-json\/wp\/v2\/media?parent=722"}],"curies":[{"name":"wp","href":"https:\/\/api.w.org\/{rel}","templated":true}]}}