{"id":723,"date":"2015-08-10T05:53:37","date_gmt":"2015-08-10T05:53:37","guid":{"rendered":"http:\/\/yachtcharter-connection.com.w01e47c6.kasserver.com\/alquiler-barcos-andalucia-costa-del-sol\/"},"modified":"2016-10-29T22:00:34","modified_gmt":"2016-10-29T20:00:34","slug":"alquiler-barcos-andalucia-costa-del-sol","status":"publish","type":"page","link":"https:\/\/yachtcharter-connection.com\/es\/regiones\/mediterraneo\/alquiler-barcos-andalucia-costa-del-sol\/","title":{"rendered":"Andaluc\u00eda \/ Costa del Sol"},"content":{"rendered":"<h3>Alquiler de barcos Andalucia \/ Costa del Sol<\/h3>\n<p>\n<img loading=\"lazy\" class=\"content-image\"  height=\"201\" width=\"300\" alt=\"Espana_Andalucia_Costa_del_Sol\" src=\"https:\/\/yachtcharter-connection.com\/wp-content\/uploads\/converted_files\/19261\/19261-5624b1c47ed0a.jpg\" \/>Navegando hacia el sur las marinas son cada vez m\u00e1s frecuentes y la costa menos escarpada y m\u00e1s llana, dominada por playas de arena y con una naturaleza menos espectacular que en el norte. Tambi\u00e9n en Denia, Estepona, M\u00e1laga o  Port Matar\u00f3 encontramos ch\u00e1rteres. El atractivo de esta zona se centra m\u00e1s en el sol y la vida nocturna de los lugares tur\u00edsticos, aunque siempre se puede hacer una escapada hacia el interior para visitar por ejemplo Granada y conocer la Alhambra con el Patio de los Leones o navegar desde la Costa del Sol hacia \u00c1frica y conocer el pe\u00f1\u00f3n y los monos de Gibraltar.  <\/p>\n<p><\/p>\n<table  class=\"RegionsAndSubregions\" cellspacing=\"0\" border=\"0\" style=\"border-collapse:collapse;\">\n<tbody>\n<tr>\n<td>\n<div class=\"SubregionRepeaterTitle\">\n<h2> Andaluc\u00eda \/ Costa del Sol <\/h2>\n<\/div>\n<div class=\"SmallLinks\">\n<ul>\n<li><a class=\"SmallLinks\" href=\"https:\/\/yachtcharter-connection.com\/estepona-878\" title=\"\"> Estepona <\/a><\/li>\n<li><a class=\"SmallLinks\" href=\"https:\/\/yachtcharter-connection.com\/malaga-382\" title=\"\"> Malaga <\/a><\/li>\n<li><a class=\"SmallLinks\" href=\"https:\/\/yachtcharter-connection.com\/alquiler-barcos-marbella\" title=\"\"> Marbella <\/a><\/li>\n<\/ul>\n<\/div>\n<\/td>\n<\/tr>\n<\/tbody>\n<\/table>\n","protected":false},"excerpt":{"rendered":"<p>Alquiler de barcos Andalucia \/ Costa del Sol Navegando hacia el sur las marinas son cada vez m\u00e1s frecuentes y la costa menos escarpada y m\u00e1s llana, dominada por playas de arena y con una naturaleza menos espectacular que en el norte. Tambi\u00e9n en Denia, Estepona, M\u00e1laga o Port Matar\u00f3<\/p>\n","protected":false},"author":11,"featured_media":0,"parent":516,"menu_order":0,"comment_status":"open","ping_status":"open","template":"","meta":[],"aioseo_notices":[],"_links":{"self":[{"href":"https:\/\/yachtcharter-connection.com\/es\/wp-json\/wp\/v2\/pages\/723"}],"collection":[{"href":"https:\/\/yachtcharter-connection.com\/es\/wp-json\/wp\/v2\/pages"}],"about":[{"href":"https:\/\/yachtcharter-connection.com\/es\/wp-json\/wp\/v2\/types\/page"}],"author":[{"embeddable":true,"href":"https:\/\/yachtcharter-connection.com\/es\/wp-json\/wp\/v2\/users\/11"}],"replies":[{"embeddable":true,"href":"https:\/\/yachtcharter-connection.com\/es\/wp-json\/wp\/v2\/comments?post=723"}],"version-history":[{"count":1,"href":"https:\/\/yachtcharter-connection.com\/es\/wp-json\/wp\/v2\/pages\/723\/revisions"}],"predecessor-version":[{"id":14173,"href":"https:\/\/yachtcharter-connection.com\/es\/wp-json\/wp\/v2\/pages\/723\/revisions\/14173"}],"up":[{"embeddable":true,"href":"https:\/\/yachtcharter-connection.com\/es\/wp-json\/wp\/v2\/pages\/516"}],"wp:attachment":[{"href":"https:\/\/yachtcharter-connection.com\/es\/wp-json\/wp\/v2\/media?parent=723"}],"curies":[{"name":"wp","href":"https:\/\/api.w.org\/{rel}","templated":true}]}}